{"id":10718,"date":"2023-11-20T12:58:29","date_gmt":"2023-11-20T11:58:29","guid":{"rendered":"https:\/\/shop.copterpro.de\/?post_type=product&#038;p=10718"},"modified":"2026-01-03T19:23:09","modified_gmt":"2026-01-03T18:23:09","slug":"liemke-keiler-2","status":"publish","type":"product","link":"https:\/\/copterpro.de\/shop\/waermebild-handgeraete\/liemke-keiler-2\/","title":{"rendered":"LIEMKE KEILER-2"},"content":{"rendered":"<h2>LIEMKE KEILER-2<\/h2>\n<h4 class=\"product-detail-description\">Der Reichweitenstarke fu\u0308r die Feld- und Gebirgsjagd im weitl\u00e4ufigen Revier<\/h4>\n<p><strong>Lieferumfang:\u00a0<\/strong><\/p>\n<ul>\n<li>Handschlaufe<\/li>\n<li>1 Stk. LIEMKE BP-K Li-Ion-Akku<\/li>\n<li>Trageriemen Slim<\/li>\n<li>Neopren-Cover<\/li>\n<li>Stativ-Adapterplatte mit Schrauben und Winkelschl\u00fcssel<\/li>\n<li>Netzteil mit USB-C-Anschluss und 4 Steckeradaptern<\/li>\n<li>Kabel USB-C auf USB-A<\/li>\n<li>Optik-Reinigungstuch<\/li>\n<li>Bedienungsanleitung<\/li>\n<li>Adapter f\u00fcr LIEMKE Trageriemen<\/li>\n<\/ul>\n<p>&nbsp;<\/p>\n<p><img loading=\"lazy\" decoding=\"async\" class=\" wp-image-10742\" src=\"https:\/\/shopalt.copterpro.de\/wp-content\/uploads\/2023\/11\/LIEMKE_KON_KEILER-1_Launch_2022_Website_V03_Modi_3000x3000_1920x1920.webp\" alt=\"Liemke Keiler 2 Handw\u00e4rmebildger\u00e4t f\u00fcr Jagd\" width=\"815\" height=\"481\" \/><\/p>\n<p>&nbsp;<\/p>\n<p>&nbsp;<\/p>\n<p>&nbsp;<\/p>\n<p><img loading=\"lazy\" decoding=\"async\" class=\" wp-image-10743\" src=\"https:\/\/shopalt.copterpro.de\/wp-content\/uploads\/2023\/11\/Liemke_Waermebild_Technologie_Aufbau_Waermebildgeraet_export_digital_1920x1920-1.webp\" alt=\"Liemke Keiler 2 Hand W\u00e4rmebildger\u00e4t\" width=\"669\" height=\"220\" \/><\/p>\n<p><img loading=\"lazy\" decoding=\"async\" class=\"alignnone wp-image-12205\" src=\"https:\/\/shopalt.copterpro.de\/wp-content\/uploads\/2023\/11\/Bildschirmfoto-2024-07-02-um-11.22.56.png\" alt=\"\" width=\"600\" height=\"589\" \/><\/p>\n","protected":false},"excerpt":{"rendered":"<h4 class=\"product-detail-description\">Der Reichweitenstarke fu\u0308r die Feld- und Gebirgsjagd im weitl\u00e4ufigen Revier<\/h4>\n","protected":false},"featured_media":12779,"template":"","meta":{"_acf_changed":false,"_iconic_wsb_product_page_order_bump_ids":[],"_sku":["CP00045"],"_iconic_wsb_product_page_bump_modal_ids":[]},"product_brand":[],"product_cat":[50],"product_tag":[],"class_list":{"0":"post-10718","1":"product","2":"type-product","3":"status-publish","4":"has-post-thumbnail","6":"product_cat-waermebild-handgeraete","8":"first","9":"instock","10":"sale","11":"taxable","12":"shipping-taxable","13":"purchasable","14":"product-type-simple"},"acf":[],"yoast_head":"<!-- This site is optimized with the Yoast SEO plugin v27.4 - https:\/\/yoast.com\/product\/yoast-seo-wordpress\/ -->\n<title>Liemke Keiler 2 W\u00e4rmebild Handger\u00e4t f\u00fcr die Jagd von Liemke<\/title>\n<meta name=\"description\" content=\"Liemke Keiler 1 W\u00e4rmebild Handger\u00e4t f\u00fcr die Jagd von Liemke. Der perfekte W\u00e4rmebild Allrounder f\u00fcr mehr Reichweite mit der Handw\u00e4rmebild Kamera\" \/>\n<meta name=\"robots\" content=\"index, follow, max-snippet:-1, max-image-preview:large, max-video-preview:-1\" \/>\n<link rel=\"canonical\" href=\"https:\/\/copterpro.de\/shop\/waermebild-handgeraete\/liemke-keiler-2\/\" \/>\n<meta property=\"og:locale\" content=\"de_DE\" \/>\n<meta property=\"og:type\" content=\"article\" \/>\n<meta property=\"og:title\" content=\"Liemke Keiler 2 W\u00e4rmebild Handger\u00e4t f\u00fcr die Jagd von Liemke\" \/>\n<meta property=\"og:description\" content=\"Liemke Keiler 1 W\u00e4rmebild Handger\u00e4t f\u00fcr die Jagd von Liemke. Der perfekte W\u00e4rmebild Allrounder f\u00fcr mehr Reichweite mit der Handw\u00e4rmebild Kamera\" \/>\n<meta property=\"og:url\" content=\"https:\/\/copterpro.de\/shop\/waermebild-handgeraete\/liemke-keiler-2\/\" \/>\n<meta property=\"og:site_name\" content=\"Copter Pro\" \/>\n<meta property=\"article:publisher\" content=\"https:\/\/www.facebook.com\/copterprogmbh\" \/>\n<meta property=\"article:modified_time\" content=\"2026-01-03T18:23:09+00:00\" \/>\n<meta property=\"og:image\" content=\"https:\/\/copterpro.de\/shop\/wp-content\/uploads\/2025\/01\/LIE_Produktbilder_Webseite_Keiler-2_01_800x800.webp\" \/>\n\t<meta property=\"og:image:width\" content=\"800\" \/>\n\t<meta property=\"og:image:height\" content=\"600\" \/>\n\t<meta property=\"og:image:type\" content=\"image\/webp\" \/>\n<meta name=\"twitter:card\" content=\"summary_large_image\" \/>\n<meta name=\"twitter:label1\" content=\"Gesch\u00e4tzte Lesezeit\" \/>\n\t<meta name=\"twitter:data1\" content=\"2\u00a0Minuten\" \/>\n<script type=\"application\/ld+json\" class=\"yoast-schema-graph\">{\"@context\":\"https:\\\/\\\/schema.org\",\"@graph\":[{\"@type\":\"WebPage\",\"@id\":\"https:\\\/\\\/copterpro.de\\\/shop\\\/waermebild-handgeraete\\\/liemke-keiler-2\\\/\",\"url\":\"https:\\\/\\\/copterpro.de\\\/shop\\\/waermebild-handgeraete\\\/liemke-keiler-2\\\/\",\"name\":\"Liemke Keiler 2 W\u00e4rmebild Handger\u00e4t f\u00fcr die Jagd von Liemke\",\"isPartOf\":{\"@id\":\"https:\\\/\\\/copterpro.de\\\/shop\\\/#website\"},\"primaryImageOfPage\":{\"@id\":\"https:\\\/\\\/copterpro.de\\\/shop\\\/waermebild-handgeraete\\\/liemke-keiler-2\\\/#primaryimage\"},\"image\":{\"@id\":\"https:\\\/\\\/copterpro.de\\\/shop\\\/waermebild-handgeraete\\\/liemke-keiler-2\\\/#primaryimage\"},\"thumbnailUrl\":\"https:\\\/\\\/copterpro.de\\\/shop\\\/wp-content\\\/uploads\\\/2025\\\/01\\\/LIE_Produktbilder_Webseite_Keiler-2_01_800x800.webp\",\"datePublished\":\"2023-11-20T11:58:29+00:00\",\"dateModified\":\"2026-01-03T18:23:09+00:00\",\"description\":\"Liemke Keiler 1 W\u00e4rmebild Handger\u00e4t f\u00fcr die Jagd von Liemke. Der perfekte W\u00e4rmebild Allrounder f\u00fcr mehr Reichweite mit der Handw\u00e4rmebild Kamera\",\"breadcrumb\":{\"@id\":\"https:\\\/\\\/copterpro.de\\\/shop\\\/waermebild-handgeraete\\\/liemke-keiler-2\\\/#breadcrumb\"},\"inLanguage\":\"de\",\"potentialAction\":[{\"@type\":\"ReadAction\",\"target\":[\"https:\\\/\\\/copterpro.de\\\/shop\\\/waermebild-handgeraete\\\/liemke-keiler-2\\\/\"]}]},{\"@type\":\"ImageObject\",\"inLanguage\":\"de\",\"@id\":\"https:\\\/\\\/copterpro.de\\\/shop\\\/waermebild-handgeraete\\\/liemke-keiler-2\\\/#primaryimage\",\"url\":\"https:\\\/\\\/copterpro.de\\\/shop\\\/wp-content\\\/uploads\\\/2025\\\/01\\\/LIE_Produktbilder_Webseite_Keiler-2_01_800x800.webp\",\"contentUrl\":\"https:\\\/\\\/copterpro.de\\\/shop\\\/wp-content\\\/uploads\\\/2025\\\/01\\\/LIE_Produktbilder_Webseite_Keiler-2_01_800x800.webp\",\"width\":800,\"height\":600,\"caption\":\"Liemke Keiler 2 Handw\u00e4rmebildger\u00e4t f\u00fcr Jagd\"},{\"@type\":\"BreadcrumbList\",\"@id\":\"https:\\\/\\\/copterpro.de\\\/shop\\\/waermebild-handgeraete\\\/liemke-keiler-2\\\/#breadcrumb\",\"itemListElement\":[{\"@type\":\"ListItem\",\"position\":1,\"name\":\"Startseite\",\"item\":\"https:\\\/\\\/copterpro.de\\\/shop\\\/\"},{\"@type\":\"ListItem\",\"position\":2,\"name\":\"Shop\",\"item\":\"https:\\\/\\\/copterpro.de\\\/shop\\\/shop\\\/\"},{\"@type\":\"ListItem\",\"position\":3,\"name\":\"LIEMKE KEILER-2\"}]},{\"@type\":\"WebSite\",\"@id\":\"https:\\\/\\\/copterpro.de\\\/shop\\\/#website\",\"url\":\"https:\\\/\\\/copterpro.de\\\/shop\\\/\",\"name\":\"Copter Pro\",\"description\":\"\",\"publisher\":{\"@id\":\"https:\\\/\\\/copterpro.de\\\/shop\\\/#organization\"},\"potentialAction\":[{\"@type\":\"SearchAction\",\"target\":{\"@type\":\"EntryPoint\",\"urlTemplate\":\"https:\\\/\\\/copterpro.de\\\/shop\\\/?s={search_term_string}\"},\"query-input\":{\"@type\":\"PropertyValueSpecification\",\"valueRequired\":true,\"valueName\":\"search_term_string\"}}],\"inLanguage\":\"de\"},{\"@type\":\"Organization\",\"@id\":\"https:\\\/\\\/copterpro.de\\\/shop\\\/#organization\",\"name\":\"Copter Pro\",\"url\":\"https:\\\/\\\/copterpro.de\\\/shop\\\/\",\"logo\":{\"@type\":\"ImageObject\",\"inLanguage\":\"de\",\"@id\":\"https:\\\/\\\/copterpro.de\\\/shop\\\/#\\\/schema\\\/logo\\\/image\\\/\",\"url\":\"https:\\\/\\\/copterpro.de\\\/shop\\\/wp-content\\\/uploads\\\/2025\\\/04\\\/copterpro.svg\",\"contentUrl\":\"https:\\\/\\\/copterpro.de\\\/shop\\\/wp-content\\\/uploads\\\/2025\\\/04\\\/copterpro.svg\",\"caption\":\"Copter Pro\"},\"image\":{\"@id\":\"https:\\\/\\\/copterpro.de\\\/shop\\\/#\\\/schema\\\/logo\\\/image\\\/\"},\"sameAs\":[\"https:\\\/\\\/www.facebook.com\\\/copterprogmbh\"]}]}<\/script>\n<!-- \/ Yoast SEO plugin. -->","yoast_head_json":{"title":"Liemke Keiler 2 W\u00e4rmebild Handger\u00e4t f\u00fcr die Jagd von Liemke","description":"Liemke Keiler 1 W\u00e4rmebild Handger\u00e4t f\u00fcr die Jagd von Liemke. Der perfekte W\u00e4rmebild Allrounder f\u00fcr mehr Reichweite mit der Handw\u00e4rmebild Kamera","robots":{"index":"index","follow":"follow","max-snippet":"max-snippet:-1","max-image-preview":"max-image-preview:large","max-video-preview":"max-video-preview:-1"},"canonical":"https:\/\/copterpro.de\/shop\/waermebild-handgeraete\/liemke-keiler-2\/","og_locale":"de_DE","og_type":"article","og_title":"Liemke Keiler 2 W\u00e4rmebild Handger\u00e4t f\u00fcr die Jagd von Liemke","og_description":"Liemke Keiler 1 W\u00e4rmebild Handger\u00e4t f\u00fcr die Jagd von Liemke. Der perfekte W\u00e4rmebild Allrounder f\u00fcr mehr Reichweite mit der Handw\u00e4rmebild Kamera","og_url":"https:\/\/copterpro.de\/shop\/waermebild-handgeraete\/liemke-keiler-2\/","og_site_name":"Copter Pro","article_publisher":"https:\/\/www.facebook.com\/copterprogmbh","article_modified_time":"2026-01-03T18:23:09+00:00","og_image":[{"width":800,"height":600,"url":"https:\/\/copterpro.de\/shop\/wp-content\/uploads\/2025\/01\/LIE_Produktbilder_Webseite_Keiler-2_01_800x800.webp","type":"image\/webp"}],"twitter_card":"summary_large_image","twitter_misc":{"Gesch\u00e4tzte Lesezeit":"2\u00a0Minuten"},"schema":{"@context":"https:\/\/schema.org","@graph":[{"@type":"WebPage","@id":"https:\/\/copterpro.de\/shop\/waermebild-handgeraete\/liemke-keiler-2\/","url":"https:\/\/copterpro.de\/shop\/waermebild-handgeraete\/liemke-keiler-2\/","name":"Liemke Keiler 2 W\u00e4rmebild Handger\u00e4t f\u00fcr die Jagd von Liemke","isPartOf":{"@id":"https:\/\/copterpro.de\/shop\/#website"},"primaryImageOfPage":{"@id":"https:\/\/copterpro.de\/shop\/waermebild-handgeraete\/liemke-keiler-2\/#primaryimage"},"image":{"@id":"https:\/\/copterpro.de\/shop\/waermebild-handgeraete\/liemke-keiler-2\/#primaryimage"},"thumbnailUrl":"https:\/\/copterpro.de\/shop\/wp-content\/uploads\/2025\/01\/LIE_Produktbilder_Webseite_Keiler-2_01_800x800.webp","datePublished":"2023-11-20T11:58:29+00:00","dateModified":"2026-01-03T18:23:09+00:00","description":"Liemke Keiler 1 W\u00e4rmebild Handger\u00e4t f\u00fcr die Jagd von Liemke. Der perfekte W\u00e4rmebild Allrounder f\u00fcr mehr Reichweite mit der Handw\u00e4rmebild Kamera","breadcrumb":{"@id":"https:\/\/copterpro.de\/shop\/waermebild-handgeraete\/liemke-keiler-2\/#breadcrumb"},"inLanguage":"de","potentialAction":[{"@type":"ReadAction","target":["https:\/\/copterpro.de\/shop\/waermebild-handgeraete\/liemke-keiler-2\/"]}]},{"@type":"ImageObject","inLanguage":"de","@id":"https:\/\/copterpro.de\/shop\/waermebild-handgeraete\/liemke-keiler-2\/#primaryimage","url":"https:\/\/copterpro.de\/shop\/wp-content\/uploads\/2025\/01\/LIE_Produktbilder_Webseite_Keiler-2_01_800x800.webp","contentUrl":"https:\/\/copterpro.de\/shop\/wp-content\/uploads\/2025\/01\/LIE_Produktbilder_Webseite_Keiler-2_01_800x800.webp","width":800,"height":600,"caption":"Liemke Keiler 2 Handw\u00e4rmebildger\u00e4t f\u00fcr Jagd"},{"@type":"BreadcrumbList","@id":"https:\/\/copterpro.de\/shop\/waermebild-handgeraete\/liemke-keiler-2\/#breadcrumb","itemListElement":[{"@type":"ListItem","position":1,"name":"Startseite","item":"https:\/\/copterpro.de\/shop\/"},{"@type":"ListItem","position":2,"name":"Shop","item":"https:\/\/copterpro.de\/shop\/shop\/"},{"@type":"ListItem","position":3,"name":"LIEMKE KEILER-2"}]},{"@type":"WebSite","@id":"https:\/\/copterpro.de\/shop\/#website","url":"https:\/\/copterpro.de\/shop\/","name":"Copter Pro","description":"","publisher":{"@id":"https:\/\/copterpro.de\/shop\/#organization"},"potentialAction":[{"@type":"SearchAction","target":{"@type":"EntryPoint","urlTemplate":"https:\/\/copterpro.de\/shop\/?s={search_term_string}"},"query-input":{"@type":"PropertyValueSpecification","valueRequired":true,"valueName":"search_term_string"}}],"inLanguage":"de"},{"@type":"Organization","@id":"https:\/\/copterpro.de\/shop\/#organization","name":"Copter Pro","url":"https:\/\/copterpro.de\/shop\/","logo":{"@type":"ImageObject","inLanguage":"de","@id":"https:\/\/copterpro.de\/shop\/#\/schema\/logo\/image\/","url":"https:\/\/copterpro.de\/shop\/wp-content\/uploads\/2025\/04\/copterpro.svg","contentUrl":"https:\/\/copterpro.de\/shop\/wp-content\/uploads\/2025\/04\/copterpro.svg","caption":"Copter Pro"},"image":{"@id":"https:\/\/copterpro.de\/shop\/#\/schema\/logo\/image\/"},"sameAs":["https:\/\/www.facebook.com\/copterprogmbh"]}]}},"_links":{"self":[{"href":"https:\/\/copterpro.de\/shop\/wp-json\/wp\/v2\/product\/10718","targetHints":{"allow":["GET"]}}],"collection":[{"href":"https:\/\/copterpro.de\/shop\/wp-json\/wp\/v2\/product"}],"about":[{"href":"https:\/\/copterpro.de\/shop\/wp-json\/wp\/v2\/types\/product"}],"wp:featuredmedia":[{"embeddable":true,"href":"https:\/\/copterpro.de\/shop\/wp-json\/wp\/v2\/media\/12779"}],"wp:attachment":[{"href":"https:\/\/copterpro.de\/shop\/wp-json\/wp\/v2\/media?parent=10718"}],"wp:term":[{"taxonomy":"product_brand","embeddable":true,"href":"https:\/\/copterpro.de\/shop\/wp-json\/wp\/v2\/product_brand?post=10718"},{"taxonomy":"product_cat","embeddable":true,"href":"https:\/\/copterpro.de\/shop\/wp-json\/wp\/v2\/product_cat?post=10718"},{"taxonomy":"product_tag","embeddable":true,"href":"https:\/\/copterpro.de\/shop\/wp-json\/wp\/v2\/product_tag?post=10718"}],"curies":[{"name":"wp","href":"https:\/\/api.w.org\/{rel}","templated":true}]}}