{"id":10765,"date":"2023-11-20T17:02:25","date_gmt":"2023-11-20T16:02:25","guid":{"rendered":"https:\/\/shop.copterpro.de\/?post_type=product&#038;p=10765"},"modified":"2026-01-22T18:55:37","modified_gmt":"2026-01-22T17:55:37","slug":"hikmicro-monokular-falcon-fq35","status":"publish","type":"product","link":"https:\/\/copterpro.de\/shop\/waermebild-handgeraete\/hikmicro-monokular-falcon-fq35\/","title":{"rendered":"Hikmicro Monokular Falcon FQ35"},"content":{"rendered":"<h3 class=\"fn product-title\">Hikmicro Monokular Falcon FQ35<\/h3>\n<p><strong>Lieferumfang: <\/strong><\/p>\n<ul>\n<li>Falcon FQ35<\/li>\n<li>Anleitung<\/li>\n<li>Staubtuch<\/li>\n<li>\u00a0USB-Kabel<\/li>\n<li>Akku<\/li>\n<li>Ladeger\u00e4t<\/li>\n<li>Nackengurt<\/li>\n<\/ul>\n<p><u>Ultrascharfes Bild &#8211; Beeindruckende Detailerkennbarkeit<\/u><\/p>\n<p>Die h\u00f6here Empfindlichkeit in Kombination mit dem hochaufl\u00f6senden Sensor und der Optik mit gr\u00f6\u00dferer Blende sorgt f\u00fcr ein qualitativ hochwertiges, detailreiches, kontrastreiches und informatives Bild bei allen Wetterbedingungen.<\/p>\n<p><u>Extrem hohe thermische Empfindlichkeit, NETD &lt; 20 mK<\/u><\/p>\n<p>Die hohe thermische Empfindlichkeit sorgt f\u00fcr eine perfekte Detailerkennung selbst unter schwierigsten Wetterbedingungen, wenn Objekt und Hintergrund einen minimalen Temperaturunterschied aufweisen. Die kleinsten Details von Objekten und Hintergr\u00fcnden lassen sich leicht und deutlich erkennen, z. B. Tierhaare, k\u00f6rperliche Merkmale von m\u00e4nnlichen, weiblichen oder tr\u00e4chtigen Tieren, Zweige, Bl\u00e4tter usw.<\/p>\n<p><u>Hochaufl\u00f6sender W\u00e4rmesensor, bis zu 640 x 512 @ 12 \u03bcm<\/u><\/p>\n<p>Ausgestattet mit einem 12 \u03bcm High-End-W\u00e4rmesensor und einer Aufl\u00f6sung von bis zu 640 x 512 Pixeln bietet das Produkt eine hervorragende Temperaturaufl\u00f6sung, um das W\u00e4rmebild gestochen scharf und kontrastreich wiedergeben zu k\u00f6nnen.<\/p>\n<p><u>Image Pro, verbesserter, selbstentwickelter Bildverarbeitungsalgorithmus<\/u><\/p>\n<p>Image Pro, der von HIKMICRO selbst entwickelte Bildverarbeitungsalgorithmus, sorgt f\u00fcr eine maximale digitale Bildoptimierung je nach Beobachtungszweck und bietet eine qualitativ hochwertige Darstellung sowohl der Zielobjekte als auch des Hintergrunds<\/p>\n<p><u>Erheblich verbessertes Design &#8211; Au\u00dfergew\u00f6hnlich einfach zu bedienen<\/u><\/p>\n<p>-Ergonomisches Design in zylindrischer Form f\u00fcr eine bessere Bedienerfahrung<br \/>\n-Perfektes Design der Komponenten f\u00fcr intuitive Bedienung und einfache Anwendung<br \/>\n-Robustes Geh\u00e4use aus Magnesium und Linsenbeschichtung f\u00fcr langj\u00e4hrigen Einsatz<\/p>\n<p><u>Sehen Sie weiter oder breiter &#8211; Fangen Sie mehr Details ein<\/u><\/p>\n<p>-Gro\u00dfe Erfassungsreichweite von bis zu 2600 m und sehr gro\u00dfes Sichtfeld von bis zu\u00a031 m bei 100 m<br \/>\n-Leistungsstarker Digitalzoom, bis zu 8 x<\/p>\n<p>&nbsp;<\/p>\n<p><u>Thermal Module<\/u><br \/>\nBildsensor: VOx Uncooled Focal Plane Arrays<br \/>\nAufl\u00f6sung: 640 x 512<br \/>\nBildfrequenz: 50Hz<br \/>\nPixelintervall: 12\u00b5m<br \/>\nResponse Waveband: 8\u00b5m bis 14\u00b5m<br \/>\nNETD: weniger als 20 mK (@25\u00b0C), F#=1,0<br \/>\nBrennweite: 35 mm<br \/>\nErkennungsreichweite: 1.800 m<br \/>\nSichtfeld:\u00a0 12,54\u00b0 \u00d7 10,05\u00b0 \/ 22m x 17,6m (auf 100m) (H \u00d7 V)<br \/>\nBlende: F1.0<br \/>\nVergr\u00f6\u00dferung: 1,82<br \/>\nminimale Fokusdistanz: 3,5 m<br \/>\n<u>Bild<\/u><br \/>\nMonitor: 0.39 inch, OLED, 1024 \u00d7 768<br \/>\nBildfrequenz: 50Hz<br \/>\nPalettes: Black Hot, White Hot, Red Hot, Fusion, Visible, Image Fusion<br \/>\nFFC (Flat Field Correction): Automatische, manuelle, externe Korrektur<br \/>\nDigitales Zoom: 1 \u00d7, 2 \u00d7, 4 \u00d7,\u00a08x<\/p>\n<p><u>Smart Function<\/u><br \/>\nHot Track: Ja<br \/>\nHotspot: Ja<br \/>\n<u>System Function<\/u><br \/>\nSpeicher: Eingebautes Speichermodul (64 GB)<br \/>\nVideo-Aufnahme: integrierte Videoaufnahme<br \/>\nSchnappschuss: integrierte Bildaufnahme<br \/>\nWi-Fi: Ja<br \/>\nStandby Modus: Ja<\/p>\n<p><u>Batterie<\/u><br \/>\nBatterietyp: herausnehmbarer Li-Ion Akku<br \/>\nBetriebszeit: 7 h mit ausgeschaltetem Wi-Fi<br \/>\nAnzeige der Batteriekapazit\u00e4t: Ja<br \/>\nPower:\u00a0 5V, 1.75W<\/p>\n<p><u>Allgemein<\/u><br \/>\nArbeitstemperatur\/Luftfeuchtigkeit: Von -30 \u00b0C bis 55 \u00b0C; Luftfeuchtigkeit 90% oder weniger<br \/>\nSchutzklasse: IP67<br \/>\nMa\u00dfe: 187.7 mm \u00d7 58.3 mm \u00d7 65.2 mm (7,39&#8243; \u00d7 2,29&#8243; \u00d7 2,57&#8243;)<br \/>\nGewicht: 505 g<\/p>\n","protected":false},"excerpt":{"rendered":"<p>Hikmicro Monokular Falcon FQ35 Lieferumfang: Falcon FQ35 Anleitung Staubtuch \u00a0USB-Kabel Akku Ladeger\u00e4t Nackengurt Ultrascharfes Bild &#8211; Beeindruckende Detailerkennbarkeit Die h\u00f6here Empfindlichkeit in Kombination mit dem hochaufl\u00f6senden Sensor und der Optik mit gr\u00f6\u00dferer Blende sorgt f\u00fcr ein qualitativ hochwertiges, detailreiches, kontrastreiches und informatives Bild bei allen Wetterbedingungen. Extrem hohe thermische Empfindlichkeit, [&hellip;]<\/p>\n","protected":false},"featured_media":12736,"template":"","meta":{"_acf_changed":false,"_iconic_wsb_product_page_order_bump_ids":[[12746]],"_sku":["CP00040"],"_iconic_wsb_product_page_bump_modal_ids":[[12746]]},"product_brand":[],"product_cat":[34,50],"product_tag":[],"class_list":{"0":"post-10765","1":"product","2":"type-product","3":"status-publish","4":"has-post-thumbnail","6":"product_cat-waermebildgeraete","7":"product_cat-waermebild-handgeraete","9":"first","10":"onbackorder","11":"sale","12":"taxable","13":"shipping-taxable","14":"purchasable","15":"product-type-simple"},"acf":[],"yoast_head":"<!-- This site is optimized with the Yoast SEO plugin v27.4 - https:\/\/yoast.com\/product\/yoast-seo-wordpress\/ -->\n<title>Hikmicro Falcon FQ35 Hand W\u00e4rmebildkamera f\u00fcr die Jagd<\/title>\n<meta name=\"description\" content=\"Hikmicro Falcon FQ35 Hand W\u00e4rmebildkamera f\u00fcr die Jagd. Das FQ235 W\u00e4rmebildger\u00e4t von Hikmicro mit hoher Aufl\u00f6sung f\u00fcr die Ansitzjagd und Felderjagd\" \/>\n<meta name=\"robots\" content=\"index, follow, max-snippet:-1, max-image-preview:large, max-video-preview:-1\" \/>\n<link rel=\"canonical\" href=\"https:\/\/copterpro.de\/shop\/waermebildgeraete\/hikmicro-monokular-falcon-fq35\/\" \/>\n<meta property=\"og:locale\" content=\"de_DE\" \/>\n<meta property=\"og:type\" content=\"article\" \/>\n<meta property=\"og:title\" content=\"Hikmicro Falcon FQ35 Hand W\u00e4rmebildkamera f\u00fcr die Jagd\" \/>\n<meta property=\"og:description\" content=\"Hikmicro Falcon FQ35 Hand W\u00e4rmebildkamera f\u00fcr die Jagd. Das FQ235 W\u00e4rmebildger\u00e4t von Hikmicro mit hoher Aufl\u00f6sung f\u00fcr die Ansitzjagd und Felderjagd\" \/>\n<meta property=\"og:url\" content=\"https:\/\/copterpro.de\/shop\/waermebildgeraete\/hikmicro-monokular-falcon-fq35\/\" \/>\n<meta property=\"og:site_name\" content=\"Copter Pro\" \/>\n<meta property=\"article:publisher\" content=\"https:\/\/www.facebook.com\/copterprogmbh\" \/>\n<meta property=\"article:modified_time\" content=\"2026-01-22T17:55:37+00:00\" \/>\n<meta property=\"og:image\" content=\"https:\/\/copterpro.de\/shop\/wp-content\/uploads\/2025\/01\/hikmicro-monokular-falcon-fq35-hm-ts46-35xg-w-fq35.webp\" \/>\n\t<meta property=\"og:image:width\" content=\"500\" \/>\n\t<meta property=\"og:image:height\" content=\"500\" \/>\n\t<meta property=\"og:image:type\" content=\"image\/webp\" \/>\n<meta name=\"twitter:card\" content=\"summary_large_image\" \/>\n<meta name=\"twitter:label1\" content=\"Gesch\u00e4tzte Lesezeit\" \/>\n\t<meta name=\"twitter:data1\" content=\"3\u00a0Minuten\" \/>\n<script type=\"application\/ld+json\" class=\"yoast-schema-graph\">{\"@context\":\"https:\\\/\\\/schema.org\",\"@graph\":[{\"@type\":\"WebPage\",\"@id\":\"https:\\\/\\\/copterpro.de\\\/shop\\\/waermebildgeraete\\\/hikmicro-monokular-falcon-fq35\\\/\",\"url\":\"https:\\\/\\\/copterpro.de\\\/shop\\\/waermebildgeraete\\\/hikmicro-monokular-falcon-fq35\\\/\",\"name\":\"Hikmicro Falcon FQ35 Hand W\u00e4rmebildkamera f\u00fcr die Jagd\",\"isPartOf\":{\"@id\":\"https:\\\/\\\/copterpro.de\\\/shop\\\/#website\"},\"primaryImageOfPage\":{\"@id\":\"https:\\\/\\\/copterpro.de\\\/shop\\\/waermebildgeraete\\\/hikmicro-monokular-falcon-fq35\\\/#primaryimage\"},\"image\":{\"@id\":\"https:\\\/\\\/copterpro.de\\\/shop\\\/waermebildgeraete\\\/hikmicro-monokular-falcon-fq35\\\/#primaryimage\"},\"thumbnailUrl\":\"https:\\\/\\\/copterpro.de\\\/shop\\\/wp-content\\\/uploads\\\/2025\\\/01\\\/hikmicro-monokular-falcon-fq35-hm-ts46-35xg-w-fq35.webp\",\"datePublished\":\"2023-11-20T16:02:25+00:00\",\"dateModified\":\"2026-01-22T17:55:37+00:00\",\"description\":\"Hikmicro Falcon FQ35 Hand W\u00e4rmebildkamera f\u00fcr die Jagd. Das FQ235 W\u00e4rmebildger\u00e4t von Hikmicro mit hoher Aufl\u00f6sung f\u00fcr die Ansitzjagd und Felderjagd\",\"breadcrumb\":{\"@id\":\"https:\\\/\\\/copterpro.de\\\/shop\\\/waermebildgeraete\\\/hikmicro-monokular-falcon-fq35\\\/#breadcrumb\"},\"inLanguage\":\"de\",\"potentialAction\":[{\"@type\":\"ReadAction\",\"target\":[\"https:\\\/\\\/copterpro.de\\\/shop\\\/waermebildgeraete\\\/hikmicro-monokular-falcon-fq35\\\/\"]}]},{\"@type\":\"ImageObject\",\"inLanguage\":\"de\",\"@id\":\"https:\\\/\\\/copterpro.de\\\/shop\\\/waermebildgeraete\\\/hikmicro-monokular-falcon-fq35\\\/#primaryimage\",\"url\":\"https:\\\/\\\/copterpro.de\\\/shop\\\/wp-content\\\/uploads\\\/2025\\\/01\\\/hikmicro-monokular-falcon-fq35-hm-ts46-35xg-w-fq35.webp\",\"contentUrl\":\"https:\\\/\\\/copterpro.de\\\/shop\\\/wp-content\\\/uploads\\\/2025\\\/01\\\/hikmicro-monokular-falcon-fq35-hm-ts46-35xg-w-fq35.webp\",\"width\":500,\"height\":500,\"caption\":\"Falcon FQ35 W\u00e4rmebildkamera\"},{\"@type\":\"BreadcrumbList\",\"@id\":\"https:\\\/\\\/copterpro.de\\\/shop\\\/waermebildgeraete\\\/hikmicro-monokular-falcon-fq35\\\/#breadcrumb\",\"itemListElement\":[{\"@type\":\"ListItem\",\"position\":1,\"name\":\"Startseite\",\"item\":\"https:\\\/\\\/copterpro.de\\\/shop\\\/\"},{\"@type\":\"ListItem\",\"position\":2,\"name\":\"Shop\",\"item\":\"https:\\\/\\\/copterpro.de\\\/shop\\\/shop\\\/\"},{\"@type\":\"ListItem\",\"position\":3,\"name\":\"Hikmicro Monokular Falcon FQ35\"}]},{\"@type\":\"WebSite\",\"@id\":\"https:\\\/\\\/copterpro.de\\\/shop\\\/#website\",\"url\":\"https:\\\/\\\/copterpro.de\\\/shop\\\/\",\"name\":\"Copter Pro\",\"description\":\"\",\"publisher\":{\"@id\":\"https:\\\/\\\/copterpro.de\\\/shop\\\/#organization\"},\"potentialAction\":[{\"@type\":\"SearchAction\",\"target\":{\"@type\":\"EntryPoint\",\"urlTemplate\":\"https:\\\/\\\/copterpro.de\\\/shop\\\/?s={search_term_string}\"},\"query-input\":{\"@type\":\"PropertyValueSpecification\",\"valueRequired\":true,\"valueName\":\"search_term_string\"}}],\"inLanguage\":\"de\"},{\"@type\":\"Organization\",\"@id\":\"https:\\\/\\\/copterpro.de\\\/shop\\\/#organization\",\"name\":\"Copter Pro\",\"url\":\"https:\\\/\\\/copterpro.de\\\/shop\\\/\",\"logo\":{\"@type\":\"ImageObject\",\"inLanguage\":\"de\",\"@id\":\"https:\\\/\\\/copterpro.de\\\/shop\\\/#\\\/schema\\\/logo\\\/image\\\/\",\"url\":\"https:\\\/\\\/copterpro.de\\\/shop\\\/wp-content\\\/uploads\\\/2025\\\/04\\\/copterpro.svg\",\"contentUrl\":\"https:\\\/\\\/copterpro.de\\\/shop\\\/wp-content\\\/uploads\\\/2025\\\/04\\\/copterpro.svg\",\"caption\":\"Copter Pro\"},\"image\":{\"@id\":\"https:\\\/\\\/copterpro.de\\\/shop\\\/#\\\/schema\\\/logo\\\/image\\\/\"},\"sameAs\":[\"https:\\\/\\\/www.facebook.com\\\/copterprogmbh\"]}]}<\/script>\n<!-- \/ Yoast SEO plugin. -->","yoast_head_json":{"title":"Hikmicro Falcon FQ35 Hand W\u00e4rmebildkamera f\u00fcr die Jagd","description":"Hikmicro Falcon FQ35 Hand W\u00e4rmebildkamera f\u00fcr die Jagd. Das FQ235 W\u00e4rmebildger\u00e4t von Hikmicro mit hoher Aufl\u00f6sung f\u00fcr die Ansitzjagd und Felderjagd","robots":{"index":"index","follow":"follow","max-snippet":"max-snippet:-1","max-image-preview":"max-image-preview:large","max-video-preview":"max-video-preview:-1"},"canonical":"https:\/\/copterpro.de\/shop\/waermebildgeraete\/hikmicro-monokular-falcon-fq35\/","og_locale":"de_DE","og_type":"article","og_title":"Hikmicro Falcon FQ35 Hand W\u00e4rmebildkamera f\u00fcr die Jagd","og_description":"Hikmicro Falcon FQ35 Hand W\u00e4rmebildkamera f\u00fcr die Jagd. Das FQ235 W\u00e4rmebildger\u00e4t von Hikmicro mit hoher Aufl\u00f6sung f\u00fcr die Ansitzjagd und Felderjagd","og_url":"https:\/\/copterpro.de\/shop\/waermebildgeraete\/hikmicro-monokular-falcon-fq35\/","og_site_name":"Copter Pro","article_publisher":"https:\/\/www.facebook.com\/copterprogmbh","article_modified_time":"2026-01-22T17:55:37+00:00","og_image":[{"width":500,"height":500,"url":"https:\/\/copterpro.de\/shop\/wp-content\/uploads\/2025\/01\/hikmicro-monokular-falcon-fq35-hm-ts46-35xg-w-fq35.webp","type":"image\/webp"}],"twitter_card":"summary_large_image","twitter_misc":{"Gesch\u00e4tzte Lesezeit":"3\u00a0Minuten"},"schema":{"@context":"https:\/\/schema.org","@graph":[{"@type":"WebPage","@id":"https:\/\/copterpro.de\/shop\/waermebildgeraete\/hikmicro-monokular-falcon-fq35\/","url":"https:\/\/copterpro.de\/shop\/waermebildgeraete\/hikmicro-monokular-falcon-fq35\/","name":"Hikmicro Falcon FQ35 Hand W\u00e4rmebildkamera f\u00fcr die Jagd","isPartOf":{"@id":"https:\/\/copterpro.de\/shop\/#website"},"primaryImageOfPage":{"@id":"https:\/\/copterpro.de\/shop\/waermebildgeraete\/hikmicro-monokular-falcon-fq35\/#primaryimage"},"image":{"@id":"https:\/\/copterpro.de\/shop\/waermebildgeraete\/hikmicro-monokular-falcon-fq35\/#primaryimage"},"thumbnailUrl":"https:\/\/copterpro.de\/shop\/wp-content\/uploads\/2025\/01\/hikmicro-monokular-falcon-fq35-hm-ts46-35xg-w-fq35.webp","datePublished":"2023-11-20T16:02:25+00:00","dateModified":"2026-01-22T17:55:37+00:00","description":"Hikmicro Falcon FQ35 Hand W\u00e4rmebildkamera f\u00fcr die Jagd. Das FQ235 W\u00e4rmebildger\u00e4t von Hikmicro mit hoher Aufl\u00f6sung f\u00fcr die Ansitzjagd und Felderjagd","breadcrumb":{"@id":"https:\/\/copterpro.de\/shop\/waermebildgeraete\/hikmicro-monokular-falcon-fq35\/#breadcrumb"},"inLanguage":"de","potentialAction":[{"@type":"ReadAction","target":["https:\/\/copterpro.de\/shop\/waermebildgeraete\/hikmicro-monokular-falcon-fq35\/"]}]},{"@type":"ImageObject","inLanguage":"de","@id":"https:\/\/copterpro.de\/shop\/waermebildgeraete\/hikmicro-monokular-falcon-fq35\/#primaryimage","url":"https:\/\/copterpro.de\/shop\/wp-content\/uploads\/2025\/01\/hikmicro-monokular-falcon-fq35-hm-ts46-35xg-w-fq35.webp","contentUrl":"https:\/\/copterpro.de\/shop\/wp-content\/uploads\/2025\/01\/hikmicro-monokular-falcon-fq35-hm-ts46-35xg-w-fq35.webp","width":500,"height":500,"caption":"Falcon FQ35 W\u00e4rmebildkamera"},{"@type":"BreadcrumbList","@id":"https:\/\/copterpro.de\/shop\/waermebildgeraete\/hikmicro-monokular-falcon-fq35\/#breadcrumb","itemListElement":[{"@type":"ListItem","position":1,"name":"Startseite","item":"https:\/\/copterpro.de\/shop\/"},{"@type":"ListItem","position":2,"name":"Shop","item":"https:\/\/copterpro.de\/shop\/shop\/"},{"@type":"ListItem","position":3,"name":"Hikmicro Monokular Falcon FQ35"}]},{"@type":"WebSite","@id":"https:\/\/copterpro.de\/shop\/#website","url":"https:\/\/copterpro.de\/shop\/","name":"Copter Pro","description":"","publisher":{"@id":"https:\/\/copterpro.de\/shop\/#organization"},"potentialAction":[{"@type":"SearchAction","target":{"@type":"EntryPoint","urlTemplate":"https:\/\/copterpro.de\/shop\/?s={search_term_string}"},"query-input":{"@type":"PropertyValueSpecification","valueRequired":true,"valueName":"search_term_string"}}],"inLanguage":"de"},{"@type":"Organization","@id":"https:\/\/copterpro.de\/shop\/#organization","name":"Copter Pro","url":"https:\/\/copterpro.de\/shop\/","logo":{"@type":"ImageObject","inLanguage":"de","@id":"https:\/\/copterpro.de\/shop\/#\/schema\/logo\/image\/","url":"https:\/\/copterpro.de\/shop\/wp-content\/uploads\/2025\/04\/copterpro.svg","contentUrl":"https:\/\/copterpro.de\/shop\/wp-content\/uploads\/2025\/04\/copterpro.svg","caption":"Copter Pro"},"image":{"@id":"https:\/\/copterpro.de\/shop\/#\/schema\/logo\/image\/"},"sameAs":["https:\/\/www.facebook.com\/copterprogmbh"]}]}},"_links":{"self":[{"href":"https:\/\/copterpro.de\/shop\/wp-json\/wp\/v2\/product\/10765","targetHints":{"allow":["GET"]}}],"collection":[{"href":"https:\/\/copterpro.de\/shop\/wp-json\/wp\/v2\/product"}],"about":[{"href":"https:\/\/copterpro.de\/shop\/wp-json\/wp\/v2\/types\/product"}],"wp:featuredmedia":[{"embeddable":true,"href":"https:\/\/copterpro.de\/shop\/wp-json\/wp\/v2\/media\/12736"}],"wp:attachment":[{"href":"https:\/\/copterpro.de\/shop\/wp-json\/wp\/v2\/media?parent=10765"}],"wp:term":[{"taxonomy":"product_brand","embeddable":true,"href":"https:\/\/copterpro.de\/shop\/wp-json\/wp\/v2\/product_brand?post=10765"},{"taxonomy":"product_cat","embeddable":true,"href":"https:\/\/copterpro.de\/shop\/wp-json\/wp\/v2\/product_cat?post=10765"},{"taxonomy":"product_tag","embeddable":true,"href":"https:\/\/copterpro.de\/shop\/wp-json\/wp\/v2\/product_tag?post=10765"}],"curies":[{"name":"wp","href":"https:\/\/api.w.org\/{rel}","templated":true}]}}