{"id":10784,"date":"2023-11-20T17:17:06","date_gmt":"2023-11-20T16:17:06","guid":{"rendered":"https:\/\/shop.copterpro.de\/?post_type=product&#038;p=10784"},"modified":"2026-01-22T18:55:37","modified_gmt":"2026-01-22T17:55:37","slug":"hikmicro-monokular-condor-cq50l","status":"publish","type":"product","link":"https:\/\/copterpro.de\/shop\/waermebild-handgeraete\/hikmicro-monokular-condor-cq50l\/","title":{"rendered":"Hikmicro Monokular Condor CQ50L"},"content":{"rendered":"<h3 class=\"fn product-title\">Hikmicro Monokular Condor CQ50L<\/h3>\n<p><strong>Das HIKMICRO CONDOR CQ50L W\u00e4rmebildmonokular<\/strong> ist mit einem\u00a0640 \u00d7\u00a0512 @ 12 um Infrarotdetektor und einem 1024 \u00d7 768 OLED-Display ausgestattet. Mit weniger als 20 mK NETD, was eine hohe thermische Empfindlichkeit darstellt, sorgt es f\u00fcr perfekte Bildqualit\u00e4t und Detailerkennung auch bei h\u00e4rtesten Wetterbedingungen.<\/p>\n<p><u>Thermal Module<\/u><br \/>\nBildsensor: VOx Uncooled Focal Plane Arrays<br \/>\nAufl\u00f6sung:\u00a0640 x 512<br \/>\nBildfrequenz: 50Hz<br \/>\nPixelintervall: 12\u00b5m<br \/>\nNETD: weniger als 20 mK (@25\u00b0C), F#=1,0<br \/>\nBrennweite:\u00a050 mm<br \/>\nErkennungsreichweite:\u00a02.600 m<br \/>\nSichtfeld:\u00a0 8.7\u00b0 \u00d7 7.0\u00b0 \/\u00a015.2 m x\u00a012.2 m auf 100 m<br \/>\nBlende: F1.0<br \/>\nVergr\u00f6\u00dferung: 3.0x bis 24.0x (8x)<br \/>\nminimale Fokusdistanz:\u00a05 m<br \/>\nFokus Modus: Fokus Ring<\/p>\n<p><u>Bild<\/u><br \/>\nMonitor: 0.39 inch, OLED, 1024 \u00d7 768<br \/>\nDioptrien: -5 bis +3<br \/>\nPalettes: Black Hot, White Hot, Red Hot, Fusion<br \/>\nFFC (Flat Field Correction): Automatische, manuelle, externe Korrektur<br \/>\nImage Pro: Ja<br \/>\nZoom Pro: Ja<\/p>\n<p><u>Smart Function<\/u><br \/>\nHot Track: Ja<br \/>\nHotspot: Ja<br \/>\nBild in Bild: Ja<br \/>\nStandby Modus: Ja<br \/>\nHelligkeits-Einstellung: Ja<br \/>\nKontrast-Einstellung: Ja<br \/>\nEntfernungsmesser: Ja<\/p>\n<p><u>System Function<\/u><br \/>\nSpeicher: Eingebautes Speichermodul<br \/>\nVideo-Aufnahme: integrierte Videoaufnahme<br \/>\nTon-Aufnahme: Ja<br \/>\nSchnappschuss: integrierte Bildaufnahme<br \/>\nUnterst\u00fctzte App: Hikmicro Sight<\/p>\n<p><u>Batterie<\/u><br \/>\nBatterietyp: herausnehmbarer Li-Ion Akku<br \/>\nBetriebszeit: 4 h mit ausgeschaltetem Wi-Fi<br \/>\nAnzeige der Batteriekapazit\u00e4t: Ja<br \/>\nPower Supply:\u00a0 Type C<\/p>\n<p><u>Allgemein<\/u><br \/>\nArbeitstemperatur\/Luftfeuchtigkeit: Von -30 \u00b0C bis 55 \u00b0C; Luftfeuchtigkeit 90% oder weniger<br \/>\nSchutzklasse: IP67<br \/>\nMa\u00dfe: 197.1 mm \u00d7\u00a060 mm \u00d7\u00a094.9 mm<br \/>\nGewicht:\u00a0450 g<br \/>\nAugenabstand: 15 mm<\/p>\n<p><u>Laser Entfernungsmesser<\/u><br \/>\nMaximaler Messbereich: 1000 m<br \/>\nLaser-Sicherheitsklasse: 1<br \/>\nWellenl\u00e4nge: 905 nm<br \/>\nMessgenauigkeit +\/- 1 m<br \/>\n<span style=\"color: #313131;\"><span style=\"font-family: Calibri Light;\">Min. Messdistanz: 10 m<\/span><\/span><\/p>\n","protected":false},"excerpt":{"rendered":"<p>Hikmicro Monokular Condor CQ50L Das HIKMICRO CONDOR CQ50L W\u00e4rmebildmonokular ist mit einem\u00a0640 \u00d7\u00a0512 @ 12 um Infrarotdetektor und einem 1024 \u00d7 768 OLED-Display ausgestattet. Mit weniger als 20 mK NETD, was eine hohe thermische Empfindlichkeit darstellt, sorgt es f\u00fcr perfekte Bildqualit\u00e4t und Detailerkennung auch bei h\u00e4rtesten Wetterbedingungen. Thermal Module Bildsensor: [&hellip;]<\/p>\n","protected":false},"featured_media":12726,"template":"","meta":{"_acf_changed":false,"_iconic_wsb_product_page_order_bump_ids":[[12763]],"_sku":["CP00039"],"_iconic_wsb_product_page_bump_modal_ids":[[12763]]},"product_brand":[],"product_cat":[34,50],"product_tag":[],"class_list":{"0":"post-10784","1":"product","2":"type-product","3":"status-publish","4":"has-post-thumbnail","6":"product_cat-waermebildgeraete","7":"product_cat-waermebild-handgeraete","9":"first","10":"outofstock","11":"sale","12":"taxable","13":"shipping-taxable","14":"purchasable","15":"product-type-simple"},"acf":[],"yoast_head":"<!-- This site is optimized with the Yoast SEO plugin v27.4 - https:\/\/yoast.com\/product\/yoast-seo-wordpress\/ -->\n<title>Hikmicro Condor CQ50L W\u00e4rmebildkamera f\u00fcr die Jagd mit Laser<\/title>\n<meta name=\"description\" content=\"Hikmicro Condor CQ50L W\u00e4rmebildkamera f\u00fcr die Jagd mit Laserentfernungsmesser und hoher Aufl\u00f6sung. Die perfekte W\u00e4rmebildkamera f\u00fcr die Jagd von Hikmicro\" \/>\n<meta name=\"robots\" content=\"index, follow, max-snippet:-1, max-image-preview:large, max-video-preview:-1\" \/>\n<link rel=\"canonical\" href=\"https:\/\/copterpro.de\/shop\/waermebildgeraete\/hikmicro-monokular-condor-cq50l\/\" \/>\n<meta property=\"og:locale\" content=\"de_DE\" \/>\n<meta property=\"og:type\" content=\"article\" \/>\n<meta property=\"og:title\" content=\"Hikmicro Condor CQ50L W\u00e4rmebildkamera f\u00fcr die Jagd mit Laser\" \/>\n<meta property=\"og:description\" content=\"Hikmicro Condor CQ50L W\u00e4rmebildkamera f\u00fcr die Jagd mit Laserentfernungsmesser und hoher Aufl\u00f6sung. Die perfekte W\u00e4rmebildkamera f\u00fcr die Jagd von Hikmicro\" \/>\n<meta property=\"og:url\" content=\"https:\/\/copterpro.de\/shop\/waermebildgeraete\/hikmicro-monokular-condor-cq50l\/\" \/>\n<meta property=\"og:site_name\" content=\"Copter Pro\" \/>\n<meta property=\"article:publisher\" content=\"https:\/\/www.facebook.com\/copterprogmbh\" \/>\n<meta property=\"article:modified_time\" content=\"2026-01-22T17:55:37+00:00\" \/>\n<meta property=\"og:image\" content=\"https:\/\/copterpro.de\/shop\/wp-content\/uploads\/2025\/01\/hikmicro-monokular-condor-cq50l-hm-ts66-50qg-wl-cq50l_1_11zon.webp\" \/>\n\t<meta property=\"og:image:width\" content=\"500\" \/>\n\t<meta property=\"og:image:height\" content=\"500\" \/>\n\t<meta property=\"og:image:type\" content=\"image\/webp\" \/>\n<meta name=\"twitter:card\" content=\"summary_large_image\" \/>\n<meta name=\"twitter:label1\" content=\"Gesch\u00e4tzte Lesezeit\" \/>\n\t<meta name=\"twitter:data1\" content=\"2\u00a0Minuten\" \/>\n<script type=\"application\/ld+json\" class=\"yoast-schema-graph\">{\"@context\":\"https:\\\/\\\/schema.org\",\"@graph\":[{\"@type\":\"WebPage\",\"@id\":\"https:\\\/\\\/copterpro.de\\\/shop\\\/waermebildgeraete\\\/hikmicro-monokular-condor-cq50l\\\/\",\"url\":\"https:\\\/\\\/copterpro.de\\\/shop\\\/waermebildgeraete\\\/hikmicro-monokular-condor-cq50l\\\/\",\"name\":\"Hikmicro Condor CQ50L W\u00e4rmebildkamera f\u00fcr die Jagd mit Laser\",\"isPartOf\":{\"@id\":\"https:\\\/\\\/copterpro.de\\\/shop\\\/#website\"},\"primaryImageOfPage\":{\"@id\":\"https:\\\/\\\/copterpro.de\\\/shop\\\/waermebildgeraete\\\/hikmicro-monokular-condor-cq50l\\\/#primaryimage\"},\"image\":{\"@id\":\"https:\\\/\\\/copterpro.de\\\/shop\\\/waermebildgeraete\\\/hikmicro-monokular-condor-cq50l\\\/#primaryimage\"},\"thumbnailUrl\":\"https:\\\/\\\/copterpro.de\\\/shop\\\/wp-content\\\/uploads\\\/2025\\\/01\\\/hikmicro-monokular-condor-cq50l-hm-ts66-50qg-wl-cq50l_1_11zon.webp\",\"datePublished\":\"2023-11-20T16:17:06+00:00\",\"dateModified\":\"2026-01-22T17:55:37+00:00\",\"description\":\"Hikmicro Condor CQ50L W\u00e4rmebildkamera f\u00fcr die Jagd mit Laserentfernungsmesser und hoher Aufl\u00f6sung. Die perfekte W\u00e4rmebildkamera f\u00fcr die Jagd von Hikmicro\",\"breadcrumb\":{\"@id\":\"https:\\\/\\\/copterpro.de\\\/shop\\\/waermebildgeraete\\\/hikmicro-monokular-condor-cq50l\\\/#breadcrumb\"},\"inLanguage\":\"de\",\"potentialAction\":[{\"@type\":\"ReadAction\",\"target\":[\"https:\\\/\\\/copterpro.de\\\/shop\\\/waermebildgeraete\\\/hikmicro-monokular-condor-cq50l\\\/\"]}]},{\"@type\":\"ImageObject\",\"inLanguage\":\"de\",\"@id\":\"https:\\\/\\\/copterpro.de\\\/shop\\\/waermebildgeraete\\\/hikmicro-monokular-condor-cq50l\\\/#primaryimage\",\"url\":\"https:\\\/\\\/copterpro.de\\\/shop\\\/wp-content\\\/uploads\\\/2025\\\/01\\\/hikmicro-monokular-condor-cq50l-hm-ts66-50qg-wl-cq50l_1_11zon.webp\",\"contentUrl\":\"https:\\\/\\\/copterpro.de\\\/shop\\\/wp-content\\\/uploads\\\/2025\\\/01\\\/hikmicro-monokular-condor-cq50l-hm-ts66-50qg-wl-cq50l_1_11zon.webp\",\"width\":500,\"height\":500,\"caption\":\"Condor CQ50L W\u00e4rmebildkamera\"},{\"@type\":\"BreadcrumbList\",\"@id\":\"https:\\\/\\\/copterpro.de\\\/shop\\\/waermebildgeraete\\\/hikmicro-monokular-condor-cq50l\\\/#breadcrumb\",\"itemListElement\":[{\"@type\":\"ListItem\",\"position\":1,\"name\":\"Startseite\",\"item\":\"https:\\\/\\\/copterpro.de\\\/shop\\\/\"},{\"@type\":\"ListItem\",\"position\":2,\"name\":\"Shop\",\"item\":\"https:\\\/\\\/copterpro.de\\\/shop\\\/shop\\\/\"},{\"@type\":\"ListItem\",\"position\":3,\"name\":\"Hikmicro Monokular Condor CQ50L\"}]},{\"@type\":\"WebSite\",\"@id\":\"https:\\\/\\\/copterpro.de\\\/shop\\\/#website\",\"url\":\"https:\\\/\\\/copterpro.de\\\/shop\\\/\",\"name\":\"Copter Pro\",\"description\":\"\",\"publisher\":{\"@id\":\"https:\\\/\\\/copterpro.de\\\/shop\\\/#organization\"},\"potentialAction\":[{\"@type\":\"SearchAction\",\"target\":{\"@type\":\"EntryPoint\",\"urlTemplate\":\"https:\\\/\\\/copterpro.de\\\/shop\\\/?s={search_term_string}\"},\"query-input\":{\"@type\":\"PropertyValueSpecification\",\"valueRequired\":true,\"valueName\":\"search_term_string\"}}],\"inLanguage\":\"de\"},{\"@type\":\"Organization\",\"@id\":\"https:\\\/\\\/copterpro.de\\\/shop\\\/#organization\",\"name\":\"Copter Pro\",\"url\":\"https:\\\/\\\/copterpro.de\\\/shop\\\/\",\"logo\":{\"@type\":\"ImageObject\",\"inLanguage\":\"de\",\"@id\":\"https:\\\/\\\/copterpro.de\\\/shop\\\/#\\\/schema\\\/logo\\\/image\\\/\",\"url\":\"https:\\\/\\\/copterpro.de\\\/shop\\\/wp-content\\\/uploads\\\/2025\\\/04\\\/copterpro.svg\",\"contentUrl\":\"https:\\\/\\\/copterpro.de\\\/shop\\\/wp-content\\\/uploads\\\/2025\\\/04\\\/copterpro.svg\",\"caption\":\"Copter Pro\"},\"image\":{\"@id\":\"https:\\\/\\\/copterpro.de\\\/shop\\\/#\\\/schema\\\/logo\\\/image\\\/\"},\"sameAs\":[\"https:\\\/\\\/www.facebook.com\\\/copterprogmbh\"]}]}<\/script>\n<!-- \/ Yoast SEO plugin. -->","yoast_head_json":{"title":"Hikmicro Condor CQ50L W\u00e4rmebildkamera f\u00fcr die Jagd mit Laser","description":"Hikmicro Condor CQ50L W\u00e4rmebildkamera f\u00fcr die Jagd mit Laserentfernungsmesser und hoher Aufl\u00f6sung. Die perfekte W\u00e4rmebildkamera f\u00fcr die Jagd von Hikmicro","robots":{"index":"index","follow":"follow","max-snippet":"max-snippet:-1","max-image-preview":"max-image-preview:large","max-video-preview":"max-video-preview:-1"},"canonical":"https:\/\/copterpro.de\/shop\/waermebildgeraete\/hikmicro-monokular-condor-cq50l\/","og_locale":"de_DE","og_type":"article","og_title":"Hikmicro Condor CQ50L W\u00e4rmebildkamera f\u00fcr die Jagd mit Laser","og_description":"Hikmicro Condor CQ50L W\u00e4rmebildkamera f\u00fcr die Jagd mit Laserentfernungsmesser und hoher Aufl\u00f6sung. Die perfekte W\u00e4rmebildkamera f\u00fcr die Jagd von Hikmicro","og_url":"https:\/\/copterpro.de\/shop\/waermebildgeraete\/hikmicro-monokular-condor-cq50l\/","og_site_name":"Copter Pro","article_publisher":"https:\/\/www.facebook.com\/copterprogmbh","article_modified_time":"2026-01-22T17:55:37+00:00","og_image":[{"width":500,"height":500,"url":"https:\/\/copterpro.de\/shop\/wp-content\/uploads\/2025\/01\/hikmicro-monokular-condor-cq50l-hm-ts66-50qg-wl-cq50l_1_11zon.webp","type":"image\/webp"}],"twitter_card":"summary_large_image","twitter_misc":{"Gesch\u00e4tzte Lesezeit":"2\u00a0Minuten"},"schema":{"@context":"https:\/\/schema.org","@graph":[{"@type":"WebPage","@id":"https:\/\/copterpro.de\/shop\/waermebildgeraete\/hikmicro-monokular-condor-cq50l\/","url":"https:\/\/copterpro.de\/shop\/waermebildgeraete\/hikmicro-monokular-condor-cq50l\/","name":"Hikmicro Condor CQ50L W\u00e4rmebildkamera f\u00fcr die Jagd mit Laser","isPartOf":{"@id":"https:\/\/copterpro.de\/shop\/#website"},"primaryImageOfPage":{"@id":"https:\/\/copterpro.de\/shop\/waermebildgeraete\/hikmicro-monokular-condor-cq50l\/#primaryimage"},"image":{"@id":"https:\/\/copterpro.de\/shop\/waermebildgeraete\/hikmicro-monokular-condor-cq50l\/#primaryimage"},"thumbnailUrl":"https:\/\/copterpro.de\/shop\/wp-content\/uploads\/2025\/01\/hikmicro-monokular-condor-cq50l-hm-ts66-50qg-wl-cq50l_1_11zon.webp","datePublished":"2023-11-20T16:17:06+00:00","dateModified":"2026-01-22T17:55:37+00:00","description":"Hikmicro Condor CQ50L W\u00e4rmebildkamera f\u00fcr die Jagd mit Laserentfernungsmesser und hoher Aufl\u00f6sung. Die perfekte W\u00e4rmebildkamera f\u00fcr die Jagd von Hikmicro","breadcrumb":{"@id":"https:\/\/copterpro.de\/shop\/waermebildgeraete\/hikmicro-monokular-condor-cq50l\/#breadcrumb"},"inLanguage":"de","potentialAction":[{"@type":"ReadAction","target":["https:\/\/copterpro.de\/shop\/waermebildgeraete\/hikmicro-monokular-condor-cq50l\/"]}]},{"@type":"ImageObject","inLanguage":"de","@id":"https:\/\/copterpro.de\/shop\/waermebildgeraete\/hikmicro-monokular-condor-cq50l\/#primaryimage","url":"https:\/\/copterpro.de\/shop\/wp-content\/uploads\/2025\/01\/hikmicro-monokular-condor-cq50l-hm-ts66-50qg-wl-cq50l_1_11zon.webp","contentUrl":"https:\/\/copterpro.de\/shop\/wp-content\/uploads\/2025\/01\/hikmicro-monokular-condor-cq50l-hm-ts66-50qg-wl-cq50l_1_11zon.webp","width":500,"height":500,"caption":"Condor CQ50L W\u00e4rmebildkamera"},{"@type":"BreadcrumbList","@id":"https:\/\/copterpro.de\/shop\/waermebildgeraete\/hikmicro-monokular-condor-cq50l\/#breadcrumb","itemListElement":[{"@type":"ListItem","position":1,"name":"Startseite","item":"https:\/\/copterpro.de\/shop\/"},{"@type":"ListItem","position":2,"name":"Shop","item":"https:\/\/copterpro.de\/shop\/shop\/"},{"@type":"ListItem","position":3,"name":"Hikmicro Monokular Condor CQ50L"}]},{"@type":"WebSite","@id":"https:\/\/copterpro.de\/shop\/#website","url":"https:\/\/copterpro.de\/shop\/","name":"Copter Pro","description":"","publisher":{"@id":"https:\/\/copterpro.de\/shop\/#organization"},"potentialAction":[{"@type":"SearchAction","target":{"@type":"EntryPoint","urlTemplate":"https:\/\/copterpro.de\/shop\/?s={search_term_string}"},"query-input":{"@type":"PropertyValueSpecification","valueRequired":true,"valueName":"search_term_string"}}],"inLanguage":"de"},{"@type":"Organization","@id":"https:\/\/copterpro.de\/shop\/#organization","name":"Copter Pro","url":"https:\/\/copterpro.de\/shop\/","logo":{"@type":"ImageObject","inLanguage":"de","@id":"https:\/\/copterpro.de\/shop\/#\/schema\/logo\/image\/","url":"https:\/\/copterpro.de\/shop\/wp-content\/uploads\/2025\/04\/copterpro.svg","contentUrl":"https:\/\/copterpro.de\/shop\/wp-content\/uploads\/2025\/04\/copterpro.svg","caption":"Copter Pro"},"image":{"@id":"https:\/\/copterpro.de\/shop\/#\/schema\/logo\/image\/"},"sameAs":["https:\/\/www.facebook.com\/copterprogmbh"]}]}},"_links":{"self":[{"href":"https:\/\/copterpro.de\/shop\/wp-json\/wp\/v2\/product\/10784","targetHints":{"allow":["GET"]}}],"collection":[{"href":"https:\/\/copterpro.de\/shop\/wp-json\/wp\/v2\/product"}],"about":[{"href":"https:\/\/copterpro.de\/shop\/wp-json\/wp\/v2\/types\/product"}],"wp:featuredmedia":[{"embeddable":true,"href":"https:\/\/copterpro.de\/shop\/wp-json\/wp\/v2\/media\/12726"}],"wp:attachment":[{"href":"https:\/\/copterpro.de\/shop\/wp-json\/wp\/v2\/media?parent=10784"}],"wp:term":[{"taxonomy":"product_brand","embeddable":true,"href":"https:\/\/copterpro.de\/shop\/wp-json\/wp\/v2\/product_brand?post=10784"},{"taxonomy":"product_cat","embeddable":true,"href":"https:\/\/copterpro.de\/shop\/wp-json\/wp\/v2\/product_cat?post=10784"},{"taxonomy":"product_tag","embeddable":true,"href":"https:\/\/copterpro.de\/shop\/wp-json\/wp\/v2\/product_tag?post=10784"}],"curies":[{"name":"wp","href":"https:\/\/api.w.org\/{rel}","templated":true}]}}