{"id":12599,"date":"2024-09-16T09:23:04","date_gmt":"2024-09-16T07:23:04","guid":{"rendered":"https:\/\/shop.copterpro.de\/?post_type=product&#038;p=12599"},"modified":"2026-02-17T05:33:05","modified_gmt":"2026-02-17T04:33:05","slug":"hikmicro-clip-on-thunder-tq50c-2-0","status":"publish","type":"product","link":"https:\/\/copterpro.de\/shop\/waermebild-vorsatzgeraete\/hikmicro-clip-on-thunder-tq50c-2-0\/","title":{"rendered":"Hikmicro Thunder TQ50C 2.0 Vorsatzger\u00e4t"},"content":{"rendered":"<h1>Hikmicro Thunder TQ50C 2.0<\/h1>\n<p><u>Lieferumfang<\/u><\/p>\n<ul>\n<li>Thunder TQ50C 2.0<\/li>\n<li>Kurz-Anleitung<\/li>\n<li>Staubtuch<\/li>\n<li>USB-Kabel<\/li>\n<li>2x Akku<\/li>\n<li>Ladeger\u00e4t<\/li>\n<\/ul>\n<p>KLEINSTE DETAILS ERKENNEN -H\u00d6CHSTE THERMALE EMPFINDLICHKEIT\u00a0\u2264\u00a020 MK NETD<\/p>\n<p>Erlebe mit dem Thunder 2.0 nie dagewesene Bildqualit\u00e4t. Der innovative Sensor mit einer W\u00e4rmeempfindlichkeit von NETD\u00a0\u226420mK erm\u00f6glicht gestochen scharfe Bilder bis ins kleinste Detail.<\/p>\n<p><u>Thermal Module<\/u><\/p>\n<ul>\n<li>Bildsensor: VOx Uncooled Focal Plane Arrays<\/li>\n<li>Aufl\u00f6sung: 640 x 512<\/li>\n<li>Bildfrequenz: 50Hz<\/li>\n<li>Pixelintervall: 12\u00b5m<\/li>\n<li>NETD: weniger als 20 mK (@25\u00b0C), F#=1,0<\/li>\n<li>Brennweite: 50 mm<\/li>\n<li>Erkennungsreichweite: 2600 m<\/li>\n<li>Sichtfeld:\u00a0 8.78\u00b0 x 7.03\u00b0 \/ 15.36 m x 12.29 m<\/li>\n<li>Blende: F1.0<\/li>\n<li>Vergr\u00f6\u00dferung: 1<\/li>\n<li>minimale Fokusdistanz: 10 m<\/li>\n<\/ul>\n<p><u>Bild<\/u><\/p>\n<ul>\n<li>Monitor: 0.39 inch, OLED, 1024 \u00d7 768<\/li>\n<li>Palettes: Black Hot, White Hot, Red Hot, Fusion<\/li>\n<li>FFC (Flat Field Correction): Automatische, manuelle, externe Korrektur<\/li>\n<li>Anpassung der Bildhelligkeit: Ja<\/li>\n<li>Anpassung der Displayhelligkeit: Ja<\/li>\n<li>Tonwertanpassung: Kalt, Warm<\/li>\n<\/ul>\n<p><u>System Function<\/u><\/p>\n<ul>\n<li>Speicher: Eingebautes Speichermodul (16 GB)<\/li>\n<li>Video-Aufnahme: integrierte Videoaufnahme<\/li>\n<li>Schnappschuss: integrierte Bildaufnahme<\/li>\n<li>Fadenkreuz: Nein<\/li>\n<li>Wi-Fi: Ja<\/li>\n<li>Hot Track: Ja<\/li>\n<li>Standby Modus: Ja<\/li>\n<li>R\u00fccksto\u00df-Aktivierende Videoaufnahme: Ja<\/li>\n<li>Audio-Aufnahme: Ja<\/li>\n<li>Maximaler R\u00fccksto\u00df: 1000g \/ 0,4ms<\/li>\n<li>Bildkalibrierung: Ja<\/li>\n<li>Fokusknopf: Ja<\/li>\n<\/ul>\n<p><u>Batterie<\/u><\/p>\n<ul>\n<li>Batterietyp: herausnehmbarer Li-Ion Akku<\/li>\n<li>Betriebszeit: 6,5 h mit ausgeschaltetem Wi-Fi<\/li>\n<li>Anzeige der Batteriekapazit\u00e4t: Ja<\/li>\n<li>Schutz vor \u00dcberladung: Ja<\/li>\n<li>Verpolungsschutz: Ja<\/li>\n<li>Power:\u00a0 5 VDC\/ 2A, USB-C<\/li>\n<\/ul>\n<p><u>Allgemein<\/u><\/p>\n<ul>\n<li>Arbeitstemperatur\/Luftfeuchtigkeit: Von -30 \u00b0C bis 55 \u00b0C; Luftfeuchtigkeit 90% oder weniger<\/li>\n<li>Schutzklasse: IP67<\/li>\n<li>Ma\u00dfe: 196.12 mm \u00d7 73.36 mm \u00d7 68.5 mm<\/li>\n<li>Gewicht: 553 g<\/li>\n<\/ul>\n","protected":false},"excerpt":{"rendered":"<p><u>Lieferumfang<\/u><\/p>\n<ul>\n<li>Thunder TQ50C 2.0<\/li>\n<li>Kurz-Anleitung<\/li>\n<li>Staubtuch<\/li>\n<li>USB-Kabel<\/li>\n<li>2x Akku<\/li>\n<li>Ladeger\u00e4t<\/li>\n<\/ul>\n","protected":false},"featured_media":12743,"template":"","meta":{"_acf_changed":false,"_iconic_wsb_product_page_order_bump_ids":[[14997,15031]],"_sku":[],"_iconic_wsb_product_page_bump_modal_ids":[[15031,14997]]},"product_brand":[],"product_cat":[34,51],"product_tag":[],"class_list":{"0":"post-12599","1":"product","2":"type-product","3":"status-publish","4":"has-post-thumbnail","6":"product_cat-waermebildgeraete","7":"product_cat-waermebild-vorsatzgeraete","9":"first","10":"onbackorder","11":"sale","12":"taxable","13":"shipping-taxable","14":"purchasable","15":"product-type-simple"},"acf":[],"yoast_head":"<!-- This site is optimized with the Yoast SEO plugin v27.3 - https:\/\/yoast.com\/product\/yoast-seo-wordpress\/ -->\n<title>Hikmicro Thunder TQ50C 2.0<\/title>\n<meta name=\"description\" content=\"Hikmicro Thunder TQ50C 2.0 W\u00e4rmebildvorsatzger\u00e4t f\u00fcr die Jagd. Das TQ50C Vorsatzger\u00e4t von Hikmicro mit hoher Aufl\u00f6sung f\u00fcr die Jagd\" \/>\n<meta name=\"robots\" content=\"index, follow, max-snippet:-1, max-image-preview:large, max-video-preview:-1\" \/>\n<link rel=\"canonical\" href=\"https:\/\/copterpro.de\/shop\/waermebildgeraete\/hikmicro-clip-on-thunder-tq50c-2-0\/\" \/>\n<meta property=\"og:locale\" content=\"de_DE\" \/>\n<meta property=\"og:type\" content=\"article\" \/>\n<meta property=\"og:title\" content=\"Hikmicro Thunder TQ50C 2.0\" \/>\n<meta property=\"og:description\" content=\"Hikmicro Thunder TQ50C 2.0 W\u00e4rmebildvorsatzger\u00e4t f\u00fcr die Jagd. Das TQ50C Vorsatzger\u00e4t von Hikmicro mit hoher Aufl\u00f6sung f\u00fcr die Jagd\" \/>\n<meta property=\"og:url\" content=\"https:\/\/copterpro.de\/shop\/waermebildgeraete\/hikmicro-clip-on-thunder-tq50c-2-0\/\" \/>\n<meta property=\"og:site_name\" content=\"Copter Pro\" \/>\n<meta property=\"article:publisher\" content=\"https:\/\/www.facebook.com\/copterprogmbh\" \/>\n<meta property=\"article:modified_time\" content=\"2026-02-17T04:33:05+00:00\" \/>\n<meta property=\"og:image\" content=\"https:\/\/copterpro.de\/shop\/wp-content\/uploads\/2025\/01\/hikmicro-clip-on-thunder-tq50c-20-hm-tr56-50s1g-cw-tq50c-20_4.webp\" \/>\n\t<meta property=\"og:image:width\" content=\"800\" \/>\n\t<meta property=\"og:image:height\" content=\"800\" \/>\n\t<meta property=\"og:image:type\" content=\"image\/webp\" \/>\n<meta name=\"twitter:card\" content=\"summary_large_image\" \/>\n<meta name=\"twitter:label1\" content=\"Gesch\u00e4tzte Lesezeit\" \/>\n\t<meta name=\"twitter:data1\" content=\"2\u00a0Minuten\" \/>\n<script type=\"application\/ld+json\" class=\"yoast-schema-graph\">{\"@context\":\"https:\\\/\\\/schema.org\",\"@graph\":[{\"@type\":\"WebPage\",\"@id\":\"https:\\\/\\\/copterpro.de\\\/shop\\\/waermebildgeraete\\\/hikmicro-clip-on-thunder-tq50c-2-0\\\/\",\"url\":\"https:\\\/\\\/copterpro.de\\\/shop\\\/waermebildgeraete\\\/hikmicro-clip-on-thunder-tq50c-2-0\\\/\",\"name\":\"Hikmicro Thunder TQ50C 2.0\",\"isPartOf\":{\"@id\":\"https:\\\/\\\/copterpro.de\\\/shop\\\/#website\"},\"primaryImageOfPage\":{\"@id\":\"https:\\\/\\\/copterpro.de\\\/shop\\\/waermebildgeraete\\\/hikmicro-clip-on-thunder-tq50c-2-0\\\/#primaryimage\"},\"image\":{\"@id\":\"https:\\\/\\\/copterpro.de\\\/shop\\\/waermebildgeraete\\\/hikmicro-clip-on-thunder-tq50c-2-0\\\/#primaryimage\"},\"thumbnailUrl\":\"https:\\\/\\\/copterpro.de\\\/shop\\\/wp-content\\\/uploads\\\/2025\\\/01\\\/hikmicro-clip-on-thunder-tq50c-20-hm-tr56-50s1g-cw-tq50c-20_4.webp\",\"datePublished\":\"2024-09-16T07:23:04+00:00\",\"dateModified\":\"2026-02-17T04:33:05+00:00\",\"description\":\"Hikmicro Thunder TQ50C 2.0 W\u00e4rmebildvorsatzger\u00e4t f\u00fcr die Jagd. Das TQ50C Vorsatzger\u00e4t von Hikmicro mit hoher Aufl\u00f6sung f\u00fcr die Jagd\",\"breadcrumb\":{\"@id\":\"https:\\\/\\\/copterpro.de\\\/shop\\\/waermebildgeraete\\\/hikmicro-clip-on-thunder-tq50c-2-0\\\/#breadcrumb\"},\"inLanguage\":\"de\",\"potentialAction\":[{\"@type\":\"ReadAction\",\"target\":[\"https:\\\/\\\/copterpro.de\\\/shop\\\/waermebildgeraete\\\/hikmicro-clip-on-thunder-tq50c-2-0\\\/\"]}]},{\"@type\":\"ImageObject\",\"inLanguage\":\"de\",\"@id\":\"https:\\\/\\\/copterpro.de\\\/shop\\\/waermebildgeraete\\\/hikmicro-clip-on-thunder-tq50c-2-0\\\/#primaryimage\",\"url\":\"https:\\\/\\\/copterpro.de\\\/shop\\\/wp-content\\\/uploads\\\/2025\\\/01\\\/hikmicro-clip-on-thunder-tq50c-20-hm-tr56-50s1g-cw-tq50c-20_4.webp\",\"contentUrl\":\"https:\\\/\\\/copterpro.de\\\/shop\\\/wp-content\\\/uploads\\\/2025\\\/01\\\/hikmicro-clip-on-thunder-tq50c-20-hm-tr56-50s1g-cw-tq50c-20_4.webp\",\"width\":800,\"height\":800,\"caption\":\"Hikmicro Thunder TQ50C 2.0\"},{\"@type\":\"BreadcrumbList\",\"@id\":\"https:\\\/\\\/copterpro.de\\\/shop\\\/waermebildgeraete\\\/hikmicro-clip-on-thunder-tq50c-2-0\\\/#breadcrumb\",\"itemListElement\":[{\"@type\":\"ListItem\",\"position\":1,\"name\":\"Startseite\",\"item\":\"https:\\\/\\\/copterpro.de\\\/shop\\\/\"},{\"@type\":\"ListItem\",\"position\":2,\"name\":\"Shop\",\"item\":\"https:\\\/\\\/copterpro.de\\\/shop\\\/shop\\\/\"},{\"@type\":\"ListItem\",\"position\":3,\"name\":\"Hikmicro Thunder TQ50C 2.0 Vorsatzger\u00e4t\"}]},{\"@type\":\"WebSite\",\"@id\":\"https:\\\/\\\/copterpro.de\\\/shop\\\/#website\",\"url\":\"https:\\\/\\\/copterpro.de\\\/shop\\\/\",\"name\":\"Copter Pro\",\"description\":\"\",\"publisher\":{\"@id\":\"https:\\\/\\\/copterpro.de\\\/shop\\\/#organization\"},\"potentialAction\":[{\"@type\":\"SearchAction\",\"target\":{\"@type\":\"EntryPoint\",\"urlTemplate\":\"https:\\\/\\\/copterpro.de\\\/shop\\\/?s={search_term_string}\"},\"query-input\":{\"@type\":\"PropertyValueSpecification\",\"valueRequired\":true,\"valueName\":\"search_term_string\"}}],\"inLanguage\":\"de\"},{\"@type\":\"Organization\",\"@id\":\"https:\\\/\\\/copterpro.de\\\/shop\\\/#organization\",\"name\":\"Copter Pro\",\"url\":\"https:\\\/\\\/copterpro.de\\\/shop\\\/\",\"logo\":{\"@type\":\"ImageObject\",\"inLanguage\":\"de\",\"@id\":\"https:\\\/\\\/copterpro.de\\\/shop\\\/#\\\/schema\\\/logo\\\/image\\\/\",\"url\":\"https:\\\/\\\/copterpro.de\\\/shop\\\/wp-content\\\/uploads\\\/2025\\\/04\\\/copterpro.svg\",\"contentUrl\":\"https:\\\/\\\/copterpro.de\\\/shop\\\/wp-content\\\/uploads\\\/2025\\\/04\\\/copterpro.svg\",\"caption\":\"Copter Pro\"},\"image\":{\"@id\":\"https:\\\/\\\/copterpro.de\\\/shop\\\/#\\\/schema\\\/logo\\\/image\\\/\"},\"sameAs\":[\"https:\\\/\\\/www.facebook.com\\\/copterprogmbh\"]}]}<\/script>\n<!-- \/ Yoast SEO plugin. -->","yoast_head_json":{"title":"Hikmicro Thunder TQ50C 2.0","description":"Hikmicro Thunder TQ50C 2.0 W\u00e4rmebildvorsatzger\u00e4t f\u00fcr die Jagd. Das TQ50C Vorsatzger\u00e4t von Hikmicro mit hoher Aufl\u00f6sung f\u00fcr die Jagd","robots":{"index":"index","follow":"follow","max-snippet":"max-snippet:-1","max-image-preview":"max-image-preview:large","max-video-preview":"max-video-preview:-1"},"canonical":"https:\/\/copterpro.de\/shop\/waermebildgeraete\/hikmicro-clip-on-thunder-tq50c-2-0\/","og_locale":"de_DE","og_type":"article","og_title":"Hikmicro Thunder TQ50C 2.0","og_description":"Hikmicro Thunder TQ50C 2.0 W\u00e4rmebildvorsatzger\u00e4t f\u00fcr die Jagd. Das TQ50C Vorsatzger\u00e4t von Hikmicro mit hoher Aufl\u00f6sung f\u00fcr die Jagd","og_url":"https:\/\/copterpro.de\/shop\/waermebildgeraete\/hikmicro-clip-on-thunder-tq50c-2-0\/","og_site_name":"Copter Pro","article_publisher":"https:\/\/www.facebook.com\/copterprogmbh","article_modified_time":"2026-02-17T04:33:05+00:00","og_image":[{"width":800,"height":800,"url":"https:\/\/copterpro.de\/shop\/wp-content\/uploads\/2025\/01\/hikmicro-clip-on-thunder-tq50c-20-hm-tr56-50s1g-cw-tq50c-20_4.webp","type":"image\/webp"}],"twitter_card":"summary_large_image","twitter_misc":{"Gesch\u00e4tzte Lesezeit":"2\u00a0Minuten"},"schema":{"@context":"https:\/\/schema.org","@graph":[{"@type":"WebPage","@id":"https:\/\/copterpro.de\/shop\/waermebildgeraete\/hikmicro-clip-on-thunder-tq50c-2-0\/","url":"https:\/\/copterpro.de\/shop\/waermebildgeraete\/hikmicro-clip-on-thunder-tq50c-2-0\/","name":"Hikmicro Thunder TQ50C 2.0","isPartOf":{"@id":"https:\/\/copterpro.de\/shop\/#website"},"primaryImageOfPage":{"@id":"https:\/\/copterpro.de\/shop\/waermebildgeraete\/hikmicro-clip-on-thunder-tq50c-2-0\/#primaryimage"},"image":{"@id":"https:\/\/copterpro.de\/shop\/waermebildgeraete\/hikmicro-clip-on-thunder-tq50c-2-0\/#primaryimage"},"thumbnailUrl":"https:\/\/copterpro.de\/shop\/wp-content\/uploads\/2025\/01\/hikmicro-clip-on-thunder-tq50c-20-hm-tr56-50s1g-cw-tq50c-20_4.webp","datePublished":"2024-09-16T07:23:04+00:00","dateModified":"2026-02-17T04:33:05+00:00","description":"Hikmicro Thunder TQ50C 2.0 W\u00e4rmebildvorsatzger\u00e4t f\u00fcr die Jagd. Das TQ50C Vorsatzger\u00e4t von Hikmicro mit hoher Aufl\u00f6sung f\u00fcr die Jagd","breadcrumb":{"@id":"https:\/\/copterpro.de\/shop\/waermebildgeraete\/hikmicro-clip-on-thunder-tq50c-2-0\/#breadcrumb"},"inLanguage":"de","potentialAction":[{"@type":"ReadAction","target":["https:\/\/copterpro.de\/shop\/waermebildgeraete\/hikmicro-clip-on-thunder-tq50c-2-0\/"]}]},{"@type":"ImageObject","inLanguage":"de","@id":"https:\/\/copterpro.de\/shop\/waermebildgeraete\/hikmicro-clip-on-thunder-tq50c-2-0\/#primaryimage","url":"https:\/\/copterpro.de\/shop\/wp-content\/uploads\/2025\/01\/hikmicro-clip-on-thunder-tq50c-20-hm-tr56-50s1g-cw-tq50c-20_4.webp","contentUrl":"https:\/\/copterpro.de\/shop\/wp-content\/uploads\/2025\/01\/hikmicro-clip-on-thunder-tq50c-20-hm-tr56-50s1g-cw-tq50c-20_4.webp","width":800,"height":800,"caption":"Hikmicro Thunder TQ50C 2.0"},{"@type":"BreadcrumbList","@id":"https:\/\/copterpro.de\/shop\/waermebildgeraete\/hikmicro-clip-on-thunder-tq50c-2-0\/#breadcrumb","itemListElement":[{"@type":"ListItem","position":1,"name":"Startseite","item":"https:\/\/copterpro.de\/shop\/"},{"@type":"ListItem","position":2,"name":"Shop","item":"https:\/\/copterpro.de\/shop\/shop\/"},{"@type":"ListItem","position":3,"name":"Hikmicro Thunder TQ50C 2.0 Vorsatzger\u00e4t"}]},{"@type":"WebSite","@id":"https:\/\/copterpro.de\/shop\/#website","url":"https:\/\/copterpro.de\/shop\/","name":"Copter Pro","description":"","publisher":{"@id":"https:\/\/copterpro.de\/shop\/#organization"},"potentialAction":[{"@type":"SearchAction","target":{"@type":"EntryPoint","urlTemplate":"https:\/\/copterpro.de\/shop\/?s={search_term_string}"},"query-input":{"@type":"PropertyValueSpecification","valueRequired":true,"valueName":"search_term_string"}}],"inLanguage":"de"},{"@type":"Organization","@id":"https:\/\/copterpro.de\/shop\/#organization","name":"Copter Pro","url":"https:\/\/copterpro.de\/shop\/","logo":{"@type":"ImageObject","inLanguage":"de","@id":"https:\/\/copterpro.de\/shop\/#\/schema\/logo\/image\/","url":"https:\/\/copterpro.de\/shop\/wp-content\/uploads\/2025\/04\/copterpro.svg","contentUrl":"https:\/\/copterpro.de\/shop\/wp-content\/uploads\/2025\/04\/copterpro.svg","caption":"Copter Pro"},"image":{"@id":"https:\/\/copterpro.de\/shop\/#\/schema\/logo\/image\/"},"sameAs":["https:\/\/www.facebook.com\/copterprogmbh"]}]}},"_links":{"self":[{"href":"https:\/\/copterpro.de\/shop\/wp-json\/wp\/v2\/product\/12599","targetHints":{"allow":["GET"]}}],"collection":[{"href":"https:\/\/copterpro.de\/shop\/wp-json\/wp\/v2\/product"}],"about":[{"href":"https:\/\/copterpro.de\/shop\/wp-json\/wp\/v2\/types\/product"}],"wp:featuredmedia":[{"embeddable":true,"href":"https:\/\/copterpro.de\/shop\/wp-json\/wp\/v2\/media\/12743"}],"wp:attachment":[{"href":"https:\/\/copterpro.de\/shop\/wp-json\/wp\/v2\/media?parent=12599"}],"wp:term":[{"taxonomy":"product_brand","embeddable":true,"href":"https:\/\/copterpro.de\/shop\/wp-json\/wp\/v2\/product_brand?post=12599"},{"taxonomy":"product_cat","embeddable":true,"href":"https:\/\/copterpro.de\/shop\/wp-json\/wp\/v2\/product_cat?post=12599"},{"taxonomy":"product_tag","embeddable":true,"href":"https:\/\/copterpro.de\/shop\/wp-json\/wp\/v2\/product_tag?post=12599"}],"curies":[{"name":"wp","href":"https:\/\/api.w.org\/{rel}","templated":true}]}}