{"id":12639,"date":"2024-09-18T11:44:21","date_gmt":"2024-09-18T09:44:21","guid":{"rendered":"https:\/\/shop.copterpro.de\/?post_type=product&#038;p=12639"},"modified":"2026-02-13T16:50:07","modified_gmt":"2026-02-13T15:50:07","slug":"hikmicro-binocular-habrok-pro-hx60ln","status":"publish","type":"product","link":"https:\/\/copterpro.de\/shop\/waermebild-fernglaeser\/hikmicro-binocular-habrok-pro-hx60ln\/","title":{"rendered":"Hikmicro Binocular Habrok Pro HX60LN"},"content":{"rendered":"<h1>Hikmicro Binocular Habrok Pro HX60LN<\/h1>\n<h2>Lieferumfang<\/h2>\n<ul>\n<li>1x Ger\u00e4t<\/li>\n<li>2x Akkus<\/li>\n<li>1x Umh\u00e4ngegurt<\/li>\n<li>1x Stativadapter<\/li>\n<li>1x Akkuladeger\u00e4t<\/li>\n<li>1x USB-A-auf-USB-C-Kabel<\/li>\n<li>1x fusselfreies Tuch<\/li>\n<li>1x Fernglas-Tragetasche und<\/li>\n<li>1x\u00a0 Kurzanleitung<\/li>\n<\/ul>\n<h3><\/h3>\n<h3>Hauptmerkmale<\/h3>\n<p>\u25cf 1280 \u00d7 1024 Aufl\u00f6sung @12 \u03bcm Thermodetektor<br \/>\n\u25cf Hochempfindliches Thermomodul NETD &lt; 18 mK (@25\u00b0C, F# = 1,0)<br \/>\n\u25cf 60 mm, F1.0 Objektiv mit thermischem Erfassungsbereich bis zu 3100 m<br \/>\n\u25cf Ultrahochaufl\u00f6sende 4K-Digitalkamera (3840 \u00d7 2160, 60 mm, F2.2)<br \/>\n\u25cf 0,49-Zoll-OLED-Display mit einer Aufl\u00f6sung von 1920 \u00d7 1080<br \/>\n\u25cf Austauschbarer 940 nm IR-Strahler und 1000 m Laser-Entfernungsmesser<br \/>\n\u25cf Mehr als 7 Stunden Dauerbetrieb mit austauschbarem Akkupack<br \/>\n\u25cf 1050 g leicht, mit kompaktem und ergonomischem Design<\/p>\n<h2><\/h2>\n<h2>Spezifikation<\/h2>\n<h3>Thermisches Modul<\/h3>\n<ul>\n<li>Bildsensor VOx Ungek\u00fchlte Focal Plane Arrays<\/li>\n<li>Max. Aufl\u00f6sung 1280 \u00d7 1024<\/li>\n<li>Bildfrequenz 25 Hz<\/li>\n<li>Pixel-Intervall 12 \u03bcm<\/li>\n<li>Ansprechwellenbereich 8 \u03bcm bis 14 \u03bcm<\/li>\n<li>NETD Weniger als 18 mK (@25\u00b0C, F# = 1,0)<\/li>\n<li>Objektiv (Brennweite) 60 mm, F1.0<\/li>\n<li>Fokusmodus Fokusring<\/li>\n<li>Erfassungsbereich 3100 m<\/li>\n<li>Min. Fokussierentfernung 3 m<\/li>\n<li>Vergr\u00f6\u00dferung 2,6\u00d7 bis 26,0\u00d7 (10x)<\/li>\n<li>Sichtfeld (H\u00d7V), Grad \/ m @100 m 14,6\u00b0 \u00d7 8,8\u00b0\/25,6 m \u00d7 15,4 m<\/li>\n<\/ul>\n<h3><\/h3>\n<h3>Optisches Modul<\/h3>\n<ul>\n<li>Bildsensor 1,88&#8220; Progressive Scan CMOS<\/li>\n<li>Max. Aufl\u00f6sung 3840 \u00d7 2160<\/li>\n<li>Brennweite 60 mm, F2.2<\/li>\n<li>Min. Arbeitsabstand 3 m<\/li>\n<li>Fokusmodus Fokusring<\/li>\n<li>Vergr\u00f6\u00dferung 5,5\u00d7 bis 22,0\u00d7 (4\u00d7)<\/li>\n<li>Sichtfeld (H\u00d7V), Grad\/m @100 m 7,3\u00b0\u00d7 4,1\u00b0 \/ 12,6 m \u00d7 7,2 m<\/li>\n<li>Smart IR<\/li>\n<li>IR-Beleuchtung Wellenl\u00e4nge 940<\/li>\n<li>Sichtweite bei Nacht 350 m<\/li>\n<li>Auswechselbarer IR-Strahler<\/li>\n<\/ul>\n<h3><\/h3>\n<h3>Bildanzeige<\/h3>\n<ul>\n<li>Anzeige 0,49 Zoll, OLED, 1920 \u00d7 1080<\/li>\n<li>Paletten Thermisch: Schwarz hei\u00df, Wei\u00df hei\u00df, Rot hei\u00df, Fusion; Optisch: Tag, Nacht, Auto<\/li>\n<li>FFC (Flachfeldkorrektur)<\/li>\n<li>Modus Auto, Manuell, Externe Korrektur<\/li>\n<li>Austrittspupille 8 mm<\/li>\n<li>Augenabstand 15 mm<\/li>\n<li>Dioptrien (Bereich) -5 D bis +3 D<\/li>\n<li>Helligkeitsanpassung Ja<\/li>\n<li>Farbtonanpassung Kalt, warm<\/li>\n<li>Kontrasteinstellung Ja<\/li>\n<li>Zoom Pro Ja<\/li>\n<li>Bild Pro 2.0 Ja<\/li>\n<\/ul>\n<h2><\/h2>\n<h2>System<\/h2>\n<ul>\n<li>Video aufzeichnen Ja<\/li>\n<li>Schnappschuss aufzeichnen Ja<\/li>\n<li>Audioaufnahme Ja<\/li>\n<li>Standby-Modus Ja<\/li>\n<li>Speicher Eingebautes EMMC (64 GB)<\/li>\n<li>PIP Ja<\/li>\n<li>Hotspot Ja<\/li>\n<li>Hot Track Ja<\/li>\n<li>Digitaler magnetischer Kompass Ja<\/li>\n<li>GPS Ja<\/li>\n<li>Lokales Album Ja<\/li>\n<\/ul>\n<h3><\/h3>\n<h3>Stromversorgung<\/h3>\n<ul>\n<li>Auswechselbarer und wiederaufladbarer Li-Ionen-Akku<\/li>\n<li>Akkubetriebszeit \u22657 h (-20\u00b0C, mit ausgeschaltetem Hotspot, LRF und Zoom Pro eingeschaltet)<\/li>\n<li>Typ-C Stromversorgung 5V DC, 2A Unterst\u00fctzt externe Stromversorgungen<\/li>\n<\/ul>\n<h2><\/h2>\n<h2>Allgemein<\/h2>\n<ul>\n<li>Abmessungen 152,8 mm \u00d7 81,95 mm \u00d7 231,5 mm (6,0\u201e \u00d7 3,2\u201c \u00d7 9,1&#8243;)<\/li>\n<li>Gewicht 1050 g mit Batteriepack<\/li>\n<li>Arbeitstemperatur -30\u00b0C bis 55\u00b0C<\/li>\n<li>Interpupillare Einstellung<\/li>\n<li>Befestigungsadapter 1\/4&#8243;-20-UNC<\/li>\n<\/ul>\n<h3><\/h3>\n<h3>Laser-Entfernungsmesser<\/h3>\n<ul>\n<li>Sicherheitsklasse f\u00fcr Laser Klasse 1<\/li>\n<li>Wellenl\u00e4nge 905 nm<\/li>\n<li>Max. Messbereich 1000 m<\/li>\n<li>Messgenauigkeit \u00b11 m<\/li>\n<li>Min. Messbereich 10 m<\/li>\n<\/ul>\n<p>&nbsp;<\/p>\n","protected":false},"excerpt":{"rendered":"<h2>Lieferumfang<\/h2>\n<ul>\n<li>1x Ger\u00e4t<\/li>\n<li>2x Akkus<\/li>\n<li>1x Umh\u00e4ngegurt<\/li>\n<li>1x Stativadapter<\/li>\n<li>1x Akkuladeger\u00e4t<\/li>\n<li>1x USB-A-auf-USB-C-Kabel<\/li>\n<li>1x fusselfreies Tuch<\/li>\n<li>1x Fernglas-Tragetasche und<\/li>\n<li>1x\u00a0 Kurzanleitung<\/li>\n<\/ul>\n","protected":false},"featured_media":12632,"template":"","meta":{"_acf_changed":false,"_iconic_wsb_product_page_order_bump_ids":[[12763]],"_sku":["CP00170"],"_iconic_wsb_product_page_bump_modal_ids":[[12763]]},"product_brand":[],"product_cat":[34,49],"product_tag":[],"class_list":{"0":"post-12639","1":"product","2":"type-product","3":"status-publish","4":"has-post-thumbnail","6":"product_cat-waermebildgeraete","7":"product_cat-waermebild-fernglaeser","9":"first","10":"instock","11":"sale","12":"taxable","13":"shipping-taxable","14":"purchasable","15":"product-type-simple"},"acf":[],"yoast_head":"<!-- This site is optimized with the Yoast SEO plugin v27.3 - https:\/\/yoast.com\/product\/yoast-seo-wordpress\/ -->\n<title>Hikmicro Binocular Habrok Pro HX60L W\u00e4rmebildger\u00e4t f\u00fcr die Jagd<\/title>\n<meta name=\"description\" content=\"Hikmicro Habrok Binocular Hand W\u00e4rmebildkamera f\u00fcr die Jagd. Habrok W\u00e4rmebild Fernglas mit Entfernungsmesser und Nachtsicht von Hikmirco mit 4K Aufl\u00f6sung\" \/>\n<meta name=\"robots\" content=\"index, follow, max-snippet:-1, max-image-preview:large, max-video-preview:-1\" \/>\n<link rel=\"canonical\" href=\"https:\/\/copterpro.de\/shop\/waermebildgeraete\/hikmicro-binocular-habrok-pro-hx60ln\/\" \/>\n<meta property=\"og:locale\" content=\"de_DE\" \/>\n<meta property=\"og:type\" content=\"article\" \/>\n<meta property=\"og:title\" content=\"Hikmicro Binocular Habrok Pro HX60L W\u00e4rmebildger\u00e4t f\u00fcr die Jagd\" \/>\n<meta property=\"og:description\" content=\"Hikmicro Habrok Binocular Hand W\u00e4rmebildkamera f\u00fcr die Jagd. Habrok W\u00e4rmebild Fernglas mit Entfernungsmesser und Nachtsicht von Hikmirco mit 4K Aufl\u00f6sung\" \/>\n<meta property=\"og:url\" content=\"https:\/\/copterpro.de\/shop\/waermebildgeraete\/hikmicro-binocular-habrok-pro-hx60ln\/\" \/>\n<meta property=\"og:site_name\" content=\"Copter Pro\" \/>\n<meta property=\"article:publisher\" content=\"https:\/\/www.facebook.com\/copterprogmbh\" \/>\n<meta property=\"article:modified_time\" content=\"2026-02-13T15:50:07+00:00\" \/>\n<meta property=\"og:image\" content=\"https:\/\/copterpro.de\/shop\/wp-content\/uploads\/2025\/01\/HX60L-1-white-background.webp\" \/>\n\t<meta property=\"og:image:width\" content=\"1080\" \/>\n\t<meta property=\"og:image:height\" content=\"1080\" \/>\n\t<meta property=\"og:image:type\" content=\"image\/webp\" \/>\n<meta name=\"twitter:card\" content=\"summary_large_image\" \/>\n<meta name=\"twitter:label1\" content=\"Gesch\u00e4tzte Lesezeit\" \/>\n\t<meta name=\"twitter:data1\" content=\"3\u00a0Minuten\" \/>\n<script type=\"application\/ld+json\" class=\"yoast-schema-graph\">{\"@context\":\"https:\\\/\\\/schema.org\",\"@graph\":[{\"@type\":\"WebPage\",\"@id\":\"https:\\\/\\\/copterpro.de\\\/shop\\\/waermebildgeraete\\\/hikmicro-binocular-habrok-pro-hx60ln\\\/\",\"url\":\"https:\\\/\\\/copterpro.de\\\/shop\\\/waermebildgeraete\\\/hikmicro-binocular-habrok-pro-hx60ln\\\/\",\"name\":\"Hikmicro Binocular Habrok Pro HX60L W\u00e4rmebildger\u00e4t f\u00fcr die Jagd\",\"isPartOf\":{\"@id\":\"https:\\\/\\\/copterpro.de\\\/shop\\\/#website\"},\"primaryImageOfPage\":{\"@id\":\"https:\\\/\\\/copterpro.de\\\/shop\\\/waermebildgeraete\\\/hikmicro-binocular-habrok-pro-hx60ln\\\/#primaryimage\"},\"image\":{\"@id\":\"https:\\\/\\\/copterpro.de\\\/shop\\\/waermebildgeraete\\\/hikmicro-binocular-habrok-pro-hx60ln\\\/#primaryimage\"},\"thumbnailUrl\":\"https:\\\/\\\/copterpro.de\\\/shop\\\/wp-content\\\/uploads\\\/2025\\\/01\\\/HX60L-1-white-background.webp\",\"datePublished\":\"2024-09-18T09:44:21+00:00\",\"dateModified\":\"2026-02-13T15:50:07+00:00\",\"description\":\"Hikmicro Habrok Binocular Hand W\u00e4rmebildkamera f\u00fcr die Jagd. Habrok W\u00e4rmebild Fernglas mit Entfernungsmesser und Nachtsicht von Hikmirco mit 4K Aufl\u00f6sung\",\"breadcrumb\":{\"@id\":\"https:\\\/\\\/copterpro.de\\\/shop\\\/waermebildgeraete\\\/hikmicro-binocular-habrok-pro-hx60ln\\\/#breadcrumb\"},\"inLanguage\":\"de\",\"potentialAction\":[{\"@type\":\"ReadAction\",\"target\":[\"https:\\\/\\\/copterpro.de\\\/shop\\\/waermebildgeraete\\\/hikmicro-binocular-habrok-pro-hx60ln\\\/\"]}]},{\"@type\":\"ImageObject\",\"inLanguage\":\"de\",\"@id\":\"https:\\\/\\\/copterpro.de\\\/shop\\\/waermebildgeraete\\\/hikmicro-binocular-habrok-pro-hx60ln\\\/#primaryimage\",\"url\":\"https:\\\/\\\/copterpro.de\\\/shop\\\/wp-content\\\/uploads\\\/2025\\\/01\\\/HX60L-1-white-background.webp\",\"contentUrl\":\"https:\\\/\\\/copterpro.de\\\/shop\\\/wp-content\\\/uploads\\\/2025\\\/01\\\/HX60L-1-white-background.webp\",\"width\":1080,\"height\":1080,\"caption\":\"Hikmicro Binocular Habrok Pro HX60\"},{\"@type\":\"BreadcrumbList\",\"@id\":\"https:\\\/\\\/copterpro.de\\\/shop\\\/waermebildgeraete\\\/hikmicro-binocular-habrok-pro-hx60ln\\\/#breadcrumb\",\"itemListElement\":[{\"@type\":\"ListItem\",\"position\":1,\"name\":\"Startseite\",\"item\":\"https:\\\/\\\/copterpro.de\\\/shop\\\/\"},{\"@type\":\"ListItem\",\"position\":2,\"name\":\"Shop\",\"item\":\"https:\\\/\\\/copterpro.de\\\/shop\\\/shop\\\/\"},{\"@type\":\"ListItem\",\"position\":3,\"name\":\"Hikmicro Binocular Habrok Pro HX60LN\"}]},{\"@type\":\"WebSite\",\"@id\":\"https:\\\/\\\/copterpro.de\\\/shop\\\/#website\",\"url\":\"https:\\\/\\\/copterpro.de\\\/shop\\\/\",\"name\":\"Copter Pro\",\"description\":\"\",\"publisher\":{\"@id\":\"https:\\\/\\\/copterpro.de\\\/shop\\\/#organization\"},\"potentialAction\":[{\"@type\":\"SearchAction\",\"target\":{\"@type\":\"EntryPoint\",\"urlTemplate\":\"https:\\\/\\\/copterpro.de\\\/shop\\\/?s={search_term_string}\"},\"query-input\":{\"@type\":\"PropertyValueSpecification\",\"valueRequired\":true,\"valueName\":\"search_term_string\"}}],\"inLanguage\":\"de\"},{\"@type\":\"Organization\",\"@id\":\"https:\\\/\\\/copterpro.de\\\/shop\\\/#organization\",\"name\":\"Copter Pro\",\"url\":\"https:\\\/\\\/copterpro.de\\\/shop\\\/\",\"logo\":{\"@type\":\"ImageObject\",\"inLanguage\":\"de\",\"@id\":\"https:\\\/\\\/copterpro.de\\\/shop\\\/#\\\/schema\\\/logo\\\/image\\\/\",\"url\":\"https:\\\/\\\/copterpro.de\\\/shop\\\/wp-content\\\/uploads\\\/2025\\\/04\\\/copterpro.svg\",\"contentUrl\":\"https:\\\/\\\/copterpro.de\\\/shop\\\/wp-content\\\/uploads\\\/2025\\\/04\\\/copterpro.svg\",\"caption\":\"Copter Pro\"},\"image\":{\"@id\":\"https:\\\/\\\/copterpro.de\\\/shop\\\/#\\\/schema\\\/logo\\\/image\\\/\"},\"sameAs\":[\"https:\\\/\\\/www.facebook.com\\\/copterprogmbh\"]}]}<\/script>\n<!-- \/ Yoast SEO plugin. -->","yoast_head_json":{"title":"Hikmicro Binocular Habrok Pro HX60L W\u00e4rmebildger\u00e4t f\u00fcr die Jagd","description":"Hikmicro Habrok Binocular Hand W\u00e4rmebildkamera f\u00fcr die Jagd. Habrok W\u00e4rmebild Fernglas mit Entfernungsmesser und Nachtsicht von Hikmirco mit 4K Aufl\u00f6sung","robots":{"index":"index","follow":"follow","max-snippet":"max-snippet:-1","max-image-preview":"max-image-preview:large","max-video-preview":"max-video-preview:-1"},"canonical":"https:\/\/copterpro.de\/shop\/waermebildgeraete\/hikmicro-binocular-habrok-pro-hx60ln\/","og_locale":"de_DE","og_type":"article","og_title":"Hikmicro Binocular Habrok Pro HX60L W\u00e4rmebildger\u00e4t f\u00fcr die Jagd","og_description":"Hikmicro Habrok Binocular Hand W\u00e4rmebildkamera f\u00fcr die Jagd. Habrok W\u00e4rmebild Fernglas mit Entfernungsmesser und Nachtsicht von Hikmirco mit 4K Aufl\u00f6sung","og_url":"https:\/\/copterpro.de\/shop\/waermebildgeraete\/hikmicro-binocular-habrok-pro-hx60ln\/","og_site_name":"Copter Pro","article_publisher":"https:\/\/www.facebook.com\/copterprogmbh","article_modified_time":"2026-02-13T15:50:07+00:00","og_image":[{"width":1080,"height":1080,"url":"https:\/\/copterpro.de\/shop\/wp-content\/uploads\/2025\/01\/HX60L-1-white-background.webp","type":"image\/webp"}],"twitter_card":"summary_large_image","twitter_misc":{"Gesch\u00e4tzte Lesezeit":"3\u00a0Minuten"},"schema":{"@context":"https:\/\/schema.org","@graph":[{"@type":"WebPage","@id":"https:\/\/copterpro.de\/shop\/waermebildgeraete\/hikmicro-binocular-habrok-pro-hx60ln\/","url":"https:\/\/copterpro.de\/shop\/waermebildgeraete\/hikmicro-binocular-habrok-pro-hx60ln\/","name":"Hikmicro Binocular Habrok Pro HX60L W\u00e4rmebildger\u00e4t f\u00fcr die Jagd","isPartOf":{"@id":"https:\/\/copterpro.de\/shop\/#website"},"primaryImageOfPage":{"@id":"https:\/\/copterpro.de\/shop\/waermebildgeraete\/hikmicro-binocular-habrok-pro-hx60ln\/#primaryimage"},"image":{"@id":"https:\/\/copterpro.de\/shop\/waermebildgeraete\/hikmicro-binocular-habrok-pro-hx60ln\/#primaryimage"},"thumbnailUrl":"https:\/\/copterpro.de\/shop\/wp-content\/uploads\/2025\/01\/HX60L-1-white-background.webp","datePublished":"2024-09-18T09:44:21+00:00","dateModified":"2026-02-13T15:50:07+00:00","description":"Hikmicro Habrok Binocular Hand W\u00e4rmebildkamera f\u00fcr die Jagd. Habrok W\u00e4rmebild Fernglas mit Entfernungsmesser und Nachtsicht von Hikmirco mit 4K Aufl\u00f6sung","breadcrumb":{"@id":"https:\/\/copterpro.de\/shop\/waermebildgeraete\/hikmicro-binocular-habrok-pro-hx60ln\/#breadcrumb"},"inLanguage":"de","potentialAction":[{"@type":"ReadAction","target":["https:\/\/copterpro.de\/shop\/waermebildgeraete\/hikmicro-binocular-habrok-pro-hx60ln\/"]}]},{"@type":"ImageObject","inLanguage":"de","@id":"https:\/\/copterpro.de\/shop\/waermebildgeraete\/hikmicro-binocular-habrok-pro-hx60ln\/#primaryimage","url":"https:\/\/copterpro.de\/shop\/wp-content\/uploads\/2025\/01\/HX60L-1-white-background.webp","contentUrl":"https:\/\/copterpro.de\/shop\/wp-content\/uploads\/2025\/01\/HX60L-1-white-background.webp","width":1080,"height":1080,"caption":"Hikmicro Binocular Habrok Pro HX60"},{"@type":"BreadcrumbList","@id":"https:\/\/copterpro.de\/shop\/waermebildgeraete\/hikmicro-binocular-habrok-pro-hx60ln\/#breadcrumb","itemListElement":[{"@type":"ListItem","position":1,"name":"Startseite","item":"https:\/\/copterpro.de\/shop\/"},{"@type":"ListItem","position":2,"name":"Shop","item":"https:\/\/copterpro.de\/shop\/shop\/"},{"@type":"ListItem","position":3,"name":"Hikmicro Binocular Habrok Pro HX60LN"}]},{"@type":"WebSite","@id":"https:\/\/copterpro.de\/shop\/#website","url":"https:\/\/copterpro.de\/shop\/","name":"Copter Pro","description":"","publisher":{"@id":"https:\/\/copterpro.de\/shop\/#organization"},"potentialAction":[{"@type":"SearchAction","target":{"@type":"EntryPoint","urlTemplate":"https:\/\/copterpro.de\/shop\/?s={search_term_string}"},"query-input":{"@type":"PropertyValueSpecification","valueRequired":true,"valueName":"search_term_string"}}],"inLanguage":"de"},{"@type":"Organization","@id":"https:\/\/copterpro.de\/shop\/#organization","name":"Copter Pro","url":"https:\/\/copterpro.de\/shop\/","logo":{"@type":"ImageObject","inLanguage":"de","@id":"https:\/\/copterpro.de\/shop\/#\/schema\/logo\/image\/","url":"https:\/\/copterpro.de\/shop\/wp-content\/uploads\/2025\/04\/copterpro.svg","contentUrl":"https:\/\/copterpro.de\/shop\/wp-content\/uploads\/2025\/04\/copterpro.svg","caption":"Copter Pro"},"image":{"@id":"https:\/\/copterpro.de\/shop\/#\/schema\/logo\/image\/"},"sameAs":["https:\/\/www.facebook.com\/copterprogmbh"]}]}},"_links":{"self":[{"href":"https:\/\/copterpro.de\/shop\/wp-json\/wp\/v2\/product\/12639","targetHints":{"allow":["GET"]}}],"collection":[{"href":"https:\/\/copterpro.de\/shop\/wp-json\/wp\/v2\/product"}],"about":[{"href":"https:\/\/copterpro.de\/shop\/wp-json\/wp\/v2\/types\/product"}],"wp:featuredmedia":[{"embeddable":true,"href":"https:\/\/copterpro.de\/shop\/wp-json\/wp\/v2\/media\/12632"}],"wp:attachment":[{"href":"https:\/\/copterpro.de\/shop\/wp-json\/wp\/v2\/media?parent=12639"}],"wp:term":[{"taxonomy":"product_brand","embeddable":true,"href":"https:\/\/copterpro.de\/shop\/wp-json\/wp\/v2\/product_brand?post=12639"},{"taxonomy":"product_cat","embeddable":true,"href":"https:\/\/copterpro.de\/shop\/wp-json\/wp\/v2\/product_cat?post=12639"},{"taxonomy":"product_tag","embeddable":true,"href":"https:\/\/copterpro.de\/shop\/wp-json\/wp\/v2\/product_tag?post=12639"}],"curies":[{"name":"wp","href":"https:\/\/api.w.org\/{rel}","templated":true}]}}