{"id":12746,"date":"2024-09-18T12:18:29","date_gmt":"2024-09-18T10:18:29","guid":{"rendered":"https:\/\/shop.copterpro.de\/?post_type=product&#038;p=12746"},"modified":"2026-04-02T09:28:03","modified_gmt":"2026-04-02T07:28:03","slug":"hikmicro-thunder-tq35c-3-0","status":"publish","type":"product","link":"https:\/\/copterpro.de\/shop\/waermebild-vorsatzgeraete\/hikmicro-thunder-tq35c-3-0\/","title":{"rendered":"Hikmicro Thunder TQ35C 3.0 Thermal Monocular"},"content":{"rendered":"<h1>HIKMICRO THUNDER TQ35C<\/h1>\n<p><u>Lieferumfang<\/u><\/p>\n<ul>\n<li>Thunder TQ35C 3.0<\/li>\n<li>Kurz-Anleitung<\/li>\n<li>Staubtuch<\/li>\n<li>USB-Kabel<\/li>\n<li>2x Akku<\/li>\n<li>Ladeger\u00e4t<\/li>\n<\/ul>\n<p>&nbsp;<\/p>\n<p><span style=\"text-decoration: underline;\">Hauptmerkmale<\/span><br \/>\n\u25cf 640 \u00d7 512 Aufl\u00f6sung @12 \u03bcm Thermodetektor<br \/>\n\u25cf Hochempfindliches Thermomodul NETD &lt; 15 mK (@25\u00b0C, F# = 1,0)<br \/>\n\u25cf 35 mm, F1.0 Objektiv mit Erfassungsbereich bis zu 1800 m<br \/>\n\u25cf 0,49-Zoll-OLED-Display mit einer Aufl\u00f6sung von 1920 \u00d7 1080<br \/>\n\u25cf HIKMICRO Shutterless Image System (HSIS)<br \/>\n\u25cf Wiederaufladbarer und austauschbarer Li-on Akku, 6h Dauerbetrieb<br \/>\n\u25cf Hohe Sto\u00dffestigkeit bis zu 1000 g\/0,4 ms<\/p>\n<p>&nbsp;<\/p>\n<p><u>Thermal Module<\/u><\/p>\n<ul>\n<li>Thermisches Modul<\/li>\n<li>Bildsensor Ungek\u00fchlte Focal Plane Arrays<\/li>\n<li>Max. Aufl\u00f6sung 640 \u00d7 512<\/li>\n<li>Bildfrequenz 50 Hz<\/li>\n<li>Pixel-Intervall 12 \u03bcm<\/li>\n<li>Ansprechwellenbereich 8 \u03bcm bis 14 \u03bcm<\/li>\n<li>Objektiv (Brennweite) 35 mm, F1,0<\/li>\n<li>NETD Weniger als 15 mK (@25 \u00b0C, F# = 1,0)<\/li>\n<li>Erfassungsbereich 1800 m<\/li>\n<li>Fokusmodus Fokussierknopf<\/li>\n<li>Min. Fokussierentfernung 10 m<\/li>\n<li>Vergr\u00f6\u00dferung 1\u00d7<\/li>\n<li>Sichtfeld (H \u00d7 V), Grad \/ m @100m12,5\u00b0 \u00d7 8,0\u00b0\/21,9 m \u00d7 14,0 m<\/li>\n<li>Empfohlene Vergr\u00f6\u00dferung des Tageszielfernrohrs 1-15x<\/li>\n<\/ul>\n<p><u>Bild<\/u><\/p>\n<ul>\n<li>Anzeige 1920 \u00d7 1080, 0,49 Zoll, OLED<\/li>\n<li>Paletten Schwarz hei\u00df, Wei\u00df hei\u00df, Rot hei\u00df, Fusion, Rot einfarbig, Gr\u00fcn einfarbig<\/li>\n<li>Austrittspupille 25 mm<\/li>\n<li>Augenabstand 20 mm<\/li>\n<li>Helligkeitsanpassung Ja<\/li>\n<li>Farbtonanpassung Kalt, Warm<\/li>\n<li>HSIS (HIKMICRO-Verschlussloses Bildsystem) Ja<\/li>\n<li>Image Pro 2.0 Ja<\/li>\n<\/ul>\n<p><u>System Funktionen<\/u><\/p>\n<ul>\n<li>Videoaufzeichnung On-Board-Videoaufzeichnung<\/li>\n<li>Schnappschuss aufnehmen Ja<\/li>\n<li>Virtuelles Fadenkreuz Ja<\/li>\n<li>Standby-Modus Ja<\/li>\n<li>Speicher Eingebautes EMMC (64GB)<\/li>\n<li>Hotspot Ja<\/li>\n<li>Hot Track Ja<\/li>\n<li>Fadenkreuz Nein<\/li>\n<li>Audio-Aufnahme Ja<\/li>\n<li>Aufnahme mit R\u00fccksto\u00df-Aktivierung Ja<\/li>\n<li>Max. R\u00fccksto\u00df 1000 g\/0,4 ms<\/li>\n<li>Lokales Album Ja<\/li>\n<li>Bildkalibrierung Ja<\/li>\n<li>Nullstellungs-Profile 5<\/li>\n<\/ul>\n<p><u>Stromversorgung<\/u><\/p>\n<ul>\n<li>Auswechselbarer und wiederaufladbarer Li-Ionen-Akku<\/li>\n<li>Akkubetriebszeit \u22656h (25 \u00b0C, mit ausgeschaltetem Hotspot) Typ-C-Stromversorgung 5 VDC, 2 A<\/li>\n<li>Unterst\u00fctzt externe Stromversorgungen<\/li>\n<\/ul>\n<p><u>Allgemein<\/u><\/p>\n<ul>\n<li>Schutzart IP67<\/li>\n<li>Abmessungen 143,4 mm \u00d7 67,5 mm \u00d7 72,9 mm<\/li>\n<li>Gewicht 460 g mit Batterie<\/li>\n<li>Betriebstemperatur -30\u00b0C bis + 55\u00b0C (-22\u00b0F bis 131\u00b0F)<\/li>\n<li>Geh\u00e4usematerial Geh\u00e4use und Objektivabdeckung: Magnesium-Legierung<\/li>\n<\/ul>\n","protected":false},"excerpt":{"rendered":"<p><u>Lieferumfang<\/u><\/p>\n<ul>\n<li>Thunder TQ35C 3.0<\/li>\n<li>Kurz-Anleitung<\/li>\n<li>Staubtuch<\/li>\n<li>USB-Kabel<\/li>\n<li>2x Akku<\/li>\n<li>Ladeger\u00e4t<\/li>\n<\/ul>\n","protected":false},"featured_media":12747,"template":"","meta":{"_acf_changed":false,"_iconic_wsb_product_page_order_bump_ids":[[14997,15031]],"_sku":["CP00166"],"_iconic_wsb_product_page_bump_modal_ids":[[14997,15031]]},"product_brand":[],"product_cat":[34,51],"product_tag":[],"class_list":{"0":"post-12746","1":"product","2":"type-product","3":"status-publish","4":"has-post-thumbnail","6":"product_cat-waermebildgeraete","7":"product_cat-waermebild-vorsatzgeraete","9":"first","10":"instock","11":"sale","12":"taxable","13":"shipping-taxable","14":"purchasable","15":"product-type-simple"},"acf":[],"yoast_head":"<!-- This site is optimized with the Yoast SEO plugin v27.3 - https:\/\/yoast.com\/product\/yoast-seo-wordpress\/ -->\n<title>HIKMICRO THUNDER TQ35C 3.0<\/title>\n<meta name=\"description\" content=\"HIKMICRO THUNDER TQ35C 3.0 W\u00e4rmebildvorsatzger\u00e4t f\u00fcr die Jagd. Das TQ35C Vorsatzger\u00e4t von Hikmicro mit hoher Aufl\u00f6sung f\u00fcr die Jagd\" \/>\n<meta name=\"robots\" content=\"index, follow, max-snippet:-1, max-image-preview:large, max-video-preview:-1\" \/>\n<link rel=\"canonical\" href=\"https:\/\/copterpro.de\/shop\/waermebild-vorsatzgeraete\/hikmicro-thunder-tq35c-3-0\/\" \/>\n<meta property=\"og:locale\" content=\"de_DE\" \/>\n<meta property=\"og:type\" content=\"article\" \/>\n<meta property=\"og:title\" content=\"HIKMICRO THUNDER TQ35C 3.0\" \/>\n<meta property=\"og:description\" content=\"HIKMICRO THUNDER TQ35C 3.0 W\u00e4rmebildvorsatzger\u00e4t f\u00fcr die Jagd. Das TQ35C Vorsatzger\u00e4t von Hikmicro mit hoher Aufl\u00f6sung f\u00fcr die Jagd\" \/>\n<meta property=\"og:url\" content=\"https:\/\/copterpro.de\/shop\/waermebild-vorsatzgeraete\/hikmicro-thunder-tq35c-3-0\/\" \/>\n<meta property=\"og:site_name\" content=\"Copter Pro\" \/>\n<meta property=\"article:publisher\" content=\"https:\/\/www.facebook.com\/copterprogmbh\" \/>\n<meta property=\"article:modified_time\" content=\"2026-04-02T07:28:03+00:00\" \/>\n<meta property=\"og:image\" content=\"https:\/\/copterpro.de\/shop\/wp-content\/uploads\/2025\/01\/tq35c-white-background-3-66eab4268a0d5.webp\" \/>\n\t<meta property=\"og:image:width\" content=\"1080\" \/>\n\t<meta property=\"og:image:height\" content=\"1080\" \/>\n\t<meta property=\"og:image:type\" content=\"image\/webp\" \/>\n<meta name=\"twitter:card\" content=\"summary_large_image\" \/>\n<meta name=\"twitter:label1\" content=\"Gesch\u00e4tzte Lesezeit\" \/>\n\t<meta name=\"twitter:data1\" content=\"2\u00a0Minuten\" \/>\n<script type=\"application\/ld+json\" class=\"yoast-schema-graph\">{\"@context\":\"https:\\\/\\\/schema.org\",\"@graph\":[{\"@type\":\"WebPage\",\"@id\":\"https:\\\/\\\/copterpro.de\\\/shop\\\/waermebild-vorsatzgeraete\\\/hikmicro-thunder-tq35c-3-0\\\/\",\"url\":\"https:\\\/\\\/copterpro.de\\\/shop\\\/waermebild-vorsatzgeraete\\\/hikmicro-thunder-tq35c-3-0\\\/\",\"name\":\"HIKMICRO THUNDER TQ35C 3.0\",\"isPartOf\":{\"@id\":\"https:\\\/\\\/copterpro.de\\\/shop\\\/#website\"},\"primaryImageOfPage\":{\"@id\":\"https:\\\/\\\/copterpro.de\\\/shop\\\/waermebild-vorsatzgeraete\\\/hikmicro-thunder-tq35c-3-0\\\/#primaryimage\"},\"image\":{\"@id\":\"https:\\\/\\\/copterpro.de\\\/shop\\\/waermebild-vorsatzgeraete\\\/hikmicro-thunder-tq35c-3-0\\\/#primaryimage\"},\"thumbnailUrl\":\"https:\\\/\\\/copterpro.de\\\/shop\\\/wp-content\\\/uploads\\\/2025\\\/01\\\/tq35c-white-background-3-66eab4268a0d5.webp\",\"datePublished\":\"2024-09-18T10:18:29+00:00\",\"dateModified\":\"2026-04-02T07:28:03+00:00\",\"description\":\"HIKMICRO THUNDER TQ35C 3.0 W\u00e4rmebildvorsatzger\u00e4t f\u00fcr die Jagd. Das TQ35C Vorsatzger\u00e4t von Hikmicro mit hoher Aufl\u00f6sung f\u00fcr die Jagd\",\"breadcrumb\":{\"@id\":\"https:\\\/\\\/copterpro.de\\\/shop\\\/waermebild-vorsatzgeraete\\\/hikmicro-thunder-tq35c-3-0\\\/#breadcrumb\"},\"inLanguage\":\"de\",\"potentialAction\":[{\"@type\":\"ReadAction\",\"target\":[\"https:\\\/\\\/copterpro.de\\\/shop\\\/waermebild-vorsatzgeraete\\\/hikmicro-thunder-tq35c-3-0\\\/\"]}]},{\"@type\":\"ImageObject\",\"inLanguage\":\"de\",\"@id\":\"https:\\\/\\\/copterpro.de\\\/shop\\\/waermebild-vorsatzgeraete\\\/hikmicro-thunder-tq35c-3-0\\\/#primaryimage\",\"url\":\"https:\\\/\\\/copterpro.de\\\/shop\\\/wp-content\\\/uploads\\\/2025\\\/01\\\/tq35c-white-background-3-66eab4268a0d5.webp\",\"contentUrl\":\"https:\\\/\\\/copterpro.de\\\/shop\\\/wp-content\\\/uploads\\\/2025\\\/01\\\/tq35c-white-background-3-66eab4268a0d5.webp\",\"width\":1080,\"height\":1080,\"caption\":\"TQ35C Thunder 3.0\"},{\"@type\":\"BreadcrumbList\",\"@id\":\"https:\\\/\\\/copterpro.de\\\/shop\\\/waermebild-vorsatzgeraete\\\/hikmicro-thunder-tq35c-3-0\\\/#breadcrumb\",\"itemListElement\":[{\"@type\":\"ListItem\",\"position\":1,\"name\":\"Startseite\",\"item\":\"https:\\\/\\\/copterpro.de\\\/shop\\\/\"},{\"@type\":\"ListItem\",\"position\":2,\"name\":\"Shop\",\"item\":\"https:\\\/\\\/copterpro.de\\\/shop\\\/shop\\\/\"},{\"@type\":\"ListItem\",\"position\":3,\"name\":\"Hikmicro Thunder TQ35C 3.0 Thermal Monocular\"}]},{\"@type\":\"WebSite\",\"@id\":\"https:\\\/\\\/copterpro.de\\\/shop\\\/#website\",\"url\":\"https:\\\/\\\/copterpro.de\\\/shop\\\/\",\"name\":\"Copter Pro\",\"description\":\"\",\"publisher\":{\"@id\":\"https:\\\/\\\/copterpro.de\\\/shop\\\/#organization\"},\"potentialAction\":[{\"@type\":\"SearchAction\",\"target\":{\"@type\":\"EntryPoint\",\"urlTemplate\":\"https:\\\/\\\/copterpro.de\\\/shop\\\/?s={search_term_string}\"},\"query-input\":{\"@type\":\"PropertyValueSpecification\",\"valueRequired\":true,\"valueName\":\"search_term_string\"}}],\"inLanguage\":\"de\"},{\"@type\":\"Organization\",\"@id\":\"https:\\\/\\\/copterpro.de\\\/shop\\\/#organization\",\"name\":\"Copter Pro\",\"url\":\"https:\\\/\\\/copterpro.de\\\/shop\\\/\",\"logo\":{\"@type\":\"ImageObject\",\"inLanguage\":\"de\",\"@id\":\"https:\\\/\\\/copterpro.de\\\/shop\\\/#\\\/schema\\\/logo\\\/image\\\/\",\"url\":\"https:\\\/\\\/copterpro.de\\\/shop\\\/wp-content\\\/uploads\\\/2025\\\/04\\\/copterpro.svg\",\"contentUrl\":\"https:\\\/\\\/copterpro.de\\\/shop\\\/wp-content\\\/uploads\\\/2025\\\/04\\\/copterpro.svg\",\"caption\":\"Copter Pro\"},\"image\":{\"@id\":\"https:\\\/\\\/copterpro.de\\\/shop\\\/#\\\/schema\\\/logo\\\/image\\\/\"},\"sameAs\":[\"https:\\\/\\\/www.facebook.com\\\/copterprogmbh\"]}]}<\/script>\n<!-- \/ Yoast SEO plugin. -->","yoast_head_json":{"title":"HIKMICRO THUNDER TQ35C 3.0","description":"HIKMICRO THUNDER TQ35C 3.0 W\u00e4rmebildvorsatzger\u00e4t f\u00fcr die Jagd. Das TQ35C Vorsatzger\u00e4t von Hikmicro mit hoher Aufl\u00f6sung f\u00fcr die Jagd","robots":{"index":"index","follow":"follow","max-snippet":"max-snippet:-1","max-image-preview":"max-image-preview:large","max-video-preview":"max-video-preview:-1"},"canonical":"https:\/\/copterpro.de\/shop\/waermebild-vorsatzgeraete\/hikmicro-thunder-tq35c-3-0\/","og_locale":"de_DE","og_type":"article","og_title":"HIKMICRO THUNDER TQ35C 3.0","og_description":"HIKMICRO THUNDER TQ35C 3.0 W\u00e4rmebildvorsatzger\u00e4t f\u00fcr die Jagd. Das TQ35C Vorsatzger\u00e4t von Hikmicro mit hoher Aufl\u00f6sung f\u00fcr die Jagd","og_url":"https:\/\/copterpro.de\/shop\/waermebild-vorsatzgeraete\/hikmicro-thunder-tq35c-3-0\/","og_site_name":"Copter Pro","article_publisher":"https:\/\/www.facebook.com\/copterprogmbh","article_modified_time":"2026-04-02T07:28:03+00:00","og_image":[{"width":1080,"height":1080,"url":"https:\/\/copterpro.de\/shop\/wp-content\/uploads\/2025\/01\/tq35c-white-background-3-66eab4268a0d5.webp","type":"image\/webp"}],"twitter_card":"summary_large_image","twitter_misc":{"Gesch\u00e4tzte Lesezeit":"2\u00a0Minuten"},"schema":{"@context":"https:\/\/schema.org","@graph":[{"@type":"WebPage","@id":"https:\/\/copterpro.de\/shop\/waermebild-vorsatzgeraete\/hikmicro-thunder-tq35c-3-0\/","url":"https:\/\/copterpro.de\/shop\/waermebild-vorsatzgeraete\/hikmicro-thunder-tq35c-3-0\/","name":"HIKMICRO THUNDER TQ35C 3.0","isPartOf":{"@id":"https:\/\/copterpro.de\/shop\/#website"},"primaryImageOfPage":{"@id":"https:\/\/copterpro.de\/shop\/waermebild-vorsatzgeraete\/hikmicro-thunder-tq35c-3-0\/#primaryimage"},"image":{"@id":"https:\/\/copterpro.de\/shop\/waermebild-vorsatzgeraete\/hikmicro-thunder-tq35c-3-0\/#primaryimage"},"thumbnailUrl":"https:\/\/copterpro.de\/shop\/wp-content\/uploads\/2025\/01\/tq35c-white-background-3-66eab4268a0d5.webp","datePublished":"2024-09-18T10:18:29+00:00","dateModified":"2026-04-02T07:28:03+00:00","description":"HIKMICRO THUNDER TQ35C 3.0 W\u00e4rmebildvorsatzger\u00e4t f\u00fcr die Jagd. Das TQ35C Vorsatzger\u00e4t von Hikmicro mit hoher Aufl\u00f6sung f\u00fcr die Jagd","breadcrumb":{"@id":"https:\/\/copterpro.de\/shop\/waermebild-vorsatzgeraete\/hikmicro-thunder-tq35c-3-0\/#breadcrumb"},"inLanguage":"de","potentialAction":[{"@type":"ReadAction","target":["https:\/\/copterpro.de\/shop\/waermebild-vorsatzgeraete\/hikmicro-thunder-tq35c-3-0\/"]}]},{"@type":"ImageObject","inLanguage":"de","@id":"https:\/\/copterpro.de\/shop\/waermebild-vorsatzgeraete\/hikmicro-thunder-tq35c-3-0\/#primaryimage","url":"https:\/\/copterpro.de\/shop\/wp-content\/uploads\/2025\/01\/tq35c-white-background-3-66eab4268a0d5.webp","contentUrl":"https:\/\/copterpro.de\/shop\/wp-content\/uploads\/2025\/01\/tq35c-white-background-3-66eab4268a0d5.webp","width":1080,"height":1080,"caption":"TQ35C Thunder 3.0"},{"@type":"BreadcrumbList","@id":"https:\/\/copterpro.de\/shop\/waermebild-vorsatzgeraete\/hikmicro-thunder-tq35c-3-0\/#breadcrumb","itemListElement":[{"@type":"ListItem","position":1,"name":"Startseite","item":"https:\/\/copterpro.de\/shop\/"},{"@type":"ListItem","position":2,"name":"Shop","item":"https:\/\/copterpro.de\/shop\/shop\/"},{"@type":"ListItem","position":3,"name":"Hikmicro Thunder TQ35C 3.0 Thermal Monocular"}]},{"@type":"WebSite","@id":"https:\/\/copterpro.de\/shop\/#website","url":"https:\/\/copterpro.de\/shop\/","name":"Copter Pro","description":"","publisher":{"@id":"https:\/\/copterpro.de\/shop\/#organization"},"potentialAction":[{"@type":"SearchAction","target":{"@type":"EntryPoint","urlTemplate":"https:\/\/copterpro.de\/shop\/?s={search_term_string}"},"query-input":{"@type":"PropertyValueSpecification","valueRequired":true,"valueName":"search_term_string"}}],"inLanguage":"de"},{"@type":"Organization","@id":"https:\/\/copterpro.de\/shop\/#organization","name":"Copter Pro","url":"https:\/\/copterpro.de\/shop\/","logo":{"@type":"ImageObject","inLanguage":"de","@id":"https:\/\/copterpro.de\/shop\/#\/schema\/logo\/image\/","url":"https:\/\/copterpro.de\/shop\/wp-content\/uploads\/2025\/04\/copterpro.svg","contentUrl":"https:\/\/copterpro.de\/shop\/wp-content\/uploads\/2025\/04\/copterpro.svg","caption":"Copter Pro"},"image":{"@id":"https:\/\/copterpro.de\/shop\/#\/schema\/logo\/image\/"},"sameAs":["https:\/\/www.facebook.com\/copterprogmbh"]}]}},"_links":{"self":[{"href":"https:\/\/copterpro.de\/shop\/wp-json\/wp\/v2\/product\/12746","targetHints":{"allow":["GET"]}}],"collection":[{"href":"https:\/\/copterpro.de\/shop\/wp-json\/wp\/v2\/product"}],"about":[{"href":"https:\/\/copterpro.de\/shop\/wp-json\/wp\/v2\/types\/product"}],"wp:featuredmedia":[{"embeddable":true,"href":"https:\/\/copterpro.de\/shop\/wp-json\/wp\/v2\/media\/12747"}],"wp:attachment":[{"href":"https:\/\/copterpro.de\/shop\/wp-json\/wp\/v2\/media?parent=12746"}],"wp:term":[{"taxonomy":"product_brand","embeddable":true,"href":"https:\/\/copterpro.de\/shop\/wp-json\/wp\/v2\/product_brand?post=12746"},{"taxonomy":"product_cat","embeddable":true,"href":"https:\/\/copterpro.de\/shop\/wp-json\/wp\/v2\/product_cat?post=12746"},{"taxonomy":"product_tag","embeddable":true,"href":"https:\/\/copterpro.de\/shop\/wp-json\/wp\/v2\/product_tag?post=12746"}],"curies":[{"name":"wp","href":"https:\/\/api.w.org\/{rel}","templated":true}]}}