{"id":13489,"date":"2025-01-23T10:33:54","date_gmt":"2025-01-23T09:33:54","guid":{"rendered":"https:\/\/shop.copterpro.de\/?post_type=product&#038;p=13489"},"modified":"2026-04-01T08:32:49","modified_gmt":"2026-04-01T06:32:49","slug":"dji-mic-mini","status":"publish","type":"product","link":"https:\/\/copterpro.de\/shop\/dji-hobby-kameraequipment\/dji-mic-mini\/","title":{"rendered":"DJI Mic Mini (1x Sender + 1x Empf\u00e4nger)"},"content":{"rendered":"<p><strong>Anspruchsvolles Audio f\u00fcr unterwegs<\/strong><\/p>\n<p>Wir stellen vor: DJI Mic (1 Sender + 1 Empf\u00e4nger)!<\/p>\n<ul>\n<li>Alles was du brauchst, sofort einsatzbereit<\/li>\n<li>250 m Reichweite<\/li>\n<li>15 Stunden Akkulaufzeit<\/li>\n<li>Magnetische Befestigung<\/li>\n<li>OLED-Touchscreen<\/li>\n<li>14 Stunden Aufnahme<\/li>\n<\/ul>\n<p><strong>\u00dcberblick<\/strong><br \/>\nDJI Mic ist ein kompaktes, leichtes und leistungsstarkes Funkmikrofonsystem, das eine au\u00dfergew\u00f6hnliche Klangqualit\u00e4t auf Entfernungen von bis zu 250 m liefert. Der Sender bietet eine klare, professionelle Aufnahme von Gesang, Umgebungsger\u00e4uschen oder Musikinstrumenten. Mit dem integrierten Speicher kann das DJI Mic verwendet werden, um w\u00e4hrend der Aufnahme prim\u00e4res oder Backup-Audio aufzunehmen. Einschalten, verbinden und kristallklaren Ton aufnehmen.<\/p>\n<p><strong>Gut organisiert, sofort einsatzbereit<\/strong><br \/>\nDJI Mic ist direkt aus der Ladeschale einsatzbereit. Sender und Empf\u00e4nger werden in der Ladeschale gekoppelt, geladen und zusammen mit dem Zubeh\u00f6r sicher aufbewahrt. Das Design der Ladeschale erleichtert die Aufbewahrung und den sofortigen Einsatz mit voll aufgeladenen Akkus.<\/p>\n<p><strong>Zweikanal-Aufnahmen<\/strong><br \/>\nDas DJI Mic wird mit zwei Funkmikrofon-Sendern geliefert. Beide unterst\u00fctzen omnidirektionales Audio, was ideal f\u00fcr Interviews mit mehreren Personen oder in kleinen Studiobetrieben ist.<\/p>\n<p><strong>Hochwertiger Ton<\/strong><br \/>\nMit DJI Mic kannst du professionelles Audio mit hoher Wiedergabetreue aufnehmen, indem du den Ton \u00fcber einen breiteren Frequenzbereich genau nachbildest. Aufnahmen k\u00f6nnen \u00fcber jeden Kanal separat erfolgen oder die beiden Kan\u00e4le k\u00f6nnen f\u00fcr Flexibilit\u00e4t in der Nachbearbeitung kombiniert werden.<\/p>\n<p><strong>Integrierter Touchscreen und Onboard-Speicher<\/strong><br \/>\nDer Touchscreen des Empf\u00e4ngers bietet einfachen Zugriff auf die Kanalauswahl, Eingabe-\/Ausgabeeinstellungen und andere wichtige Funktionen. Beide Sender haben eine interne Speicherkapazit\u00e4t von bis zu 14 Stunden, um Probleme mit Audioverlusten zu vermeiden.<\/p>\n<p><strong>250 m Stabile \u00dcbertragung<\/strong><br \/>\nKeine Kabel. Kein problem. Genie\u00df unbegrenzte Kreativit\u00e4t dank stabiler Funk\u00fcbertragung. Eine \u00dcbertragungsreichweite von bis zu 250 m wird in offenen, ungehinderten Umgebungen ohne Interferenzen unterst\u00fctzt und erf\u00fcllt die Anforderungen der meisten Aufnahmen wie Live-Streaming, Studiobetrieb und Au\u00dfenaufnahmen.<\/p>\n<p><strong>250 m Funk\u00fcbertragung<\/strong><br \/>\nMit der neuesten Verschl\u00fcsselungstechnologie von DJI ist das DJI Mic in der Lage, gestochen scharfes Audio \u00fcber Entfernungen von bis zu 250 Metern aufzunehmen.<\/p>\n<p><strong>Kabelloser Komfort<\/strong><br \/>\nDas gesamte DJI Mic System ist drahtlos \u00fcber ein stabiles 2,4 GHz Frequenzband verbunden, sodass du dich bei der Aufnahme deiner Abenteuer v\u00f6llig frei bewegen kannst.<\/p>\n<p><strong>Extrem st\u00f6rfest<\/strong><br \/>\nDas optimierte drahtlose \u00dcbertragungssystem sorgt auch in Bereichen wie Bahnh\u00f6fen, Einkaufszentren und B\u00fcros f\u00fcr einen stabilen Audiostream.<\/p>\n<p><strong>Praktisches Magnet-Design.<\/strong><br \/>\nBefestige einen Sender bequem \u00fcber den integrierten Clip oder mit den Clip-Magneten an deiner Kleidung. Mit einem Gewicht von ca. 30 Gramm ist das Tragen des Senders bequem und unproblematisch.<\/p>\n<p><strong>Anstecken und aufnehmen<\/strong><br \/>\nJeder Sender verf\u00fcgt \u00fcber einen praktischen Clip, der einfach an Kleidung und anderen Gegenst\u00e4nden befestigt werden kann.<\/p>\n<p><strong>Mehr Verbindungsm\u00f6glichkeiten<\/strong><br \/>\nFalls deine Kleidung sich nicht f\u00fcr den Clip eignet, k\u00f6nnen die Sender auch \u00fcber die Clip-Magnete befestigt werden.<\/p>\n<p><strong>Einfache Befestigung<\/strong><br \/>\nBefestige den Empf\u00e4nger \u00fcber den Zubeh\u00f6rschuh an deiner DSLR-Kamera, spiegellosen Kamera oder Smartphone-Halterung und nimm fehlerfreie Videos passend zum Ton auf.<\/p>\n<p><strong>Sehr kompatibel<\/strong><br \/>\nUnterschiedliche Ger\u00e4te bedeuten unterschiedliche Eing\u00e4nge und DJI Mic deckt sie alle ab. Der Empf\u00e4nger hat USB-C, Lightning und 3,5 mm TRS Anschl\u00fcsse und ist damit mit g\u00e4ngigen Smartphones und zahlreichen Kameras und Laptops kompatibel.<\/p>\n<p><strong>15 Stunden Akkulaufzeit<\/strong><br \/>\nMit der mitgelieferten Ladeschale verbringst du weniger Zeit damit, dir Gedanken \u00fcber den Akkustand zu machen. Der Empf\u00e4nger und die Sender k\u00f6nnen in der Ladeschale aufgeladen werden, um bis zu 15 Stunden Akkulaufzeit f\u00fcr unbegrenzte Kreationen zu bieten.<\/p>\n<p><strong>Ultralange Akkulaufzeit<\/strong><br \/>\nSuchst du ein System, das mit deinen Anforderungen Schritt halten kann? Nimm mit DJI Mic einen ganzen Tag lang Ton auf. Genie\u00df 5,5 Stunden Akkulaufzeit von den Sendern, 5 Stunden vom Empf\u00e4nger und bis zu 15 Stunden mit der Ladeschale.<\/p>\n<p><strong>Blitzschnelles Koppeln<\/strong><br \/>\nSender und Empf\u00e4nger werden automatisch gekoppelt, sobald sie in die Ladeschale gelegt werden. Nach der Ersteinrichtung bist du in Sekundenschnelle bereit, atemberaubendes Audio aufzunehmen.<\/p>\n<p><strong>Reichhaltige Funktionalit\u00e4t<\/strong><\/p>\n<p><strong>Backup-Aufzeichnung<\/strong><br \/>\nAls Backup wird eine sekund\u00e4re Audiospur mit einer Lautst\u00e4rke von -6 dB aufgenommen. Dies hilft, deine Tonaufnahme auch dann zu sichern, falls es pl\u00f6tzlich zu Problemen wie Verzerrung oder Clipping kommt.<\/p>\n<p><strong>Mehrstufige Verst\u00e4rkungsregelung<\/strong><br \/>\nPass die Eingangs- und Ausgangsempfindlichkeit zwischen -12dB ~ 12dB an und find die perfekte Einstellung f\u00fcr deine Umgebung.<\/p>\n<p><strong>Mikrofon-Windschutz<\/strong><br \/>\nUnterdr\u00fcckt effektiv Wind und laute Umgebungen und zeichnet dennoch klaren Ton auf.<\/p>\n","protected":false},"excerpt":{"rendered":"<p><strong>Lieferumfang:<\/strong><br \/>\n1x Mic\u00a0Mini Sender (Schattenschwarz)<br \/>\n1x Mic\u00a0Mini Empf\u00e4nger<br \/>\n1x Mic\u00a0Mini Kamera-Audiokabel (3,5\u00a0mm TRS)<br \/>\n1x Mic\u00a0Mini Handy-Adapter (Typ-C)<br \/>\n1x Mic Mini Windschutz\u00a0(Schwarz\/Grau)<br \/>\n1x Mic Mini Windschutz\u00a0(Schwarz)<br \/>\n1x Mic\u00a0Mini Clip-Magnet<br \/>\n1x Mic\u00a0Mini Kompakt-Tragebeutel<br \/>\n1x Mic Splitter-Ladekabel<br \/>\n1x Mic Mini Sender-Akkuladestation<\/p>\n","protected":false},"featured_media":13571,"template":"","meta":{"_acf_changed":false,"_iconic_wsb_product_page_order_bump_ids":[[13495]],"_sku":["CP00011-1"],"_iconic_wsb_product_page_bump_modal_ids":[[]]},"product_brand":[],"product_cat":[40],"product_tag":[],"class_list":{"0":"post-13489","1":"product","2":"type-product","3":"status-publish","4":"has-post-thumbnail","6":"product_cat-dji-hobby-kameraequipment","8":"first","9":"outofstock","10":"taxable","11":"shipping-taxable","12":"purchasable","13":"product-type-simple"},"acf":[],"yoast_head":"<!-- This site is optimized with the Yoast SEO plugin v27.3 - https:\/\/yoast.com\/product\/yoast-seo-wordpress\/ -->\n<title>DJI Mic Mini (1x Sender + 1x Empf\u00e4nger)<\/title>\n<meta name=\"description\" content=\"DJI Mic Mini Funkmikrofon Set inkl. Ladecase, Sender u. Windschutz. Funkmikrofon von DJI mit hoher Reichweite und Mikrofon mit langer Laufzeit\" \/>\n<meta name=\"robots\" content=\"index, follow, max-snippet:-1, max-image-preview:large, max-video-preview:-1\" \/>\n<link rel=\"canonical\" href=\"https:\/\/copterpro.de\/shop\/dji-hobby-kameraequipment\/dji-mic-mini\/\" \/>\n<meta property=\"og:locale\" content=\"de_DE\" \/>\n<meta property=\"og:type\" content=\"article\" \/>\n<meta property=\"og:title\" content=\"DJI Mic Mini (1x Sender + 1x Empf\u00e4nger)\" \/>\n<meta property=\"og:description\" content=\"DJI Mic Mini Funkmikrofon Set inkl. Ladecase, Sender u. Windschutz. Funkmikrofon von DJI mit hoher Reichweite und Mikrofon mit langer Laufzeit\" \/>\n<meta property=\"og:url\" content=\"https:\/\/copterpro.de\/shop\/dji-hobby-kameraequipment\/dji-mic-mini\/\" \/>\n<meta property=\"og:site_name\" content=\"Copter Pro\" \/>\n<meta property=\"article:publisher\" content=\"https:\/\/www.facebook.com\/copterprogmbh\" \/>\n<meta property=\"article:modified_time\" content=\"2026-04-01T06:32:49+00:00\" \/>\n<meta property=\"og:image\" content=\"https:\/\/copterpro.de\/shop\/wp-content\/uploads\/2025\/03\/Mic-Mini-1-1.webp\" \/>\n\t<meta property=\"og:image:width\" content=\"1080\" \/>\n\t<meta property=\"og:image:height\" content=\"1080\" \/>\n\t<meta property=\"og:image:type\" content=\"image\/webp\" \/>\n<meta name=\"twitter:card\" content=\"summary_large_image\" \/>\n<meta name=\"twitter:label1\" content=\"Gesch\u00e4tzte Lesezeit\" \/>\n\t<meta name=\"twitter:data1\" content=\"4\u00a0Minuten\" \/>\n<script type=\"application\/ld+json\" class=\"yoast-schema-graph\">{\"@context\":\"https:\\\/\\\/schema.org\",\"@graph\":[{\"@type\":\"WebPage\",\"@id\":\"https:\\\/\\\/copterpro.de\\\/shop\\\/dji-hobby-kameraequipment\\\/dji-mic-mini\\\/\",\"url\":\"https:\\\/\\\/copterpro.de\\\/shop\\\/dji-hobby-kameraequipment\\\/dji-mic-mini\\\/\",\"name\":\"DJI Mic Mini (1x Sender + 1x Empf\u00e4nger)\",\"isPartOf\":{\"@id\":\"https:\\\/\\\/copterpro.de\\\/shop\\\/#website\"},\"primaryImageOfPage\":{\"@id\":\"https:\\\/\\\/copterpro.de\\\/shop\\\/dji-hobby-kameraequipment\\\/dji-mic-mini\\\/#primaryimage\"},\"image\":{\"@id\":\"https:\\\/\\\/copterpro.de\\\/shop\\\/dji-hobby-kameraequipment\\\/dji-mic-mini\\\/#primaryimage\"},\"thumbnailUrl\":\"https:\\\/\\\/copterpro.de\\\/shop\\\/wp-content\\\/uploads\\\/2025\\\/03\\\/Mic-Mini-1-1.webp\",\"datePublished\":\"2025-01-23T09:33:54+00:00\",\"dateModified\":\"2026-04-01T06:32:49+00:00\",\"description\":\"DJI Mic Mini Funkmikrofon Set inkl. Ladecase, Sender u. Windschutz. Funkmikrofon von DJI mit hoher Reichweite und Mikrofon mit langer Laufzeit\",\"breadcrumb\":{\"@id\":\"https:\\\/\\\/copterpro.de\\\/shop\\\/dji-hobby-kameraequipment\\\/dji-mic-mini\\\/#breadcrumb\"},\"inLanguage\":\"de\",\"potentialAction\":[{\"@type\":\"ReadAction\",\"target\":[\"https:\\\/\\\/copterpro.de\\\/shop\\\/dji-hobby-kameraequipment\\\/dji-mic-mini\\\/\"]}]},{\"@type\":\"ImageObject\",\"inLanguage\":\"de\",\"@id\":\"https:\\\/\\\/copterpro.de\\\/shop\\\/dji-hobby-kameraequipment\\\/dji-mic-mini\\\/#primaryimage\",\"url\":\"https:\\\/\\\/copterpro.de\\\/shop\\\/wp-content\\\/uploads\\\/2025\\\/03\\\/Mic-Mini-1-1.webp\",\"contentUrl\":\"https:\\\/\\\/copterpro.de\\\/shop\\\/wp-content\\\/uploads\\\/2025\\\/03\\\/Mic-Mini-1-1.webp\",\"width\":1080,\"height\":1080,\"caption\":\"DJI Mic Mini (1x Sender + 1x Empf\u00e4nger)\"},{\"@type\":\"BreadcrumbList\",\"@id\":\"https:\\\/\\\/copterpro.de\\\/shop\\\/dji-hobby-kameraequipment\\\/dji-mic-mini\\\/#breadcrumb\",\"itemListElement\":[{\"@type\":\"ListItem\",\"position\":1,\"name\":\"Startseite\",\"item\":\"https:\\\/\\\/copterpro.de\\\/shop\\\/\"},{\"@type\":\"ListItem\",\"position\":2,\"name\":\"Shop\",\"item\":\"https:\\\/\\\/copterpro.de\\\/shop\\\/shop\\\/\"},{\"@type\":\"ListItem\",\"position\":3,\"name\":\"DJI Mic Mini (1x Sender + 1x Empf\u00e4nger)\"}]},{\"@type\":\"WebSite\",\"@id\":\"https:\\\/\\\/copterpro.de\\\/shop\\\/#website\",\"url\":\"https:\\\/\\\/copterpro.de\\\/shop\\\/\",\"name\":\"Copter Pro\",\"description\":\"\",\"publisher\":{\"@id\":\"https:\\\/\\\/copterpro.de\\\/shop\\\/#organization\"},\"potentialAction\":[{\"@type\":\"SearchAction\",\"target\":{\"@type\":\"EntryPoint\",\"urlTemplate\":\"https:\\\/\\\/copterpro.de\\\/shop\\\/?s={search_term_string}\"},\"query-input\":{\"@type\":\"PropertyValueSpecification\",\"valueRequired\":true,\"valueName\":\"search_term_string\"}}],\"inLanguage\":\"de\"},{\"@type\":\"Organization\",\"@id\":\"https:\\\/\\\/copterpro.de\\\/shop\\\/#organization\",\"name\":\"Copter Pro\",\"url\":\"https:\\\/\\\/copterpro.de\\\/shop\\\/\",\"logo\":{\"@type\":\"ImageObject\",\"inLanguage\":\"de\",\"@id\":\"https:\\\/\\\/copterpro.de\\\/shop\\\/#\\\/schema\\\/logo\\\/image\\\/\",\"url\":\"https:\\\/\\\/copterpro.de\\\/shop\\\/wp-content\\\/uploads\\\/2025\\\/04\\\/copterpro.svg\",\"contentUrl\":\"https:\\\/\\\/copterpro.de\\\/shop\\\/wp-content\\\/uploads\\\/2025\\\/04\\\/copterpro.svg\",\"caption\":\"Copter Pro\"},\"image\":{\"@id\":\"https:\\\/\\\/copterpro.de\\\/shop\\\/#\\\/schema\\\/logo\\\/image\\\/\"},\"sameAs\":[\"https:\\\/\\\/www.facebook.com\\\/copterprogmbh\"]}]}<\/script>\n<!-- \/ Yoast SEO plugin. -->","yoast_head_json":{"title":"DJI Mic Mini (1x Sender + 1x Empf\u00e4nger)","description":"DJI Mic Mini Funkmikrofon Set inkl. Ladecase, Sender u. Windschutz. Funkmikrofon von DJI mit hoher Reichweite und Mikrofon mit langer Laufzeit","robots":{"index":"index","follow":"follow","max-snippet":"max-snippet:-1","max-image-preview":"max-image-preview:large","max-video-preview":"max-video-preview:-1"},"canonical":"https:\/\/copterpro.de\/shop\/dji-hobby-kameraequipment\/dji-mic-mini\/","og_locale":"de_DE","og_type":"article","og_title":"DJI Mic Mini (1x Sender + 1x Empf\u00e4nger)","og_description":"DJI Mic Mini Funkmikrofon Set inkl. Ladecase, Sender u. Windschutz. Funkmikrofon von DJI mit hoher Reichweite und Mikrofon mit langer Laufzeit","og_url":"https:\/\/copterpro.de\/shop\/dji-hobby-kameraequipment\/dji-mic-mini\/","og_site_name":"Copter Pro","article_publisher":"https:\/\/www.facebook.com\/copterprogmbh","article_modified_time":"2026-04-01T06:32:49+00:00","og_image":[{"width":1080,"height":1080,"url":"https:\/\/copterpro.de\/shop\/wp-content\/uploads\/2025\/03\/Mic-Mini-1-1.webp","type":"image\/webp"}],"twitter_card":"summary_large_image","twitter_misc":{"Gesch\u00e4tzte Lesezeit":"4\u00a0Minuten"},"schema":{"@context":"https:\/\/schema.org","@graph":[{"@type":"WebPage","@id":"https:\/\/copterpro.de\/shop\/dji-hobby-kameraequipment\/dji-mic-mini\/","url":"https:\/\/copterpro.de\/shop\/dji-hobby-kameraequipment\/dji-mic-mini\/","name":"DJI Mic Mini (1x Sender + 1x Empf\u00e4nger)","isPartOf":{"@id":"https:\/\/copterpro.de\/shop\/#website"},"primaryImageOfPage":{"@id":"https:\/\/copterpro.de\/shop\/dji-hobby-kameraequipment\/dji-mic-mini\/#primaryimage"},"image":{"@id":"https:\/\/copterpro.de\/shop\/dji-hobby-kameraequipment\/dji-mic-mini\/#primaryimage"},"thumbnailUrl":"https:\/\/copterpro.de\/shop\/wp-content\/uploads\/2025\/03\/Mic-Mini-1-1.webp","datePublished":"2025-01-23T09:33:54+00:00","dateModified":"2026-04-01T06:32:49+00:00","description":"DJI Mic Mini Funkmikrofon Set inkl. Ladecase, Sender u. Windschutz. Funkmikrofon von DJI mit hoher Reichweite und Mikrofon mit langer Laufzeit","breadcrumb":{"@id":"https:\/\/copterpro.de\/shop\/dji-hobby-kameraequipment\/dji-mic-mini\/#breadcrumb"},"inLanguage":"de","potentialAction":[{"@type":"ReadAction","target":["https:\/\/copterpro.de\/shop\/dji-hobby-kameraequipment\/dji-mic-mini\/"]}]},{"@type":"ImageObject","inLanguage":"de","@id":"https:\/\/copterpro.de\/shop\/dji-hobby-kameraequipment\/dji-mic-mini\/#primaryimage","url":"https:\/\/copterpro.de\/shop\/wp-content\/uploads\/2025\/03\/Mic-Mini-1-1.webp","contentUrl":"https:\/\/copterpro.de\/shop\/wp-content\/uploads\/2025\/03\/Mic-Mini-1-1.webp","width":1080,"height":1080,"caption":"DJI Mic Mini (1x Sender + 1x Empf\u00e4nger)"},{"@type":"BreadcrumbList","@id":"https:\/\/copterpro.de\/shop\/dji-hobby-kameraequipment\/dji-mic-mini\/#breadcrumb","itemListElement":[{"@type":"ListItem","position":1,"name":"Startseite","item":"https:\/\/copterpro.de\/shop\/"},{"@type":"ListItem","position":2,"name":"Shop","item":"https:\/\/copterpro.de\/shop\/shop\/"},{"@type":"ListItem","position":3,"name":"DJI Mic Mini (1x Sender + 1x Empf\u00e4nger)"}]},{"@type":"WebSite","@id":"https:\/\/copterpro.de\/shop\/#website","url":"https:\/\/copterpro.de\/shop\/","name":"Copter Pro","description":"","publisher":{"@id":"https:\/\/copterpro.de\/shop\/#organization"},"potentialAction":[{"@type":"SearchAction","target":{"@type":"EntryPoint","urlTemplate":"https:\/\/copterpro.de\/shop\/?s={search_term_string}"},"query-input":{"@type":"PropertyValueSpecification","valueRequired":true,"valueName":"search_term_string"}}],"inLanguage":"de"},{"@type":"Organization","@id":"https:\/\/copterpro.de\/shop\/#organization","name":"Copter Pro","url":"https:\/\/copterpro.de\/shop\/","logo":{"@type":"ImageObject","inLanguage":"de","@id":"https:\/\/copterpro.de\/shop\/#\/schema\/logo\/image\/","url":"https:\/\/copterpro.de\/shop\/wp-content\/uploads\/2025\/04\/copterpro.svg","contentUrl":"https:\/\/copterpro.de\/shop\/wp-content\/uploads\/2025\/04\/copterpro.svg","caption":"Copter Pro"},"image":{"@id":"https:\/\/copterpro.de\/shop\/#\/schema\/logo\/image\/"},"sameAs":["https:\/\/www.facebook.com\/copterprogmbh"]}]}},"_links":{"self":[{"href":"https:\/\/copterpro.de\/shop\/wp-json\/wp\/v2\/product\/13489","targetHints":{"allow":["GET"]}}],"collection":[{"href":"https:\/\/copterpro.de\/shop\/wp-json\/wp\/v2\/product"}],"about":[{"href":"https:\/\/copterpro.de\/shop\/wp-json\/wp\/v2\/types\/product"}],"wp:featuredmedia":[{"embeddable":true,"href":"https:\/\/copterpro.de\/shop\/wp-json\/wp\/v2\/media\/13571"}],"wp:attachment":[{"href":"https:\/\/copterpro.de\/shop\/wp-json\/wp\/v2\/media?parent=13489"}],"wp:term":[{"taxonomy":"product_brand","embeddable":true,"href":"https:\/\/copterpro.de\/shop\/wp-json\/wp\/v2\/product_brand?post=13489"},{"taxonomy":"product_cat","embeddable":true,"href":"https:\/\/copterpro.de\/shop\/wp-json\/wp\/v2\/product_cat?post=13489"},{"taxonomy":"product_tag","embeddable":true,"href":"https:\/\/copterpro.de\/shop\/wp-json\/wp\/v2\/product_tag?post=13489"}],"curies":[{"name":"wp","href":"https:\/\/api.w.org\/{rel}","templated":true}]}}