{"id":13495,"date":"2025-01-23T10:52:51","date_gmt":"2025-01-23T09:52:51","guid":{"rendered":"https:\/\/shop.copterpro.de\/?post_type=product&#038;p=13495"},"modified":"2026-03-20T13:02:09","modified_gmt":"2026-03-20T12:02:09","slug":"osmo-pocket-3-kreativ-combo","status":"publish","type":"product","link":"https:\/\/copterpro.de\/shop\/dji-hobby-kameraequipment\/osmo-pocket-3-kreativ-combo\/","title":{"rendered":"Osmo Pocket 3 Kreativ Combo"},"content":{"rendered":"<p><strong>Osmo Pocket 3<\/strong><\/p>\n<p><strong>F\u00fcr bewegte Momente<\/strong><\/p>\n<p><strong>1&#8243; CMOS Gimbal-Kompaktkamera<\/strong><br \/>\nDie brandneue Pocket 3 verf\u00fcgt \u00fcber einen leistungsstarken 1-Zoll-CMOS-Sensor, der jederzeit detailreiche Bilder erm\u00f6glicht. Mit einem drehbaren 2-Zoll-Touchscreen und Vollpixel-Schnellfokus kannst du dank pr\u00e4ziserer Wahrnehmung und Steuerung horizontale oder vertikale Aufnahmen machen. 4K\/120 fps, mechanische 3-Achsen-Stabilisierung und eine Vielzahl intelligenter Funktionen machen die Pocket 3 bereit f\u00fcr jede Bewegung.<\/p>\n<p><strong>Endlose Details in Licht und Schatten<\/strong><\/p>\n<p><strong>Authentische Farben in mehr Szenarien<\/strong><br \/>\nDer 1-Zoll-CMOS-Sensor erfasst klare Highlight-Schattendetails und liefert auch bei schlechten Lichtverh\u00e4ltnissen beeindruckende Aufnahmen. Mit 4K\/120 fps kannst du jeden atemberaubenden Moment in Zeitlupe genie\u00dfen.<br \/>\n10-Bit D-Log M und HLG \u2013 nimm Landschaften mit professioneller Farbflexibilit\u00e4t auf und erziele lebensechte Farben und ein visuelles Erlebnis im gesamten Spektrum.<br \/>\n<strong><br \/>\nNat\u00fcrliche Hautt\u00f6ne &#8211; Stehle das Rampenlicht<\/strong><br \/>\nDie direkte Ausgabe mit einem klaren und strahlenden Teint erm\u00f6glicht gleichbleibend ausgezeichnete Ergebnisse.<br \/>\nMit Glamour-Effekte 2.0 und personalisierten Beauty-Optionen siehst du immer gut aus.<\/p>\n<p><strong>Schnelle, stabile und pr\u00e4zise Aufnahmen &#8211; Jeden Moment sch\u00fcttelfrei erfassen<\/strong><br \/>\nVon Familienaufnahmen bis hin zu den Abenteuern deiner Haustiere \u2013 der Vollpixel-Schnellfokus fokussiert sich mit atemberaubender Genauigkeit auf ein schwimmendes Kind oder einen verspielten Welpen.<br \/>\nMit der mechanischen 3-Achsen-Gimbal-Stabilisierung bleibt die Kameraansicht auch bei dynamischen Bewegungen stabil.<br \/>\nDas agile Design im Taschenformat erm\u00f6glicht eine ultrabequeme Inhaltserstellung unterwegs.<\/p>\n<p><strong>Sorgenfreie Erstellung von Inhalten &#8211; Lebendige und innovative Optionen<\/strong><br \/>\nDer drehbare 2-Zoll-Touchscreen erm\u00f6glicht einen Schnellwechsel zwischen horizontaler und vertikaler Aufnahme. Nur eine kurze Drehung, schon bist du bereit. ActiveTrack 6.0 bietet mehrere Folgemodi, mit denen du mit nur einer Hand fl\u00fcssiges Filmmaterial in Kinoqualit\u00e4t erstellen kannst. Stereoaufnahmen und die direkte Verbindung zu zwei DJI Mic 2 Sendern sorgen f\u00fcr kristallklaren Klang und m\u00fchelose Inhaltserstellung.<\/p>\n<p><strong>Kamerasystem<\/strong><\/p>\n<p><strong>Kompaktes Design, beeindruckende Ergebnisse<\/strong><\/p>\n<p><strong>Das ist ein 1-Zoll-Sensor<\/strong><br \/>\nDer leistungsstarke 1-Zoll-CMOS-Sensor der Pocket 3 erfasst klare Highlight-Schattendetails. Seine \u00fcberlegene optische Leistung erm\u00f6glicht eine erhebliche Steigerung der Bildqualit\u00e4t und bietet auch bei schlechten Lichtverh\u00e4ltnissen zuverl\u00e4ssige Leistung.<\/p>\n<p><strong>Werde mit 4K\/120 fps zum Zeitlupen-Profi<\/strong><br \/>\nFilme in 4K\/120 fps, um Erlebnisse in dynamischen, unglaublich fl\u00fcssigen Details aufzunehmen, und sieh dir jeden atemberaubenden Moment in Zeitlupe an.<\/p>\n<p><strong>Beeindruckende Nachtaufnahmen<\/strong><br \/>\nDurch die spezielle Optimierung der Bildqualit\u00e4t erwecken die Nachtaufnahmen der Pocket 3 Szenen mit schlechten Lichtverh\u00e4ltnissen durch klare Details und authentische Farben zum Leben.<\/p>\n<p><strong>Nat\u00fcrliche Ausstrahlung<\/strong><br \/>\nDie Pocket 3 passt die Belichtung an verschiedene Hautt\u00f6ne an, um eine direkte Ausgabe mit einem klaren und strahlenden Teint zu erzielen. Sei bereit, immer das Rampenlicht zu stehlen, wenn du mit im Bild bist.<\/p>\n<p><strong>Erobere die Natur in all ihrer Pracht<\/strong><br \/>\nDie 10-Bit D-Log M- und 10-Bit HLG-Farbmodi zeichnen Landschaften mit hohem Dynamikumfang auf und pr\u00e4sentieren pr\u00e4zise und feine Farben mit klaren und lebendigen Details.<\/p>\n<p><strong>10-Bit D-Log M<\/strong><br \/>\nDer 10-Bit D-Log M-Farbmodus kann bis zu eine Milliarde Farben aufnehmen, und der ultrahohe Dynamikumfang sorgt in jeder Aufnahme f\u00fcr umfangreiche Details. Ob in kontrastreichen Szenarien wie Sonnenauf- und -unterg\u00e4ngen oder in farbreichen Szenarien wie \u00fcppigen G\u00e4rten bietet es nat\u00fcrliche und feine Farbabstufungen f\u00fcr ein visuelles Erlebnis im gesamten Spektrum.<\/p>\n<p><strong>HLG HDR<\/strong><br \/>\nDie Pocket 3 unterst\u00fctzt 10-Bit HLG-Videoaufnahmen und erm\u00f6glicht so einen h\u00f6heren Dynamikumfang direkt auf HDR-f\u00e4higen Ger\u00e4ten. Ob mit Blick auf einen Himmel voller rosaroter Wolken oder auf ein klares blaues Meer.<\/p>\n<p><strong>Taschengr\u00f6\u00dfe und bereit f\u00fcr Abenteuer<\/strong><br \/>\nDie Pocket 3 ist kompakt und flexibel, passt leicht in deine Hand oder Hosentasche und sorgt daf\u00fcr, dass du f\u00fcr die Momente bereit bist, die es wert sind, aufgenommen zu werden.<\/p>\n<p><strong>Intelligente Funktionen<\/strong><\/p>\n<p>Ein gro\u00dfe neue Wendung<\/p>\n<p><strong>Drehbarer 2-Zoll-Bildschirm<\/strong><br \/>\nMit dem 2-Zoll-OLED Vollfarb-Touchscreen bietet die Pocket 3 jederzeit lebendige Bilder und m\u00fchelose Kontrolle. Drehe, um mit der Aufnahme zu beginnen, oder tippe einfach, um auf Parametereinstellungen und andere Funktionen zuzugreifen.<\/p>\n<p><strong>Konzentriere dich auf das, was du liebst<\/strong><br \/>\nMit dem Vollpixel-Schnellfokus der Pocket 3 kannst du selbst deine am schnellsten bewegten Motive m\u00fchelos scharf fokussieren. Es gibt auch einen neuen Product-Showcase-Modus, der den Vordergrund priorisiert und sich schnell und fl\u00fcssig auf ein Motiv fokussieren kann \u2013 ideal f\u00fcr Livestreams und Produktpr\u00e4sentationen.<\/p>\n<p><strong>Bereit f\u00fcr Stabilit\u00e4t<\/strong><br \/>\nFl\u00fcssiges Filmmaterial war noch nie so leicht. Mit der mechanischen 3-Achsen-Stabilisierung bleibt die Kameraansicht auch w\u00e4hrend dynamischer Kamerabewegungen stabil. W\u00e4hle aus mehreren Stabilisierungsstufen, von einer ultra-reaktionsf\u00e4higen Standardstufe bis hin zu noch h\u00f6heren Stufen, die auch intensiveres Sch\u00fctteln bew\u00e4ltigen k\u00f6nnen.<\/p>\n<p><strong>Sei der Star<\/strong><br \/>\nActiveTrack 6.0 bietet mehrere Folgemodi, darunter die automatische Gesichtserkennung und dynamische Bildausschnitte, sodass du mit nur einer Hand fl\u00fcssiges Filmmaterial in Kinoqualit\u00e4t erstellen kannst.<\/p>\n<p><strong>Automatische Gesichtserkennung<\/strong><br \/>\nBleibe immer im Fokus. Verfolgte Motive werden fest in der Mitte des Rahmens gehalten, w\u00e4hrend sich die Kameraansicht stabil und reibungslos bewegt.<\/p>\n<p><strong>Dynamische Bildausschnitte<\/strong><br \/>\nEpische Aufnahmen beginnen mit gro\u00dfartiger Komposition. Mit der integrierten Komposition auf Basis der goldenen Spirale kann die professionelle Kamerabewegung das Motiv fixieren, um \u00e4sthetischeres Filmmaterial aufzunehmen.<\/p>\n<p><strong>Basismodus<\/strong><br \/>\nNeu verbesserte Stabilit\u00e4t. Tippe doppelt auf ein Objekt, um eine grundlegende Verfolgung auszul\u00f6sen. Selbst bei lockerem Halten und Kamerabewegungen bleibt das verfolgte Objekt jederzeit in der Mitte des Rahmens.<\/p>\n<p><strong>Echter Raumklang<\/strong><br \/>\nDie Pocket 3 verf\u00fcgt \u00fcber drei integrierte Mikrofone, die Windger\u00e4usche effektiv reduzieren und omnidirektionale Stereot\u00f6ne aufzeichnen k\u00f6nnen. Selbst in lauten Umgebungen wie Konzerten werden Klangquellen pr\u00e4zise identifiziert, um intensivere Aufnahmen zu erstellen. Zudem wird das USB-Audioprotokoll unterst\u00fctzt, das schnelle Verbindungen zu externen Mikrofonen und eine Tonkontrolle \u00fcber Kopfh\u00f6rer erm\u00f6glicht.<\/p>\n<p><strong>Kompatibel mit DJI Mic 2, Aufzeichnung durch zwei Personen<\/strong><br \/>\nMit dem integrierten Wi-Fi- und Bluetooth-Modul kann die Pocket 3 direkt mit zwei DJI Mic 2 Sendern verbunden werden, sodass du eine ultraklare Aufzeichnung f\u00fcr Vlogs, Interviews, Livestreams und mehr erh\u00e4ltst.<\/p>\n<p><strong>Immer gl\u00e4nzen mit Glamour-Effekten<\/strong><br \/>\nGlamour-Effekte 2.0 bietet personalisierte Beauty-Optionen. Aktiviere die Funktion auf dem drehbaren Touchscreen und lade Materialien f\u00fcr die automatische Versch\u00f6nerung \u00fcber die DJI Mimo App herunter. Finde mit jedem Schuss den perfekten Winkel.<\/p>\n<p><strong>Schneller Ladevorgang, lange Akkulaufzeit<\/strong><br \/>\nDie Pocket 3 kann in nur 16 Minuten zu 80 % aufgeladen werden und erm\u00f6glicht so bis zu zwei Stunden Aufnahmezeit. Wenn das Ger\u00e4t vollst\u00e4ndig aufgeladen ist, kann es bis zu 116 Minuten Filmmaterial in 4K\/60 fps oder bis zu 166 Minuten in 1080p\/24 fps aufnehmen, sodass du mehr Zeit hast, die Aufnahmen zu erhalten, die du lieben wirst.<\/p>\n<ul>\n<li>16 Minuten \/ 80 % Aufladen \/ 3x Schnellere Ladegeschwindigkeit*<\/li>\n<li>166 Minuten \/ Ultralange Akkulaufzeit \/ 26 Minuten Steigerung der Akkulaufzeit*<\/li>\n<\/ul>\n<p>* Im Vergleich zur vorherigen Generation (DJI Pocket 2)<\/p>\n<p><strong>M\u00fchelose Lagerung mit automatischen Achsensperren<\/strong><br \/>\nNach dem Ausschalten der Pocket 3 rastet der Gimbal automatisch in der Lagerposition ein, sodass er gesch\u00fctzt wird und bereit f\u00fcr dein n\u00e4chstes Abenteuer bleibt.<\/p>\n<p><strong>Kreative Tools &#8211; Lass dich inspirieren, entfessele deine Fantasie<\/strong><\/p>\n<p><strong>Neue Ideen, endlose M\u00f6glichkeiten<\/strong><br \/>\nDie Pocket 3 ist vollgepackt mit kreativen Modi und Funktionen, um deine Inspiration mit voller Kraft am Laufen zu halten. Sie unterst\u00fctzt SpinShot, Motionlapse, digitalen Zoom, Panorama und vieles mehr, alles nur wenige Taps entfernt.<\/p>\n<p><strong>SpinShot<\/strong><br \/>\nErhalte auch mit einer Hand fl\u00fcssige 180\u00b0-Kamerabewegungen.<\/p>\n<p><strong>Motionlapse<\/strong><br \/>\nVon Sonnenaufg\u00e4ngen bis hin zum Stadtverkehr \u2013 halte den wundersch\u00f6nen und surrealen Fluss der Zeit fest.<\/p>\n<p><strong>Digitaler Zoom<\/strong><br \/>\nDer bis zu vierfache digitale Zoom erm\u00f6glicht es dir, bei jeder Aufnahme n\u00e4her ans Motiv zu r\u00fccken.<\/p>\n<p><strong>Panorama<\/strong><br \/>\nVerleihe weiten Landschaften und Szenen die Details, die sie verdienen.<\/p>\n<p><strong>Ein kreativer Begleiter f\u00fcr jeden Anlass<\/strong><br \/>\nEgal, ob du sie f\u00fcr Livestreams oder als Webcam verwendest, die Pocket 3 bietet flexible Funktionen, die sie zu einem vielseitigen und praktischen Werkzeug machen. Eine integrierte Zeitcode-Funktion erm\u00f6glicht sogar eine effiziente Nachbearbeitung in professionelleren Bearbeitungsszenarien.<\/p>\n<p><strong>Livestream<\/strong><br \/>\nDie Pocket 3 unterst\u00fctzt hochaufl\u00f6sende Livestreams.<\/p>\n<p><strong>Webcam<\/strong><br \/>\nVerwende die Pocket 3 f\u00fcr Online-Meetings, Videochats und andere Szenarien, um eine stabile Ansicht und ultraklare Tonaufnahmen zu erhalten.<\/p>\n<p><strong>Zeitcode<\/strong><br \/>\nVerwende diese Funktion nach der Aufnahme mit mehreren Kameras, um Filmmaterial zwischen verschiedenen Kameras effizient zu synchronisieren.<\/p>\n<p><strong>LightCut<\/strong><br \/>\nDie LightCut App unterst\u00fctzt eine kabellose Verbindung und die One-Tap-Bearbeitungsfunktion f\u00fcr eine m\u00fchelose Inhaltserstellung. Sie kann deine Aufnahmen intelligent mit exklusiven Vorlagen kombinieren, um epische Videos zu generieren, die es dir leicht machen, ganz einfach jeden Moment zu dokumentieren.<br \/>\nDu musst das Filmmaterial w\u00e4hrend des Vorgangs nicht einmal herunterladen und kannst so Speicherplatz auf deinem Smartphone einsparen.<\/p>\n<p><strong>Einfache Nachbearbeitung<\/strong><br \/>\nLightCut verwendet intelligente KI-Erkennung, um Highlight-Momente aus deinem Filmmaterial auszuw\u00e4hlen und sofort 4K-Videos zu generieren, die zum Teilen bereit sind.<\/p>\n<p><strong>Verschiedene Videovorlagen<\/strong><br \/>\nW\u00e4hle aus einer Vielzahl von Vorlagen f\u00fcr Vlogs, Reisen, Partys, Familienaktivit\u00e4ten, Haustiere, Lebensmittel, dein t\u00e4gliches Leben und mehr. Nutze die einfache Bearbeitung und genie\u00dfe in Sekundenschnelle Inhalte in Kinoqualit\u00e4t.<\/p>\n<p><strong>Zubeh\u00f6r, das die Fantasie entfesselt<\/strong><\/p>\n<p><strong>Osmo Pocket 3 Black-Mist Filter<\/strong><br \/>\nDer Black-Mist Filter l\u00e4sst sich dank Magnetdesign leicht befestigen. Er kann Highlight-Lichter kontrollieren und Hautt\u00f6ne weicher machen, um dir einen einzigartigen und faszinierenden Look zu verleihen.<\/p>\n<p><strong>Osmo Pocket 3 Weitwinkelobjektiv<\/strong><br \/>\nBefestige das Weitwinkelobjektiv, um das Sichtfeld auf 108\u00b0 zu erweitern und mit jedem Bild mehr aufzunehmen. Dank Magnetdesign kannst du es schnell und bequem befestigen und abnehmen.<\/p>\n<p><strong>Osmo Mini-Stativ<\/strong><br \/>\nDas Mini-Stativ ist flexibel, handlich und mit einer 1\/4&#8243;-20-Erweiterungsschraube ausgestattet.<\/p>\n<p><strong>Osmo Pocket 3 Akkugriff<\/strong><br \/>\nDer Akkugriff verf\u00fcgt \u00fcber einen integrierten Akku mit 950 mAh, der die Akkulaufzeit um ca. 62 % verl\u00e4ngern kann, wenn er an die Pocket 3 angeschlossen wird. Er unterst\u00fctzt Hot-Swapping und verf\u00fcgt \u00fcber einen USB-C-Anschluss, der zum Anschluss externer Audioger\u00e4te verwendet werden kann. \u00dcber das 1\/4&#8243;-Gewinde an seiner Unterseite kann Zubeh\u00f6r wie ein Stativ angeschlossen werden.<\/p>\n<p><strong>DJI Mic 2 Sender<\/strong><br \/>\nDer DJI Mic 2 Sender sorgt f\u00fcr eine klare T\u00f6ne, um eine professionelle Audioqualit\u00e4t zu erzielen. Ein Sender hat eine Akkulaufzeit von sechs Stunden und verf\u00fcgt \u00fcber 8 GB internen Speicher, der bis zu 14 Stunden Audio mit 48 kHz und 24 Bit ohne Komprimierung speichern kann.<\/p>\n<p><strong>Osmo Pocket 3 Magnetisches ND-Filterset<\/strong><br \/>\nDas magnetische ND-Filterset enth\u00e4lt ND16-, ND64- und ND256-Filter. Das magnetische Design erleichtert das Befestigen und Abnehmen.<\/p>\n<p><strong>Osmo Pocket 3 Erweiterungsadapter<\/strong><br \/>\nDer Erweiterungsadapter kann erweitert werden, um einen Zubeh\u00f6rschuh und einen Action-Kamera-Anschluss zu befestigen.<\/p>\n<p><strong>Osmo Pocket 3 Tragetasche<\/strong><br \/>\nDie Tragetasche wurde speziell f\u00fcr die Kreativ Combo entwickelt und sorgt f\u00fcr eine komfortable Aufbewahrung deines Ger\u00e4ts und Zubeh\u00f6rs.<\/p>\n<p>&nbsp;<\/p>\n","protected":false},"excerpt":{"rendered":"<p><strong>Lieferumfang:<\/strong><br \/>\n1x Osmo\u00a0Pocket\u00a03<br \/>\n1x USB-C auf USB-C PD-Kabel<br \/>\n1x Osmo\u00a0Pocket\u00a03 Schutzh\u00fclle<br \/>\n1x DJI\u00a0Armband<br \/>\n1x Osmo\u00a0Pocket\u00a03 Griff mit 1\/4&#8243;\u00a0Gewinde<br \/>\n1x Osmo\u00a0Pocket\u00a03 Weitwinkelobjektiv<br \/>\n1x DJI\u00a0Mic\u00a02 Sender (Schattenschwarz)<br \/>\n1x DJI\u00a0Mic\u00a02 Windschutz<br \/>\n1x DJI\u00a0Mic\u00a02 Clip-Magnet<br \/>\n1x Osmo\u00a0Pocket\u00a03 Akkugriff<br \/>\n1x Osmo Mini-Stativ<br \/>\n1x Osmo\u00a0Pocket\u00a03 Tragetasche<br \/>\n1x Kurzanleitung<br \/>\n1x Haftungsausschluss<br \/>\n1x Garantiekarte<\/p>\n","protected":false},"featured_media":13576,"template":"","meta":{"_acf_changed":false,"_iconic_wsb_product_page_order_bump_ids":[[14560]],"_sku":["CP00011-1-1"],"_iconic_wsb_product_page_bump_modal_ids":[[14560]]},"product_brand":[],"product_cat":[40],"product_tag":[],"class_list":{"0":"post-13495","1":"product","2":"type-product","3":"status-publish","4":"has-post-thumbnail","6":"product_cat-dji-hobby-kameraequipment","8":"first","9":"outofstock","10":"sale","11":"taxable","12":"shipping-taxable","13":"purchasable","14":"product-type-simple"},"acf":[],"yoast_head":"<!-- This site is optimized with the Yoast SEO plugin v27.3 - https:\/\/yoast.com\/product\/yoast-seo-wordpress\/ -->\n<title>Osmo Pocket 3 Kreativ Combo<\/title>\n<meta name=\"description\" content=\"DJI Osmo Pocket 3 Kreativ Combo, vlog kamera 4K mit 1-Zoll-CMOS und 4K\/120 fps Video, 3-Achsen-Stabilisierung, digital Kamera\" \/>\n<meta name=\"robots\" content=\"index, follow, max-snippet:-1, max-image-preview:large, max-video-preview:-1\" \/>\n<link rel=\"canonical\" href=\"https:\/\/copterpro.de\/shop\/dji-hobby-kameraequipment\/osmo-pocket-3-kreativ-combo\/\" \/>\n<meta property=\"og:locale\" content=\"de_DE\" \/>\n<meta property=\"og:type\" content=\"article\" \/>\n<meta property=\"og:title\" content=\"Osmo Pocket 3 Kreativ Combo\" \/>\n<meta property=\"og:description\" content=\"DJI Osmo Pocket 3 Kreativ Combo, vlog kamera 4K mit 1-Zoll-CMOS und 4K\/120 fps Video, 3-Achsen-Stabilisierung, digital Kamera\" \/>\n<meta property=\"og:url\" content=\"https:\/\/copterpro.de\/shop\/dji-hobby-kameraequipment\/osmo-pocket-3-kreativ-combo\/\" \/>\n<meta property=\"og:site_name\" content=\"Copter Pro\" \/>\n<meta property=\"article:publisher\" content=\"https:\/\/www.facebook.com\/copterprogmbh\" \/>\n<meta property=\"article:modified_time\" content=\"2026-03-20T12:02:09+00:00\" \/>\n<meta property=\"og:image\" content=\"https:\/\/copterpro.de\/shop\/wp-content\/uploads\/2025\/03\/DJI-Osmo-Pocket-3.webp\" \/>\n\t<meta property=\"og:image:width\" content=\"1080\" \/>\n\t<meta property=\"og:image:height\" content=\"1080\" \/>\n\t<meta property=\"og:image:type\" content=\"image\/webp\" \/>\n<meta name=\"twitter:card\" content=\"summary_large_image\" \/>\n<meta name=\"twitter:label1\" content=\"Gesch\u00e4tzte Lesezeit\" \/>\n\t<meta name=\"twitter:data1\" content=\"10\u00a0Minuten\" \/>\n<script type=\"application\/ld+json\" class=\"yoast-schema-graph\">{\"@context\":\"https:\\\/\\\/schema.org\",\"@graph\":[{\"@type\":\"WebPage\",\"@id\":\"https:\\\/\\\/copterpro.de\\\/shop\\\/dji-hobby-kameraequipment\\\/osmo-pocket-3-kreativ-combo\\\/\",\"url\":\"https:\\\/\\\/copterpro.de\\\/shop\\\/dji-hobby-kameraequipment\\\/osmo-pocket-3-kreativ-combo\\\/\",\"name\":\"Osmo Pocket 3 Kreativ Combo\",\"isPartOf\":{\"@id\":\"https:\\\/\\\/copterpro.de\\\/shop\\\/#website\"},\"primaryImageOfPage\":{\"@id\":\"https:\\\/\\\/copterpro.de\\\/shop\\\/dji-hobby-kameraequipment\\\/osmo-pocket-3-kreativ-combo\\\/#primaryimage\"},\"image\":{\"@id\":\"https:\\\/\\\/copterpro.de\\\/shop\\\/dji-hobby-kameraequipment\\\/osmo-pocket-3-kreativ-combo\\\/#primaryimage\"},\"thumbnailUrl\":\"https:\\\/\\\/copterpro.de\\\/shop\\\/wp-content\\\/uploads\\\/2025\\\/03\\\/DJI-Osmo-Pocket-3.webp\",\"datePublished\":\"2025-01-23T09:52:51+00:00\",\"dateModified\":\"2026-03-20T12:02:09+00:00\",\"description\":\"DJI Osmo Pocket 3 Kreativ Combo, vlog kamera 4K mit 1-Zoll-CMOS und 4K\\\/120 fps Video, 3-Achsen-Stabilisierung, digital Kamera\",\"breadcrumb\":{\"@id\":\"https:\\\/\\\/copterpro.de\\\/shop\\\/dji-hobby-kameraequipment\\\/osmo-pocket-3-kreativ-combo\\\/#breadcrumb\"},\"inLanguage\":\"de\",\"potentialAction\":[{\"@type\":\"ReadAction\",\"target\":[\"https:\\\/\\\/copterpro.de\\\/shop\\\/dji-hobby-kameraequipment\\\/osmo-pocket-3-kreativ-combo\\\/\"]}]},{\"@type\":\"ImageObject\",\"inLanguage\":\"de\",\"@id\":\"https:\\\/\\\/copterpro.de\\\/shop\\\/dji-hobby-kameraequipment\\\/osmo-pocket-3-kreativ-combo\\\/#primaryimage\",\"url\":\"https:\\\/\\\/copterpro.de\\\/shop\\\/wp-content\\\/uploads\\\/2025\\\/03\\\/DJI-Osmo-Pocket-3.webp\",\"contentUrl\":\"https:\\\/\\\/copterpro.de\\\/shop\\\/wp-content\\\/uploads\\\/2025\\\/03\\\/DJI-Osmo-Pocket-3.webp\",\"width\":1080,\"height\":1080,\"caption\":\"Osmo Pocket 3 Kreativ Combo\"},{\"@type\":\"BreadcrumbList\",\"@id\":\"https:\\\/\\\/copterpro.de\\\/shop\\\/dji-hobby-kameraequipment\\\/osmo-pocket-3-kreativ-combo\\\/#breadcrumb\",\"itemListElement\":[{\"@type\":\"ListItem\",\"position\":1,\"name\":\"Startseite\",\"item\":\"https:\\\/\\\/copterpro.de\\\/shop\\\/\"},{\"@type\":\"ListItem\",\"position\":2,\"name\":\"Shop\",\"item\":\"https:\\\/\\\/copterpro.de\\\/shop\\\/shop\\\/\"},{\"@type\":\"ListItem\",\"position\":3,\"name\":\"Osmo Pocket 3 Kreativ Combo\"}]},{\"@type\":\"WebSite\",\"@id\":\"https:\\\/\\\/copterpro.de\\\/shop\\\/#website\",\"url\":\"https:\\\/\\\/copterpro.de\\\/shop\\\/\",\"name\":\"Copter Pro\",\"description\":\"\",\"publisher\":{\"@id\":\"https:\\\/\\\/copterpro.de\\\/shop\\\/#organization\"},\"potentialAction\":[{\"@type\":\"SearchAction\",\"target\":{\"@type\":\"EntryPoint\",\"urlTemplate\":\"https:\\\/\\\/copterpro.de\\\/shop\\\/?s={search_term_string}\"},\"query-input\":{\"@type\":\"PropertyValueSpecification\",\"valueRequired\":true,\"valueName\":\"search_term_string\"}}],\"inLanguage\":\"de\"},{\"@type\":\"Organization\",\"@id\":\"https:\\\/\\\/copterpro.de\\\/shop\\\/#organization\",\"name\":\"Copter Pro\",\"url\":\"https:\\\/\\\/copterpro.de\\\/shop\\\/\",\"logo\":{\"@type\":\"ImageObject\",\"inLanguage\":\"de\",\"@id\":\"https:\\\/\\\/copterpro.de\\\/shop\\\/#\\\/schema\\\/logo\\\/image\\\/\",\"url\":\"https:\\\/\\\/copterpro.de\\\/shop\\\/wp-content\\\/uploads\\\/2025\\\/04\\\/copterpro.svg\",\"contentUrl\":\"https:\\\/\\\/copterpro.de\\\/shop\\\/wp-content\\\/uploads\\\/2025\\\/04\\\/copterpro.svg\",\"caption\":\"Copter Pro\"},\"image\":{\"@id\":\"https:\\\/\\\/copterpro.de\\\/shop\\\/#\\\/schema\\\/logo\\\/image\\\/\"},\"sameAs\":[\"https:\\\/\\\/www.facebook.com\\\/copterprogmbh\"]}]}<\/script>\n<!-- \/ Yoast SEO plugin. -->","yoast_head_json":{"title":"Osmo Pocket 3 Kreativ Combo","description":"DJI Osmo Pocket 3 Kreativ Combo, vlog kamera 4K mit 1-Zoll-CMOS und 4K\/120 fps Video, 3-Achsen-Stabilisierung, digital Kamera","robots":{"index":"index","follow":"follow","max-snippet":"max-snippet:-1","max-image-preview":"max-image-preview:large","max-video-preview":"max-video-preview:-1"},"canonical":"https:\/\/copterpro.de\/shop\/dji-hobby-kameraequipment\/osmo-pocket-3-kreativ-combo\/","og_locale":"de_DE","og_type":"article","og_title":"Osmo Pocket 3 Kreativ Combo","og_description":"DJI Osmo Pocket 3 Kreativ Combo, vlog kamera 4K mit 1-Zoll-CMOS und 4K\/120 fps Video, 3-Achsen-Stabilisierung, digital Kamera","og_url":"https:\/\/copterpro.de\/shop\/dji-hobby-kameraequipment\/osmo-pocket-3-kreativ-combo\/","og_site_name":"Copter Pro","article_publisher":"https:\/\/www.facebook.com\/copterprogmbh","article_modified_time":"2026-03-20T12:02:09+00:00","og_image":[{"width":1080,"height":1080,"url":"https:\/\/copterpro.de\/shop\/wp-content\/uploads\/2025\/03\/DJI-Osmo-Pocket-3.webp","type":"image\/webp"}],"twitter_card":"summary_large_image","twitter_misc":{"Gesch\u00e4tzte Lesezeit":"10\u00a0Minuten"},"schema":{"@context":"https:\/\/schema.org","@graph":[{"@type":"WebPage","@id":"https:\/\/copterpro.de\/shop\/dji-hobby-kameraequipment\/osmo-pocket-3-kreativ-combo\/","url":"https:\/\/copterpro.de\/shop\/dji-hobby-kameraequipment\/osmo-pocket-3-kreativ-combo\/","name":"Osmo Pocket 3 Kreativ Combo","isPartOf":{"@id":"https:\/\/copterpro.de\/shop\/#website"},"primaryImageOfPage":{"@id":"https:\/\/copterpro.de\/shop\/dji-hobby-kameraequipment\/osmo-pocket-3-kreativ-combo\/#primaryimage"},"image":{"@id":"https:\/\/copterpro.de\/shop\/dji-hobby-kameraequipment\/osmo-pocket-3-kreativ-combo\/#primaryimage"},"thumbnailUrl":"https:\/\/copterpro.de\/shop\/wp-content\/uploads\/2025\/03\/DJI-Osmo-Pocket-3.webp","datePublished":"2025-01-23T09:52:51+00:00","dateModified":"2026-03-20T12:02:09+00:00","description":"DJI Osmo Pocket 3 Kreativ Combo, vlog kamera 4K mit 1-Zoll-CMOS und 4K\/120 fps Video, 3-Achsen-Stabilisierung, digital Kamera","breadcrumb":{"@id":"https:\/\/copterpro.de\/shop\/dji-hobby-kameraequipment\/osmo-pocket-3-kreativ-combo\/#breadcrumb"},"inLanguage":"de","potentialAction":[{"@type":"ReadAction","target":["https:\/\/copterpro.de\/shop\/dji-hobby-kameraequipment\/osmo-pocket-3-kreativ-combo\/"]}]},{"@type":"ImageObject","inLanguage":"de","@id":"https:\/\/copterpro.de\/shop\/dji-hobby-kameraequipment\/osmo-pocket-3-kreativ-combo\/#primaryimage","url":"https:\/\/copterpro.de\/shop\/wp-content\/uploads\/2025\/03\/DJI-Osmo-Pocket-3.webp","contentUrl":"https:\/\/copterpro.de\/shop\/wp-content\/uploads\/2025\/03\/DJI-Osmo-Pocket-3.webp","width":1080,"height":1080,"caption":"Osmo Pocket 3 Kreativ Combo"},{"@type":"BreadcrumbList","@id":"https:\/\/copterpro.de\/shop\/dji-hobby-kameraequipment\/osmo-pocket-3-kreativ-combo\/#breadcrumb","itemListElement":[{"@type":"ListItem","position":1,"name":"Startseite","item":"https:\/\/copterpro.de\/shop\/"},{"@type":"ListItem","position":2,"name":"Shop","item":"https:\/\/copterpro.de\/shop\/shop\/"},{"@type":"ListItem","position":3,"name":"Osmo Pocket 3 Kreativ Combo"}]},{"@type":"WebSite","@id":"https:\/\/copterpro.de\/shop\/#website","url":"https:\/\/copterpro.de\/shop\/","name":"Copter Pro","description":"","publisher":{"@id":"https:\/\/copterpro.de\/shop\/#organization"},"potentialAction":[{"@type":"SearchAction","target":{"@type":"EntryPoint","urlTemplate":"https:\/\/copterpro.de\/shop\/?s={search_term_string}"},"query-input":{"@type":"PropertyValueSpecification","valueRequired":true,"valueName":"search_term_string"}}],"inLanguage":"de"},{"@type":"Organization","@id":"https:\/\/copterpro.de\/shop\/#organization","name":"Copter Pro","url":"https:\/\/copterpro.de\/shop\/","logo":{"@type":"ImageObject","inLanguage":"de","@id":"https:\/\/copterpro.de\/shop\/#\/schema\/logo\/image\/","url":"https:\/\/copterpro.de\/shop\/wp-content\/uploads\/2025\/04\/copterpro.svg","contentUrl":"https:\/\/copterpro.de\/shop\/wp-content\/uploads\/2025\/04\/copterpro.svg","caption":"Copter Pro"},"image":{"@id":"https:\/\/copterpro.de\/shop\/#\/schema\/logo\/image\/"},"sameAs":["https:\/\/www.facebook.com\/copterprogmbh"]}]}},"_links":{"self":[{"href":"https:\/\/copterpro.de\/shop\/wp-json\/wp\/v2\/product\/13495","targetHints":{"allow":["GET"]}}],"collection":[{"href":"https:\/\/copterpro.de\/shop\/wp-json\/wp\/v2\/product"}],"about":[{"href":"https:\/\/copterpro.de\/shop\/wp-json\/wp\/v2\/types\/product"}],"wp:featuredmedia":[{"embeddable":true,"href":"https:\/\/copterpro.de\/shop\/wp-json\/wp\/v2\/media\/13576"}],"wp:attachment":[{"href":"https:\/\/copterpro.de\/shop\/wp-json\/wp\/v2\/media?parent=13495"}],"wp:term":[{"taxonomy":"product_brand","embeddable":true,"href":"https:\/\/copterpro.de\/shop\/wp-json\/wp\/v2\/product_brand?post=13495"},{"taxonomy":"product_cat","embeddable":true,"href":"https:\/\/copterpro.de\/shop\/wp-json\/wp\/v2\/product_cat?post=13495"},{"taxonomy":"product_tag","embeddable":true,"href":"https:\/\/copterpro.de\/shop\/wp-json\/wp\/v2\/product_tag?post=13495"}],"curies":[{"name":"wp","href":"https:\/\/api.w.org\/{rel}","templated":true}]}}