{"id":14400,"date":"2025-09-17T14:28:14","date_gmt":"2025-09-17T12:28:14","guid":{"rendered":"https:\/\/shop.copterpro.de\/?post_type=product&#038;p=14400"},"modified":"2026-03-22T03:43:12","modified_gmt":"2026-03-22T02:43:12","slug":"kitz-raustragekorb-einklappbar-und-geruchsneutral-2","status":"publish","type":"product","link":"https:\/\/copterpro.de\/shop\/zubehoer\/kitz-raustragekorb-einklappbar-und-geruchsneutral-2\/","title":{"rendered":"Kitz- Raustragekorb\/ Einklappbar und Geruchsneutral"},"content":{"rendered":"<h2>Kitz- Raustragekorb\/ Einklappbar und Geruchsneutral<\/h2>\n<ul>\n<li>Tragkraft von bis zu 50 kg(passend f\u00fcr ein Kitz)<\/li>\n<li>Material: Geruchsneutrales Kunststoff<\/li>\n<li>Einklappbar\/ Faltbar<\/li>\n<li>Farbe:\u00a0 Rot\/ Anthrazit<\/li>\n<li>Mit Griff- \u00d6ffnungen<\/li>\n<li>Stabil und platzsparend<\/li>\n<\/ul>\n<p>Die passende Kitzretterbox um Kitze nach dem Fund aus der Wiese zu tragen. Platzsparende, einklappbare Box f\u00fcr die Rehkitzrettung!<\/p>\n<p>&nbsp;<\/p>\n<table id=\"productDetails_techSpec_section_1\" class=\"a-keyvalue prodDetTable\" style=\"height: 341px;\" width=\"754\">\n<tbody>\n<tr>\n<th class=\"a-color-secondary a-size-base prodDetSectionEntry\">Produktabmessungen<\/th>\n<td class=\"a-size-base prodDetAttrValue\">\u200e54 x 37 x 28 cm; 1,5 Kilogramm<\/td>\n<\/tr>\n<tr>\n<th class=\"a-color-secondary a-size-base prodDetSectionEntry\">Gr\u00f6\u00dfe<\/th>\n<td class=\"a-size-base prodDetAttrValue\">\u200e1 St\u00fcck<\/td>\n<\/tr>\n<tr>\n<th class=\"a-color-secondary a-size-base prodDetSectionEntry\">Farbe<\/th>\n<td class=\"a-size-base prodDetAttrValue\">\u200eAnthrazit\/Rot<\/td>\n<\/tr>\n<tr>\n<th class=\"a-color-secondary a-size-base prodDetSectionEntry\">Stil<\/th>\n<td class=\"a-size-base prodDetAttrValue\">\u200eRobuste Klappbox, rechteckig, glatt, mit Klappdeckel in Anthrazit\/Rot<\/td>\n<\/tr>\n<tr>\n<th class=\"a-color-secondary a-size-base prodDetSectionEntry\">Material<\/th>\n<td class=\"a-size-base prodDetAttrValue\">\u200ePolypropylen<\/td>\n<\/tr>\n<tr>\n<th class=\"a-color-secondary a-size-base prodDetSectionEntry\">Form<\/th>\n<td class=\"a-size-base prodDetAttrValue\">\u200eRechteckig<\/td>\n<\/tr>\n<tr>\n<th class=\"a-color-secondary a-size-base prodDetSectionEntry\">Spezielle Eigenschaften<\/th>\n<td class=\"a-size-base prodDetAttrValue\">Faltbar<\/td>\n<\/tr>\n<tr>\n<th class=\"a-color-secondary a-size-base prodDetSectionEntry\">Artikelgewicht<\/th>\n<td class=\"a-size-base prodDetAttrValue\">1,5 Kilogramm<\/td>\n<\/tr>\n<tr>\n<th class=\"a-color-secondary a-size-base prodDetSectionEntry\"><\/th>\n<td class=\"a-size-base prodDetAttrValue\"><\/td>\n<\/tr>\n<tr>\n<th class=\"a-color-secondary a-size-base prodDetSectionEntry\"><\/th>\n<td class=\"a-size-base prodDetAttrValue\"><\/td>\n<\/tr>\n<\/tbody>\n<\/table>\n<p>&nbsp;<\/p>\n","protected":false},"excerpt":{"rendered":"<p><strong>Kitz- Raustragekorb\/ Einklappbar und Geruchsneutral<\/strong><\/p>\n<ul>\n<li>Fassungsverm\u00f6gen 32l (passend f\u00fcr ein Kitz)<\/li>\n<li>Material: Geruchsneutrales Kunststoff<\/li>\n<li>Einklappbar\/ Faltbar<\/li>\n<li>Farbe:\u00a0 Rot\/ Schwarz<\/li>\n<li>Mit Griff- \u00d6ffnungen<\/li>\n<li>Stabil und platzsparend<\/li>\n<\/ul>\n","protected":false},"featured_media":14403,"template":"","meta":{"_acf_changed":false,"_iconic_wsb_product_page_order_bump_ids":[[7506]],"_sku":[],"_iconic_wsb_product_page_bump_modal_ids":[[7506]]},"product_brand":[],"product_cat":[56],"product_tag":[],"class_list":{"0":"post-14400","1":"product","2":"type-product","3":"status-publish","4":"has-post-thumbnail","6":"product_cat-zubehoer","8":"first","9":"instock","10":"taxable","11":"shipping-taxable","12":"purchasable","13":"product-type-simple"},"acf":[],"yoast_head":"<!-- This site is optimized with the Yoast SEO plugin v27.3 - https:\/\/yoast.com\/product\/yoast-seo-wordpress\/ -->\n<title>Kitzrettungs Raustragekorb. Kiste f\u00fcr die Kitzrettung<\/title>\n<meta name=\"description\" content=\"Kitz- Raustragekorb, Einklappbar und Geruchsneutral. Die Box f\u00fcr die Rehkitzrettung mit Drohnen. Klappbare Kitzretter Box f\u00fcr Drohneneinsatz\" \/>\n<meta name=\"robots\" content=\"index, follow, max-snippet:-1, max-image-preview:large, max-video-preview:-1\" \/>\n<link rel=\"canonical\" href=\"https:\/\/copterpro.de\/shop\/zubehoer\/kitz-raustragekorb-einklappbar-und-geruchsneutral-2\/\" \/>\n<meta property=\"og:locale\" content=\"de_DE\" \/>\n<meta property=\"og:type\" content=\"article\" \/>\n<meta property=\"og:title\" content=\"Kitzrettungs Raustragekorb. Kiste f\u00fcr die Kitzrettung\" \/>\n<meta property=\"og:description\" content=\"Kitz- Raustragekorb, Einklappbar und Geruchsneutral. Die Box f\u00fcr die Rehkitzrettung mit Drohnen. Klappbare Kitzretter Box f\u00fcr Drohneneinsatz\" \/>\n<meta property=\"og:url\" content=\"https:\/\/copterpro.de\/shop\/zubehoer\/kitz-raustragekorb-einklappbar-und-geruchsneutral-2\/\" \/>\n<meta property=\"og:site_name\" content=\"Copter Pro\" \/>\n<meta property=\"article:publisher\" content=\"https:\/\/www.facebook.com\/copterprogmbh\" \/>\n<meta property=\"article:modified_time\" content=\"2026-03-22T02:43:12+00:00\" \/>\n<meta property=\"og:image\" content=\"https:\/\/copterpro.de\/shop\/wp-content\/uploads\/2025\/09\/Raustrage-Korb-3.jpg\" \/>\n\t<meta property=\"og:image:width\" content=\"1080\" \/>\n\t<meta property=\"og:image:height\" content=\"1080\" \/>\n\t<meta property=\"og:image:type\" content=\"image\/jpeg\" \/>\n<meta name=\"twitter:card\" content=\"summary_large_image\" \/>\n<meta name=\"twitter:label1\" content=\"Gesch\u00e4tzte Lesezeit\" \/>\n\t<meta name=\"twitter:data1\" content=\"1\u00a0Minute\" \/>\n<script type=\"application\/ld+json\" class=\"yoast-schema-graph\">{\"@context\":\"https:\\\/\\\/schema.org\",\"@graph\":[{\"@type\":\"WebPage\",\"@id\":\"https:\\\/\\\/copterpro.de\\\/shop\\\/zubehoer\\\/kitz-raustragekorb-einklappbar-und-geruchsneutral-2\\\/\",\"url\":\"https:\\\/\\\/copterpro.de\\\/shop\\\/zubehoer\\\/kitz-raustragekorb-einklappbar-und-geruchsneutral-2\\\/\",\"name\":\"Kitzrettungs Raustragekorb. Kiste f\u00fcr die Kitzrettung\",\"isPartOf\":{\"@id\":\"https:\\\/\\\/copterpro.de\\\/shop\\\/#website\"},\"primaryImageOfPage\":{\"@id\":\"https:\\\/\\\/copterpro.de\\\/shop\\\/zubehoer\\\/kitz-raustragekorb-einklappbar-und-geruchsneutral-2\\\/#primaryimage\"},\"image\":{\"@id\":\"https:\\\/\\\/copterpro.de\\\/shop\\\/zubehoer\\\/kitz-raustragekorb-einklappbar-und-geruchsneutral-2\\\/#primaryimage\"},\"thumbnailUrl\":\"https:\\\/\\\/copterpro.de\\\/shop\\\/wp-content\\\/uploads\\\/2025\\\/09\\\/Raustrage-Korb-3.jpg\",\"datePublished\":\"2025-09-17T12:28:14+00:00\",\"dateModified\":\"2026-03-22T02:43:12+00:00\",\"description\":\"Kitz- Raustragekorb, Einklappbar und Geruchsneutral. Die Box f\u00fcr die Rehkitzrettung mit Drohnen. Klappbare Kitzretter Box f\u00fcr Drohneneinsatz\",\"breadcrumb\":{\"@id\":\"https:\\\/\\\/copterpro.de\\\/shop\\\/zubehoer\\\/kitz-raustragekorb-einklappbar-und-geruchsneutral-2\\\/#breadcrumb\"},\"inLanguage\":\"de\",\"potentialAction\":[{\"@type\":\"ReadAction\",\"target\":[\"https:\\\/\\\/copterpro.de\\\/shop\\\/zubehoer\\\/kitz-raustragekorb-einklappbar-und-geruchsneutral-2\\\/\"]}]},{\"@type\":\"ImageObject\",\"inLanguage\":\"de\",\"@id\":\"https:\\\/\\\/copterpro.de\\\/shop\\\/zubehoer\\\/kitz-raustragekorb-einklappbar-und-geruchsneutral-2\\\/#primaryimage\",\"url\":\"https:\\\/\\\/copterpro.de\\\/shop\\\/wp-content\\\/uploads\\\/2025\\\/09\\\/Raustrage-Korb-3.jpg\",\"contentUrl\":\"https:\\\/\\\/copterpro.de\\\/shop\\\/wp-content\\\/uploads\\\/2025\\\/09\\\/Raustrage-Korb-3.jpg\",\"width\":1080,\"height\":1080,\"caption\":\"Kitzrettung Raustragekorb\"},{\"@type\":\"BreadcrumbList\",\"@id\":\"https:\\\/\\\/copterpro.de\\\/shop\\\/zubehoer\\\/kitz-raustragekorb-einklappbar-und-geruchsneutral-2\\\/#breadcrumb\",\"itemListElement\":[{\"@type\":\"ListItem\",\"position\":1,\"name\":\"Startseite\",\"item\":\"https:\\\/\\\/copterpro.de\\\/shop\\\/\"},{\"@type\":\"ListItem\",\"position\":2,\"name\":\"Shop\",\"item\":\"https:\\\/\\\/copterpro.de\\\/shop\\\/shop\\\/\"},{\"@type\":\"ListItem\",\"position\":3,\"name\":\"Kitz- Raustragekorb\\\/ Einklappbar und Geruchsneutral\"}]},{\"@type\":\"WebSite\",\"@id\":\"https:\\\/\\\/copterpro.de\\\/shop\\\/#website\",\"url\":\"https:\\\/\\\/copterpro.de\\\/shop\\\/\",\"name\":\"Copter Pro\",\"description\":\"\",\"publisher\":{\"@id\":\"https:\\\/\\\/copterpro.de\\\/shop\\\/#organization\"},\"potentialAction\":[{\"@type\":\"SearchAction\",\"target\":{\"@type\":\"EntryPoint\",\"urlTemplate\":\"https:\\\/\\\/copterpro.de\\\/shop\\\/?s={search_term_string}\"},\"query-input\":{\"@type\":\"PropertyValueSpecification\",\"valueRequired\":true,\"valueName\":\"search_term_string\"}}],\"inLanguage\":\"de\"},{\"@type\":\"Organization\",\"@id\":\"https:\\\/\\\/copterpro.de\\\/shop\\\/#organization\",\"name\":\"Copter Pro\",\"url\":\"https:\\\/\\\/copterpro.de\\\/shop\\\/\",\"logo\":{\"@type\":\"ImageObject\",\"inLanguage\":\"de\",\"@id\":\"https:\\\/\\\/copterpro.de\\\/shop\\\/#\\\/schema\\\/logo\\\/image\\\/\",\"url\":\"https:\\\/\\\/copterpro.de\\\/shop\\\/wp-content\\\/uploads\\\/2025\\\/04\\\/copterpro.svg\",\"contentUrl\":\"https:\\\/\\\/copterpro.de\\\/shop\\\/wp-content\\\/uploads\\\/2025\\\/04\\\/copterpro.svg\",\"caption\":\"Copter Pro\"},\"image\":{\"@id\":\"https:\\\/\\\/copterpro.de\\\/shop\\\/#\\\/schema\\\/logo\\\/image\\\/\"},\"sameAs\":[\"https:\\\/\\\/www.facebook.com\\\/copterprogmbh\"]}]}<\/script>\n<!-- \/ Yoast SEO plugin. -->","yoast_head_json":{"title":"Kitzrettungs Raustragekorb. Kiste f\u00fcr die Kitzrettung","description":"Kitz- Raustragekorb, Einklappbar und Geruchsneutral. Die Box f\u00fcr die Rehkitzrettung mit Drohnen. Klappbare Kitzretter Box f\u00fcr Drohneneinsatz","robots":{"index":"index","follow":"follow","max-snippet":"max-snippet:-1","max-image-preview":"max-image-preview:large","max-video-preview":"max-video-preview:-1"},"canonical":"https:\/\/copterpro.de\/shop\/zubehoer\/kitz-raustragekorb-einklappbar-und-geruchsneutral-2\/","og_locale":"de_DE","og_type":"article","og_title":"Kitzrettungs Raustragekorb. Kiste f\u00fcr die Kitzrettung","og_description":"Kitz- Raustragekorb, Einklappbar und Geruchsneutral. Die Box f\u00fcr die Rehkitzrettung mit Drohnen. Klappbare Kitzretter Box f\u00fcr Drohneneinsatz","og_url":"https:\/\/copterpro.de\/shop\/zubehoer\/kitz-raustragekorb-einklappbar-und-geruchsneutral-2\/","og_site_name":"Copter Pro","article_publisher":"https:\/\/www.facebook.com\/copterprogmbh","article_modified_time":"2026-03-22T02:43:12+00:00","og_image":[{"width":1080,"height":1080,"url":"https:\/\/copterpro.de\/shop\/wp-content\/uploads\/2025\/09\/Raustrage-Korb-3.jpg","type":"image\/jpeg"}],"twitter_card":"summary_large_image","twitter_misc":{"Gesch\u00e4tzte Lesezeit":"1\u00a0Minute"},"schema":{"@context":"https:\/\/schema.org","@graph":[{"@type":"WebPage","@id":"https:\/\/copterpro.de\/shop\/zubehoer\/kitz-raustragekorb-einklappbar-und-geruchsneutral-2\/","url":"https:\/\/copterpro.de\/shop\/zubehoer\/kitz-raustragekorb-einklappbar-und-geruchsneutral-2\/","name":"Kitzrettungs Raustragekorb. Kiste f\u00fcr die Kitzrettung","isPartOf":{"@id":"https:\/\/copterpro.de\/shop\/#website"},"primaryImageOfPage":{"@id":"https:\/\/copterpro.de\/shop\/zubehoer\/kitz-raustragekorb-einklappbar-und-geruchsneutral-2\/#primaryimage"},"image":{"@id":"https:\/\/copterpro.de\/shop\/zubehoer\/kitz-raustragekorb-einklappbar-und-geruchsneutral-2\/#primaryimage"},"thumbnailUrl":"https:\/\/copterpro.de\/shop\/wp-content\/uploads\/2025\/09\/Raustrage-Korb-3.jpg","datePublished":"2025-09-17T12:28:14+00:00","dateModified":"2026-03-22T02:43:12+00:00","description":"Kitz- Raustragekorb, Einklappbar und Geruchsneutral. Die Box f\u00fcr die Rehkitzrettung mit Drohnen. Klappbare Kitzretter Box f\u00fcr Drohneneinsatz","breadcrumb":{"@id":"https:\/\/copterpro.de\/shop\/zubehoer\/kitz-raustragekorb-einklappbar-und-geruchsneutral-2\/#breadcrumb"},"inLanguage":"de","potentialAction":[{"@type":"ReadAction","target":["https:\/\/copterpro.de\/shop\/zubehoer\/kitz-raustragekorb-einklappbar-und-geruchsneutral-2\/"]}]},{"@type":"ImageObject","inLanguage":"de","@id":"https:\/\/copterpro.de\/shop\/zubehoer\/kitz-raustragekorb-einklappbar-und-geruchsneutral-2\/#primaryimage","url":"https:\/\/copterpro.de\/shop\/wp-content\/uploads\/2025\/09\/Raustrage-Korb-3.jpg","contentUrl":"https:\/\/copterpro.de\/shop\/wp-content\/uploads\/2025\/09\/Raustrage-Korb-3.jpg","width":1080,"height":1080,"caption":"Kitzrettung Raustragekorb"},{"@type":"BreadcrumbList","@id":"https:\/\/copterpro.de\/shop\/zubehoer\/kitz-raustragekorb-einklappbar-und-geruchsneutral-2\/#breadcrumb","itemListElement":[{"@type":"ListItem","position":1,"name":"Startseite","item":"https:\/\/copterpro.de\/shop\/"},{"@type":"ListItem","position":2,"name":"Shop","item":"https:\/\/copterpro.de\/shop\/shop\/"},{"@type":"ListItem","position":3,"name":"Kitz- Raustragekorb\/ Einklappbar und Geruchsneutral"}]},{"@type":"WebSite","@id":"https:\/\/copterpro.de\/shop\/#website","url":"https:\/\/copterpro.de\/shop\/","name":"Copter Pro","description":"","publisher":{"@id":"https:\/\/copterpro.de\/shop\/#organization"},"potentialAction":[{"@type":"SearchAction","target":{"@type":"EntryPoint","urlTemplate":"https:\/\/copterpro.de\/shop\/?s={search_term_string}"},"query-input":{"@type":"PropertyValueSpecification","valueRequired":true,"valueName":"search_term_string"}}],"inLanguage":"de"},{"@type":"Organization","@id":"https:\/\/copterpro.de\/shop\/#organization","name":"Copter Pro","url":"https:\/\/copterpro.de\/shop\/","logo":{"@type":"ImageObject","inLanguage":"de","@id":"https:\/\/copterpro.de\/shop\/#\/schema\/logo\/image\/","url":"https:\/\/copterpro.de\/shop\/wp-content\/uploads\/2025\/04\/copterpro.svg","contentUrl":"https:\/\/copterpro.de\/shop\/wp-content\/uploads\/2025\/04\/copterpro.svg","caption":"Copter Pro"},"image":{"@id":"https:\/\/copterpro.de\/shop\/#\/schema\/logo\/image\/"},"sameAs":["https:\/\/www.facebook.com\/copterprogmbh"]}]}},"_links":{"self":[{"href":"https:\/\/copterpro.de\/shop\/wp-json\/wp\/v2\/product\/14400","targetHints":{"allow":["GET"]}}],"collection":[{"href":"https:\/\/copterpro.de\/shop\/wp-json\/wp\/v2\/product"}],"about":[{"href":"https:\/\/copterpro.de\/shop\/wp-json\/wp\/v2\/types\/product"}],"wp:featuredmedia":[{"embeddable":true,"href":"https:\/\/copterpro.de\/shop\/wp-json\/wp\/v2\/media\/14403"}],"wp:attachment":[{"href":"https:\/\/copterpro.de\/shop\/wp-json\/wp\/v2\/media?parent=14400"}],"wp:term":[{"taxonomy":"product_brand","embeddable":true,"href":"https:\/\/copterpro.de\/shop\/wp-json\/wp\/v2\/product_brand?post=14400"},{"taxonomy":"product_cat","embeddable":true,"href":"https:\/\/copterpro.de\/shop\/wp-json\/wp\/v2\/product_cat?post=14400"},{"taxonomy":"product_tag","embeddable":true,"href":"https:\/\/copterpro.de\/shop\/wp-json\/wp\/v2\/product_tag?post=14400"}],"curies":[{"name":"wp","href":"https:\/\/api.w.org\/{rel}","templated":true}]}}