{"id":14508,"date":"2025-09-19T13:19:23","date_gmt":"2025-09-19T11:19:23","guid":{"rendered":"https:\/\/shop.copterpro.de\/?post_type=product&#038;p=14508"},"modified":"2026-03-22T03:43:12","modified_gmt":"2026-03-22T02:43:12","slug":"online-schulung-fuer-dji-flighthub-2","status":"publish","type":"product","link":"https:\/\/copterpro.de\/shop\/online-schulungen\/online-schulung-fuer-dji-flighthub-2\/","title":{"rendered":"Online Schulung: DJI FlightHub 2"},"content":{"rendered":"<p data-pm-slice=\"1 1 []\"><strong>Online Schulung: DJI FlightHub 2<\/strong><\/p>\n<p><strong>F\u00fcr wen eignet sich der Kurs:\u00a0<\/strong><br \/>\n&#8211; Personen die mit Drohnen Dienstleistung starten wollen<br \/>\n&#8211; F\u00fcr bereits bestehende Unternehmen die ihr Angebot erweitern wollen<br \/>\n&#8211; Professionelle Drohnenpiloten, Unternehmen und Beh\u00f6rden, die ihre DJI-Flotte zentral verwalten und koordinieren m\u00f6chte<\/p>\n<p><strong>Inhalt:<\/strong><\/p>\n<p class=\"\" data-start=\"256\" data-end=\"528\">Mit unserer ausf\u00fchrlichen Online-Schulung zu <strong data-start=\"301\" data-end=\"320\">DJI FlightHub 2<\/strong> lernst du, wie du das leistungsstarke Management-Tool von DJI optimal f\u00fcr deine Eins\u00e4tze nutzt \u2013 ob bei Inspektionen, Rettungseins\u00e4tzen oder anderen professionellen Anwendungen.<\/p>\n<p class=\"\" data-start=\"530\" data-end=\"825\">Du wirst durch alle relevanten Funktionen gef\u00fchrt: Von der grundlegenden Einrichtung \u00fcber die wichtigsten Einstellungen bis hin zur praktischen Anwendung. Die Schulung ist besonders geeignet f\u00fcr Nutzer:innen, die DJI-Drohnen in Kombination mit FlightHub 2 effizient und sicher betreiben m\u00f6chten.<\/p>\n<p data-pm-slice=\"1 1 []\"><strong>L\u00e4nge des Kurses:<\/strong> \u00fcber 74 min<\/p>\n<p>&nbsp;<\/p>\n<p>Tauche ein in die faszinierende Welt des zentralen\u00a0 Drohnenmanagement mit unserer ma\u00dfgeschneiderten Onlineschulung, die dir die effiziente Verwaltung von Drohnen n\u00e4her bringt. Unsere Schulung bietet ein umfassendes Programm, Praxisnahe Anwendungen mit modernsten Softwarel\u00f6sungen vereint.<\/p>\n<p><strong>Hier ist ein \u00dcberblick \u00fcber das, was dich erwartet:<\/strong><\/p>\n<ol>\n<li class=\"\" data-start=\"849\" data-end=\"863\">\n<p class=\"\" data-start=\"851\" data-end=\"863\">Einf\u00fchrung<\/p>\n<\/li>\n<li class=\"\" data-start=\"864\" data-end=\"899\">\n<p class=\"\" data-start=\"866\" data-end=\"899\">Diese Technik eignet sich daf\u00fcr<\/p>\n<\/li>\n<li class=\"\" data-start=\"900\" data-end=\"925\">\n<p class=\"\" data-start=\"902\" data-end=\"925\">Einrichtung FlightHub<\/p>\n<\/li>\n<li class=\"\" data-start=\"926\" data-end=\"953\">\n<p class=\"\" data-start=\"928\" data-end=\"953\">FlightHub Einstellungen<\/p>\n<\/li>\n<li class=\"\" data-start=\"954\" data-end=\"990\">\n<p class=\"\" data-start=\"956\" data-end=\"990\">Q&amp;A (h\u00e4ufige Fragen &amp; Antworten)<\/p>\n<\/li>\n<li class=\"\" data-start=\"991\" data-end=\"1002\">\n<p class=\"\" data-start=\"993\" data-end=\"1002\">Abschluss und Zertifikat<\/p>\n<\/li>\n<\/ol>\n<p><strong>Der Kurs wird durch regelm\u00e4\u00dfige Updates erweitert.\u00a0<\/strong><\/p>\n<p>Unsere Onlineschulung bietet dir die Flexibilit\u00e4t, dein Wissen in deinem eigenen Tempo zu erweitern, und erm\u00f6glicht es dir, von Experten auf diesem Gebiet zu lernen, ohne dabei auf Reisen oder teure Schulungskosten angewiesen zu sein. Tauche ein in die Welt des zentralen Drohnenmanagement und hebe deine F\u00e4higkeiten auf ein neues Level!<\/p>\n<p>&nbsp;<\/p>\n<p>* Der Kurs enth\u00e4lt keine Lernzielkontrolle<\/p>\n","protected":false},"excerpt":{"rendered":"<ul>\n<li>Du erh\u00e4ltst einen Link \u00fcber den du einen Account in unserer Copterpro Academy erstellen kannst.<\/li>\n<li>Dieser Kurs enth\u00e4lt alle Informationen \u00fcber die cloudbasierte Software-Plattform zur Verwaltung von Drohnenbetrieb (Flighthub 2)<\/li>\n<li>Dieser Kurs erkl\u00e4rt die Einrichtung, Verwendung und Auswertung von Informationen innerhalb von FlightHub 2<\/li>\n<\/ul>\n","protected":false},"featured_media":14509,"template":"","meta":{"_acf_changed":false,"_iconic_wsb_product_page_order_bump_ids":[[]],"_sku":[],"_iconic_wsb_product_page_bump_modal_ids":[[]]},"product_brand":[],"product_cat":[60,135],"product_tag":[],"class_list":{"0":"post-14508","1":"product","2":"type-product","3":"status-publish","4":"has-post-thumbnail","6":"product_cat-schulungen","7":"product_cat-online-schulungen","9":"first","10":"instock","11":"virtual","12":"taxable","13":"purchasable","14":"product-type-simple"},"acf":[],"yoast_head":"<!-- This site is optimized with the Yoast SEO plugin v27.4 - https:\/\/yoast.com\/product\/yoast-seo-wordpress\/ -->\n<title>Online Schulung f\u00fcr DJI FlightHub 2<\/title>\n<meta name=\"description\" content=\"Online Schulung f\u00fcr die cloudbasierte Software-Plattform DJI FligtHub 2. FlightHub eine ideale Software L\u00f6sung zur Verwaltung von Drohnen und Drohnenfl\u00fcgen.\" \/>\n<meta name=\"robots\" content=\"index, follow, max-snippet:-1, max-image-preview:large, max-video-preview:-1\" \/>\n<link rel=\"canonical\" href=\"https:\/\/copterpro.de\/shop\/schulungen\/online-schulung-fuer-dji-flighthub-2\/\" \/>\n<meta property=\"og:locale\" content=\"de_DE\" \/>\n<meta property=\"og:type\" content=\"article\" \/>\n<meta property=\"og:title\" content=\"Online Schulung f\u00fcr DJI FlightHub 2\" \/>\n<meta property=\"og:description\" content=\"Online Schulung f\u00fcr die cloudbasierte Software-Plattform DJI FligtHub 2. FlightHub eine ideale Software L\u00f6sung zur Verwaltung von Drohnen und Drohnenfl\u00fcgen.\" \/>\n<meta property=\"og:url\" content=\"https:\/\/copterpro.de\/shop\/schulungen\/online-schulung-fuer-dji-flighthub-2\/\" \/>\n<meta property=\"og:site_name\" content=\"Copter Pro\" \/>\n<meta property=\"article:publisher\" content=\"https:\/\/www.facebook.com\/copterprogmbh\" \/>\n<meta property=\"article:modified_time\" content=\"2026-03-22T02:43:12+00:00\" \/>\n<meta property=\"og:image\" content=\"https:\/\/copterpro.de\/shop\/wp-content\/uploads\/2025\/09\/Flighthub-Online-Schulung.jpg\" \/>\n\t<meta property=\"og:image:width\" content=\"1080\" \/>\n\t<meta property=\"og:image:height\" content=\"1080\" \/>\n\t<meta property=\"og:image:type\" content=\"image\/jpeg\" \/>\n<meta name=\"twitter:card\" content=\"summary_large_image\" \/>\n<meta name=\"twitter:label1\" content=\"Gesch\u00e4tzte Lesezeit\" \/>\n\t<meta name=\"twitter:data1\" content=\"2\u00a0Minuten\" \/>\n<script type=\"application\/ld+json\" class=\"yoast-schema-graph\">{\"@context\":\"https:\\\/\\\/schema.org\",\"@graph\":[{\"@type\":\"WebPage\",\"@id\":\"https:\\\/\\\/copterpro.de\\\/shop\\\/schulungen\\\/online-schulung-fuer-dji-flighthub-2\\\/\",\"url\":\"https:\\\/\\\/copterpro.de\\\/shop\\\/schulungen\\\/online-schulung-fuer-dji-flighthub-2\\\/\",\"name\":\"Online Schulung f\u00fcr DJI FlightHub 2\",\"isPartOf\":{\"@id\":\"https:\\\/\\\/copterpro.de\\\/shop\\\/#website\"},\"primaryImageOfPage\":{\"@id\":\"https:\\\/\\\/copterpro.de\\\/shop\\\/schulungen\\\/online-schulung-fuer-dji-flighthub-2\\\/#primaryimage\"},\"image\":{\"@id\":\"https:\\\/\\\/copterpro.de\\\/shop\\\/schulungen\\\/online-schulung-fuer-dji-flighthub-2\\\/#primaryimage\"},\"thumbnailUrl\":\"https:\\\/\\\/copterpro.de\\\/shop\\\/wp-content\\\/uploads\\\/2025\\\/09\\\/Flighthub-Online-Schulung.jpg\",\"datePublished\":\"2025-09-19T11:19:23+00:00\",\"dateModified\":\"2026-03-22T02:43:12+00:00\",\"description\":\"Online Schulung f\u00fcr die cloudbasierte Software-Plattform DJI FligtHub 2. FlightHub eine ideale Software L\u00f6sung zur Verwaltung von Drohnen und Drohnenfl\u00fcgen.\",\"breadcrumb\":{\"@id\":\"https:\\\/\\\/copterpro.de\\\/shop\\\/schulungen\\\/online-schulung-fuer-dji-flighthub-2\\\/#breadcrumb\"},\"inLanguage\":\"de\",\"potentialAction\":[{\"@type\":\"ReadAction\",\"target\":[\"https:\\\/\\\/copterpro.de\\\/shop\\\/schulungen\\\/online-schulung-fuer-dji-flighthub-2\\\/\"]}]},{\"@type\":\"ImageObject\",\"inLanguage\":\"de\",\"@id\":\"https:\\\/\\\/copterpro.de\\\/shop\\\/schulungen\\\/online-schulung-fuer-dji-flighthub-2\\\/#primaryimage\",\"url\":\"https:\\\/\\\/copterpro.de\\\/shop\\\/wp-content\\\/uploads\\\/2025\\\/09\\\/Flighthub-Online-Schulung.jpg\",\"contentUrl\":\"https:\\\/\\\/copterpro.de\\\/shop\\\/wp-content\\\/uploads\\\/2025\\\/09\\\/Flighthub-Online-Schulung.jpg\",\"width\":1080,\"height\":1080,\"caption\":\"Online Schulung Flight Hub\"},{\"@type\":\"BreadcrumbList\",\"@id\":\"https:\\\/\\\/copterpro.de\\\/shop\\\/schulungen\\\/online-schulung-fuer-dji-flighthub-2\\\/#breadcrumb\",\"itemListElement\":[{\"@type\":\"ListItem\",\"position\":1,\"name\":\"Startseite\",\"item\":\"https:\\\/\\\/copterpro.de\\\/shop\\\/\"},{\"@type\":\"ListItem\",\"position\":2,\"name\":\"Shop\",\"item\":\"https:\\\/\\\/copterpro.de\\\/shop\\\/shop\\\/\"},{\"@type\":\"ListItem\",\"position\":3,\"name\":\"Online Schulung: DJI FlightHub 2\"}]},{\"@type\":\"WebSite\",\"@id\":\"https:\\\/\\\/copterpro.de\\\/shop\\\/#website\",\"url\":\"https:\\\/\\\/copterpro.de\\\/shop\\\/\",\"name\":\"Copter Pro\",\"description\":\"\",\"publisher\":{\"@id\":\"https:\\\/\\\/copterpro.de\\\/shop\\\/#organization\"},\"potentialAction\":[{\"@type\":\"SearchAction\",\"target\":{\"@type\":\"EntryPoint\",\"urlTemplate\":\"https:\\\/\\\/copterpro.de\\\/shop\\\/?s={search_term_string}\"},\"query-input\":{\"@type\":\"PropertyValueSpecification\",\"valueRequired\":true,\"valueName\":\"search_term_string\"}}],\"inLanguage\":\"de\"},{\"@type\":\"Organization\",\"@id\":\"https:\\\/\\\/copterpro.de\\\/shop\\\/#organization\",\"name\":\"Copter Pro\",\"url\":\"https:\\\/\\\/copterpro.de\\\/shop\\\/\",\"logo\":{\"@type\":\"ImageObject\",\"inLanguage\":\"de\",\"@id\":\"https:\\\/\\\/copterpro.de\\\/shop\\\/#\\\/schema\\\/logo\\\/image\\\/\",\"url\":\"https:\\\/\\\/copterpro.de\\\/shop\\\/wp-content\\\/uploads\\\/2025\\\/04\\\/copterpro.svg\",\"contentUrl\":\"https:\\\/\\\/copterpro.de\\\/shop\\\/wp-content\\\/uploads\\\/2025\\\/04\\\/copterpro.svg\",\"caption\":\"Copter Pro\"},\"image\":{\"@id\":\"https:\\\/\\\/copterpro.de\\\/shop\\\/#\\\/schema\\\/logo\\\/image\\\/\"},\"sameAs\":[\"https:\\\/\\\/www.facebook.com\\\/copterprogmbh\"]}]}<\/script>\n<!-- \/ Yoast SEO plugin. -->","yoast_head_json":{"title":"Online Schulung f\u00fcr DJI FlightHub 2","description":"Online Schulung f\u00fcr die cloudbasierte Software-Plattform DJI FligtHub 2. FlightHub eine ideale Software L\u00f6sung zur Verwaltung von Drohnen und Drohnenfl\u00fcgen.","robots":{"index":"index","follow":"follow","max-snippet":"max-snippet:-1","max-image-preview":"max-image-preview:large","max-video-preview":"max-video-preview:-1"},"canonical":"https:\/\/copterpro.de\/shop\/schulungen\/online-schulung-fuer-dji-flighthub-2\/","og_locale":"de_DE","og_type":"article","og_title":"Online Schulung f\u00fcr DJI FlightHub 2","og_description":"Online Schulung f\u00fcr die cloudbasierte Software-Plattform DJI FligtHub 2. FlightHub eine ideale Software L\u00f6sung zur Verwaltung von Drohnen und Drohnenfl\u00fcgen.","og_url":"https:\/\/copterpro.de\/shop\/schulungen\/online-schulung-fuer-dji-flighthub-2\/","og_site_name":"Copter Pro","article_publisher":"https:\/\/www.facebook.com\/copterprogmbh","article_modified_time":"2026-03-22T02:43:12+00:00","og_image":[{"width":1080,"height":1080,"url":"https:\/\/copterpro.de\/shop\/wp-content\/uploads\/2025\/09\/Flighthub-Online-Schulung.jpg","type":"image\/jpeg"}],"twitter_card":"summary_large_image","twitter_misc":{"Gesch\u00e4tzte Lesezeit":"2\u00a0Minuten"},"schema":{"@context":"https:\/\/schema.org","@graph":[{"@type":"WebPage","@id":"https:\/\/copterpro.de\/shop\/schulungen\/online-schulung-fuer-dji-flighthub-2\/","url":"https:\/\/copterpro.de\/shop\/schulungen\/online-schulung-fuer-dji-flighthub-2\/","name":"Online Schulung f\u00fcr DJI FlightHub 2","isPartOf":{"@id":"https:\/\/copterpro.de\/shop\/#website"},"primaryImageOfPage":{"@id":"https:\/\/copterpro.de\/shop\/schulungen\/online-schulung-fuer-dji-flighthub-2\/#primaryimage"},"image":{"@id":"https:\/\/copterpro.de\/shop\/schulungen\/online-schulung-fuer-dji-flighthub-2\/#primaryimage"},"thumbnailUrl":"https:\/\/copterpro.de\/shop\/wp-content\/uploads\/2025\/09\/Flighthub-Online-Schulung.jpg","datePublished":"2025-09-19T11:19:23+00:00","dateModified":"2026-03-22T02:43:12+00:00","description":"Online Schulung f\u00fcr die cloudbasierte Software-Plattform DJI FligtHub 2. FlightHub eine ideale Software L\u00f6sung zur Verwaltung von Drohnen und Drohnenfl\u00fcgen.","breadcrumb":{"@id":"https:\/\/copterpro.de\/shop\/schulungen\/online-schulung-fuer-dji-flighthub-2\/#breadcrumb"},"inLanguage":"de","potentialAction":[{"@type":"ReadAction","target":["https:\/\/copterpro.de\/shop\/schulungen\/online-schulung-fuer-dji-flighthub-2\/"]}]},{"@type":"ImageObject","inLanguage":"de","@id":"https:\/\/copterpro.de\/shop\/schulungen\/online-schulung-fuer-dji-flighthub-2\/#primaryimage","url":"https:\/\/copterpro.de\/shop\/wp-content\/uploads\/2025\/09\/Flighthub-Online-Schulung.jpg","contentUrl":"https:\/\/copterpro.de\/shop\/wp-content\/uploads\/2025\/09\/Flighthub-Online-Schulung.jpg","width":1080,"height":1080,"caption":"Online Schulung Flight Hub"},{"@type":"BreadcrumbList","@id":"https:\/\/copterpro.de\/shop\/schulungen\/online-schulung-fuer-dji-flighthub-2\/#breadcrumb","itemListElement":[{"@type":"ListItem","position":1,"name":"Startseite","item":"https:\/\/copterpro.de\/shop\/"},{"@type":"ListItem","position":2,"name":"Shop","item":"https:\/\/copterpro.de\/shop\/shop\/"},{"@type":"ListItem","position":3,"name":"Online Schulung: DJI FlightHub 2"}]},{"@type":"WebSite","@id":"https:\/\/copterpro.de\/shop\/#website","url":"https:\/\/copterpro.de\/shop\/","name":"Copter Pro","description":"","publisher":{"@id":"https:\/\/copterpro.de\/shop\/#organization"},"potentialAction":[{"@type":"SearchAction","target":{"@type":"EntryPoint","urlTemplate":"https:\/\/copterpro.de\/shop\/?s={search_term_string}"},"query-input":{"@type":"PropertyValueSpecification","valueRequired":true,"valueName":"search_term_string"}}],"inLanguage":"de"},{"@type":"Organization","@id":"https:\/\/copterpro.de\/shop\/#organization","name":"Copter Pro","url":"https:\/\/copterpro.de\/shop\/","logo":{"@type":"ImageObject","inLanguage":"de","@id":"https:\/\/copterpro.de\/shop\/#\/schema\/logo\/image\/","url":"https:\/\/copterpro.de\/shop\/wp-content\/uploads\/2025\/04\/copterpro.svg","contentUrl":"https:\/\/copterpro.de\/shop\/wp-content\/uploads\/2025\/04\/copterpro.svg","caption":"Copter Pro"},"image":{"@id":"https:\/\/copterpro.de\/shop\/#\/schema\/logo\/image\/"},"sameAs":["https:\/\/www.facebook.com\/copterprogmbh"]}]}},"_links":{"self":[{"href":"https:\/\/copterpro.de\/shop\/wp-json\/wp\/v2\/product\/14508","targetHints":{"allow":["GET"]}}],"collection":[{"href":"https:\/\/copterpro.de\/shop\/wp-json\/wp\/v2\/product"}],"about":[{"href":"https:\/\/copterpro.de\/shop\/wp-json\/wp\/v2\/types\/product"}],"wp:featuredmedia":[{"embeddable":true,"href":"https:\/\/copterpro.de\/shop\/wp-json\/wp\/v2\/media\/14509"}],"wp:attachment":[{"href":"https:\/\/copterpro.de\/shop\/wp-json\/wp\/v2\/media?parent=14508"}],"wp:term":[{"taxonomy":"product_brand","embeddable":true,"href":"https:\/\/copterpro.de\/shop\/wp-json\/wp\/v2\/product_brand?post=14508"},{"taxonomy":"product_cat","embeddable":true,"href":"https:\/\/copterpro.de\/shop\/wp-json\/wp\/v2\/product_cat?post=14508"},{"taxonomy":"product_tag","embeddable":true,"href":"https:\/\/copterpro.de\/shop\/wp-json\/wp\/v2\/product_tag?post=14508"}],"curies":[{"name":"wp","href":"https:\/\/api.w.org\/{rel}","templated":true}]}}