{"id":14510,"date":"2025-09-19T13:52:18","date_gmt":"2025-09-19T11:52:18","guid":{"rendered":"https:\/\/shop.copterpro.de\/?post_type=product&#038;p=14510"},"modified":"2026-03-22T03:43:12","modified_gmt":"2026-03-22T02:43:12","slug":"online-schulung-wildzaehlung-mit-drohnen","status":"publish","type":"product","link":"https:\/\/copterpro.de\/shop\/online-schulungen\/online-schulung-wildzaehlung-mit-drohnen\/","title":{"rendered":"Online Schulung: Wildz\u00e4hlung mit Drohnen"},"content":{"rendered":"<p data-pm-slice=\"1 1 []\"><strong>Online Schulung: Wildz\u00e4hlung mit Drohnen<\/strong><\/p>\n<p><strong>F\u00fcr wen eignet sich der Kurs:\u00a0<\/strong><\/p>\n<p>&#8211;\u00a0 J\u00e4ger, Revierleiter und F\u00f6rster<br \/>\n&#8211;\u00a0 Jagdgenossenschaften und Hegegemeinschaften<br \/>\n&#8211;\u00a0 Drohnenpilot die im Auftrag von Beh\u00f6rden oder Jagdverantwortlichen arbeiten<br \/>\n&#8211;\u00a0 Alle, die den Einstieg in die professionelle Wildz\u00e4hlung mit Drohnen suchen<br \/>\n&#8211;\u00a0 Interessierte, die moderne Technik mit Naturschutz verbinden m\u00f6chten<br \/>\n&#8211;\u00a0 Personen die mit Drohnen Dienstleistung starten wollen<br \/>\n&#8211;\u00a0 Bereits bestehende Unternehmen die ihr Angebot erweitern wollen<\/p>\n<p><strong>Inhalt:<\/strong><br \/>\nZugang zu unserer Copterpro Academy<br \/>\nDu erh\u00e4ltst einen Link \u00fcber den du einen Account in unserer Copterpro Academy erstellen kannst.<br \/>\nDieser Kurs enth\u00e4lt alle Informationen um eine Wildz\u00e4hlungen mit Drohnen durchf\u00fchren zu k\u00f6nnen.<br \/>\nEs wird Schritt f\u00fcr Schritt erkl\u00e4rt wie man die Wildz\u00e4hlung mit einer Drohne vorbereitet, durchf\u00fchrt und abschlie\u00dfend auswertet.<\/p>\n<p data-pm-slice=\"1 1 []\"><strong>L\u00e4nge des Kurses:<\/strong> ca. 240 min<\/p>\n<p data-pm-slice=\"1 1 []\"><strong>Der Kurs wird durch regelm\u00e4\u00dfige Updates erweitert.\u00a0<\/strong><\/p>\n<p class=\"\" data-start=\"171\" data-end=\"307\"><strong data-start=\"171\" data-end=\"219\">Wildz\u00e4hlung mit der Drohne \u2013 Online-Schulung<\/strong><br data-start=\"219\" data-end=\"222\" \/><strong data-start=\"222\" data-end=\"307\">Lerne den professionellen Einsatz von Drohnen zur Wildz\u00e4hlung Schritt f\u00fcr Schritt<\/strong><\/p>\n<p class=\"\" data-start=\"309\" data-end=\"630\">Wie viele Wildtiere leben tats\u00e4chlich in einem Gebiet? Mit der richtigen Drohnentechnik kannst du diese Frage heute pr\u00e4zise beantworten. In unserer umfassenden Online-Schulung zur <strong data-start=\"489\" data-end=\"519\">Wildz\u00e4hlung mit der Drohne<\/strong> lernst du Schritt f\u00fcr Schritt, wie du eine Z\u00e4hlung professionell vorbereitest, durchf\u00fchrst und auswertest.<\/p>\n<p class=\"\" data-start=\"632\" data-end=\"928\">Wir zeigen dir nicht nur die technischen Voraussetzungen, sondern auch bew\u00e4hrte Abl\u00e4ufe aus der Praxis, inklusive Flugplanung, Datenmanagement und Auswertung. Dabei greifen wir auf moderne Tools wie DJI FlightHub 2 und Airdata zur\u00fcck, um deine Eins\u00e4tze effizient und nachvollziehbar zu gestalten.<\/p>\n<p class=\"\" data-start=\"930\" data-end=\"951\"><strong data-start=\"930\" data-end=\"951\">Kapitel\u00fcbersicht:<\/strong><\/p>\n<ul data-start=\"952\" data-end=\"1345\">\n<li class=\"\" data-start=\"952\" data-end=\"966\">\n<ul>\n<li class=\"\" data-start=\"156\" data-end=\"230\">\n<p class=\"\" data-start=\"158\" data-end=\"230\"><strong data-start=\"158\" data-end=\"173\">Einf\u00fchrung:<\/strong><br data-start=\"173\" data-end=\"176\" \/>\u00dcberblick \u00fcber den Ablauf und die Ziele der Schulung<\/p>\n<\/li>\n<li class=\"\" data-start=\"232\" data-end=\"333\">\n<p class=\"\" data-start=\"234\" data-end=\"333\"><strong data-start=\"234\" data-end=\"264\">Einf\u00fchrung in die Technik:<\/strong><br data-start=\"264\" data-end=\"267\" \/>Welche Drohnen und Kamerasysteme sich f\u00fcr die Wildz\u00e4hlung eignen<\/p>\n<\/li>\n<li class=\"\" data-start=\"335\" data-end=\"444\">\n<p class=\"\" data-start=\"337\" data-end=\"444\"><strong data-start=\"337\" data-end=\"377\">Voraussetzungen f\u00fcr den Drohnenflug:<\/strong><br data-start=\"377\" data-end=\"380\" \/>Rechtliche Grundlagen, Luftraum, Genehmigungen und Flugplanung<\/p>\n<\/li>\n<li class=\"\" data-start=\"446\" data-end=\"565\">\n<p class=\"\" data-start=\"448\" data-end=\"565\"><strong data-start=\"448\" data-end=\"482\">Wie l\u00e4uft eine Wildz\u00e4hlung ab:<\/strong><br data-start=\"482\" data-end=\"485\" \/>Von der Vorbereitung bis zur Datenerfassung \u2013 der typische Ablauf im \u00dcberblick<\/p>\n<\/li>\n<li class=\"\" data-start=\"567\" data-end=\"666\">\n<p class=\"\" data-start=\"569\" data-end=\"666\"><strong data-start=\"569\" data-end=\"594\">FlightHub Management:<\/strong><br data-start=\"594\" data-end=\"597\" \/>Nutzung von DJI FlightHub 2 zur Einsatzplanung und Teamkoordination<\/p>\n<\/li>\n<li class=\"\" data-start=\"668\" data-end=\"776\">\n<p class=\"\" data-start=\"670\" data-end=\"776\"><strong data-start=\"670\" data-end=\"707\">Flugdaten Management mit Airdata:<\/strong><br data-start=\"707\" data-end=\"710\" \/>Analyse, Speicherung und Dokumentation der Flugdaten mit Airdata<\/p>\n<\/li>\n<li class=\"\" data-start=\"778\" data-end=\"888\">\n<p class=\"\" data-start=\"780\" data-end=\"888\"><strong data-start=\"780\" data-end=\"819\">Planung der zu befliegenden Fl\u00e4che:<\/strong><br data-start=\"819\" data-end=\"822\" \/>Strategien zur effektiven Fl\u00e4chenabdeckung und Gebietseinteilung<\/p>\n<\/li>\n<li class=\"\" data-start=\"890\" data-end=\"985\">\n<p class=\"\" data-start=\"892\" data-end=\"985\"><strong data-start=\"892\" data-end=\"929\">Praxis-Anleitung f\u00fcr Wildz\u00e4hlung:<\/strong><br data-start=\"929\" data-end=\"932\" \/>Konkrete Durchf\u00fchrung mit Beispielen aus der Praxis<\/p>\n<\/li>\n<li class=\"\" data-start=\"987\" data-end=\"1094\">\n<p class=\"\" data-start=\"989\" data-end=\"1094\"><strong data-start=\"989\" data-end=\"1022\">Auswertungsbericht erstellen:<\/strong><br data-start=\"1022\" data-end=\"1025\" \/>So erstellst du einen \u00fcbersichtlichen und nachvollziehbaren Bericht<\/p>\n<\/li>\n<li class=\"\" data-start=\"1096\" data-end=\"1195\">\n<p class=\"\" data-start=\"1098\" data-end=\"1195\"><strong data-start=\"1098\" data-end=\"1125\">Equipment-Empfehlungen:<\/strong><br data-start=\"1125\" data-end=\"1128\" \/>Zubeh\u00f6r, das die Arbeit erleichtert und die Ergebnisse verbessert<\/p>\n<\/li>\n<li class=\"\" data-start=\"1197\" data-end=\"1264\">\n<p class=\"\" data-start=\"1199\" data-end=\"1264\"><strong data-start=\"1199\" data-end=\"1207\">Q&amp;A:<\/strong><br data-start=\"1207\" data-end=\"1210\" \/>Antworten auf h\u00e4ufig gestellte Fragen aus der Praxis<\/p>\n<\/li>\n<li class=\"\" data-start=\"1266\" data-end=\"1361\">\n<p class=\"\" data-start=\"1268\" data-end=\"1361\"><strong data-start=\"1268\" data-end=\"1297\">Abschluss und Zertifikat:<\/strong><br data-start=\"1297\" data-end=\"1300\" \/>Zusammenfassung und dein pers\u00f6nliches Teilnahmezertifikat<\/p>\n<\/li>\n<\/ul>\n<\/li>\n<\/ul>\n<p>* Der Kurs enth\u00e4lt keine Lernzielkontrolle<\/p>\n","protected":false},"excerpt":{"rendered":"<ul>\n<li>Du erh\u00e4ltst einen Link \u00fcber den du einen Account in unserer Copterpro Academy erstellen kannst.<\/li>\n<li>Dieser Kurs enth\u00e4lt alle Informationen \u00fcber die cloudbasierte Software-Plattform zur Verwaltung von Drohnenbetrieb (Flighthub 2)<\/li>\n<li>Dieser Kurs erkl\u00e4rt die Einrichtung, Verwendung und Auswertung von Informationen innerhalb von FlightHub 2<\/li>\n<\/ul>\n","protected":false},"featured_media":14511,"template":"","meta":{"_acf_changed":false,"_iconic_wsb_product_page_order_bump_ids":[[]],"_sku":[],"_iconic_wsb_product_page_bump_modal_ids":[[]]},"product_brand":[],"product_cat":[60,135],"product_tag":[],"class_list":{"0":"post-14510","1":"product","2":"type-product","3":"status-publish","4":"has-post-thumbnail","6":"product_cat-schulungen","7":"product_cat-online-schulungen","9":"first","10":"instock","11":"virtual","12":"taxable","13":"purchasable","14":"product-type-simple"},"acf":[],"yoast_head":"<!-- This site is optimized with the Yoast SEO plugin v27.3 - https:\/\/yoast.com\/product\/yoast-seo-wordpress\/ -->\n<title>Drohnen Schulung f\u00fcr Wildz\u00e4hlung Online Kurs<\/title>\n<meta name=\"description\" content=\"Drohnen Schulung f\u00fcr Wildtierz\u00e4hlung mit W\u00e4rmebilddrohnen als kompletter Online Kurs. Lerne wie man eine Wildz\u00e4hlung mit W\u00e4rmebilddrohne durchf\u00fchrt.\" \/>\n<meta name=\"robots\" content=\"index, follow, max-snippet:-1, max-image-preview:large, max-video-preview:-1\" \/>\n<link rel=\"canonical\" href=\"https:\/\/copterpro.de\/shop\/schulungen\/online-schulung-wildzaehlung-mit-drohnen\/\" \/>\n<meta property=\"og:locale\" content=\"de_DE\" \/>\n<meta property=\"og:type\" content=\"article\" \/>\n<meta property=\"og:title\" content=\"Drohnen Schulung f\u00fcr Wildz\u00e4hlung Online Kurs\" \/>\n<meta property=\"og:description\" content=\"Drohnen Schulung f\u00fcr Wildtierz\u00e4hlung mit W\u00e4rmebilddrohnen als kompletter Online Kurs. Lerne wie man eine Wildz\u00e4hlung mit W\u00e4rmebilddrohne durchf\u00fchrt.\" \/>\n<meta property=\"og:url\" content=\"https:\/\/copterpro.de\/shop\/schulungen\/online-schulung-wildzaehlung-mit-drohnen\/\" \/>\n<meta property=\"og:site_name\" content=\"Copter Pro\" \/>\n<meta property=\"article:publisher\" content=\"https:\/\/www.facebook.com\/copterprogmbh\" \/>\n<meta property=\"article:modified_time\" content=\"2026-03-22T02:43:12+00:00\" \/>\n<meta property=\"og:image\" content=\"https:\/\/copterpro.de\/shop\/wp-content\/uploads\/2025\/09\/Online-Schulung-Wildzaehlung-mit-Drohne-2.jpg\" \/>\n\t<meta property=\"og:image:width\" content=\"1080\" \/>\n\t<meta property=\"og:image:height\" content=\"1080\" \/>\n\t<meta property=\"og:image:type\" content=\"image\/jpeg\" \/>\n<meta name=\"twitter:card\" content=\"summary_large_image\" \/>\n<meta name=\"twitter:label1\" content=\"Gesch\u00e4tzte Lesezeit\" \/>\n\t<meta name=\"twitter:data1\" content=\"3\u00a0Minuten\" \/>\n<script type=\"application\/ld+json\" class=\"yoast-schema-graph\">{\"@context\":\"https:\\\/\\\/schema.org\",\"@graph\":[{\"@type\":\"WebPage\",\"@id\":\"https:\\\/\\\/copterpro.de\\\/shop\\\/schulungen\\\/online-schulung-wildzaehlung-mit-drohnen\\\/\",\"url\":\"https:\\\/\\\/copterpro.de\\\/shop\\\/schulungen\\\/online-schulung-wildzaehlung-mit-drohnen\\\/\",\"name\":\"Drohnen Schulung f\u00fcr Wildz\u00e4hlung Online Kurs\",\"isPartOf\":{\"@id\":\"https:\\\/\\\/copterpro.de\\\/shop\\\/#website\"},\"primaryImageOfPage\":{\"@id\":\"https:\\\/\\\/copterpro.de\\\/shop\\\/schulungen\\\/online-schulung-wildzaehlung-mit-drohnen\\\/#primaryimage\"},\"image\":{\"@id\":\"https:\\\/\\\/copterpro.de\\\/shop\\\/schulungen\\\/online-schulung-wildzaehlung-mit-drohnen\\\/#primaryimage\"},\"thumbnailUrl\":\"https:\\\/\\\/copterpro.de\\\/shop\\\/wp-content\\\/uploads\\\/2025\\\/09\\\/Online-Schulung-Wildzaehlung-mit-Drohne-2.jpg\",\"datePublished\":\"2025-09-19T11:52:18+00:00\",\"dateModified\":\"2026-03-22T02:43:12+00:00\",\"description\":\"Drohnen Schulung f\u00fcr Wildtierz\u00e4hlung mit W\u00e4rmebilddrohnen als kompletter Online Kurs. Lerne wie man eine Wildz\u00e4hlung mit W\u00e4rmebilddrohne durchf\u00fchrt.\",\"breadcrumb\":{\"@id\":\"https:\\\/\\\/copterpro.de\\\/shop\\\/schulungen\\\/online-schulung-wildzaehlung-mit-drohnen\\\/#breadcrumb\"},\"inLanguage\":\"de\",\"potentialAction\":[{\"@type\":\"ReadAction\",\"target\":[\"https:\\\/\\\/copterpro.de\\\/shop\\\/schulungen\\\/online-schulung-wildzaehlung-mit-drohnen\\\/\"]}]},{\"@type\":\"ImageObject\",\"inLanguage\":\"de\",\"@id\":\"https:\\\/\\\/copterpro.de\\\/shop\\\/schulungen\\\/online-schulung-wildzaehlung-mit-drohnen\\\/#primaryimage\",\"url\":\"https:\\\/\\\/copterpro.de\\\/shop\\\/wp-content\\\/uploads\\\/2025\\\/09\\\/Online-Schulung-Wildzaehlung-mit-Drohne-2.jpg\",\"contentUrl\":\"https:\\\/\\\/copterpro.de\\\/shop\\\/wp-content\\\/uploads\\\/2025\\\/09\\\/Online-Schulung-Wildzaehlung-mit-Drohne-2.jpg\",\"width\":1080,\"height\":1080,\"caption\":\"Online Schulung Wildz\u00e4hlung mit der Drohne\"},{\"@type\":\"BreadcrumbList\",\"@id\":\"https:\\\/\\\/copterpro.de\\\/shop\\\/schulungen\\\/online-schulung-wildzaehlung-mit-drohnen\\\/#breadcrumb\",\"itemListElement\":[{\"@type\":\"ListItem\",\"position\":1,\"name\":\"Startseite\",\"item\":\"https:\\\/\\\/copterpro.de\\\/shop\\\/\"},{\"@type\":\"ListItem\",\"position\":2,\"name\":\"Shop\",\"item\":\"https:\\\/\\\/copterpro.de\\\/shop\\\/shop\\\/\"},{\"@type\":\"ListItem\",\"position\":3,\"name\":\"Online Schulung: Wildz\u00e4hlung mit Drohnen\"}]},{\"@type\":\"WebSite\",\"@id\":\"https:\\\/\\\/copterpro.de\\\/shop\\\/#website\",\"url\":\"https:\\\/\\\/copterpro.de\\\/shop\\\/\",\"name\":\"Copter Pro\",\"description\":\"\",\"publisher\":{\"@id\":\"https:\\\/\\\/copterpro.de\\\/shop\\\/#organization\"},\"potentialAction\":[{\"@type\":\"SearchAction\",\"target\":{\"@type\":\"EntryPoint\",\"urlTemplate\":\"https:\\\/\\\/copterpro.de\\\/shop\\\/?s={search_term_string}\"},\"query-input\":{\"@type\":\"PropertyValueSpecification\",\"valueRequired\":true,\"valueName\":\"search_term_string\"}}],\"inLanguage\":\"de\"},{\"@type\":\"Organization\",\"@id\":\"https:\\\/\\\/copterpro.de\\\/shop\\\/#organization\",\"name\":\"Copter Pro\",\"url\":\"https:\\\/\\\/copterpro.de\\\/shop\\\/\",\"logo\":{\"@type\":\"ImageObject\",\"inLanguage\":\"de\",\"@id\":\"https:\\\/\\\/copterpro.de\\\/shop\\\/#\\\/schema\\\/logo\\\/image\\\/\",\"url\":\"https:\\\/\\\/copterpro.de\\\/shop\\\/wp-content\\\/uploads\\\/2025\\\/04\\\/copterpro.svg\",\"contentUrl\":\"https:\\\/\\\/copterpro.de\\\/shop\\\/wp-content\\\/uploads\\\/2025\\\/04\\\/copterpro.svg\",\"caption\":\"Copter Pro\"},\"image\":{\"@id\":\"https:\\\/\\\/copterpro.de\\\/shop\\\/#\\\/schema\\\/logo\\\/image\\\/\"},\"sameAs\":[\"https:\\\/\\\/www.facebook.com\\\/copterprogmbh\"]}]}<\/script>\n<!-- \/ Yoast SEO plugin. -->","yoast_head_json":{"title":"Drohnen Schulung f\u00fcr Wildz\u00e4hlung Online Kurs","description":"Drohnen Schulung f\u00fcr Wildtierz\u00e4hlung mit W\u00e4rmebilddrohnen als kompletter Online Kurs. Lerne wie man eine Wildz\u00e4hlung mit W\u00e4rmebilddrohne durchf\u00fchrt.","robots":{"index":"index","follow":"follow","max-snippet":"max-snippet:-1","max-image-preview":"max-image-preview:large","max-video-preview":"max-video-preview:-1"},"canonical":"https:\/\/copterpro.de\/shop\/schulungen\/online-schulung-wildzaehlung-mit-drohnen\/","og_locale":"de_DE","og_type":"article","og_title":"Drohnen Schulung f\u00fcr Wildz\u00e4hlung Online Kurs","og_description":"Drohnen Schulung f\u00fcr Wildtierz\u00e4hlung mit W\u00e4rmebilddrohnen als kompletter Online Kurs. Lerne wie man eine Wildz\u00e4hlung mit W\u00e4rmebilddrohne durchf\u00fchrt.","og_url":"https:\/\/copterpro.de\/shop\/schulungen\/online-schulung-wildzaehlung-mit-drohnen\/","og_site_name":"Copter Pro","article_publisher":"https:\/\/www.facebook.com\/copterprogmbh","article_modified_time":"2026-03-22T02:43:12+00:00","og_image":[{"width":1080,"height":1080,"url":"https:\/\/copterpro.de\/shop\/wp-content\/uploads\/2025\/09\/Online-Schulung-Wildzaehlung-mit-Drohne-2.jpg","type":"image\/jpeg"}],"twitter_card":"summary_large_image","twitter_misc":{"Gesch\u00e4tzte Lesezeit":"3\u00a0Minuten"},"schema":{"@context":"https:\/\/schema.org","@graph":[{"@type":"WebPage","@id":"https:\/\/copterpro.de\/shop\/schulungen\/online-schulung-wildzaehlung-mit-drohnen\/","url":"https:\/\/copterpro.de\/shop\/schulungen\/online-schulung-wildzaehlung-mit-drohnen\/","name":"Drohnen Schulung f\u00fcr Wildz\u00e4hlung Online Kurs","isPartOf":{"@id":"https:\/\/copterpro.de\/shop\/#website"},"primaryImageOfPage":{"@id":"https:\/\/copterpro.de\/shop\/schulungen\/online-schulung-wildzaehlung-mit-drohnen\/#primaryimage"},"image":{"@id":"https:\/\/copterpro.de\/shop\/schulungen\/online-schulung-wildzaehlung-mit-drohnen\/#primaryimage"},"thumbnailUrl":"https:\/\/copterpro.de\/shop\/wp-content\/uploads\/2025\/09\/Online-Schulung-Wildzaehlung-mit-Drohne-2.jpg","datePublished":"2025-09-19T11:52:18+00:00","dateModified":"2026-03-22T02:43:12+00:00","description":"Drohnen Schulung f\u00fcr Wildtierz\u00e4hlung mit W\u00e4rmebilddrohnen als kompletter Online Kurs. Lerne wie man eine Wildz\u00e4hlung mit W\u00e4rmebilddrohne durchf\u00fchrt.","breadcrumb":{"@id":"https:\/\/copterpro.de\/shop\/schulungen\/online-schulung-wildzaehlung-mit-drohnen\/#breadcrumb"},"inLanguage":"de","potentialAction":[{"@type":"ReadAction","target":["https:\/\/copterpro.de\/shop\/schulungen\/online-schulung-wildzaehlung-mit-drohnen\/"]}]},{"@type":"ImageObject","inLanguage":"de","@id":"https:\/\/copterpro.de\/shop\/schulungen\/online-schulung-wildzaehlung-mit-drohnen\/#primaryimage","url":"https:\/\/copterpro.de\/shop\/wp-content\/uploads\/2025\/09\/Online-Schulung-Wildzaehlung-mit-Drohne-2.jpg","contentUrl":"https:\/\/copterpro.de\/shop\/wp-content\/uploads\/2025\/09\/Online-Schulung-Wildzaehlung-mit-Drohne-2.jpg","width":1080,"height":1080,"caption":"Online Schulung Wildz\u00e4hlung mit der Drohne"},{"@type":"BreadcrumbList","@id":"https:\/\/copterpro.de\/shop\/schulungen\/online-schulung-wildzaehlung-mit-drohnen\/#breadcrumb","itemListElement":[{"@type":"ListItem","position":1,"name":"Startseite","item":"https:\/\/copterpro.de\/shop\/"},{"@type":"ListItem","position":2,"name":"Shop","item":"https:\/\/copterpro.de\/shop\/shop\/"},{"@type":"ListItem","position":3,"name":"Online Schulung: Wildz\u00e4hlung mit Drohnen"}]},{"@type":"WebSite","@id":"https:\/\/copterpro.de\/shop\/#website","url":"https:\/\/copterpro.de\/shop\/","name":"Copter Pro","description":"","publisher":{"@id":"https:\/\/copterpro.de\/shop\/#organization"},"potentialAction":[{"@type":"SearchAction","target":{"@type":"EntryPoint","urlTemplate":"https:\/\/copterpro.de\/shop\/?s={search_term_string}"},"query-input":{"@type":"PropertyValueSpecification","valueRequired":true,"valueName":"search_term_string"}}],"inLanguage":"de"},{"@type":"Organization","@id":"https:\/\/copterpro.de\/shop\/#organization","name":"Copter Pro","url":"https:\/\/copterpro.de\/shop\/","logo":{"@type":"ImageObject","inLanguage":"de","@id":"https:\/\/copterpro.de\/shop\/#\/schema\/logo\/image\/","url":"https:\/\/copterpro.de\/shop\/wp-content\/uploads\/2025\/04\/copterpro.svg","contentUrl":"https:\/\/copterpro.de\/shop\/wp-content\/uploads\/2025\/04\/copterpro.svg","caption":"Copter Pro"},"image":{"@id":"https:\/\/copterpro.de\/shop\/#\/schema\/logo\/image\/"},"sameAs":["https:\/\/www.facebook.com\/copterprogmbh"]}]}},"_links":{"self":[{"href":"https:\/\/copterpro.de\/shop\/wp-json\/wp\/v2\/product\/14510","targetHints":{"allow":["GET"]}}],"collection":[{"href":"https:\/\/copterpro.de\/shop\/wp-json\/wp\/v2\/product"}],"about":[{"href":"https:\/\/copterpro.de\/shop\/wp-json\/wp\/v2\/types\/product"}],"wp:featuredmedia":[{"embeddable":true,"href":"https:\/\/copterpro.de\/shop\/wp-json\/wp\/v2\/media\/14511"}],"wp:attachment":[{"href":"https:\/\/copterpro.de\/shop\/wp-json\/wp\/v2\/media?parent=14510"}],"wp:term":[{"taxonomy":"product_brand","embeddable":true,"href":"https:\/\/copterpro.de\/shop\/wp-json\/wp\/v2\/product_brand?post=14510"},{"taxonomy":"product_cat","embeddable":true,"href":"https:\/\/copterpro.de\/shop\/wp-json\/wp\/v2\/product_cat?post=14510"},{"taxonomy":"product_tag","embeddable":true,"href":"https:\/\/copterpro.de\/shop\/wp-json\/wp\/v2\/product_tag?post=14510"}],"curies":[{"name":"wp","href":"https:\/\/api.w.org\/{rel}","templated":true}]}}