{"id":14512,"date":"2025-09-19T14:22:34","date_gmt":"2025-09-19T12:22:34","guid":{"rendered":"https:\/\/shop.copterpro.de\/?post_type=product&#038;p=14512"},"modified":"2026-01-03T19:23:05","modified_gmt":"2026-01-03T18:23:05","slug":"dji-air-3s-fly-more-combo","status":"publish","type":"product","link":"https:\/\/copterpro.de\/shop\/dji-hobby-kameraequipment\/dji-air-3s-fly-more-combo\/","title":{"rendered":"DJI Air 3S Fly More Combo (DJI RC 2)"},"content":{"rendered":"<p><strong>DJI Air 3S Fly More Combo (DJI RC 2)<\/strong><\/p>\n<p><strong>Dual-Kameradrohne f\u00fcr Reisen &#8211; Eine neue Perspektive<\/strong><\/p>\n<p>Die Dual-Kameradrohne DJI Air 3S wurde f\u00fcr die Reisefotografie entwickelt und verf\u00fcgt \u00fcber eine Reihe fortschrittlicher Technologien. Ausgestattet mit einer 1 Zoll CMOS-Prim\u00e4rkamera und einer 70 mm Telekamera mit einem Dynamikumfang von 14 Blendenstufen nimmt die Air 3S Landschaften, Portr\u00e4ts und vieles mehr in beeindruckenden Details auf. Beide Kameras unterst\u00fctzen die neue Funktion \u201eFreies Panorama\u201c, die eine flexible Auswahl des Aufnahmebereichs erm\u00f6glicht. Weitere neue Highlights sind die Hinderniserkennung bei Nacht und die intelligente R\u00fcckkehr der n\u00e4chsten Generation f\u00fcr mehr Sicherheit bei Nachtaufnahmen. Die DJI Air 3S ist in jeder Hinsicht darauf ausgelegt, das Beste aus jedem Moment in der Luft herauszuholen.<\/p>\n<ul>\n<li>1\u2033 CMOS Prim\u00e4rkamera<\/li>\n<li>Dual-Kamera 4K\/60fps HDR Video &amp; Dynamikumfang von 14 Blendenstufen<\/li>\n<li>Freies Panorama, Nahtlos und Detailreich<\/li>\n<li>Omnidirektionale Hinderniserkennung bei Nacht<\/li>\n<li>Return-To-Home Upgrade f\u00fcr mehr Pr\u00e4zision<\/li>\n<li>45 Minuten Flugzeit, 10 km Video\u00fcbertragung<\/li>\n<\/ul>\n<p><strong>Duale Kameras, Unschlagbare Bildqualit\u00e4t<\/strong><br \/>\nDie DJI Air 3S verf\u00fcgt \u00fcber ein Dual- Kamerasystem, bestehend aus einer 1 Zoll CMOS-Prim\u00e4rkamera und einer mittleren 1\/1,3 Zoll CMOS-Telekamera. Die Prim\u00e4rkamera verf\u00fcgt \u00fcber einen gr\u00f6\u00dferen CMOS-Sensor und ein 24 mm Objektiv, wodurch sie sich ideal f\u00fcr die Aufnahme von weitl\u00e4ufigen Landschaften mit erh\u00f6hter Klarheit und einem gro\u00dfen Sichtfeld eignet. Die mittlere 70 mm Telekamera eignet sich hervorragend f\u00fcr Portr\u00e4t- und Fahrzeugaufnahmen und bietet eine komprimierte Sch\u00e4rfentiefe, die jedes Motiv mit einem kr\u00e4ftigen, kinoreifen Look hervorhebt.<\/p>\n<p><strong>1\u2033 CMOS Prim\u00e4r-Weitwinkelkamera:<\/strong><\/p>\n<ul>\n<li>3,2\u03bcm gro\u00dfe Pixel<\/li>\n<li>24 mm \u00e4quivalente Brennweite<\/li>\n<li>50 MP<\/li>\n<li>f\/1,8 Blende<\/li>\n<\/ul>\n<p><strong>1\/1.3\u2033 CMOS Mittlere Telekamera:<\/strong><\/p>\n<ul>\n<li>2,4\u03bcm gro\u00dfe Pixel<\/li>\n<li>70 mm \u00e4quivalente Brennweite<\/li>\n<li>48 MP<\/li>\n<li>f\/2,8 Blende<\/li>\n<\/ul>\n<p><strong>1\u2033 CMOS Prim\u00e4rkamera: Beeindruckende Details f\u00fcr die Reisefotografie<\/strong><br \/>\nDie Prim\u00e4rkamera des DJI Air 3S verf\u00fcgt \u00fcber einen 1 Zoll CMOS-Sensor mit 50 Megapixeln, der 4K\/60fps HDR und 4K\/120fps Videoaufnahmen sowie den 10-Bit D-Log M Farbmodus unterst\u00fctzt. Dieser gro\u00dfe Sensor, der durch eine moderne Bildverarbeitungstechnologie und intelligente Algorithmen verbessert wurde, bewahrt selbst kleinste Details bei schwachen Lichtverh\u00e4ltnissen, wie z. B. bei Sonnenunterg\u00e4ngen und Nachtlandschaften und liefert so Aufnahmen, die schlicht und einfach atemberaubend sind.<\/p>\n<p><strong>Hochwertige Bildgebung, Spektakul\u00e4re Landschaften<\/strong><\/p>\n<p><strong>4K\/60fps HDR-Video\u00a0<\/strong><br \/>\nDer neueste HDR-Videomodus bietet einen Dynamikumfang von bis zu 14 Blendenstufen und erm\u00f6glicht so die Aufnahme kontrastreicher Szenen, wie z. B. detaillierte Ansichten von Wolkentexturen und anderen Elementen bei Sonnenaufgang und Sonnenuntergang.<\/p>\n<p><strong>4K\/120fps Video<\/strong><br \/>\nH\u00f6here Aufl\u00f6sungen und Bildraten sorgen f\u00fcr eine lebendige Perspektive auf kulturelle oder sportliche Events und er\u00f6ffnen spannende kreative M\u00f6glichkeiten bei der Nachbearbeitung.<\/p>\n<p><strong>10-Bit D-Log M &amp; HLG Video<\/strong><br \/>\nSelbst im normalen Farbmodus kann die Air 3S 10-Bit Videos mit H.265-Kodierung aufzeichnen, was eine bessere Farbleistung und mehr Flexibilit\u00e4t in der Nachbearbeitung erm\u00f6glicht. Der maximale ISO-Wert wurde auf 12.800 erh\u00f6ht. In den Farbmodi D-Log M und HLG wird der maximale ISO-Wert auf 3.200 erh\u00f6ht, was f\u00fcr mehr Helligkeit und Details in st\u00e4dtischen Nachtszenen sorgt.<\/p>\n<p><strong>Mittlere Telekamera: Unvergessliche Portr\u00e4ts<\/strong><br \/>\nDie mittlere Telekamera mit ihrem 1\/1,3 Zoll CMOS-Sensor und 48 Megapixeln unterst\u00fctzt die gleichen Videospezifikationen und Farbmodi wie die Prim\u00e4rkamera. Das sorgt f\u00fcr visuell konsistente Aufnahmen f\u00fcr eine optimierte Nachbearbeitung. Das 70 mm Objektiv bietet einen 3-fachen optischen Zoom, mit dem du einzigartige Aufnahmen aus der Ferne machen kannst, w\u00e4hrend du dein Motiv hervorhebst. Und wenn du mit der Air 3S ein Motiv umkreist und ein 4K-Video aufnimmst, kannst du ganz einfach detaillierte und ausdrucksstarke Nahportr\u00e4ts aufnehmen.<\/p>\n<p><strong>Fokussiere auf Details, Maximiere die Fokuskraft<\/strong><\/p>\n<p>4K\/60fps HDR-Video<br \/>\nBei Nahaufnahmen von Fahrzeugen gegen den Sonnenuntergang bietet die mittlere Telekamera einen Dynamikumfang von bis zu 14 Blendenstufen, um die satten, leuchtenden Farben der untergehenden Sonne lebendig einzufangen.<\/p>\n<p><strong>4K\/120fps HDR-Video<\/strong><br \/>\nWenn beim Skifahren Zeitlupenvideos mit 4K\/120fps aufgenommen werden, kann die mittelgro\u00dfe Telekamera hochaufl\u00f6sende Videos aufnehmen, die verlangsamt werden. Auf diese Weise werden die Geschicklichkeit von Skisportlern und selbst die subtilsten Bewegungen sichtbar.<\/p>\n<p><strong>10-Bit D-Log M &amp; HLG Video<\/strong><br \/>\nDie mittlere Telekamera der Air 3S unterst\u00fctzt auch die Aufzeichnung von 10-Bit Videos im normalen Farbmodus mit H.265-Kodierung und bietet so eine verfeinerte Farbleistung und mehr Flexibilit\u00e4t in der Nachbearbeitung. Im 10-Bit D-Log M Modus f\u00e4ngt die Kamera noch mehr Farbdetails ein und gibt die lebendigen Stadtlichter bei Abendd\u00e4mmerung wundersch\u00f6n wieder.<\/p>\n<p><strong>Freies Panorama<\/strong><br \/>\nSowohl die Prim\u00e4rkamera als auch die mittlere Telekamera der DJI Air 3S bieten die Funktion \u201eFreies Panorama\u201c, mit der du nahtlose Panoramabilder erstellen kannst. Dabei werden mehrere Bilder mit einem manuell ausgew\u00e4hlten Motiv oder Bereich zusammengef\u00fcgt. Die Weitwinkelkamera bietet ein gr\u00f6\u00dferes Sichtfeld, was die Effizienz bei der Aufnahme von Panoramafotos erh\u00f6ht. Die mittlere Telekamera reduziert deutlich die Bildverzerrung und verwandelt deine Meisterwerke in weitl\u00e4ufige Aufnahmen mit einer weiten Perspektive aus mehreren Fotos und reichhaltigen Details, die dank ihrer Brennweitenvorteile eingefangen werden. Die DJI Air 3S unterst\u00fctzt au\u00dferdem beliebte Funktionen wie vertikale 2,7K-Aufnahmen, MasterShots, QuickShots, Hyperlapse und vieles mehr &#8211; ein umfangreiches kreatives Toolkit in einer kompakten Drohne.<\/p>\n<p><strong>Sicheres Fliegen bei Nacht f\u00fcr mehr Kreativit\u00e4t &#8211; Omnidirektionale Sichterkennung<\/strong><br \/>\nDJI Air 3S unterst\u00fctzt das erweiterte Assistenzsystem f\u00fcr Piloten (APAS). Zus\u00e4tzlich verf\u00fcgt die Air 3S als erste DJI Drohne mit nach vorne gerichtetem LiDAR \u00fcber nach unten gerichtete Infrarot-ToF-Sensoren (Time-of-Flight) und sechs Sichtsensoren ( jeweils zwei vorne, hinten und unten) f\u00fcr eine omnidirektionale Hinderniserkennung bei Nacht. Diese Funktion erm\u00f6glicht es der Drohne, Hindernisse wie Geb\u00e4ude w\u00e4hrend ihres Fluges und auf ihrem R\u00fcckweg automatisch zu erkennen und zu umgehen, was eine robuste Sicherheit f\u00fcr Nachtaufnahmen gew\u00e4hrleistet.<\/p>\n<p><strong>Omnidirektionale Hinderniserkennung bei Nacht &#8211; Next-Gen Intelligente R\u00fcckkehr<\/strong><\/p>\n<p><strong>R\u00fcckkehr ohne GPS\u00a0<\/strong><br \/>\nDank der Technologien f\u00fcr Echtzeit-Sichtpositionierung und Kartenaufbau merkt sich die DJI Air 3S Flugrouten, wenn ausreichend Licht vorhanden ist. Dadurch wird eine sichere R\u00fcckkehr gew\u00e4hrleistet, auch wenn du von Orten ohne Satellitensignal startest, z. B. von Balkonen.<\/p>\n<p><strong>R\u00fcckkehr bei Nacht<\/strong><br \/>\nMit nach vorne gerichtetem LiDAR kann die DJI Air 3S Hindernisse wie Hochh\u00e4user erkennen und sie auch bei schlechten Lichtverh\u00e4ltnissen umfliegen, was eine sicherere R\u00fcckkehr bei Nacht gew\u00e4hrleistet.<\/p>\n<p><strong>Verbesserte Sichtunterst\u00fctzung<\/strong><br \/>\nDie Funktion \u201eVision Assist\u201c der DJI Air 3S unterst\u00fctzt die Sicht nach unten zus\u00e4tzlich zur Sicht nach vorne, hinten, links und rechts, damit du deine Umgebung besser verstehen kannst. DJI Air 3S bietet neben anderen fortschrittlichen Funktionen auch Wegpunktflug und Tempomat, mit denen du Flugrouten und Kameraaktionen voreinstellen und Steuerkn\u00fcppeleingaben schnell fixieren kannst, um deiner Kreativit\u00e4t freien Lauf zu lassen.<\/p>\n<p><strong>ActiveTrack 360\u00b0 f\u00fcr eine visuelle Anziehungskraft &#8211; Eine neue Luft\u00e4sthetik<\/strong><br \/>\nDie DJI Air 3S verf\u00fcgt \u00fcber ActiveTrack 360\u00b0, um jedes Motiv optimal im Bild zu halten. Basierend auf der umgebenden Flugumgebung plant sie automatisch eine Flugroute und passt den Bildausschnitt an, um bessere Aufnahmen zu machen, bei denen dein Motiv stets im Mittelpunkt steht.<\/p>\n<p><strong>ActiveTrack 360\u00b0\u00a0<\/strong><br \/>\nMit ActiveTrack 360\u00b0 kann die Air 3S automatisch Perspektiven mit un\u00fcbersichtlichen Hintergr\u00fcnden vermeiden.<\/p>\n<p><strong>Optimierte Tracking Performance<\/strong><br \/>\nSobald das Tracking beginnt, kann die DJI Air 3S das Motiv auch dann im Fokus behalten, wenn die untere H\u00e4lfte des K\u00f6rpers teilweise durch B\u00fcsche verdeckt ist oder wenn es auf einer Br\u00fccke steht.<\/p>\n<p><strong>Fokussiert bleiben<\/strong><br \/>\nDie DJI Air 3S f\u00fchrt eine neue Funktion zur Motivfokussierung ein, mit der das Motiv immer scharf bleibt, selbst im manuellen Flug oder wenn sich das Motiv aus der Mitte bewegt. Mit dieser Funktion kannst du dich voll und ganz auf die kreativen Aspekte deiner Aufnahmen wie Komposition und Kamerabewegung konzentrieren.<\/p>\n<p><strong>Verl\u00e4ngerte Flug- und \u00dcbertragungsreichweite<\/strong><\/p>\n<p><strong>Flugzeit: Max. 45 Minuten<\/strong><br \/>\nMit einer Flugzeit von bis zu 45 Minuten gibt dir die Air 3S genug Zeit, um Orte zu erkunden, zu arrangieren, deine besten Aufnahmen zu machen und das alles mehrmals zu wiederholen.<\/p>\n<p><strong>10-Bit O4 Video\u00fcbertragung<\/strong><br \/>\nMit der DJI O4 FHD-Video\u00fcbertragungstechnologie liefert die Air 3S eine 10-Bit-Video\u00fcbertragung mit 1080p\/60fps \u00fcber eine Entfernung von bis zu 10 Kilometern. Die Live-\u00dcbertragungen sind stabil und klar, gleichzeitig ist die Steuerung extrem reaktionsschnell, was das Flugerlebnis insgesamt verbessert.<\/p>\n<p><strong>DJI Mobilfunk-Dongle 2 Kompatibilit\u00e4t<\/strong><br \/>\nDer DJI Mobilfunk-Dongle 2 kann direkt in die DJI Air 3S eingesetzt werden und erm\u00f6glicht so eine nahtlose Integration ohne zus\u00e4tzliches Zubeh\u00f6r. Bei einer St\u00f6rung oder Unterbrechung des O4-Signals kannst du dich auf die 4G-Verbindung verlassen, die eine stabile Video\u00fcbertragung und Drohnensteuerung erm\u00f6glicht. Dadurch wird die Flugsicherheit erh\u00f6ht und das Risiko von Verbindungsabbr\u00fcchen verringert.<\/p>\n<p><strong>Bis ins kleinste Detail<\/strong><\/p>\n<p><strong>Immer Ready: Integrierter Speicher mit 42 GB<\/strong><br \/>\nDJI Air 3S verf\u00fcgt standardm\u00e4\u00dfig \u00fcber 42 GB integrierten Speicherplatz. So kannst du sofort mit der Aufnahme beginnen und musst dich nicht mit microSD-Karten auseinandersetzen.<\/p>\n<p><strong>QuickTransfer im Aus-Zustand<\/strong><br \/>\nDu kannst jetzt Dateien von deiner Air 3S an ein Smartphone senden, auch wenn die Drohne ausgeschaltet ist. \u00dcbertragungen auf einen Computer k\u00f6nnen auch bei ausgeschalteter Drohne durchgef\u00fchrt werden &#8211; verbinde einfach die Air 3S mit einem kompatiblen USB-Kabel.<\/p>\n<p><strong>Akkuladestation mit Akkumulation<\/strong><br \/>\nDie Akkuladestation unterst\u00fctzt PD-Schnellladung und eine Stromakkumulationsfunktion, mit der du die verbleibende Leistung mehrerer Akkus mit geringer Leistung auf den Akku mit der h\u00f6chsten verbleibenden Leistung \u00fcbertragen kannst.<\/p>\n","protected":false},"excerpt":{"rendered":"<p>DJI Air 3S Fly More Combo (DJI RC 2) Dual-Kameradrohne f\u00fcr Reisen &#8211; Eine neue Perspektive Die Dual-Kameradrohne DJI Air 3S wurde f\u00fcr die Reisefotografie entwickelt und verf\u00fcgt \u00fcber eine Reihe fortschrittlicher Technologien. Ausgestattet mit einer 1 Zoll CMOS-Prim\u00e4rkamera und einer 70 mm Telekamera mit einem Dynamikumfang von 14 Blendenstufen [&hellip;]<\/p>\n","protected":false},"featured_media":14518,"template":"","meta":{"_acf_changed":false,"_iconic_wsb_product_page_order_bump_ids":[[14560]],"_sku":["CPS00019-1"],"_iconic_wsb_product_page_bump_modal_ids":[[]]},"product_brand":[],"product_cat":[40],"product_tag":[],"class_list":{"0":"post-14512","1":"product","2":"type-product","3":"status-publish","4":"has-post-thumbnail","6":"product_cat-dji-hobby-kameraequipment","8":"first","9":"onbackorder","10":"taxable","11":"shipping-taxable","12":"purchasable","13":"product-type-simple"},"acf":[],"yoast_head":"<!-- This site is optimized with the Yoast SEO plugin v27.3 - https:\/\/yoast.com\/product\/yoast-seo-wordpress\/ -->\n<title>DJI Air 3S Fly More Combo<\/title>\n<meta name=\"description\" content=\"Die DJI Air 3S Fly More Combo mit DJI RC 2 bietet lange Flugzeit, Dual-Kamera mit Weitwinkel &amp; 3x-Zoom, Hinderniserkennung &amp; 4K-Video \u2013 ideal f\u00fcr kreative Luftaufnahmen.\" \/>\n<meta name=\"robots\" content=\"index, follow, max-snippet:-1, max-image-preview:large, max-video-preview:-1\" \/>\n<link rel=\"canonical\" href=\"https:\/\/copterpro.de\/shop\/dji-hobby-kameraequipment\/dji-air-3s-fly-more-combo\/\" \/>\n<meta property=\"og:locale\" content=\"de_DE\" \/>\n<meta property=\"og:type\" content=\"article\" \/>\n<meta property=\"og:title\" content=\"DJI Air 3S Fly More Combo\" \/>\n<meta property=\"og:description\" content=\"Die DJI Air 3S Fly More Combo mit DJI RC 2 bietet lange Flugzeit, Dual-Kamera mit Weitwinkel &amp; 3x-Zoom, Hinderniserkennung &amp; 4K-Video \u2013 ideal f\u00fcr kreative Luftaufnahmen.\" \/>\n<meta property=\"og:url\" content=\"https:\/\/copterpro.de\/shop\/dji-hobby-kameraequipment\/dji-air-3s-fly-more-combo\/\" \/>\n<meta property=\"og:site_name\" content=\"Copter Pro\" \/>\n<meta property=\"article:publisher\" content=\"https:\/\/www.facebook.com\/copterprogmbh\" \/>\n<meta property=\"article:modified_time\" content=\"2026-01-03T18:23:05+00:00\" \/>\n<meta property=\"og:image\" content=\"https:\/\/copterpro.de\/shop\/wp-content\/uploads\/2025\/09\/d4a1adddd5c1ebe61cbd4b5b54107345@origin.jpg\" \/>\n\t<meta property=\"og:image:width\" content=\"2560\" \/>\n\t<meta property=\"og:image:height\" content=\"2560\" \/>\n\t<meta property=\"og:image:type\" content=\"image\/jpeg\" \/>\n<meta name=\"twitter:card\" content=\"summary_large_image\" \/>\n<meta name=\"twitter:label1\" content=\"Gesch\u00e4tzte Lesezeit\" \/>\n\t<meta name=\"twitter:data1\" content=\"8\u00a0Minuten\" \/>\n<script type=\"application\/ld+json\" class=\"yoast-schema-graph\">{\"@context\":\"https:\\\/\\\/schema.org\",\"@graph\":[{\"@type\":\"WebPage\",\"@id\":\"https:\\\/\\\/copterpro.de\\\/shop\\\/dji-hobby-kameraequipment\\\/dji-air-3s-fly-more-combo\\\/\",\"url\":\"https:\\\/\\\/copterpro.de\\\/shop\\\/dji-hobby-kameraequipment\\\/dji-air-3s-fly-more-combo\\\/\",\"name\":\"DJI Air 3S Fly More Combo\",\"isPartOf\":{\"@id\":\"https:\\\/\\\/copterpro.de\\\/shop\\\/#website\"},\"primaryImageOfPage\":{\"@id\":\"https:\\\/\\\/copterpro.de\\\/shop\\\/dji-hobby-kameraequipment\\\/dji-air-3s-fly-more-combo\\\/#primaryimage\"},\"image\":{\"@id\":\"https:\\\/\\\/copterpro.de\\\/shop\\\/dji-hobby-kameraequipment\\\/dji-air-3s-fly-more-combo\\\/#primaryimage\"},\"thumbnailUrl\":\"https:\\\/\\\/copterpro.de\\\/shop\\\/wp-content\\\/uploads\\\/2025\\\/09\\\/d4a1adddd5c1ebe61cbd4b5b54107345@origin.jpg\",\"datePublished\":\"2025-09-19T12:22:34+00:00\",\"dateModified\":\"2026-01-03T18:23:05+00:00\",\"description\":\"Die DJI Air 3S Fly More Combo mit DJI RC 2 bietet lange Flugzeit, Dual-Kamera mit Weitwinkel & 3x-Zoom, Hinderniserkennung & 4K-Video \u2013 ideal f\u00fcr kreative Luftaufnahmen.\",\"breadcrumb\":{\"@id\":\"https:\\\/\\\/copterpro.de\\\/shop\\\/dji-hobby-kameraequipment\\\/dji-air-3s-fly-more-combo\\\/#breadcrumb\"},\"inLanguage\":\"de\",\"potentialAction\":[{\"@type\":\"ReadAction\",\"target\":[\"https:\\\/\\\/copterpro.de\\\/shop\\\/dji-hobby-kameraequipment\\\/dji-air-3s-fly-more-combo\\\/\"]}]},{\"@type\":\"ImageObject\",\"inLanguage\":\"de\",\"@id\":\"https:\\\/\\\/copterpro.de\\\/shop\\\/dji-hobby-kameraequipment\\\/dji-air-3s-fly-more-combo\\\/#primaryimage\",\"url\":\"https:\\\/\\\/copterpro.de\\\/shop\\\/wp-content\\\/uploads\\\/2025\\\/09\\\/d4a1adddd5c1ebe61cbd4b5b54107345@origin.jpg\",\"contentUrl\":\"https:\\\/\\\/copterpro.de\\\/shop\\\/wp-content\\\/uploads\\\/2025\\\/09\\\/d4a1adddd5c1ebe61cbd4b5b54107345@origin.jpg\",\"width\":2560,\"height\":2560,\"caption\":\"DJI Air 3S\"},{\"@type\":\"BreadcrumbList\",\"@id\":\"https:\\\/\\\/copterpro.de\\\/shop\\\/dji-hobby-kameraequipment\\\/dji-air-3s-fly-more-combo\\\/#breadcrumb\",\"itemListElement\":[{\"@type\":\"ListItem\",\"position\":1,\"name\":\"Startseite\",\"item\":\"https:\\\/\\\/copterpro.de\\\/shop\\\/\"},{\"@type\":\"ListItem\",\"position\":2,\"name\":\"Shop\",\"item\":\"https:\\\/\\\/copterpro.de\\\/shop\\\/shop\\\/\"},{\"@type\":\"ListItem\",\"position\":3,\"name\":\"DJI Air 3S Fly More Combo (DJI RC 2)\"}]},{\"@type\":\"WebSite\",\"@id\":\"https:\\\/\\\/copterpro.de\\\/shop\\\/#website\",\"url\":\"https:\\\/\\\/copterpro.de\\\/shop\\\/\",\"name\":\"Copter Pro\",\"description\":\"\",\"publisher\":{\"@id\":\"https:\\\/\\\/copterpro.de\\\/shop\\\/#organization\"},\"potentialAction\":[{\"@type\":\"SearchAction\",\"target\":{\"@type\":\"EntryPoint\",\"urlTemplate\":\"https:\\\/\\\/copterpro.de\\\/shop\\\/?s={search_term_string}\"},\"query-input\":{\"@type\":\"PropertyValueSpecification\",\"valueRequired\":true,\"valueName\":\"search_term_string\"}}],\"inLanguage\":\"de\"},{\"@type\":\"Organization\",\"@id\":\"https:\\\/\\\/copterpro.de\\\/shop\\\/#organization\",\"name\":\"Copter Pro\",\"url\":\"https:\\\/\\\/copterpro.de\\\/shop\\\/\",\"logo\":{\"@type\":\"ImageObject\",\"inLanguage\":\"de\",\"@id\":\"https:\\\/\\\/copterpro.de\\\/shop\\\/#\\\/schema\\\/logo\\\/image\\\/\",\"url\":\"https:\\\/\\\/copterpro.de\\\/shop\\\/wp-content\\\/uploads\\\/2025\\\/04\\\/copterpro.svg\",\"contentUrl\":\"https:\\\/\\\/copterpro.de\\\/shop\\\/wp-content\\\/uploads\\\/2025\\\/04\\\/copterpro.svg\",\"caption\":\"Copter Pro\"},\"image\":{\"@id\":\"https:\\\/\\\/copterpro.de\\\/shop\\\/#\\\/schema\\\/logo\\\/image\\\/\"},\"sameAs\":[\"https:\\\/\\\/www.facebook.com\\\/copterprogmbh\"]}]}<\/script>\n<!-- \/ Yoast SEO plugin. -->","yoast_head_json":{"title":"DJI Air 3S Fly More Combo","description":"Die DJI Air 3S Fly More Combo mit DJI RC 2 bietet lange Flugzeit, Dual-Kamera mit Weitwinkel & 3x-Zoom, Hinderniserkennung & 4K-Video \u2013 ideal f\u00fcr kreative Luftaufnahmen.","robots":{"index":"index","follow":"follow","max-snippet":"max-snippet:-1","max-image-preview":"max-image-preview:large","max-video-preview":"max-video-preview:-1"},"canonical":"https:\/\/copterpro.de\/shop\/dji-hobby-kameraequipment\/dji-air-3s-fly-more-combo\/","og_locale":"de_DE","og_type":"article","og_title":"DJI Air 3S Fly More Combo","og_description":"Die DJI Air 3S Fly More Combo mit DJI RC 2 bietet lange Flugzeit, Dual-Kamera mit Weitwinkel & 3x-Zoom, Hinderniserkennung & 4K-Video \u2013 ideal f\u00fcr kreative Luftaufnahmen.","og_url":"https:\/\/copterpro.de\/shop\/dji-hobby-kameraequipment\/dji-air-3s-fly-more-combo\/","og_site_name":"Copter Pro","article_publisher":"https:\/\/www.facebook.com\/copterprogmbh","article_modified_time":"2026-01-03T18:23:05+00:00","og_image":[{"width":2560,"height":2560,"url":"https:\/\/copterpro.de\/shop\/wp-content\/uploads\/2025\/09\/d4a1adddd5c1ebe61cbd4b5b54107345@origin.jpg","type":"image\/jpeg"}],"twitter_card":"summary_large_image","twitter_misc":{"Gesch\u00e4tzte Lesezeit":"8\u00a0Minuten"},"schema":{"@context":"https:\/\/schema.org","@graph":[{"@type":"WebPage","@id":"https:\/\/copterpro.de\/shop\/dji-hobby-kameraequipment\/dji-air-3s-fly-more-combo\/","url":"https:\/\/copterpro.de\/shop\/dji-hobby-kameraequipment\/dji-air-3s-fly-more-combo\/","name":"DJI Air 3S Fly More Combo","isPartOf":{"@id":"https:\/\/copterpro.de\/shop\/#website"},"primaryImageOfPage":{"@id":"https:\/\/copterpro.de\/shop\/dji-hobby-kameraequipment\/dji-air-3s-fly-more-combo\/#primaryimage"},"image":{"@id":"https:\/\/copterpro.de\/shop\/dji-hobby-kameraequipment\/dji-air-3s-fly-more-combo\/#primaryimage"},"thumbnailUrl":"https:\/\/copterpro.de\/shop\/wp-content\/uploads\/2025\/09\/d4a1adddd5c1ebe61cbd4b5b54107345@origin.jpg","datePublished":"2025-09-19T12:22:34+00:00","dateModified":"2026-01-03T18:23:05+00:00","description":"Die DJI Air 3S Fly More Combo mit DJI RC 2 bietet lange Flugzeit, Dual-Kamera mit Weitwinkel & 3x-Zoom, Hinderniserkennung & 4K-Video \u2013 ideal f\u00fcr kreative Luftaufnahmen.","breadcrumb":{"@id":"https:\/\/copterpro.de\/shop\/dji-hobby-kameraequipment\/dji-air-3s-fly-more-combo\/#breadcrumb"},"inLanguage":"de","potentialAction":[{"@type":"ReadAction","target":["https:\/\/copterpro.de\/shop\/dji-hobby-kameraequipment\/dji-air-3s-fly-more-combo\/"]}]},{"@type":"ImageObject","inLanguage":"de","@id":"https:\/\/copterpro.de\/shop\/dji-hobby-kameraequipment\/dji-air-3s-fly-more-combo\/#primaryimage","url":"https:\/\/copterpro.de\/shop\/wp-content\/uploads\/2025\/09\/d4a1adddd5c1ebe61cbd4b5b54107345@origin.jpg","contentUrl":"https:\/\/copterpro.de\/shop\/wp-content\/uploads\/2025\/09\/d4a1adddd5c1ebe61cbd4b5b54107345@origin.jpg","width":2560,"height":2560,"caption":"DJI Air 3S"},{"@type":"BreadcrumbList","@id":"https:\/\/copterpro.de\/shop\/dji-hobby-kameraequipment\/dji-air-3s-fly-more-combo\/#breadcrumb","itemListElement":[{"@type":"ListItem","position":1,"name":"Startseite","item":"https:\/\/copterpro.de\/shop\/"},{"@type":"ListItem","position":2,"name":"Shop","item":"https:\/\/copterpro.de\/shop\/shop\/"},{"@type":"ListItem","position":3,"name":"DJI Air 3S Fly More Combo (DJI RC 2)"}]},{"@type":"WebSite","@id":"https:\/\/copterpro.de\/shop\/#website","url":"https:\/\/copterpro.de\/shop\/","name":"Copter Pro","description":"","publisher":{"@id":"https:\/\/copterpro.de\/shop\/#organization"},"potentialAction":[{"@type":"SearchAction","target":{"@type":"EntryPoint","urlTemplate":"https:\/\/copterpro.de\/shop\/?s={search_term_string}"},"query-input":{"@type":"PropertyValueSpecification","valueRequired":true,"valueName":"search_term_string"}}],"inLanguage":"de"},{"@type":"Organization","@id":"https:\/\/copterpro.de\/shop\/#organization","name":"Copter Pro","url":"https:\/\/copterpro.de\/shop\/","logo":{"@type":"ImageObject","inLanguage":"de","@id":"https:\/\/copterpro.de\/shop\/#\/schema\/logo\/image\/","url":"https:\/\/copterpro.de\/shop\/wp-content\/uploads\/2025\/04\/copterpro.svg","contentUrl":"https:\/\/copterpro.de\/shop\/wp-content\/uploads\/2025\/04\/copterpro.svg","caption":"Copter Pro"},"image":{"@id":"https:\/\/copterpro.de\/shop\/#\/schema\/logo\/image\/"},"sameAs":["https:\/\/www.facebook.com\/copterprogmbh"]}]}},"_links":{"self":[{"href":"https:\/\/copterpro.de\/shop\/wp-json\/wp\/v2\/product\/14512","targetHints":{"allow":["GET"]}}],"collection":[{"href":"https:\/\/copterpro.de\/shop\/wp-json\/wp\/v2\/product"}],"about":[{"href":"https:\/\/copterpro.de\/shop\/wp-json\/wp\/v2\/types\/product"}],"wp:featuredmedia":[{"embeddable":true,"href":"https:\/\/copterpro.de\/shop\/wp-json\/wp\/v2\/media\/14518"}],"wp:attachment":[{"href":"https:\/\/copterpro.de\/shop\/wp-json\/wp\/v2\/media?parent=14512"}],"wp:term":[{"taxonomy":"product_brand","embeddable":true,"href":"https:\/\/copterpro.de\/shop\/wp-json\/wp\/v2\/product_brand?post=14512"},{"taxonomy":"product_cat","embeddable":true,"href":"https:\/\/copterpro.de\/shop\/wp-json\/wp\/v2\/product_cat?post=14512"},{"taxonomy":"product_tag","embeddable":true,"href":"https:\/\/copterpro.de\/shop\/wp-json\/wp\/v2\/product_tag?post=14512"}],"curies":[{"name":"wp","href":"https:\/\/api.w.org\/{rel}","templated":true}]}}