{"id":14536,"date":"2025-09-19T16:01:22","date_gmt":"2025-09-19T14:01:22","guid":{"rendered":"https:\/\/shop.copterpro.de\/?post_type=product&#038;p=14536"},"modified":"2026-03-22T03:43:12","modified_gmt":"2026-03-22T02:43:12","slug":"sts-bundle-online-theorie-und-vor-ort-praxis","status":"publish","type":"product","link":"https:\/\/copterpro.de\/shop\/schulungen\/sts-bundle-online-theorie-und-vor-ort-praxis\/","title":{"rendered":"STS Bundle Online Theorie &#038; vor Ort Praxis"},"content":{"rendered":"<h3>Fernpilotenzeugnis STS Bundle<\/h3>\n<p>STS Bundle Online Theorie &amp; vor Ort Praxis<\/p>\n<p>Leistungsbeschreibung:<\/p>\n<p>1. Online Theorie Kurs mit A2 &amp; STS Theorie Pr\u00fcfung<br \/>\n2. STSO1\/ STS02 vor Ort Training inklusive Praxis Pr\u00fcfung bei Copterpro am Standort 55606 Kirn<\/p>\n<p>Beschreibung:<br \/>\n1. Nach der Bestellung erhalten Sie die Zugangsdaten f\u00fcr die A2\/STS Theorie Lernunterlagen.<br \/>\n2. Nachdem der Teilnehmer die Lernunterlagen verinnerlicht hat, wird ein Online Pr\u00fcfungstermin f\u00fcr die A2\/STS Theorie Pr\u00fcfung vereinbart<br \/>\n3. Sobald die Theorie Pr\u00fcfung erfolgreich abgeschlossen wurde, kann sich der Teilnehmer einen Praxis Pr\u00fcfungstag buchen und erh\u00e4lt alle weiteren Informationen<\/p>\n<p>Wichtig:<br \/>\nDie A2\/STS Theorie Pr\u00fcfung muss vor der Buchung des STS Praxistags erfolgen!<\/p>\n","protected":false},"excerpt":{"rendered":"<p>Fernpilotenzeugnis STS Bundle STS Bundle Online Theorie &amp; vor Ort Praxis Leistungsbeschreibung: 1. Online Theorie Kurs mit A2 &amp; STS Theorie Pr\u00fcfung 2. STSO1\/ STS02 vor Ort Training inklusive Praxis Pr\u00fcfung bei Copterpro am Standort 55606 Kirn Beschreibung: 1. Nach der Bestellung erhalten Sie die Zugangsdaten f\u00fcr die A2\/STS Theorie [&hellip;]<\/p>\n","protected":false},"featured_media":14800,"template":"","meta":{"_acf_changed":false,"_iconic_wsb_product_page_order_bump_ids":[[]],"_sku":[],"_iconic_wsb_product_page_bump_modal_ids":[[]]},"product_brand":[],"product_cat":[60,135,136,168],"product_tag":[],"class_list":{"0":"post-14536","1":"product","2":"type-product","3":"status-publish","4":"has-post-thumbnail","6":"product_cat-schulungen","7":"product_cat-online-schulungen","8":"product_cat-vor-ort","9":"product_cat-drohnenfuehrerschein","11":"first","12":"instock","13":"virtual","14":"taxable","15":"purchasable","16":"product-type-simple"},"acf":[],"yoast_head":"<!-- This site is optimized with the Yoast SEO plugin v27.3 - https:\/\/yoast.com\/product\/yoast-seo-wordpress\/ -->\n<title>STS Bundle Online Theorie &amp; vor Ort Praxis<\/title>\n<meta name=\"description\" content=\"Komplettes STS-Bundle: Online-Theorie mit STS-Pr\u00fcfung plus praktisches Training vor Ort. Ideal f\u00fcr Drohnenpiloten, die STS01\/STS02 absolvieren m\u00f6chten.\" \/>\n<meta name=\"robots\" content=\"index, follow, max-snippet:-1, max-image-preview:large, max-video-preview:-1\" \/>\n<link rel=\"canonical\" href=\"https:\/\/copterpro.de\/shop\/schulungen\/sts-bundle-online-theorie-und-vor-ort-praxis\/\" \/>\n<meta property=\"og:locale\" content=\"de_DE\" \/>\n<meta property=\"og:type\" content=\"article\" \/>\n<meta property=\"og:title\" content=\"STS Bundle Online Theorie &amp; vor Ort Praxis\" \/>\n<meta property=\"og:description\" content=\"Komplettes STS-Bundle: Online-Theorie mit STS-Pr\u00fcfung plus praktisches Training vor Ort. Ideal f\u00fcr Drohnenpiloten, die STS01\/STS02 absolvieren m\u00f6chten.\" \/>\n<meta property=\"og:url\" content=\"https:\/\/copterpro.de\/shop\/schulungen\/sts-bundle-online-theorie-und-vor-ort-praxis\/\" \/>\n<meta property=\"og:site_name\" content=\"Copter Pro\" \/>\n<meta property=\"article:publisher\" content=\"https:\/\/www.facebook.com\/copterprogmbh\" \/>\n<meta property=\"article:modified_time\" content=\"2026-03-22T02:43:12+00:00\" \/>\n<meta property=\"og:image\" content=\"https:\/\/copterpro.de\/shop\/wp-content\/uploads\/2025\/10\/STS-Komplettset-neu.jpg\" \/>\n\t<meta property=\"og:image:width\" content=\"1080\" \/>\n\t<meta property=\"og:image:height\" content=\"1080\" \/>\n\t<meta property=\"og:image:type\" content=\"image\/jpeg\" \/>\n<meta name=\"twitter:card\" content=\"summary_large_image\" \/>\n<meta name=\"twitter:label1\" content=\"Gesch\u00e4tzte Lesezeit\" \/>\n\t<meta name=\"twitter:data1\" content=\"1\u00a0Minute\" \/>\n<script type=\"application\/ld+json\" class=\"yoast-schema-graph\">{\"@context\":\"https:\\\/\\\/schema.org\",\"@graph\":[{\"@type\":\"WebPage\",\"@id\":\"https:\\\/\\\/copterpro.de\\\/shop\\\/schulungen\\\/sts-bundle-online-theorie-und-vor-ort-praxis\\\/\",\"url\":\"https:\\\/\\\/copterpro.de\\\/shop\\\/schulungen\\\/sts-bundle-online-theorie-und-vor-ort-praxis\\\/\",\"name\":\"STS Bundle Online Theorie & vor Ort Praxis\",\"isPartOf\":{\"@id\":\"https:\\\/\\\/copterpro.de\\\/shop\\\/#website\"},\"primaryImageOfPage\":{\"@id\":\"https:\\\/\\\/copterpro.de\\\/shop\\\/schulungen\\\/sts-bundle-online-theorie-und-vor-ort-praxis\\\/#primaryimage\"},\"image\":{\"@id\":\"https:\\\/\\\/copterpro.de\\\/shop\\\/schulungen\\\/sts-bundle-online-theorie-und-vor-ort-praxis\\\/#primaryimage\"},\"thumbnailUrl\":\"https:\\\/\\\/copterpro.de\\\/shop\\\/wp-content\\\/uploads\\\/2025\\\/10\\\/STS-Komplettset-neu.jpg\",\"datePublished\":\"2025-09-19T14:01:22+00:00\",\"dateModified\":\"2026-03-22T02:43:12+00:00\",\"description\":\"Komplettes STS-Bundle: Online-Theorie mit STS-Pr\u00fcfung plus praktisches Training vor Ort. Ideal f\u00fcr Drohnenpiloten, die STS01\\\/STS02 absolvieren m\u00f6chten.\",\"breadcrumb\":{\"@id\":\"https:\\\/\\\/copterpro.de\\\/shop\\\/schulungen\\\/sts-bundle-online-theorie-und-vor-ort-praxis\\\/#breadcrumb\"},\"inLanguage\":\"de\",\"potentialAction\":[{\"@type\":\"ReadAction\",\"target\":[\"https:\\\/\\\/copterpro.de\\\/shop\\\/schulungen\\\/sts-bundle-online-theorie-und-vor-ort-praxis\\\/\"]}]},{\"@type\":\"ImageObject\",\"inLanguage\":\"de\",\"@id\":\"https:\\\/\\\/copterpro.de\\\/shop\\\/schulungen\\\/sts-bundle-online-theorie-und-vor-ort-praxis\\\/#primaryimage\",\"url\":\"https:\\\/\\\/copterpro.de\\\/shop\\\/wp-content\\\/uploads\\\/2025\\\/10\\\/STS-Komplettset-neu.jpg\",\"contentUrl\":\"https:\\\/\\\/copterpro.de\\\/shop\\\/wp-content\\\/uploads\\\/2025\\\/10\\\/STS-Komplettset-neu.jpg\",\"width\":1080,\"height\":1080,\"caption\":\"Schulung STS Schein\"},{\"@type\":\"BreadcrumbList\",\"@id\":\"https:\\\/\\\/copterpro.de\\\/shop\\\/schulungen\\\/sts-bundle-online-theorie-und-vor-ort-praxis\\\/#breadcrumb\",\"itemListElement\":[{\"@type\":\"ListItem\",\"position\":1,\"name\":\"Startseite\",\"item\":\"https:\\\/\\\/copterpro.de\\\/shop\\\/\"},{\"@type\":\"ListItem\",\"position\":2,\"name\":\"Shop\",\"item\":\"https:\\\/\\\/copterpro.de\\\/shop\\\/shop\\\/\"},{\"@type\":\"ListItem\",\"position\":3,\"name\":\"STS Bundle Online Theorie &#038; vor Ort Praxis\"}]},{\"@type\":\"WebSite\",\"@id\":\"https:\\\/\\\/copterpro.de\\\/shop\\\/#website\",\"url\":\"https:\\\/\\\/copterpro.de\\\/shop\\\/\",\"name\":\"Copter Pro\",\"description\":\"\",\"publisher\":{\"@id\":\"https:\\\/\\\/copterpro.de\\\/shop\\\/#organization\"},\"potentialAction\":[{\"@type\":\"SearchAction\",\"target\":{\"@type\":\"EntryPoint\",\"urlTemplate\":\"https:\\\/\\\/copterpro.de\\\/shop\\\/?s={search_term_string}\"},\"query-input\":{\"@type\":\"PropertyValueSpecification\",\"valueRequired\":true,\"valueName\":\"search_term_string\"}}],\"inLanguage\":\"de\"},{\"@type\":\"Organization\",\"@id\":\"https:\\\/\\\/copterpro.de\\\/shop\\\/#organization\",\"name\":\"Copter Pro\",\"url\":\"https:\\\/\\\/copterpro.de\\\/shop\\\/\",\"logo\":{\"@type\":\"ImageObject\",\"inLanguage\":\"de\",\"@id\":\"https:\\\/\\\/copterpro.de\\\/shop\\\/#\\\/schema\\\/logo\\\/image\\\/\",\"url\":\"https:\\\/\\\/copterpro.de\\\/shop\\\/wp-content\\\/uploads\\\/2025\\\/04\\\/copterpro.svg\",\"contentUrl\":\"https:\\\/\\\/copterpro.de\\\/shop\\\/wp-content\\\/uploads\\\/2025\\\/04\\\/copterpro.svg\",\"caption\":\"Copter Pro\"},\"image\":{\"@id\":\"https:\\\/\\\/copterpro.de\\\/shop\\\/#\\\/schema\\\/logo\\\/image\\\/\"},\"sameAs\":[\"https:\\\/\\\/www.facebook.com\\\/copterprogmbh\"]}]}<\/script>\n<!-- \/ Yoast SEO plugin. -->","yoast_head_json":{"title":"STS Bundle Online Theorie & vor Ort Praxis","description":"Komplettes STS-Bundle: Online-Theorie mit STS-Pr\u00fcfung plus praktisches Training vor Ort. Ideal f\u00fcr Drohnenpiloten, die STS01\/STS02 absolvieren m\u00f6chten.","robots":{"index":"index","follow":"follow","max-snippet":"max-snippet:-1","max-image-preview":"max-image-preview:large","max-video-preview":"max-video-preview:-1"},"canonical":"https:\/\/copterpro.de\/shop\/schulungen\/sts-bundle-online-theorie-und-vor-ort-praxis\/","og_locale":"de_DE","og_type":"article","og_title":"STS Bundle Online Theorie & vor Ort Praxis","og_description":"Komplettes STS-Bundle: Online-Theorie mit STS-Pr\u00fcfung plus praktisches Training vor Ort. Ideal f\u00fcr Drohnenpiloten, die STS01\/STS02 absolvieren m\u00f6chten.","og_url":"https:\/\/copterpro.de\/shop\/schulungen\/sts-bundle-online-theorie-und-vor-ort-praxis\/","og_site_name":"Copter Pro","article_publisher":"https:\/\/www.facebook.com\/copterprogmbh","article_modified_time":"2026-03-22T02:43:12+00:00","og_image":[{"width":1080,"height":1080,"url":"https:\/\/copterpro.de\/shop\/wp-content\/uploads\/2025\/10\/STS-Komplettset-neu.jpg","type":"image\/jpeg"}],"twitter_card":"summary_large_image","twitter_misc":{"Gesch\u00e4tzte Lesezeit":"1\u00a0Minute"},"schema":{"@context":"https:\/\/schema.org","@graph":[{"@type":"WebPage","@id":"https:\/\/copterpro.de\/shop\/schulungen\/sts-bundle-online-theorie-und-vor-ort-praxis\/","url":"https:\/\/copterpro.de\/shop\/schulungen\/sts-bundle-online-theorie-und-vor-ort-praxis\/","name":"STS Bundle Online Theorie & vor Ort Praxis","isPartOf":{"@id":"https:\/\/copterpro.de\/shop\/#website"},"primaryImageOfPage":{"@id":"https:\/\/copterpro.de\/shop\/schulungen\/sts-bundle-online-theorie-und-vor-ort-praxis\/#primaryimage"},"image":{"@id":"https:\/\/copterpro.de\/shop\/schulungen\/sts-bundle-online-theorie-und-vor-ort-praxis\/#primaryimage"},"thumbnailUrl":"https:\/\/copterpro.de\/shop\/wp-content\/uploads\/2025\/10\/STS-Komplettset-neu.jpg","datePublished":"2025-09-19T14:01:22+00:00","dateModified":"2026-03-22T02:43:12+00:00","description":"Komplettes STS-Bundle: Online-Theorie mit STS-Pr\u00fcfung plus praktisches Training vor Ort. Ideal f\u00fcr Drohnenpiloten, die STS01\/STS02 absolvieren m\u00f6chten.","breadcrumb":{"@id":"https:\/\/copterpro.de\/shop\/schulungen\/sts-bundle-online-theorie-und-vor-ort-praxis\/#breadcrumb"},"inLanguage":"de","potentialAction":[{"@type":"ReadAction","target":["https:\/\/copterpro.de\/shop\/schulungen\/sts-bundle-online-theorie-und-vor-ort-praxis\/"]}]},{"@type":"ImageObject","inLanguage":"de","@id":"https:\/\/copterpro.de\/shop\/schulungen\/sts-bundle-online-theorie-und-vor-ort-praxis\/#primaryimage","url":"https:\/\/copterpro.de\/shop\/wp-content\/uploads\/2025\/10\/STS-Komplettset-neu.jpg","contentUrl":"https:\/\/copterpro.de\/shop\/wp-content\/uploads\/2025\/10\/STS-Komplettset-neu.jpg","width":1080,"height":1080,"caption":"Schulung STS Schein"},{"@type":"BreadcrumbList","@id":"https:\/\/copterpro.de\/shop\/schulungen\/sts-bundle-online-theorie-und-vor-ort-praxis\/#breadcrumb","itemListElement":[{"@type":"ListItem","position":1,"name":"Startseite","item":"https:\/\/copterpro.de\/shop\/"},{"@type":"ListItem","position":2,"name":"Shop","item":"https:\/\/copterpro.de\/shop\/shop\/"},{"@type":"ListItem","position":3,"name":"STS Bundle Online Theorie &#038; vor Ort Praxis"}]},{"@type":"WebSite","@id":"https:\/\/copterpro.de\/shop\/#website","url":"https:\/\/copterpro.de\/shop\/","name":"Copter Pro","description":"","publisher":{"@id":"https:\/\/copterpro.de\/shop\/#organization"},"potentialAction":[{"@type":"SearchAction","target":{"@type":"EntryPoint","urlTemplate":"https:\/\/copterpro.de\/shop\/?s={search_term_string}"},"query-input":{"@type":"PropertyValueSpecification","valueRequired":true,"valueName":"search_term_string"}}],"inLanguage":"de"},{"@type":"Organization","@id":"https:\/\/copterpro.de\/shop\/#organization","name":"Copter Pro","url":"https:\/\/copterpro.de\/shop\/","logo":{"@type":"ImageObject","inLanguage":"de","@id":"https:\/\/copterpro.de\/shop\/#\/schema\/logo\/image\/","url":"https:\/\/copterpro.de\/shop\/wp-content\/uploads\/2025\/04\/copterpro.svg","contentUrl":"https:\/\/copterpro.de\/shop\/wp-content\/uploads\/2025\/04\/copterpro.svg","caption":"Copter Pro"},"image":{"@id":"https:\/\/copterpro.de\/shop\/#\/schema\/logo\/image\/"},"sameAs":["https:\/\/www.facebook.com\/copterprogmbh"]}]}},"_links":{"self":[{"href":"https:\/\/copterpro.de\/shop\/wp-json\/wp\/v2\/product\/14536","targetHints":{"allow":["GET"]}}],"collection":[{"href":"https:\/\/copterpro.de\/shop\/wp-json\/wp\/v2\/product"}],"about":[{"href":"https:\/\/copterpro.de\/shop\/wp-json\/wp\/v2\/types\/product"}],"wp:featuredmedia":[{"embeddable":true,"href":"https:\/\/copterpro.de\/shop\/wp-json\/wp\/v2\/media\/14800"}],"wp:attachment":[{"href":"https:\/\/copterpro.de\/shop\/wp-json\/wp\/v2\/media?parent=14536"}],"wp:term":[{"taxonomy":"product_brand","embeddable":true,"href":"https:\/\/copterpro.de\/shop\/wp-json\/wp\/v2\/product_brand?post=14536"},{"taxonomy":"product_cat","embeddable":true,"href":"https:\/\/copterpro.de\/shop\/wp-json\/wp\/v2\/product_cat?post=14536"},{"taxonomy":"product_tag","embeddable":true,"href":"https:\/\/copterpro.de\/shop\/wp-json\/wp\/v2\/product_tag?post=14536"}],"curies":[{"name":"wp","href":"https:\/\/api.w.org\/{rel}","templated":true}]}}