{"id":14576,"date":"2025-09-26T11:11:52","date_gmt":"2025-09-26T09:11:52","guid":{"rendered":"https:\/\/shop.copterpro.de\/?post_type=product&#038;p=14576"},"modified":"2026-02-05T17:05:29","modified_gmt":"2026-02-05T16:05:29","slug":"dji-mini-5-pro-fly-more-combo","status":"publish","type":"product","link":"https:\/\/copterpro.de\/shop\/dji-hobby-kameraequipment\/dji-mini-5-pro-fly-more-combo\/","title":{"rendered":"DJI Mini 5 Pro Fly More Combo (RC 2 Fernsteuerung)"},"content":{"rendered":"<h3>Hier kommen die Details<\/h3>\n<div class=\"index__content___g+seM\">\n<div class=\"index__info___DkMXq index__bg___4xV-E\">\n<div class=\"index__desc___YCsc0\">\n<h4>1-Zoll-CMOS-Kamera<\/h4>\n<p>Mit einem 50 MP 1-Zoll-CMOS-Sensor und einer Blende von f\/1,8 liefert die Mini 5 Pro umfangreiche Details und klare Low-Light-Aufnahmen. Das ist Bildgebung auf Top-Niveau, trotz kompakter Gr\u00f6\u00dfe.<\/p>\n<\/div>\n<\/div>\n<div class=\"index__info___DkMXq\">\n<div class=\"index__desc___YCsc0\">\n<h4>Mit der Mini gro\u00df rauskommen<\/h4>\n<p>Mini 5 Pro verf\u00fcgt \u00fcber ein ultraleichtes, faltbares Design im Taschenformat, das problemlos in einen Rucksack passt. Sie ist C0-zertifiziert [1] und erm\u00f6glicht problemlose Fl\u00fcge in EU-L\u00e4ndern.<\/p>\n<\/div>\n<\/div>\n<div class=\"index__info___DkMXq\">\n<div class=\"index__desc___YCsc0\">\n<h4>Verbessertes ActiveTrack 360\u00b0\u00a0<sup>[2]<\/sup><\/h4>\n<p>Die Mini 5 Pro erkennt Sportszenen und w\u00e4hlt automatisch den Radfahr- oder den Standard-Modus f\u00fcr eine optimale Bildkomposition aus. Das verbesserte Tracking sorgt f\u00fcr ein ausgewogenes Verh\u00e4ltnis zwischen Geschwindigkeit, Agilit\u00e4t und Sicherheit.<\/p>\n<\/div>\n<\/div>\n<div class=\"index__info___DkMXq index__bg___4xV-E\">\n<div class=\"index__desc___YCsc0\">\n<h4>225\u00b0-Gimbal-Rotation f\u00fcr dynamische Kamerabewegungen<\/h4>\n<p>Mit 225\u00b0 Rollrotation l\u00e4sst dich die Mini 5 Pro dynamische Aufnahmen aus neuen Blickwinkeln machen. QuickShot Rotieren, Zeitraffer, Spotlight und Wegpunkt verwandeln Ideen m\u00fchelos in filmreifes Material.<\/p>\n<\/div>\n<\/div>\n<div class=\"index__img-box___HCCi2\">Omnidirektionale Hinderniserkennung bei Nacht <sup>[3]<\/sup><\/div>\n<div class=\"index__info___DkMXq\">\n<div class=\"index__desc___YCsc0\">\n<p>Sie verf\u00fcgt \u00fcber ein nach vorne gerichtetes LiDAR und mehrere Bildsensoren f\u00fcr eine omnidirektionale Hinderniserkennung, sogar nachts.<\/p>\n<\/div>\n<\/div>\n<div class=\"index__img-box___HCCi2\">Smart RTH der n\u00e4chsten Generation f\u00fcr sichere R\u00fcckkehr<\/div>\n<div class=\"index__info___DkMXq\">\n<div class=\"index__desc___YCsc0\">\n<p>In ausreichend beleuchteten Umgebungen kann sie sich Flugrouten merken\u00a0<sup>[4]<\/sup> und so auch ohne Satellitensignale sicher starten und wieder zur\u00fcckkehren.<\/p>\n<\/div>\n<\/div>\n<div class=\"index__info___DkMXq\">\n<div class=\"index__desc___YCsc0\">\n<h4>36 Minuten Flugzeit\u00a0<sup>[5]<\/sup><\/h4>\n<p>Die Intelligent Flight Battery bietet bis zu 36 Minuten Flugzeit\u00a0<sup>[5]<\/sup> f\u00fcr erweiterte Kreativit\u00e4t.<\/p>\n<\/div>\n<\/div>\n<div class=\"index__info___DkMXq\">\n<div class=\"index__desc___YCsc0\">\n<h4>20 km Video\u00fcbertragung\u00a0<sup>[6]<\/sup><\/h4>\n<p>Die O4+ Video\u00fcbertragung unterst\u00fctzt bis zu 20 km\u00a0<sup>[6]<\/sup>\u00a0und liefert fl\u00fcssige, stabile 10-Bit-Feeds mit verbesserter St\u00f6runterdr\u00fcckung.<\/p>\n<\/div>\n<\/div>\n<\/div>\n","protected":false},"excerpt":{"rendered":"<p>Hier kommen die Details 1-Zoll-CMOS-Kamera Mit einem 50 MP 1-Zoll-CMOS-Sensor und einer Blende von f\/1,8 liefert die Mini 5 Pro umfangreiche Details und klare Low-Light-Aufnahmen. Das ist Bildgebung auf Top-Niveau, trotz kompakter Gr\u00f6\u00dfe. Mit der Mini gro\u00df rauskommen Mini 5 Pro verf\u00fcgt \u00fcber ein ultraleichtes, faltbares Design im Taschenformat, das [&hellip;]<\/p>\n","protected":false},"featured_media":14582,"template":"","meta":{"_acf_changed":false,"_iconic_wsb_product_page_order_bump_ids":[[14560]],"_sku":[],"_iconic_wsb_product_page_bump_modal_ids":[[14560]]},"product_brand":[],"product_cat":[40],"product_tag":[],"class_list":{"0":"post-14576","1":"product","2":"type-product","3":"status-publish","4":"has-post-thumbnail","6":"product_cat-dji-hobby-kameraequipment","8":"first","9":"instock","10":"taxable","11":"shipping-taxable","12":"purchasable","13":"product-type-simple"},"acf":[],"yoast_head":"<!-- This site is optimized with the Yoast SEO plugin v27.3 - https:\/\/yoast.com\/product\/yoast-seo-wordpress\/ -->\n<title>DJI Mini 5 Pro Drohne f\u00fcr Luftaufnahmen und Mini Hobbydrohne<\/title>\n<meta name=\"description\" content=\"DJI Mini 5 Pro Drohne f\u00fcr Luftaufnahmen und Mini Hobbydrohne. Die neue DJI Mini 5 f\u00fcr atemberaubende Luftaufnahmen unter 250g. Mini 5 Pro Drohne NEU\" \/>\n<meta name=\"robots\" content=\"index, follow, max-snippet:-1, max-image-preview:large, max-video-preview:-1\" \/>\n<link rel=\"canonical\" href=\"https:\/\/copterpro.de\/shop\/dji-hobby-kameraequipment\/dji-mini-5-pro-fly-more-combo\/\" \/>\n<meta property=\"og:locale\" content=\"de_DE\" \/>\n<meta property=\"og:type\" content=\"article\" \/>\n<meta property=\"og:title\" content=\"DJI Mini 5 Pro Drohne f\u00fcr Luftaufnahmen und Mini Hobbydrohne\" \/>\n<meta property=\"og:description\" content=\"DJI Mini 5 Pro Drohne f\u00fcr Luftaufnahmen und Mini Hobbydrohne. Die neue DJI Mini 5 f\u00fcr atemberaubende Luftaufnahmen unter 250g. Mini 5 Pro Drohne NEU\" \/>\n<meta property=\"og:url\" content=\"https:\/\/copterpro.de\/shop\/dji-hobby-kameraequipment\/dji-mini-5-pro-fly-more-combo\/\" \/>\n<meta property=\"og:site_name\" content=\"Copter Pro\" \/>\n<meta property=\"article:publisher\" content=\"https:\/\/www.facebook.com\/copterprogmbh\" \/>\n<meta property=\"article:modified_time\" content=\"2026-02-05T16:05:29+00:00\" \/>\n<meta property=\"og:image\" content=\"https:\/\/copterpro.de\/shop\/wp-content\/uploads\/2025\/09\/DJI_Mini_5-Pro_Fly_More_Combo_DJI_RC_2_InTheBox_01-1024x683.jpg\" \/>\n\t<meta property=\"og:image:width\" content=\"1024\" \/>\n\t<meta property=\"og:image:height\" content=\"683\" \/>\n\t<meta property=\"og:image:type\" content=\"image\/jpeg\" \/>\n<meta name=\"twitter:card\" content=\"summary_large_image\" \/>\n<meta name=\"twitter:label1\" content=\"Gesch\u00e4tzte Lesezeit\" \/>\n\t<meta name=\"twitter:data1\" content=\"2\u00a0Minuten\" \/>\n<script type=\"application\/ld+json\" class=\"yoast-schema-graph\">{\"@context\":\"https:\\\/\\\/schema.org\",\"@graph\":[{\"@type\":\"WebPage\",\"@id\":\"https:\\\/\\\/copterpro.de\\\/shop\\\/dji-hobby-kameraequipment\\\/dji-mini-5-pro-fly-more-combo\\\/\",\"url\":\"https:\\\/\\\/copterpro.de\\\/shop\\\/dji-hobby-kameraequipment\\\/dji-mini-5-pro-fly-more-combo\\\/\",\"name\":\"DJI Mini 5 Pro Drohne f\u00fcr Luftaufnahmen und Mini Hobbydrohne\",\"isPartOf\":{\"@id\":\"https:\\\/\\\/copterpro.de\\\/shop\\\/#website\"},\"primaryImageOfPage\":{\"@id\":\"https:\\\/\\\/copterpro.de\\\/shop\\\/dji-hobby-kameraequipment\\\/dji-mini-5-pro-fly-more-combo\\\/#primaryimage\"},\"image\":{\"@id\":\"https:\\\/\\\/copterpro.de\\\/shop\\\/dji-hobby-kameraequipment\\\/dji-mini-5-pro-fly-more-combo\\\/#primaryimage\"},\"thumbnailUrl\":\"https:\\\/\\\/copterpro.de\\\/shop\\\/wp-content\\\/uploads\\\/2025\\\/09\\\/DJI_Mini_5-Pro_Fly_More_Combo_DJI_RC_2_InTheBox_01.jpg\",\"datePublished\":\"2025-09-26T09:11:52+00:00\",\"dateModified\":\"2026-02-05T16:05:29+00:00\",\"description\":\"DJI Mini 5 Pro Drohne f\u00fcr Luftaufnahmen und Mini Hobbydrohne. Die neue DJI Mini 5 f\u00fcr atemberaubende Luftaufnahmen unter 250g. Mini 5 Pro Drohne NEU\",\"breadcrumb\":{\"@id\":\"https:\\\/\\\/copterpro.de\\\/shop\\\/dji-hobby-kameraequipment\\\/dji-mini-5-pro-fly-more-combo\\\/#breadcrumb\"},\"inLanguage\":\"de\",\"potentialAction\":[{\"@type\":\"ReadAction\",\"target\":[\"https:\\\/\\\/copterpro.de\\\/shop\\\/dji-hobby-kameraequipment\\\/dji-mini-5-pro-fly-more-combo\\\/\"]}]},{\"@type\":\"ImageObject\",\"inLanguage\":\"de\",\"@id\":\"https:\\\/\\\/copterpro.de\\\/shop\\\/dji-hobby-kameraequipment\\\/dji-mini-5-pro-fly-more-combo\\\/#primaryimage\",\"url\":\"https:\\\/\\\/copterpro.de\\\/shop\\\/wp-content\\\/uploads\\\/2025\\\/09\\\/DJI_Mini_5-Pro_Fly_More_Combo_DJI_RC_2_InTheBox_01.jpg\",\"contentUrl\":\"https:\\\/\\\/copterpro.de\\\/shop\\\/wp-content\\\/uploads\\\/2025\\\/09\\\/DJI_Mini_5-Pro_Fly_More_Combo_DJI_RC_2_InTheBox_01.jpg\",\"width\":7945,\"height\":5299,\"caption\":\"DJI Mini 5 Pro\"},{\"@type\":\"BreadcrumbList\",\"@id\":\"https:\\\/\\\/copterpro.de\\\/shop\\\/dji-hobby-kameraequipment\\\/dji-mini-5-pro-fly-more-combo\\\/#breadcrumb\",\"itemListElement\":[{\"@type\":\"ListItem\",\"position\":1,\"name\":\"Startseite\",\"item\":\"https:\\\/\\\/copterpro.de\\\/shop\\\/\"},{\"@type\":\"ListItem\",\"position\":2,\"name\":\"Shop\",\"item\":\"https:\\\/\\\/copterpro.de\\\/shop\\\/shop\\\/\"},{\"@type\":\"ListItem\",\"position\":3,\"name\":\"DJI Mini 5 Pro Fly More Combo (RC 2 Fernsteuerung)\"}]},{\"@type\":\"WebSite\",\"@id\":\"https:\\\/\\\/copterpro.de\\\/shop\\\/#website\",\"url\":\"https:\\\/\\\/copterpro.de\\\/shop\\\/\",\"name\":\"Copter Pro\",\"description\":\"\",\"publisher\":{\"@id\":\"https:\\\/\\\/copterpro.de\\\/shop\\\/#organization\"},\"potentialAction\":[{\"@type\":\"SearchAction\",\"target\":{\"@type\":\"EntryPoint\",\"urlTemplate\":\"https:\\\/\\\/copterpro.de\\\/shop\\\/?s={search_term_string}\"},\"query-input\":{\"@type\":\"PropertyValueSpecification\",\"valueRequired\":true,\"valueName\":\"search_term_string\"}}],\"inLanguage\":\"de\"},{\"@type\":\"Organization\",\"@id\":\"https:\\\/\\\/copterpro.de\\\/shop\\\/#organization\",\"name\":\"Copter Pro\",\"url\":\"https:\\\/\\\/copterpro.de\\\/shop\\\/\",\"logo\":{\"@type\":\"ImageObject\",\"inLanguage\":\"de\",\"@id\":\"https:\\\/\\\/copterpro.de\\\/shop\\\/#\\\/schema\\\/logo\\\/image\\\/\",\"url\":\"https:\\\/\\\/copterpro.de\\\/shop\\\/wp-content\\\/uploads\\\/2025\\\/04\\\/copterpro.svg\",\"contentUrl\":\"https:\\\/\\\/copterpro.de\\\/shop\\\/wp-content\\\/uploads\\\/2025\\\/04\\\/copterpro.svg\",\"caption\":\"Copter Pro\"},\"image\":{\"@id\":\"https:\\\/\\\/copterpro.de\\\/shop\\\/#\\\/schema\\\/logo\\\/image\\\/\"},\"sameAs\":[\"https:\\\/\\\/www.facebook.com\\\/copterprogmbh\"]}]}<\/script>\n<!-- \/ Yoast SEO plugin. -->","yoast_head_json":{"title":"DJI Mini 5 Pro Drohne f\u00fcr Luftaufnahmen und Mini Hobbydrohne","description":"DJI Mini 5 Pro Drohne f\u00fcr Luftaufnahmen und Mini Hobbydrohne. Die neue DJI Mini 5 f\u00fcr atemberaubende Luftaufnahmen unter 250g. Mini 5 Pro Drohne NEU","robots":{"index":"index","follow":"follow","max-snippet":"max-snippet:-1","max-image-preview":"max-image-preview:large","max-video-preview":"max-video-preview:-1"},"canonical":"https:\/\/copterpro.de\/shop\/dji-hobby-kameraequipment\/dji-mini-5-pro-fly-more-combo\/","og_locale":"de_DE","og_type":"article","og_title":"DJI Mini 5 Pro Drohne f\u00fcr Luftaufnahmen und Mini Hobbydrohne","og_description":"DJI Mini 5 Pro Drohne f\u00fcr Luftaufnahmen und Mini Hobbydrohne. Die neue DJI Mini 5 f\u00fcr atemberaubende Luftaufnahmen unter 250g. Mini 5 Pro Drohne NEU","og_url":"https:\/\/copterpro.de\/shop\/dji-hobby-kameraequipment\/dji-mini-5-pro-fly-more-combo\/","og_site_name":"Copter Pro","article_publisher":"https:\/\/www.facebook.com\/copterprogmbh","article_modified_time":"2026-02-05T16:05:29+00:00","og_image":[{"width":1024,"height":683,"url":"https:\/\/copterpro.de\/shop\/wp-content\/uploads\/2025\/09\/DJI_Mini_5-Pro_Fly_More_Combo_DJI_RC_2_InTheBox_01-1024x683.jpg","type":"image\/jpeg"}],"twitter_card":"summary_large_image","twitter_misc":{"Gesch\u00e4tzte Lesezeit":"2\u00a0Minuten"},"schema":{"@context":"https:\/\/schema.org","@graph":[{"@type":"WebPage","@id":"https:\/\/copterpro.de\/shop\/dji-hobby-kameraequipment\/dji-mini-5-pro-fly-more-combo\/","url":"https:\/\/copterpro.de\/shop\/dji-hobby-kameraequipment\/dji-mini-5-pro-fly-more-combo\/","name":"DJI Mini 5 Pro Drohne f\u00fcr Luftaufnahmen und Mini Hobbydrohne","isPartOf":{"@id":"https:\/\/copterpro.de\/shop\/#website"},"primaryImageOfPage":{"@id":"https:\/\/copterpro.de\/shop\/dji-hobby-kameraequipment\/dji-mini-5-pro-fly-more-combo\/#primaryimage"},"image":{"@id":"https:\/\/copterpro.de\/shop\/dji-hobby-kameraequipment\/dji-mini-5-pro-fly-more-combo\/#primaryimage"},"thumbnailUrl":"https:\/\/copterpro.de\/shop\/wp-content\/uploads\/2025\/09\/DJI_Mini_5-Pro_Fly_More_Combo_DJI_RC_2_InTheBox_01.jpg","datePublished":"2025-09-26T09:11:52+00:00","dateModified":"2026-02-05T16:05:29+00:00","description":"DJI Mini 5 Pro Drohne f\u00fcr Luftaufnahmen und Mini Hobbydrohne. Die neue DJI Mini 5 f\u00fcr atemberaubende Luftaufnahmen unter 250g. Mini 5 Pro Drohne NEU","breadcrumb":{"@id":"https:\/\/copterpro.de\/shop\/dji-hobby-kameraequipment\/dji-mini-5-pro-fly-more-combo\/#breadcrumb"},"inLanguage":"de","potentialAction":[{"@type":"ReadAction","target":["https:\/\/copterpro.de\/shop\/dji-hobby-kameraequipment\/dji-mini-5-pro-fly-more-combo\/"]}]},{"@type":"ImageObject","inLanguage":"de","@id":"https:\/\/copterpro.de\/shop\/dji-hobby-kameraequipment\/dji-mini-5-pro-fly-more-combo\/#primaryimage","url":"https:\/\/copterpro.de\/shop\/wp-content\/uploads\/2025\/09\/DJI_Mini_5-Pro_Fly_More_Combo_DJI_RC_2_InTheBox_01.jpg","contentUrl":"https:\/\/copterpro.de\/shop\/wp-content\/uploads\/2025\/09\/DJI_Mini_5-Pro_Fly_More_Combo_DJI_RC_2_InTheBox_01.jpg","width":7945,"height":5299,"caption":"DJI Mini 5 Pro"},{"@type":"BreadcrumbList","@id":"https:\/\/copterpro.de\/shop\/dji-hobby-kameraequipment\/dji-mini-5-pro-fly-more-combo\/#breadcrumb","itemListElement":[{"@type":"ListItem","position":1,"name":"Startseite","item":"https:\/\/copterpro.de\/shop\/"},{"@type":"ListItem","position":2,"name":"Shop","item":"https:\/\/copterpro.de\/shop\/shop\/"},{"@type":"ListItem","position":3,"name":"DJI Mini 5 Pro Fly More Combo (RC 2 Fernsteuerung)"}]},{"@type":"WebSite","@id":"https:\/\/copterpro.de\/shop\/#website","url":"https:\/\/copterpro.de\/shop\/","name":"Copter Pro","description":"","publisher":{"@id":"https:\/\/copterpro.de\/shop\/#organization"},"potentialAction":[{"@type":"SearchAction","target":{"@type":"EntryPoint","urlTemplate":"https:\/\/copterpro.de\/shop\/?s={search_term_string}"},"query-input":{"@type":"PropertyValueSpecification","valueRequired":true,"valueName":"search_term_string"}}],"inLanguage":"de"},{"@type":"Organization","@id":"https:\/\/copterpro.de\/shop\/#organization","name":"Copter Pro","url":"https:\/\/copterpro.de\/shop\/","logo":{"@type":"ImageObject","inLanguage":"de","@id":"https:\/\/copterpro.de\/shop\/#\/schema\/logo\/image\/","url":"https:\/\/copterpro.de\/shop\/wp-content\/uploads\/2025\/04\/copterpro.svg","contentUrl":"https:\/\/copterpro.de\/shop\/wp-content\/uploads\/2025\/04\/copterpro.svg","caption":"Copter Pro"},"image":{"@id":"https:\/\/copterpro.de\/shop\/#\/schema\/logo\/image\/"},"sameAs":["https:\/\/www.facebook.com\/copterprogmbh"]}]}},"_links":{"self":[{"href":"https:\/\/copterpro.de\/shop\/wp-json\/wp\/v2\/product\/14576","targetHints":{"allow":["GET"]}}],"collection":[{"href":"https:\/\/copterpro.de\/shop\/wp-json\/wp\/v2\/product"}],"about":[{"href":"https:\/\/copterpro.de\/shop\/wp-json\/wp\/v2\/types\/product"}],"wp:featuredmedia":[{"embeddable":true,"href":"https:\/\/copterpro.de\/shop\/wp-json\/wp\/v2\/media\/14582"}],"wp:attachment":[{"href":"https:\/\/copterpro.de\/shop\/wp-json\/wp\/v2\/media?parent=14576"}],"wp:term":[{"taxonomy":"product_brand","embeddable":true,"href":"https:\/\/copterpro.de\/shop\/wp-json\/wp\/v2\/product_brand?post=14576"},{"taxonomy":"product_cat","embeddable":true,"href":"https:\/\/copterpro.de\/shop\/wp-json\/wp\/v2\/product_cat?post=14576"},{"taxonomy":"product_tag","embeddable":true,"href":"https:\/\/copterpro.de\/shop\/wp-json\/wp\/v2\/product_tag?post=14576"}],"curies":[{"name":"wp","href":"https:\/\/api.w.org\/{rel}","templated":true}]}}