{"id":14694,"date":"2025-10-22T14:02:31","date_gmt":"2025-10-22T12:02:31","guid":{"rendered":"https:\/\/shop.copterpro.de\/?post_type=product&#038;p=14694"},"modified":"2026-03-26T09:13:25","modified_gmt":"2026-03-26T08:13:25","slug":"osmo-action-5-pro-standard-combo","status":"publish","type":"product","link":"https:\/\/copterpro.de\/shop\/dji-hobby-kameraequipment\/osmo-action-5-pro-standard-combo\/","title":{"rendered":"Osmo Action 5 Pro Standard Combo"},"content":{"rendered":"<h1 data-start=\"486\" data-end=\"530\"><strong data-start=\"488\" data-end=\"530\">DJI Osmo Action 5 Pro \u2013 Standard Combo<\/strong><\/h1>\n<h2 data-start=\"532\" data-end=\"585\"><strong data-start=\"535\" data-end=\"585\">Revolution\u00e4re Bildqualit\u00e4t mit Next-Gen Sensor<\/strong><\/h2>\n<p data-start=\"587\" data-end=\"911\">Erlebe mit der <strong data-start=\"602\" data-end=\"627\">DJI Osmo Action 5 Pro<\/strong> eine v\u00f6llig neue Dimension der Action-Aufnahmen. Der 1\/1.3\u2033 Sensor mit 4nm Chip erfasst beeindruckende Details \u2013 von n\u00e4chtlichen St\u00e4dten bis zu hellen Sonnenaufg\u00e4ngen. Dank 2,4 \u03bcm gro\u00dfen Pixeln und einem Dynamikumfang von 13,5 Blendenstufen gelingen dir Aufnahmen auf Profi-Niveau.<\/p>\n<p data-start=\"913\" data-end=\"1115\">Mit <strong data-start=\"917\" data-end=\"929\">4K\/60fps<\/strong> erh\u00e4ltst du hochdynamische Low-Light-Videos, bei denen Lichter und Schatten perfekt ausbalanciert sind. So entstehen realistische und kontrastreiche Bilder \u2013 ganz ohne \u00dcberbelichtung.<\/p>\n<hr data-start=\"1117\" data-end=\"1120\" \/>\n<h2 data-start=\"1122\" data-end=\"1176\"><strong data-start=\"1125\" data-end=\"1176\">Kristallklare OLED-Touchscreens vorn und hinten<\/strong><\/h2>\n<p data-start=\"1178\" data-end=\"1436\">Die Osmo Action 5 Pro ist mit hellen OLED-Bildschirmen ausgestattet, die bis zu <strong data-start=\"1258\" data-end=\"1282\">1000 Nits Helligkeit<\/strong> erreichen. Dadurch siehst du selbst bei Sonnenlicht jedes Detail. Beide Displays besitzen schmale R\u00e4nder und geh\u00e4rtetes Glas, das besonders robust ist.<\/p>\n<p data-start=\"1438\" data-end=\"1668\">Zudem sorgt die <strong data-start=\"1454\" data-end=\"1473\">AF-Beschichtung<\/strong> daf\u00fcr, dass die Touch-Bedienung auch bei N\u00e4sse reibungslos funktioniert. Das \u201eAlways-On-Display\u201c zeigt dir Aufnahmezeit und technische Daten an \u2013 energiesparend und augenschonend, auch nachts.<\/p>\n<hr data-start=\"1670\" data-end=\"1673\" \/>\n<h2 data-start=\"1675\" data-end=\"1719\"><strong data-start=\"1678\" data-end=\"1719\">Farben neu erleben mit 10-Bit D-Log M<\/strong><\/h2>\n<p data-start=\"1721\" data-end=\"2001\">Mit <strong data-start=\"1725\" data-end=\"1743\">10-Bit D-Log M<\/strong> erfasst die Kamera bis zu einer Milliarde Farben. Dadurch erh\u00e4ltst du eine pr\u00e4zise Farbwiedergabe und einen enormen Spielraum bei der Nachbearbeitung. Deine Aufnahmen wirken lebendig und nat\u00fcrlich, egal ob du sie direkt nutzt oder professionell editierst.<\/p>\n<hr data-start=\"2003\" data-end=\"2006\" \/>\n<h2 data-start=\"2008\" data-end=\"2062\"><strong data-start=\"2011\" data-end=\"2062\">40 Megapixel Action &amp; Ultraweitwinkel-Sichtfeld<\/strong><\/h2>\n<p data-start=\"2064\" data-end=\"2297\">Dr\u00fccke einfach den Ausl\u00f6ser und nimm atemberaubende 40-Megapixel-Fotos (7294\u00d75472) auf \u2013 viermal klarer als beim Vorg\u00e4ngermodell. Mit dem <strong data-start=\"2202\" data-end=\"2226\">155\u00b0 Ultraweitwinkel<\/strong> bringst du mehr Dynamik in deine Videos und f\u00e4ngst jedes Detail ein.<\/p>\n<p data-start=\"2299\" data-end=\"2430\">Das <strong data-start=\"2303\" data-end=\"2317\">4:3-Format<\/strong> erlaubt Vollpixel-Aufzeichnung bei 4K\/120fps. Somit hast du mehr Flexibilit\u00e4t beim Zuschneiden und Bearbeiten.<\/p>\n<hr data-start=\"2432\" data-end=\"2435\" \/>\n<h2 data-start=\"2437\" data-end=\"2491\"><strong data-start=\"2440\" data-end=\"2491\">32-fache Superzeitlupe f\u00fcr spektakul\u00e4re Momente<\/strong><\/h2>\n<p data-start=\"2493\" data-end=\"2710\">Die neue Superzeitlupe mit bis zu <strong data-start=\"2527\" data-end=\"2554\">32-facher Verlangsamung<\/strong> zeigt Bewegungen in unglaublicher Detailtiefe. Der leistungsstarke 4nm Chip analysiert jedes Frame und sorgt f\u00fcr butterweiche Zeitlupen bei 1080p\/240fps.<\/p>\n<hr data-start=\"2712\" data-end=\"2715\" \/>\n<h2 data-start=\"2717\" data-end=\"2778\"><strong data-start=\"2720\" data-end=\"2778\">Maximale Stabilit\u00e4t mit HorizonSteady &amp; RockSteady 3.0<\/strong><\/h2>\n<p data-start=\"2780\" data-end=\"3025\">Dank <strong data-start=\"2785\" data-end=\"2807\">360\u00b0 HorizonSteady<\/strong> bleibt der Horizont immer gerade \u2013 selbst bei schnellen Bewegungen, St\u00f6\u00dfen oder Drehungen. F\u00fcr realistische Ego-Perspektiven sorgt <strong data-start=\"2939\" data-end=\"2957\">RockSteady 3.0<\/strong>, das Verwacklungen effektiv reduziert, ohne Dynamik zu verlieren.<\/p>\n<hr data-start=\"3027\" data-end=\"3030\" \/>\n<h2 data-start=\"3032\" data-end=\"3080\"><strong data-start=\"3035\" data-end=\"3080\">Leistungsstarker Akku f\u00fcr lange Abenteuer<\/strong><\/h2>\n<p data-start=\"3082\" data-end=\"3322\">Mit bis zu <strong data-start=\"3093\" data-end=\"3119\">4 Stunden Akkulaufzeit<\/strong> setzt die Osmo Action 5 Pro neue Ma\u00dfst\u00e4be. Selbst bei Temperaturen bis -20 \u00b0C liefert sie noch 3,6 Stunden Aufnahmezeit. Dadurch verpasst du keinen Moment mehr \u2013 ob beim Skifahren, Tauchen oder Biken.<\/p>\n<hr data-start=\"3324\" data-end=\"3327\" \/>\n<h2 data-start=\"3329\" data-end=\"3372\"><strong data-start=\"3332\" data-end=\"3372\">Professionelles Audio mit OsmoAudio\u2122<\/strong><\/h2>\n<p data-start=\"3374\" data-end=\"3657\">Die Action 5 Pro unterst\u00fctzt <strong data-start=\"3403\" data-end=\"3416\">DJI Mic 2<\/strong> \u00fcber Bluetooth. Dadurch nimmst du Audio in Studioqualit\u00e4t auf \u2013 ganz ohne zus\u00e4tzlichen Empf\u00e4nger. Drei integrierte Mikrofone sorgen zudem f\u00fcr klaren Stereosound, w\u00e4hrend intelligente Windger\u00e4uschunterdr\u00fcckung st\u00f6rende Ger\u00e4usche minimiert.<\/p>\n<hr data-start=\"3659\" data-end=\"3662\" \/>\n<h2 data-start=\"3664\" data-end=\"3724\"><strong data-start=\"3667\" data-end=\"3724\">Einfaches Handling mit magnetischem Schnellverschluss<\/strong><\/h2>\n<p data-start=\"3726\" data-end=\"4005\">Der magnetische Schnellverschluss erm\u00f6glicht den schnellen Wechsel zwischen horizontaler und vertikaler Aufnahme. So bist du flexibel f\u00fcr Social-Media-Content oder professionelle Videos. Mit dem passenden Zubeh\u00f6r befestigst du die Kamera sicher am Helm, Lenker oder Handgelenk.<\/p>\n<hr data-start=\"4007\" data-end=\"4010\" \/>\n<h2 data-start=\"4012\" data-end=\"4056\"><strong data-start=\"4015\" data-end=\"4056\">Smart Features f\u00fcr kreative Kontrolle<\/strong><\/h2>\n<p data-start=\"4058\" data-end=\"4117\">Die Osmo Action 5 Pro bietet viele smarte Funktionen wie:<\/p>\n<ul data-start=\"4118\" data-end=\"4483\">\n<li data-start=\"4118\" data-end=\"4184\">\n<p data-start=\"4120\" data-end=\"4184\"><strong data-start=\"4120\" data-end=\"4132\">Pre-Rec:<\/strong> Nimmt Momente auf, bevor du den Ausl\u00f6ser dr\u00fcckst.<\/p>\n<\/li>\n<li data-start=\"4185\" data-end=\"4264\">\n<p data-start=\"4187\" data-end=\"4264\"><strong data-start=\"4187\" data-end=\"4208\">Highlight-Marker:<\/strong> Markiere wichtige Szenen direkt w\u00e4hrend der Aufnahme.<\/p>\n<\/li>\n<li data-start=\"4265\" data-end=\"4351\">\n<p data-start=\"4267\" data-end=\"4351\"><strong data-start=\"4267\" data-end=\"4297\">AI-Editor in der Mimo App:<\/strong> Bearbeite Videos schnell mit Vorlagen und Effekten.<\/p>\n<\/li>\n<li data-start=\"4352\" data-end=\"4418\">\n<p data-start=\"4354\" data-end=\"4418\"><strong data-start=\"4354\" data-end=\"4378\">Wi-Fi 6.0 &amp; USB 3.0:<\/strong> F\u00fcr blitzschnelle Datei\u00fcbertragungen.<\/p>\n<\/li>\n<li data-start=\"4419\" data-end=\"4483\">\n<p data-start=\"4421\" data-end=\"4483\"><strong data-start=\"4421\" data-end=\"4449\">47 GB interner Speicher:<\/strong> Mehr Platz f\u00fcr deine Aufnahmen.<\/p>\n<\/li>\n<\/ul>\n<hr data-start=\"4485\" data-end=\"4488\" \/>\n<h2 data-start=\"4490\" data-end=\"4547\"><strong data-start=\"4493\" data-end=\"4547\">Standard Combo \u2013 Komplettpaket f\u00fcr deine Abenteuer<\/strong><\/h2>\n<p data-start=\"4549\" data-end=\"4647\">Die <strong data-start=\"4553\" data-end=\"4571\">Standard Combo<\/strong> enth\u00e4lt neben der Osmo Action 5 Pro alles, was du f\u00fcr den Start brauchst:<\/p>\n<ul data-start=\"4648\" data-end=\"4766\">\n<li data-start=\"4648\" data-end=\"4676\">\n<p data-start=\"4650\" data-end=\"4676\">Kamera mit 1\/1.3\u2033 Sensor<\/p>\n<\/li>\n<li data-start=\"4677\" data-end=\"4715\">\n<p data-start=\"4679\" data-end=\"4715\">Akku mit bis zu 4 Stunden Laufzeit<\/p>\n<\/li>\n<li data-start=\"4716\" data-end=\"4750\">\n<p data-start=\"4718\" data-end=\"4750\">Magnetischer Schnellverschluss<\/p>\n<\/li>\n<li data-start=\"4751\" data-end=\"4766\">\n<p data-start=\"4753\" data-end=\"4766\">Ladezubeh\u00f6r<\/p>\n<\/li>\n<\/ul>\n<p data-start=\"4768\" data-end=\"4884\">Damit bist du bestens ger\u00fcstet, um sofort loszulegen und deine Abenteuer in professioneller Qualit\u00e4t festzuhalten.<\/p>\n<hr data-start=\"4886\" data-end=\"4889\" \/>\n<h2 data-start=\"4891\" data-end=\"4933\"><strong data-start=\"4894\" data-end=\"4933\">Fazit: Mehr als nur eine Action-Cam<\/strong><\/h2>\n<p data-start=\"4935\" data-end=\"5176\">Die <strong data-start=\"4939\" data-end=\"4979\">DJI Osmo Action 5 Pro Standard Combo<\/strong> kombiniert modernste Bildtechnologie mit intuitiver Bedienung und langer Laufzeit. Sie ist die perfekte Kamera f\u00fcr Vlogger, Abenteurer und Content Creator, die keine Kompromisse eingehen wollen.<\/p>\n","protected":false},"excerpt":{"rendered":"<p>DJI Osmo Action 5 Pro \u2013 Standard Combo Revolution\u00e4re Bildqualit\u00e4t mit Next-Gen Sensor Erlebe mit der DJI Osmo Action 5 Pro eine v\u00f6llig neue Dimension der Action-Aufnahmen. Der 1\/1.3\u2033 Sensor mit 4nm Chip erfasst beeindruckende Details \u2013 von n\u00e4chtlichen St\u00e4dten bis zu hellen Sonnenaufg\u00e4ngen. Dank 2,4 \u03bcm gro\u00dfen Pixeln und [&hellip;]<\/p>\n","protected":false},"featured_media":14697,"template":"","meta":{"_acf_changed":false,"_iconic_wsb_product_page_order_bump_ids":[[413]],"_sku":[],"_iconic_wsb_product_page_bump_modal_ids":[[413]]},"product_brand":[],"product_cat":[40],"product_tag":[],"class_list":{"0":"post-14694","1":"product","2":"type-product","3":"status-publish","4":"has-post-thumbnail","6":"product_cat-dji-hobby-kameraequipment","8":"first","9":"instock","10":"taxable","11":"shipping-taxable","12":"purchasable","13":"product-type-simple"},"acf":[],"yoast_head":"<!-- This site is optimized with the Yoast SEO plugin v27.3 - https:\/\/yoast.com\/product\/yoast-seo-wordpress\/ -->\n<title>Osmo Action 5 Pro Standard Combo - Copter Pro<\/title>\n<meta name=\"description\" content=\"Erlebe atemberaubende 4K-Videos mit der DJI Osmo Action 5 Standard Combo. Robuste Action-Cam mit Bildstabilisierung, Touchscreen und langer Akkulaufzeit.\" \/>\n<meta name=\"robots\" content=\"index, follow, max-snippet:-1, max-image-preview:large, max-video-preview:-1\" \/>\n<link rel=\"canonical\" href=\"https:\/\/copterpro.de\/shop\/dji-hobby-kameraequipment\/osmo-action-5-pro-standard-combo\/\" \/>\n<meta property=\"og:locale\" content=\"de_DE\" \/>\n<meta property=\"og:type\" content=\"article\" \/>\n<meta property=\"og:title\" content=\"Osmo Action 5 Pro Standard Combo - Copter Pro\" \/>\n<meta property=\"og:description\" content=\"Erlebe atemberaubende 4K-Videos mit der DJI Osmo Action 5 Standard Combo. Robuste Action-Cam mit Bildstabilisierung, Touchscreen und langer Akkulaufzeit.\" \/>\n<meta property=\"og:url\" content=\"https:\/\/copterpro.de\/shop\/dji-hobby-kameraequipment\/osmo-action-5-pro-standard-combo\/\" \/>\n<meta property=\"og:site_name\" content=\"Copter Pro\" \/>\n<meta property=\"article:publisher\" content=\"https:\/\/www.facebook.com\/copterprogmbh\" \/>\n<meta property=\"article:modified_time\" content=\"2026-03-26T08:13:25+00:00\" \/>\n<meta property=\"og:image\" content=\"https:\/\/copterpro.de\/shop\/wp-content\/uploads\/2025\/10\/2f3e608557f64b064bf68c07c1a234c8@origin.jpg\" \/>\n\t<meta property=\"og:image:width\" content=\"2560\" \/>\n\t<meta property=\"og:image:height\" content=\"2560\" \/>\n\t<meta property=\"og:image:type\" content=\"image\/jpeg\" \/>\n<meta name=\"twitter:card\" content=\"summary_large_image\" \/>\n<meta name=\"twitter:label1\" content=\"Gesch\u00e4tzte Lesezeit\" \/>\n\t<meta name=\"twitter:data1\" content=\"4\u00a0Minuten\" \/>\n<script type=\"application\/ld+json\" class=\"yoast-schema-graph\">{\"@context\":\"https:\\\/\\\/schema.org\",\"@graph\":[{\"@type\":\"WebPage\",\"@id\":\"https:\\\/\\\/copterpro.de\\\/shop\\\/dji-hobby-kameraequipment\\\/osmo-action-5-pro-standard-combo\\\/\",\"url\":\"https:\\\/\\\/copterpro.de\\\/shop\\\/dji-hobby-kameraequipment\\\/osmo-action-5-pro-standard-combo\\\/\",\"name\":\"Osmo Action 5 Pro Standard Combo - Copter Pro\",\"isPartOf\":{\"@id\":\"https:\\\/\\\/copterpro.de\\\/shop\\\/#website\"},\"primaryImageOfPage\":{\"@id\":\"https:\\\/\\\/copterpro.de\\\/shop\\\/dji-hobby-kameraequipment\\\/osmo-action-5-pro-standard-combo\\\/#primaryimage\"},\"image\":{\"@id\":\"https:\\\/\\\/copterpro.de\\\/shop\\\/dji-hobby-kameraequipment\\\/osmo-action-5-pro-standard-combo\\\/#primaryimage\"},\"thumbnailUrl\":\"https:\\\/\\\/copterpro.de\\\/shop\\\/wp-content\\\/uploads\\\/2025\\\/10\\\/2f3e608557f64b064bf68c07c1a234c8@origin.jpg\",\"datePublished\":\"2025-10-22T12:02:31+00:00\",\"dateModified\":\"2026-03-26T08:13:25+00:00\",\"description\":\"Erlebe atemberaubende 4K-Videos mit der DJI Osmo Action 5 Standard Combo. Robuste Action-Cam mit Bildstabilisierung, Touchscreen und langer Akkulaufzeit.\",\"breadcrumb\":{\"@id\":\"https:\\\/\\\/copterpro.de\\\/shop\\\/dji-hobby-kameraequipment\\\/osmo-action-5-pro-standard-combo\\\/#breadcrumb\"},\"inLanguage\":\"de\",\"potentialAction\":[{\"@type\":\"ReadAction\",\"target\":[\"https:\\\/\\\/copterpro.de\\\/shop\\\/dji-hobby-kameraequipment\\\/osmo-action-5-pro-standard-combo\\\/\"]}]},{\"@type\":\"ImageObject\",\"inLanguage\":\"de\",\"@id\":\"https:\\\/\\\/copterpro.de\\\/shop\\\/dji-hobby-kameraequipment\\\/osmo-action-5-pro-standard-combo\\\/#primaryimage\",\"url\":\"https:\\\/\\\/copterpro.de\\\/shop\\\/wp-content\\\/uploads\\\/2025\\\/10\\\/2f3e608557f64b064bf68c07c1a234c8@origin.jpg\",\"contentUrl\":\"https:\\\/\\\/copterpro.de\\\/shop\\\/wp-content\\\/uploads\\\/2025\\\/10\\\/2f3e608557f64b064bf68c07c1a234c8@origin.jpg\",\"width\":2560,\"height\":2560},{\"@type\":\"BreadcrumbList\",\"@id\":\"https:\\\/\\\/copterpro.de\\\/shop\\\/dji-hobby-kameraequipment\\\/osmo-action-5-pro-standard-combo\\\/#breadcrumb\",\"itemListElement\":[{\"@type\":\"ListItem\",\"position\":1,\"name\":\"Startseite\",\"item\":\"https:\\\/\\\/copterpro.de\\\/shop\\\/\"},{\"@type\":\"ListItem\",\"position\":2,\"name\":\"Shop\",\"item\":\"https:\\\/\\\/copterpro.de\\\/shop\\\/shop\\\/\"},{\"@type\":\"ListItem\",\"position\":3,\"name\":\"Osmo Action 5 Pro Standard Combo\"}]},{\"@type\":\"WebSite\",\"@id\":\"https:\\\/\\\/copterpro.de\\\/shop\\\/#website\",\"url\":\"https:\\\/\\\/copterpro.de\\\/shop\\\/\",\"name\":\"Copter Pro\",\"description\":\"\",\"publisher\":{\"@id\":\"https:\\\/\\\/copterpro.de\\\/shop\\\/#organization\"},\"potentialAction\":[{\"@type\":\"SearchAction\",\"target\":{\"@type\":\"EntryPoint\",\"urlTemplate\":\"https:\\\/\\\/copterpro.de\\\/shop\\\/?s={search_term_string}\"},\"query-input\":{\"@type\":\"PropertyValueSpecification\",\"valueRequired\":true,\"valueName\":\"search_term_string\"}}],\"inLanguage\":\"de\"},{\"@type\":\"Organization\",\"@id\":\"https:\\\/\\\/copterpro.de\\\/shop\\\/#organization\",\"name\":\"Copter Pro\",\"url\":\"https:\\\/\\\/copterpro.de\\\/shop\\\/\",\"logo\":{\"@type\":\"ImageObject\",\"inLanguage\":\"de\",\"@id\":\"https:\\\/\\\/copterpro.de\\\/shop\\\/#\\\/schema\\\/logo\\\/image\\\/\",\"url\":\"https:\\\/\\\/copterpro.de\\\/shop\\\/wp-content\\\/uploads\\\/2025\\\/04\\\/copterpro.svg\",\"contentUrl\":\"https:\\\/\\\/copterpro.de\\\/shop\\\/wp-content\\\/uploads\\\/2025\\\/04\\\/copterpro.svg\",\"caption\":\"Copter Pro\"},\"image\":{\"@id\":\"https:\\\/\\\/copterpro.de\\\/shop\\\/#\\\/schema\\\/logo\\\/image\\\/\"},\"sameAs\":[\"https:\\\/\\\/www.facebook.com\\\/copterprogmbh\"]}]}<\/script>\n<!-- \/ Yoast SEO plugin. -->","yoast_head_json":{"title":"Osmo Action 5 Pro Standard Combo - Copter Pro","description":"Erlebe atemberaubende 4K-Videos mit der DJI Osmo Action 5 Standard Combo. Robuste Action-Cam mit Bildstabilisierung, Touchscreen und langer Akkulaufzeit.","robots":{"index":"index","follow":"follow","max-snippet":"max-snippet:-1","max-image-preview":"max-image-preview:large","max-video-preview":"max-video-preview:-1"},"canonical":"https:\/\/copterpro.de\/shop\/dji-hobby-kameraequipment\/osmo-action-5-pro-standard-combo\/","og_locale":"de_DE","og_type":"article","og_title":"Osmo Action 5 Pro Standard Combo - Copter Pro","og_description":"Erlebe atemberaubende 4K-Videos mit der DJI Osmo Action 5 Standard Combo. Robuste Action-Cam mit Bildstabilisierung, Touchscreen und langer Akkulaufzeit.","og_url":"https:\/\/copterpro.de\/shop\/dji-hobby-kameraequipment\/osmo-action-5-pro-standard-combo\/","og_site_name":"Copter Pro","article_publisher":"https:\/\/www.facebook.com\/copterprogmbh","article_modified_time":"2026-03-26T08:13:25+00:00","og_image":[{"width":2560,"height":2560,"url":"https:\/\/copterpro.de\/shop\/wp-content\/uploads\/2025\/10\/2f3e608557f64b064bf68c07c1a234c8@origin.jpg","type":"image\/jpeg"}],"twitter_card":"summary_large_image","twitter_misc":{"Gesch\u00e4tzte Lesezeit":"4\u00a0Minuten"},"schema":{"@context":"https:\/\/schema.org","@graph":[{"@type":"WebPage","@id":"https:\/\/copterpro.de\/shop\/dji-hobby-kameraequipment\/osmo-action-5-pro-standard-combo\/","url":"https:\/\/copterpro.de\/shop\/dji-hobby-kameraequipment\/osmo-action-5-pro-standard-combo\/","name":"Osmo Action 5 Pro Standard Combo - Copter Pro","isPartOf":{"@id":"https:\/\/copterpro.de\/shop\/#website"},"primaryImageOfPage":{"@id":"https:\/\/copterpro.de\/shop\/dji-hobby-kameraequipment\/osmo-action-5-pro-standard-combo\/#primaryimage"},"image":{"@id":"https:\/\/copterpro.de\/shop\/dji-hobby-kameraequipment\/osmo-action-5-pro-standard-combo\/#primaryimage"},"thumbnailUrl":"https:\/\/copterpro.de\/shop\/wp-content\/uploads\/2025\/10\/2f3e608557f64b064bf68c07c1a234c8@origin.jpg","datePublished":"2025-10-22T12:02:31+00:00","dateModified":"2026-03-26T08:13:25+00:00","description":"Erlebe atemberaubende 4K-Videos mit der DJI Osmo Action 5 Standard Combo. Robuste Action-Cam mit Bildstabilisierung, Touchscreen und langer Akkulaufzeit.","breadcrumb":{"@id":"https:\/\/copterpro.de\/shop\/dji-hobby-kameraequipment\/osmo-action-5-pro-standard-combo\/#breadcrumb"},"inLanguage":"de","potentialAction":[{"@type":"ReadAction","target":["https:\/\/copterpro.de\/shop\/dji-hobby-kameraequipment\/osmo-action-5-pro-standard-combo\/"]}]},{"@type":"ImageObject","inLanguage":"de","@id":"https:\/\/copterpro.de\/shop\/dji-hobby-kameraequipment\/osmo-action-5-pro-standard-combo\/#primaryimage","url":"https:\/\/copterpro.de\/shop\/wp-content\/uploads\/2025\/10\/2f3e608557f64b064bf68c07c1a234c8@origin.jpg","contentUrl":"https:\/\/copterpro.de\/shop\/wp-content\/uploads\/2025\/10\/2f3e608557f64b064bf68c07c1a234c8@origin.jpg","width":2560,"height":2560},{"@type":"BreadcrumbList","@id":"https:\/\/copterpro.de\/shop\/dji-hobby-kameraequipment\/osmo-action-5-pro-standard-combo\/#breadcrumb","itemListElement":[{"@type":"ListItem","position":1,"name":"Startseite","item":"https:\/\/copterpro.de\/shop\/"},{"@type":"ListItem","position":2,"name":"Shop","item":"https:\/\/copterpro.de\/shop\/shop\/"},{"@type":"ListItem","position":3,"name":"Osmo Action 5 Pro Standard Combo"}]},{"@type":"WebSite","@id":"https:\/\/copterpro.de\/shop\/#website","url":"https:\/\/copterpro.de\/shop\/","name":"Copter Pro","description":"","publisher":{"@id":"https:\/\/copterpro.de\/shop\/#organization"},"potentialAction":[{"@type":"SearchAction","target":{"@type":"EntryPoint","urlTemplate":"https:\/\/copterpro.de\/shop\/?s={search_term_string}"},"query-input":{"@type":"PropertyValueSpecification","valueRequired":true,"valueName":"search_term_string"}}],"inLanguage":"de"},{"@type":"Organization","@id":"https:\/\/copterpro.de\/shop\/#organization","name":"Copter Pro","url":"https:\/\/copterpro.de\/shop\/","logo":{"@type":"ImageObject","inLanguage":"de","@id":"https:\/\/copterpro.de\/shop\/#\/schema\/logo\/image\/","url":"https:\/\/copterpro.de\/shop\/wp-content\/uploads\/2025\/04\/copterpro.svg","contentUrl":"https:\/\/copterpro.de\/shop\/wp-content\/uploads\/2025\/04\/copterpro.svg","caption":"Copter Pro"},"image":{"@id":"https:\/\/copterpro.de\/shop\/#\/schema\/logo\/image\/"},"sameAs":["https:\/\/www.facebook.com\/copterprogmbh"]}]}},"_links":{"self":[{"href":"https:\/\/copterpro.de\/shop\/wp-json\/wp\/v2\/product\/14694","targetHints":{"allow":["GET"]}}],"collection":[{"href":"https:\/\/copterpro.de\/shop\/wp-json\/wp\/v2\/product"}],"about":[{"href":"https:\/\/copterpro.de\/shop\/wp-json\/wp\/v2\/types\/product"}],"wp:featuredmedia":[{"embeddable":true,"href":"https:\/\/copterpro.de\/shop\/wp-json\/wp\/v2\/media\/14697"}],"wp:attachment":[{"href":"https:\/\/copterpro.de\/shop\/wp-json\/wp\/v2\/media?parent=14694"}],"wp:term":[{"taxonomy":"product_brand","embeddable":true,"href":"https:\/\/copterpro.de\/shop\/wp-json\/wp\/v2\/product_brand?post=14694"},{"taxonomy":"product_cat","embeddable":true,"href":"https:\/\/copterpro.de\/shop\/wp-json\/wp\/v2\/product_cat?post=14694"},{"taxonomy":"product_tag","embeddable":true,"href":"https:\/\/copterpro.de\/shop\/wp-json\/wp\/v2\/product_tag?post=14694"}],"curies":[{"name":"wp","href":"https:\/\/api.w.org\/{rel}","templated":true}]}}