{"id":14702,"date":"2025-10-22T14:21:42","date_gmt":"2025-10-22T12:21:42","guid":{"rendered":"https:\/\/shop.copterpro.de\/?post_type=product&#038;p=14702"},"modified":"2026-02-17T14:49:15","modified_gmt":"2026-02-17T13:49:15","slug":"dji-neo-motion-fly-more-combo-dji-goggles-n3","status":"publish","type":"product","link":"https:\/\/copterpro.de\/shop\/dji-hobby-kameraequipment\/dji-neo-motion-fly-more-combo-dji-goggles-n3\/","title":{"rendered":"DJI Neo Motion Fly More Combo (DJI Goggles N3)"},"content":{"rendered":"<p><strong>DJI Neo Motion Fly More Combo (DJI RC-N3)<\/strong><\/p>\n<p><strong>Rise and Shine \u2013 Handfl\u00e4chengro\u00dfe Drohne f\u00fcr Vlogs<\/strong><\/p>\n<p>Mit 135 g, ist DJI Neo die bisher leichteste und kompakteste Drohne von DJI. Starte und lande m\u00fchelos ohne Fernsteuerung auf deiner Handfl\u00e4che und mache Filmaufnahmen mit DIR im Fokus. Flieg durch atemberaubende Landschaften, drinnen und drau\u00dfen, und denk daran, dass alle auf dem Gruppenfoto zu sehen sind. Genie\u00dfe eine neue Perspektive des Alltags mit DJI Neo.<\/p>\n<ul>\n<li>135 g, Leicht und Tragbar<\/li>\n<li>Handstart und -Landung<\/li>\n<li>KI-Motivverfolgung, QuickShots<\/li>\n<li>Mehrere Steuerungsoptionen<\/li>\n<li>Ultra stabilisiertes 4K Video<\/li>\n<li>Rundumschutz f\u00fcr Propeller<\/li>\n<\/ul>\n<p><strong>Von deiner Handfl\u00e4che aus in den Himmel \u2014 Handstart<\/strong><br \/>\nDJI Neo kann elegant in deiner Handfl\u00e4che starten und landen. Dr\u00fccke einfach die Modus-Taste am Neo, w\u00e4hle den gew\u00fcnschten Aufnahmemodus und Neo erledigt den Rest automatisch f\u00fcr beeindruckende Aufnahmen \u2013 ganz ohne Fernsteuerung!<\/p>\n<p><strong>Steh im Mittelpunkt mit KI-Motivverfolgung<\/strong><br \/>\nEgal, ob beim Radfahren, Skateboarden oder Wandern, Neo ist dein pers\u00f6nlicher Fotograf und sorgt daf\u00fcr, dass du immer im Rampenlicht stehst. Ausgestattet mit KI-Algorithmen kann Neo dem Motiv innerhalb des Bildes folgen, sodass du mit Leichtigkeit spannende Verfolgungsaufnahmen machen kannst.<\/p>\n<ul>\n<li>Smart Tracking<\/li>\n<li>DirectionTrack<\/li>\n<\/ul>\n<p><strong>Entfache deine Kreativit\u00e4t mit QuickShots<\/strong><br \/>\nMit nur einem Fingerschnippen l\u00e4sst du DJI Neo automatisch f\u00fcr dich filmen. DJI Neo bietet sechs intelligente Aufnahmemodi, die eine dynamische Auswahl an Blickwinkeln bieten, um dein kreatives Filmmaterial zu verbessern.<\/p>\n<ul>\n<li>Dronie<\/li>\n<li>Kreisen<\/li>\n<li>Rocket<\/li>\n<li>Spotlight<\/li>\n<li>Helix<\/li>\n<li>Boomerang<\/li>\n<\/ul>\n<p><strong>Mehrere Steuerungsmethoden<\/strong><br \/>\nKompakt und dennoch leistungsf\u00e4hig, DJI Neo fliegt mit Style. Sie unterst\u00fctzt nicht nur steuerungsfreie Luftaufnahmen, sondern kann auch mit der DJI Fly App, Fernsteuerungen, RC Motion, DJI Goggles und mehr gekoppelt werden, um die Flug- und Kamerakontrolle zu verbessern.<\/p>\n<p><strong>Sprachsteuerung<\/strong><br \/>\n\u201eHey Fly\u201c \u2013 Wecke die DJI Fly App mit diesen Worten, um die Sprachsteuerung zu aktivieren und DJI Neo mit gesprochenen Fluganweisungen zu steuern.<\/p>\n<p><strong>Steuerung \u00fcber Mobile App<\/strong><br \/>\nDJI Neo unterst\u00fctzt die Wi-Fi-Verbindung zu Smartphones und macht damit eine zus\u00e4tzliche Fernsteuerung \u00fcberfl\u00fcssig. Steuere Neo mit virtuellen Joysticks auf der Benutzeroberfl\u00e4che der DJI Fly App mit einer Steuerreichweite von bis zu 50 Metern. Mit der App kannst du auch den Aufnahmewinkel und die Entfernung einstellen, sodass du je nach Wunsch aus der Ferne oder aus der N\u00e4he aufnehmen kannst.<\/p>\n<p><strong>RC Steuerung<\/strong><br \/>\nZusammen mit der DJI RC-N3 kann DJI Neo eine maximale Video\u00fcbertragungsreichweite von 10 Kilometern erreichen. Bediene die Kamera flexibel mit den traditionellen RC Steuerkn\u00fcppeln, wenn du Aufnahmen auf professionellem Niveau machen willst.<\/p>\n<p><strong>Immersive Bewegungssteuerung<\/strong><br \/>\nDJI Neo kann mit DJI Goggles 3, RC Motion 3 oder FPV Fernsteuerung 3 verbunden werden und erm\u00f6glicht eine Video\u00fcbertragungsreichweite von bis zu 10 Kilometern. In Kombination mit RC Motion 3 kann DJI Neo Kunstfl\u00fcge mit einem Druck ausf\u00fchren, nahtlos in Innenr\u00e4umen navigieren und mit Leichtigkeit durch enge R\u00e4ume man\u00f6vrieren. Die handfl\u00e4chengro\u00dfe DJI Neo ist flexibel und wendig in der Luft und damit ein perfekter Begleiter, um deine Skills im manuellen Modus zu verbessern.<\/p>\n<p><strong>Kompromisslose Bildqualit\u00e4t<\/strong><br \/>\nDJI Neo ist mit einem 1\/2\u2033 Bildsensor ausgestattet, mit dem du Fotos mit 12 MP aufnehmen kannst. In Kombination mit den leistungsstarken Stabilisierungsalgorithmen von DJI kann sie stabilisierte Videos in 4K UHD direkt aus der Kamera produzieren.<\/p>\n<ul>\n<li>12 MP\u00a0\u2013 Effektive Pixel<\/li>\n<li>4K\/30fps \u2013 Videospezifikationen<\/li>\n<\/ul>\n<p><strong>4K Ultra-HD-Videos<\/strong><br \/>\nDJI Neo unterst\u00fctzt mehrere Aufl\u00f6sungen und Bildraten f\u00fcr die Videoaufzeichnung und bis zu 4K\/30fps Videos mit RockSteady\/HorizonBalancing. Diese sorgen daf\u00fcr, dass die Klarheit sowohl in hellen als auch in dunklen Bereichen erhalten bleibt und somit viele Details sichtbar sind.<\/p>\n<p><strong>Stabilisierungsfunktionen f\u00fcr stabile Aufnahmen<\/strong><br \/>\nDJI Neo verf\u00fcgt \u00fcber einen einachsigen mechanischen Gimbal in Kombination mit RockSteady und HorizonBalancing Stabilisierung. Diese Ausstattung erm\u00f6glicht es, hohe Geschwindigkeiten, gro\u00dfe Amplituden und sogar Windst\u00e4rken bis zu Stufe 4 zu bew\u00e4ltigen. Die Stabilisierungsalgorithmen reduzieren das Verwackeln des Bildes erheblich und korrigieren die Horizontneigung innerhalb von \u00b145\u00b0, f\u00fcr gleichm\u00e4\u00dfige und stabile Aufnahmen.<\/p>\n<p><strong>Content erstellen mit Leichtigkeit \u2013 Interner Speicher mit 22 GB<\/strong><br \/>\nDJI Neo kann bis zu 40 Minuten Videomaterial in 4K\/30fps oder 55 Minuten Videomaterial in 1080p\/60fps speichern, sodass du all deine Erinnerungen aufbewahren kannst.<\/p>\n<ul>\n<li>40 Minuten\u00a0bei 4K\/30fps<\/li>\n<li>55 MinutenVideos\u00a0bei 1080p\/60fps Videos<\/li>\n<\/ul>\n<p><strong>Kabellos Sound aufnehmen<\/strong><br \/>\nNach der Verkn\u00fcpfung mit der DJI Fly App kann DJI Neo Audio \u00fcber DJI Mic 2 aufzeichnen, das \u00fcber Bluetooth mit deinem Mobiltelefon verbunden werden kann oder direkt \u00fcber das eingebaute Mikrofon deines Handys. Die DJI Fly App kann au\u00dferdem Propellerger\u00e4usche automatisch unterdr\u00fccken und deine Tonspur mit deinem Filmmaterial zusammenf\u00fchren, um auch bei Vlogs aus niedrigen Winkeln einen klaren Ton zu gew\u00e4hrleisten.<\/p>\n<p><strong>QuickTransfer mit H\u00f6chstgeschwindigkeit<\/strong><br \/>\nKein Datenkabel erforderlich! Nach dem Verbinden mit deinem Smartphone \u00fcber Wi-Fi k\u00f6nnen die von DJI Neo gefilmten Aufnahmen schnell auf die DJI Fly App \u00fcbertragen werden. \u00dcbertrage sie sofort nach dem Filmen, um die Nachbearbeitung und das Teilen zu vereinfachen.<\/p>\n<p><strong>Glamour per Fingertipp<\/strong><br \/>\nNutze Glamour-Effekte, um sicherzustellen, dass du stets gut aussiehst und mit Selbstvertrauen strahlst. Importiere einfach dein Filmmaterial in die DJI Fly App, um loszulegen.<\/p>\n<p><strong>Editing leicht gemacht<\/strong><br \/>\nDie DJI Fly App bietet eine gro\u00dfe Auswahl an Vorlagen und Soundeffekten f\u00fcr eine schnelle und einfache Bearbeitung. Erstelle und teile Videos effizient, ohne das Material zum Bearbeiten herunterladen zu m\u00fcssen, und spare so Speicherplatz auf deinem Handy.<\/p>\n<p><strong>Stabiler Flug, beeindruckende Akkulaufzeit<\/strong><br \/>\nMithilfe eines Positionierungssystems mit Infrarot- und Monokularsicht kann DJI Neo stabil in der Luft schweben und bleibt selbst bei Windst\u00e4rken bis zu Stufe 4 stabil. Au\u00dferdem unterst\u00fctzt sie die automatische R\u00fcckkehr (RTH) f\u00fcr einen komfortablen, sorgenfreien Betrieb.<\/p>\n<p><strong>Automatische R\u00fcckkehr (RTH)<\/strong><br \/>\nMach dir keine Sorgen um die R\u00fcckkehr, denn wenn du mit der Handfl\u00e4che startest\/landest oder mit der Mobile App steuerst, kehrt Neo nach Beendigung ihres Kurses zum Startpunkt zur\u00fcck. Wenn du eine Fernsteuerung oder eine immersive Bewegungssteuereinheit verwendest, unterst\u00fctzt Neo die automatische R\u00fcckkehr (RTH) und die sicherheitsbedingte R\u00fcckkehr, um problemlos zu dir zur\u00fcck zu navigieren.<\/p>\n<p><strong>Flugf\u00e4hig bis Windst\u00e4rke 4 \u2013 18 min Flugzeit<\/strong><br \/>\nMit einer Flugzeit von 18 Minuten kann DJI Neo mehr als 20 Fl\u00fcge zu und von deiner Handfl\u00e4che machen. Sein schlankes Design erm\u00f6glicht es, die kleinen Momente des Lebens zu dokumentieren, ohne dabei an Flugdauer zu sparen.<\/p>\n<p><strong>Direktes und schnelles Aufladen<\/strong><br \/>\nSchlie\u00dfe das Flugger\u00e4t mit einem Typ-C-Datenkabel direkt an eine Stromquelle an, um es bequem aufzuladen. Au\u00dferdem kann die Zweiwege-Ladestation von DJI Neo drei Akkus gleichzeitig aufladen, was sowohl die Ladegeschwindigkeit als auch die Effizienz erh\u00f6ht.<\/p>\n<p><strong>Multitalent \u2013 Jederzeit vloggen<\/strong><br \/>\nIm Lieferumfang von DJI Neo sind das Flugger\u00e4t, ein Intelligent Flight Battery, Propellerschutz und vieles mehr enthalten, sodass du schnell in den Nervenkitzel des Fliegens eintauchen kannst \u2013 und das zu einem \u00e4u\u00dferst g\u00fcnstigen Einstiegspreis. Du kannst die Akkus auch separat kaufen, um die Flugzeit zu verl\u00e4ngern und mehr Spa\u00df zu haben.<\/p>\n<p><strong>Bringe deine Luftaufnahmen auf ein neues Level<\/strong><br \/>\nDie DJI Neo Fly More Combo enth\u00e4lt das Flugger\u00e4t, eine RC-N3 Fernsteuerung, drei Intelligent Batteries, eine Zweiwege-Ladestation und mehr. Sie bietet eine \u00fcberlegene Flugsteuerung und Kamerabedienung f\u00fcr allt\u00e4gliche bis pr\u00e4zise Luftaufnahmen.<\/p>\n<p><strong>Immersiver Flug<\/strong><br \/>\nKombiniere DJI Neo mit DJI Goggles 3, RC Motion 3 oder FPV Fernsteuerung 3, um die Bewegungssteuerung und das Fliegen in First-Person-View (FPV) zu erm\u00f6glichen. Ob drinnen oder drau\u00dfen, die kompakte Form des DJI Neo man\u00f6vriert m\u00fchelos durch R\u00e4ume.<\/p>\n<p><strong>Kompatibilit\u00e4t<\/strong><br \/>\nGoggles 3<br \/>\nRC Motion 3<br \/>\nFPV Fernsteuerung 3<br \/>\nRC-N3<br \/>\nRC2<\/p>\n<p><strong>DJI Goggles N3<\/strong><\/p>\n<p><strong>Into the Sky<\/strong><\/p>\n<ul>\n<li>Immersives Flugerlebnis<\/li>\n<li>Sofort einsatzbereit<\/li>\n<li>1080p Ultraweites Bildschirm<\/li>\n<li>DJI O4 Video\u00fcbertragung<\/li>\n<li>AR Cursor<\/li>\n<li>Bis zu 2,7 Stunden Betriebszeit<\/li>\n<\/ul>\n<p><strong>Erlebe die Perspektive des Piloten<\/strong><br \/>\nIn Kombination mit DJI Neo\/DJI Avata 2 und DJI RC Motion 3 kannst du mit der DJI Goggles N3 durch die L\u00fcfte schweben und ein intensives Flugerlebnis erleben, wie auf dem Pilotensitz. Aktiviere die Kopfsteuerung, um Neo\/Avata 2 mit Kopf- oder Handgelenksbewegungen zu steuern und eine nahtlose Synergie zwischen dir und deiner Drohne zu erreichen.<\/p>\n<p>Erlebe die Luftakrobatik von Neo und tauche mit der Goggles N3 in das aufregende Erlebnis von 360\u00b0 Saltos, Links\/Rechts-Rollen und 180\u00b0 Drifts ein.<\/p>\n<p>Schalte die Easy ACRO Funktion frei \u2013 Power Loop mit Avata 2 auf Knopfdruck (kein erweiterter manueller Modus mit der DJI FPV Fernsteuerung Serie erforderlich) und erlebe adrenalingeladene Spannung mit DJI Goggles N3.<\/p>\n<p><strong>Sofort einsatzbereit, Effiziente Kreation<\/strong><\/p>\n<p>Ger\u00e4umiges Design f\u00fcr Brillen<br \/>\nDas ger\u00e4umige Innere bietet komfortablen Platz f\u00fcr Brillen, ohne dass du Dioptrien einstellen oder Gl\u00e4ser einsetzen musst. Einfach aufsetzen und wieder abnehmen.<\/p>\n<p><strong>Integriertes Design<\/strong><br \/>\nDas integrierte Design von Kopfband und Akku gleicht das Gesamtgewicht der Goggles aus und sorgt daf\u00fcr, dass kein Druck auf dein Gesicht entsteht f\u00fcr einen optimalen Tragekomfort.<\/p>\n<p><strong>Defogging auf Knopfdruck<\/strong><br \/>\nWenn sich der Beschlag auf der Glasoberfl\u00e4che bildet, reduziert die Defogging-Funktion effektiv die Feuchtigkeit, indem sie die interne L\u00fcfterdrehzahl beschleunigt, um die Luft schnell zirkulieren zu lassen \u2013 ideal bei wechselnden Temperaturen und hoher Luftfeuchtigkeit.<\/p>\n<p><strong>1080p Ultraweites Bildschirm<\/strong><br \/>\nDie DJI Goggles N3 hat einen 1080p 60Hz LCD-Bildschirm und ein beeindruckendes Sichtfeld von 54\u00b0. Genie\u00dfe atemberaubende Ansichten mit minimalem Schwindelgef\u00fchl bei lebendigen Flugszenen vor deinen Augen.<\/p>\n<ul>\n<li>LCD Display<\/li>\n<li>1920\u00d71080 Bildschirmaufl\u00f6sung<\/li>\n<li>60 Hz Bildwiederholfrequenz<\/li>\n<li>1350 cd\/m\u00b2 Max. Bildschirmhelligkeit<\/li>\n<\/ul>\n<p><strong>O4 FHD-Video\u00fcbertragung<\/strong><\/p>\n<p>Extrem niedrige Latenz, Stabile Video\u00fcbertragung<br \/>\nDas moderne digitale Video\u00fcbertragungssystem DJI O4 verwendet ein 2T4R-Antennendesign, das eine hervorragende Anti-Interferenzleistung bietet. Erlebe Live-Feeds in 1080p\/60fps mit einer durchschnittlichen, extrem niedrigen Latenz von 31 ms und einer \u00dcbertragungsreichweite von bis zu 13 km. Die Goggles w\u00e4hlen automatisch das optimale Frequenzband zwischen 2,4 GHz und 5,8 GHz je nach Umgebung. Das sorgt f\u00fcr eine stabile \u00dcbertragung, sodass du das Fliegen in Echtzeit erleben kannst und eine fl\u00fcssige Live-Ansicht erh\u00e4ltst.<\/p>\n<p>Mit einer maximalen Video\u00fcbertragungsrate von 60 Mbit\/s und der SyncSmooth-Technologie wird die Video\u00fcbertragung vom Himmel zum Boden optimiert, sodass du auch bei hohen Fluggeschwindigkeiten eine reibungslose Live-Ansicht hast.<\/p>\n<p><strong>Reibungsloser Flug, Leistungsstarke Betriebszeit<\/strong><\/p>\n<p>AR-Cursor<br \/>\nDJI RC Motion 3 kann als AR-Cursor verwendet werden, bevor das Flugger\u00e4t abhebt oder wenn das Flugger\u00e4t bremst und sich im Schwebeflug befindet. So kannst du m\u00fchelos Funktionen aktivieren und Einstellungen vornehmen, ohne deine H\u00e4nde vom RC Motion 3 wegzunehmen.<\/p>\n<p><strong>Teile Live-Feeds in Echtzeit<\/strong><br \/>\nVerbinde die DJI Goggles N3 \u00fcber ein USB-C-Kabel mit deinem Smartphone und du kannst eine zweite Live-\u00dcbertragung \u00fcber die DJI Fly App anzeigen. So k\u00f6nnen auch andere Personen die Live-Ansicht in Echtzeit sehen, was das Teilen und die Teilnahme an Schulungen bequem und effizient macht.<\/p>\n<p><strong>Wiedergabe von Panoramavideos<\/strong><br \/>\nImportiere Panoramavideos auf eine microSD-Karte und schau sie dir mit der DJI Goggles N3 an. Genie\u00dfe jederzeit ein kinoreifes Seherlebnis.<\/p>\n<p><strong>2,7 Stunden Akkulaufzeit<\/strong><br \/>\nEine voll aufgeladene DJI Goggles N3 reicht f\u00fcr die Verwendung von bis zu 13 DJI Neo Akkus. Mit einer leistungsstarken Betriebszeit von 2,7 Stunden kannst du deine kreative Leidenschaft und dein Potenzial voll entfalten.<\/p>\n<p><strong>Kompatibilit\u00e4t<\/strong><br \/>\nNeo<br \/>\nAvate 2<br \/>\nRC Motion 3<br \/>\nFPV Fernsteuerung 3<\/p>\n","protected":false},"excerpt":{"rendered":"<p>DJI Neo Motion Fly More Combo (DJI RC-N3) Rise and Shine \u2013 Handfl\u00e4chengro\u00dfe Drohne f\u00fcr Vlogs Mit 135 g, ist DJI Neo die bisher leichteste und kompakteste Drohne von DJI. Starte und lande m\u00fchelos ohne Fernsteuerung auf deiner Handfl\u00e4che und mache Filmaufnahmen mit DIR im Fokus. Flieg durch atemberaubende Landschaften, [&hellip;]<\/p>\n","protected":false},"featured_media":14706,"template":"","meta":{"_acf_changed":false,"_iconic_wsb_product_page_order_bump_ids":[[413]],"_sku":[],"_iconic_wsb_product_page_bump_modal_ids":[[]]},"product_brand":[],"product_cat":[40],"product_tag":[],"class_list":{"0":"post-14702","1":"product","2":"type-product","3":"status-publish","4":"has-post-thumbnail","6":"product_cat-dji-hobby-kameraequipment","8":"first","9":"onbackorder","10":"taxable","11":"shipping-taxable","12":"purchasable","13":"product-type-simple"},"acf":[],"yoast_head":"<!-- This site is optimized with the Yoast SEO plugin v27.3 - https:\/\/yoast.com\/product\/yoast-seo-wordpress\/ -->\n<title>DJI Neo<\/title>\n<meta name=\"description\" content=\"Die ultraleichte Neo-Vlog-Drohne von DJI passt in deine Handfl\u00e4che und kann ohne Fernsteuerung direkt von dort starten und landen.\" \/>\n<meta name=\"robots\" content=\"index, follow, max-snippet:-1, max-image-preview:large, max-video-preview:-1\" \/>\n<link rel=\"canonical\" href=\"https:\/\/copterpro.de\/shop\/dji-hobby-kameraequipment\/dji-neo-motion-fly-more-combo-dji-goggles-n3\/\" \/>\n<meta property=\"og:locale\" content=\"de_DE\" \/>\n<meta property=\"og:type\" content=\"article\" \/>\n<meta property=\"og:title\" content=\"DJI Neo\" \/>\n<meta property=\"og:description\" content=\"Die ultraleichte Neo-Vlog-Drohne von DJI passt in deine Handfl\u00e4che und kann ohne Fernsteuerung direkt von dort starten und landen.\" \/>\n<meta property=\"og:url\" content=\"https:\/\/copterpro.de\/shop\/dji-hobby-kameraequipment\/dji-neo-motion-fly-more-combo-dji-goggles-n3\/\" \/>\n<meta property=\"og:site_name\" content=\"Copter Pro\" \/>\n<meta property=\"article:publisher\" content=\"https:\/\/www.facebook.com\/copterprogmbh\" \/>\n<meta property=\"article:modified_time\" content=\"2026-02-17T13:49:15+00:00\" \/>\n<meta property=\"og:image\" content=\"https:\/\/copterpro.de\/shop\/wp-content\/uploads\/2025\/10\/dji-neo-motion-fly-more-combo-shop-de4.webp\" \/>\n\t<meta property=\"og:image:width\" content=\"800\" \/>\n\t<meta property=\"og:image:height\" content=\"600\" \/>\n\t<meta property=\"og:image:type\" content=\"image\/webp\" \/>\n<meta name=\"twitter:card\" content=\"summary_large_image\" \/>\n<meta name=\"twitter:label1\" content=\"Gesch\u00e4tzte Lesezeit\" \/>\n\t<meta name=\"twitter:data1\" content=\"10\u00a0Minuten\" \/>\n<script type=\"application\/ld+json\" class=\"yoast-schema-graph\">{\"@context\":\"https:\\\/\\\/schema.org\",\"@graph\":[{\"@type\":\"WebPage\",\"@id\":\"https:\\\/\\\/copterpro.de\\\/shop\\\/dji-hobby-kameraequipment\\\/dji-neo-motion-fly-more-combo-dji-goggles-n3\\\/\",\"url\":\"https:\\\/\\\/copterpro.de\\\/shop\\\/dji-hobby-kameraequipment\\\/dji-neo-motion-fly-more-combo-dji-goggles-n3\\\/\",\"name\":\"DJI Neo\",\"isPartOf\":{\"@id\":\"https:\\\/\\\/copterpro.de\\\/shop\\\/#website\"},\"primaryImageOfPage\":{\"@id\":\"https:\\\/\\\/copterpro.de\\\/shop\\\/dji-hobby-kameraequipment\\\/dji-neo-motion-fly-more-combo-dji-goggles-n3\\\/#primaryimage\"},\"image\":{\"@id\":\"https:\\\/\\\/copterpro.de\\\/shop\\\/dji-hobby-kameraequipment\\\/dji-neo-motion-fly-more-combo-dji-goggles-n3\\\/#primaryimage\"},\"thumbnailUrl\":\"https:\\\/\\\/copterpro.de\\\/shop\\\/wp-content\\\/uploads\\\/2025\\\/10\\\/dji-neo-motion-fly-more-combo-shop-de4.webp\",\"datePublished\":\"2025-10-22T12:21:42+00:00\",\"dateModified\":\"2026-02-17T13:49:15+00:00\",\"description\":\"Die ultraleichte Neo-Vlog-Drohne von DJI passt in deine Handfl\u00e4che und kann ohne Fernsteuerung direkt von dort starten und landen.\",\"breadcrumb\":{\"@id\":\"https:\\\/\\\/copterpro.de\\\/shop\\\/dji-hobby-kameraequipment\\\/dji-neo-motion-fly-more-combo-dji-goggles-n3\\\/#breadcrumb\"},\"inLanguage\":\"de\",\"potentialAction\":[{\"@type\":\"ReadAction\",\"target\":[\"https:\\\/\\\/copterpro.de\\\/shop\\\/dji-hobby-kameraequipment\\\/dji-neo-motion-fly-more-combo-dji-goggles-n3\\\/\"]}]},{\"@type\":\"ImageObject\",\"inLanguage\":\"de\",\"@id\":\"https:\\\/\\\/copterpro.de\\\/shop\\\/dji-hobby-kameraequipment\\\/dji-neo-motion-fly-more-combo-dji-goggles-n3\\\/#primaryimage\",\"url\":\"https:\\\/\\\/copterpro.de\\\/shop\\\/wp-content\\\/uploads\\\/2025\\\/10\\\/dji-neo-motion-fly-more-combo-shop-de4.webp\",\"contentUrl\":\"https:\\\/\\\/copterpro.de\\\/shop\\\/wp-content\\\/uploads\\\/2025\\\/10\\\/dji-neo-motion-fly-more-combo-shop-de4.webp\",\"width\":800,\"height\":600},{\"@type\":\"BreadcrumbList\",\"@id\":\"https:\\\/\\\/copterpro.de\\\/shop\\\/dji-hobby-kameraequipment\\\/dji-neo-motion-fly-more-combo-dji-goggles-n3\\\/#breadcrumb\",\"itemListElement\":[{\"@type\":\"ListItem\",\"position\":1,\"name\":\"Startseite\",\"item\":\"https:\\\/\\\/copterpro.de\\\/shop\\\/\"},{\"@type\":\"ListItem\",\"position\":2,\"name\":\"Shop\",\"item\":\"https:\\\/\\\/copterpro.de\\\/shop\\\/shop\\\/\"},{\"@type\":\"ListItem\",\"position\":3,\"name\":\"DJI Neo Motion Fly More Combo (DJI Goggles N3)\"}]},{\"@type\":\"WebSite\",\"@id\":\"https:\\\/\\\/copterpro.de\\\/shop\\\/#website\",\"url\":\"https:\\\/\\\/copterpro.de\\\/shop\\\/\",\"name\":\"Copter Pro\",\"description\":\"\",\"publisher\":{\"@id\":\"https:\\\/\\\/copterpro.de\\\/shop\\\/#organization\"},\"potentialAction\":[{\"@type\":\"SearchAction\",\"target\":{\"@type\":\"EntryPoint\",\"urlTemplate\":\"https:\\\/\\\/copterpro.de\\\/shop\\\/?s={search_term_string}\"},\"query-input\":{\"@type\":\"PropertyValueSpecification\",\"valueRequired\":true,\"valueName\":\"search_term_string\"}}],\"inLanguage\":\"de\"},{\"@type\":\"Organization\",\"@id\":\"https:\\\/\\\/copterpro.de\\\/shop\\\/#organization\",\"name\":\"Copter Pro\",\"url\":\"https:\\\/\\\/copterpro.de\\\/shop\\\/\",\"logo\":{\"@type\":\"ImageObject\",\"inLanguage\":\"de\",\"@id\":\"https:\\\/\\\/copterpro.de\\\/shop\\\/#\\\/schema\\\/logo\\\/image\\\/\",\"url\":\"https:\\\/\\\/copterpro.de\\\/shop\\\/wp-content\\\/uploads\\\/2025\\\/04\\\/copterpro.svg\",\"contentUrl\":\"https:\\\/\\\/copterpro.de\\\/shop\\\/wp-content\\\/uploads\\\/2025\\\/04\\\/copterpro.svg\",\"caption\":\"Copter Pro\"},\"image\":{\"@id\":\"https:\\\/\\\/copterpro.de\\\/shop\\\/#\\\/schema\\\/logo\\\/image\\\/\"},\"sameAs\":[\"https:\\\/\\\/www.facebook.com\\\/copterprogmbh\"]}]}<\/script>\n<!-- \/ Yoast SEO plugin. -->","yoast_head_json":{"title":"DJI Neo","description":"Die ultraleichte Neo-Vlog-Drohne von DJI passt in deine Handfl\u00e4che und kann ohne Fernsteuerung direkt von dort starten und landen.","robots":{"index":"index","follow":"follow","max-snippet":"max-snippet:-1","max-image-preview":"max-image-preview:large","max-video-preview":"max-video-preview:-1"},"canonical":"https:\/\/copterpro.de\/shop\/dji-hobby-kameraequipment\/dji-neo-motion-fly-more-combo-dji-goggles-n3\/","og_locale":"de_DE","og_type":"article","og_title":"DJI Neo","og_description":"Die ultraleichte Neo-Vlog-Drohne von DJI passt in deine Handfl\u00e4che und kann ohne Fernsteuerung direkt von dort starten und landen.","og_url":"https:\/\/copterpro.de\/shop\/dji-hobby-kameraequipment\/dji-neo-motion-fly-more-combo-dji-goggles-n3\/","og_site_name":"Copter Pro","article_publisher":"https:\/\/www.facebook.com\/copterprogmbh","article_modified_time":"2026-02-17T13:49:15+00:00","og_image":[{"width":800,"height":600,"url":"https:\/\/copterpro.de\/shop\/wp-content\/uploads\/2025\/10\/dji-neo-motion-fly-more-combo-shop-de4.webp","type":"image\/webp"}],"twitter_card":"summary_large_image","twitter_misc":{"Gesch\u00e4tzte Lesezeit":"10\u00a0Minuten"},"schema":{"@context":"https:\/\/schema.org","@graph":[{"@type":"WebPage","@id":"https:\/\/copterpro.de\/shop\/dji-hobby-kameraequipment\/dji-neo-motion-fly-more-combo-dji-goggles-n3\/","url":"https:\/\/copterpro.de\/shop\/dji-hobby-kameraequipment\/dji-neo-motion-fly-more-combo-dji-goggles-n3\/","name":"DJI Neo","isPartOf":{"@id":"https:\/\/copterpro.de\/shop\/#website"},"primaryImageOfPage":{"@id":"https:\/\/copterpro.de\/shop\/dji-hobby-kameraequipment\/dji-neo-motion-fly-more-combo-dji-goggles-n3\/#primaryimage"},"image":{"@id":"https:\/\/copterpro.de\/shop\/dji-hobby-kameraequipment\/dji-neo-motion-fly-more-combo-dji-goggles-n3\/#primaryimage"},"thumbnailUrl":"https:\/\/copterpro.de\/shop\/wp-content\/uploads\/2025\/10\/dji-neo-motion-fly-more-combo-shop-de4.webp","datePublished":"2025-10-22T12:21:42+00:00","dateModified":"2026-02-17T13:49:15+00:00","description":"Die ultraleichte Neo-Vlog-Drohne von DJI passt in deine Handfl\u00e4che und kann ohne Fernsteuerung direkt von dort starten und landen.","breadcrumb":{"@id":"https:\/\/copterpro.de\/shop\/dji-hobby-kameraequipment\/dji-neo-motion-fly-more-combo-dji-goggles-n3\/#breadcrumb"},"inLanguage":"de","potentialAction":[{"@type":"ReadAction","target":["https:\/\/copterpro.de\/shop\/dji-hobby-kameraequipment\/dji-neo-motion-fly-more-combo-dji-goggles-n3\/"]}]},{"@type":"ImageObject","inLanguage":"de","@id":"https:\/\/copterpro.de\/shop\/dji-hobby-kameraequipment\/dji-neo-motion-fly-more-combo-dji-goggles-n3\/#primaryimage","url":"https:\/\/copterpro.de\/shop\/wp-content\/uploads\/2025\/10\/dji-neo-motion-fly-more-combo-shop-de4.webp","contentUrl":"https:\/\/copterpro.de\/shop\/wp-content\/uploads\/2025\/10\/dji-neo-motion-fly-more-combo-shop-de4.webp","width":800,"height":600},{"@type":"BreadcrumbList","@id":"https:\/\/copterpro.de\/shop\/dji-hobby-kameraequipment\/dji-neo-motion-fly-more-combo-dji-goggles-n3\/#breadcrumb","itemListElement":[{"@type":"ListItem","position":1,"name":"Startseite","item":"https:\/\/copterpro.de\/shop\/"},{"@type":"ListItem","position":2,"name":"Shop","item":"https:\/\/copterpro.de\/shop\/shop\/"},{"@type":"ListItem","position":3,"name":"DJI Neo Motion Fly More Combo (DJI Goggles N3)"}]},{"@type":"WebSite","@id":"https:\/\/copterpro.de\/shop\/#website","url":"https:\/\/copterpro.de\/shop\/","name":"Copter Pro","description":"","publisher":{"@id":"https:\/\/copterpro.de\/shop\/#organization"},"potentialAction":[{"@type":"SearchAction","target":{"@type":"EntryPoint","urlTemplate":"https:\/\/copterpro.de\/shop\/?s={search_term_string}"},"query-input":{"@type":"PropertyValueSpecification","valueRequired":true,"valueName":"search_term_string"}}],"inLanguage":"de"},{"@type":"Organization","@id":"https:\/\/copterpro.de\/shop\/#organization","name":"Copter Pro","url":"https:\/\/copterpro.de\/shop\/","logo":{"@type":"ImageObject","inLanguage":"de","@id":"https:\/\/copterpro.de\/shop\/#\/schema\/logo\/image\/","url":"https:\/\/copterpro.de\/shop\/wp-content\/uploads\/2025\/04\/copterpro.svg","contentUrl":"https:\/\/copterpro.de\/shop\/wp-content\/uploads\/2025\/04\/copterpro.svg","caption":"Copter Pro"},"image":{"@id":"https:\/\/copterpro.de\/shop\/#\/schema\/logo\/image\/"},"sameAs":["https:\/\/www.facebook.com\/copterprogmbh"]}]}},"_links":{"self":[{"href":"https:\/\/copterpro.de\/shop\/wp-json\/wp\/v2\/product\/14702","targetHints":{"allow":["GET"]}}],"collection":[{"href":"https:\/\/copterpro.de\/shop\/wp-json\/wp\/v2\/product"}],"about":[{"href":"https:\/\/copterpro.de\/shop\/wp-json\/wp\/v2\/types\/product"}],"wp:featuredmedia":[{"embeddable":true,"href":"https:\/\/copterpro.de\/shop\/wp-json\/wp\/v2\/media\/14706"}],"wp:attachment":[{"href":"https:\/\/copterpro.de\/shop\/wp-json\/wp\/v2\/media?parent=14702"}],"wp:term":[{"taxonomy":"product_brand","embeddable":true,"href":"https:\/\/copterpro.de\/shop\/wp-json\/wp\/v2\/product_brand?post=14702"},{"taxonomy":"product_cat","embeddable":true,"href":"https:\/\/copterpro.de\/shop\/wp-json\/wp\/v2\/product_cat?post=14702"},{"taxonomy":"product_tag","embeddable":true,"href":"https:\/\/copterpro.de\/shop\/wp-json\/wp\/v2\/product_tag?post=14702"}],"curies":[{"name":"wp","href":"https:\/\/api.w.org\/{rel}","templated":true}]}}