{"id":14756,"date":"2025-10-24T14:01:21","date_gmt":"2025-10-24T12:01:21","guid":{"rendered":"https:\/\/shop.copterpro.de\/?post_type=product&#038;p=14756"},"modified":"2025-12-15T15:27:43","modified_gmt":"2025-12-15T14:27:43","slug":"vor-ort-schulung-kitzrettung","status":"publish","type":"product","link":"https:\/\/copterpro.de\/shop\/vor-ort\/vor-ort-schulung-kitzrettung\/","title":{"rendered":"Vor Ort Schulung Kitzrettung"},"content":{"rendered":"<div class=\"con-kit-animation__atom\" data-atom=\"header\" data-id=\"3367f23e-c9c0-4cbb-8ccd-3934856d276c\" data-mode=\"vertical\" data-atom-horizontal=\"left\" data-atom-vertical=\"middle\">\n<div class=\"con-kit-atom-header\">\n<div class=\"con-kit-component-header\" data-text-prop=\"text\" data-font-kit-type=\"l\">\n<div class=\"con-kit-quark con-kit-quark-paragraph\" data-quark=\"block\" data-font-kit-type=\"l\" data-block-key=\"8m1sv\"><strong>Inhalte unserer Schulung<\/strong><\/div>\n<\/div>\n<\/div>\n<\/div>\n<div class=\"con-kit-animation__atom\" data-atom=\"plain-text\" data-id=\"afc9ad66-0579-43f3-a4be-d648fb5d0d00\" data-mode=\"vertical\" data-atom-horizontal=\"left\" data-atom-vertical=\"middle\">\n<div class=\"con-kit-atom-plain-text\" data-font-kit-type=\"l\">\n<div class=\"con-kit-component-text\" data-text-prop=\"text\" data-font-kit-type=\"l\">\n<div class=\"con-kit-quark con-kit-quark-paragraph\" data-quark=\"block\" data-font-kit-type=\"l\" data-block-key=\"8r4b3\">In unserer Schulung lernst du alles, was du f\u00fcr eine erfolgreiche Kitzrettung wissen musst. Du bekommst sowohl <span data-inline-style=\"bold\">theoretisches Wissen als auch praxisnahe Ausbildung<\/span>, um sicher und effektiv zu handeln. Wir vermitteln dir nicht nur die richtigen Techniken zur Drohnennutzung, sondern auch, wie du Suchmuster optimal planst und Kitze sicher lokalisierst. Dar\u00fcber hinaus bekommst du einen umfassenden Einblick in die rechtlichen Grundlagen, damit du immer auf der sicheren Seite bist. Mit dieser Ausbildung bist du bestens ger\u00fcstet, um jedes Kitz schnell und sicher zu retten.<\/div>\n<\/div>\n<\/div>\n<\/div>\n<div data-quark=\"block\" data-font-kit-type=\"l\" data-block-key=\"8r4b3\"><\/div>\n<div data-quark=\"block\" data-font-kit-type=\"l\" data-block-key=\"8r4b3\">\n<div class=\"con-kit-component-grid-list-item con-kit-animation__item con-kit-component-grid-list-item--first-row con-kit-component-grid-list-item--first-of-row con-kit-component-grid-list-item--first-in-row con-kit-animation__grid_item\">\n<div class=\"con-kit-molecule-grid-item\" data-kit-radius=\"4\" data-child-id=\"0b727890-4aba-4ef5-ab6f-e17a8d0579ad\" data-kit-align-horizontal=\"left\" data-kit-align-vertical=\"top\" data-kit-frame=\"transparent\" data-kit-has-fixed=\"false\">\n<div class=\"con-kit-component-atom-list\">\n<div class=\"con-kit-animation__atom\" data-atom=\"header\" data-id=\"1b15d8ff-0572-48fe-8d13-9f07b93f2184\" data-parent-id=\"89014600-3b74-44dd-afc9-33d03a9ccf19\" data-mode=\"vertical\" data-atom-horizontal=\"left\" data-atom-vertical=\"top\">\n<div class=\"con-kit-atom-header\">\n<div class=\"con-kit-component-header\" data-text-prop=\"text\" data-font-kit-type=\"s\">\n<div class=\"con-kit-quark con-kit-quark-paragraph\" data-quark=\"block\" data-font-kit-type=\"s\" data-block-key=\"8m1sv\"><strong>Grundlagen der Kitzrettung<\/strong><\/div>\n<\/div>\n<\/div>\n<\/div>\n<div class=\"con-kit-animation__atom\" data-atom=\"plain-text\" data-id=\"f69156bf-08a4-4b76-a5c8-aad40e8f4bc7\" data-parent-id=\"f1eab092-2248-411f-8822-f18ed7e7275d\" data-mode=\"vertical\" data-atom-horizontal=\"left\" data-atom-vertical=\"top\">\n<div class=\"con-kit-atom-plain-text\" data-font-kit-type=\"l\">\n<div class=\"con-kit-component-text\" data-text-prop=\"text\" data-font-kit-type=\"l\">\n<div class=\"con-kit-quark con-kit-quark-paragraph\" data-quark=\"block\" data-font-kit-type=\"l\" data-block-key=\"8r4b3\">Ein wichtiger Bestandteil der Schulung ist das Verst\u00e4ndnis f\u00fcr das Verhalten der Tiere. Du erf\u00e4hrst welche Besonderheiten dabei zu beachten sind, um sie bestm\u00f6glich zu sch\u00fctzen.<\/div>\n<\/div>\n<\/div>\n<div class=\"con-kit-component-spacer\">\n<div class=\"con-kit-component-spacer__handler\" data-spacer-type=\"atom\"><\/div>\n<\/div>\n<\/div>\n<\/div>\n<\/div>\n<\/div>\n<div class=\"con-kit-component-grid-list-item con-kit-animation__item con-kit-component-grid-list-item--first-row con-kit-component-grid-list-item--first-of-row con-kit-component-grid-list-item--last-in-row con-kit-animation__grid_item\">\n<div class=\"con-kit-molecule-grid-item\" data-kit-radius=\"4\" data-child-id=\"344909da-386b-408e-a20b-632aa317ae4b\" data-kit-align-horizontal=\"left\" data-kit-align-vertical=\"top\" data-kit-frame=\"transparent\" data-kit-has-fixed=\"false\">\n<div class=\"con-kit-component-atom-list\">\n<div class=\"con-kit-animation__atom\" data-atom=\"header\" data-id=\"e299bb64-3c67-4f3c-99c8-9842682e0871\" data-parent-id=\"89014600-3b74-44dd-afc9-33d03a9ccf19\" data-mode=\"vertical\" data-atom-horizontal=\"left\" data-atom-vertical=\"top\">\n<div class=\"con-kit-atom-header\">\n<div class=\"con-kit-component-header\" data-text-prop=\"text\" data-font-kit-type=\"s\">\n<div class=\"con-kit-quark con-kit-quark-paragraph\" data-quark=\"block\" data-font-kit-type=\"s\" data-block-key=\"8m1sv\"><strong>Technik deiner Drohne<\/strong><\/div>\n<\/div>\n<\/div>\n<\/div>\n<div class=\"con-kit-animation__atom\" data-atom=\"plain-text\" data-id=\"083435d3-07ad-4343-bf41-42f759e368b4\" data-parent-id=\"f1eab092-2248-411f-8822-f18ed7e7275d\" data-mode=\"vertical\" data-atom-horizontal=\"left\" data-atom-vertical=\"top\">\n<div class=\"con-kit-atom-plain-text\" data-font-kit-type=\"l\">\n<div class=\"con-kit-component-text\" data-text-prop=\"text\" data-font-kit-type=\"l\">\n<div class=\"con-kit-quark con-kit-quark-paragraph\" data-quark=\"block\" data-font-kit-type=\"l\" data-block-key=\"8r4b3\">Du lernst, die W\u00e4rmebildkamera gezielt einzusetzen, Split-Screen- und Zoomfunktionen effektiv zu nutzen sowie GPS-Punkte zu setzen und mit deinem Team zu teilen \u2013 f\u00fcr pr\u00e4zise und schnelle Rettungseins\u00e4tze.<\/div>\n<div data-quark=\"block\" data-font-kit-type=\"l\" data-block-key=\"8r4b3\"><\/div>\n<\/div>\n<\/div>\n<\/div>\n<\/div>\n<\/div>\n<\/div>\n<\/div>\n<div data-quark=\"block\" data-font-kit-type=\"l\" data-block-key=\"8r4b3\">\n<div class=\"con-kit-component-grid-list-item con-kit-animation__item con-kit-component-grid-list-item--last-row con-kit-component-grid-list-item--last-of-row con-kit-component-grid-list-item--first-in-row con-kit-animation__grid_item\">\n<div class=\"con-kit-molecule-grid-item\" data-kit-radius=\"4\" data-child-id=\"64de478f-7ed1-470e-a8ec-30d03bac8921\" data-kit-align-horizontal=\"left\" data-kit-align-vertical=\"top\" data-kit-frame=\"transparent\" data-kit-has-fixed=\"false\">\n<div class=\"con-kit-component-atom-list\">\n<div class=\"con-kit-animation__atom\" data-atom=\"header\" data-id=\"8d1ae9aa-7ded-4f17-845a-1002204b4b79\" data-parent-id=\"89014600-3b74-44dd-afc9-33d03a9ccf19\" data-mode=\"vertical\" data-atom-horizontal=\"left\" data-atom-vertical=\"top\">\n<div class=\"con-kit-atom-header\">\n<div class=\"con-kit-component-header\" data-text-prop=\"text\" data-font-kit-type=\"s\">\n<div class=\"con-kit-quark con-kit-quark-paragraph\" data-quark=\"block\" data-font-kit-type=\"s\" data-block-key=\"8m1sv\"><strong>Planung und Missionsdurchf\u00fchrung<\/strong><\/div>\n<\/div>\n<\/div>\n<\/div>\n<div class=\"con-kit-animation__atom\" data-atom=\"plain-text\" data-id=\"cffdcc56-cbe6-4d96-8d50-32b302270e19\" data-parent-id=\"f1eab092-2248-411f-8822-f18ed7e7275d\" data-mode=\"vertical\" data-atom-horizontal=\"left\" data-atom-vertical=\"top\">\n<div class=\"con-kit-atom-plain-text\" data-font-kit-type=\"l\">\n<div class=\"con-kit-component-text\" data-text-prop=\"text\" data-font-kit-type=\"l\">\n<div class=\"con-kit-quark con-kit-quark-paragraph\" data-quark=\"block\" data-font-kit-type=\"l\" data-block-key=\"8r4b3\">Du lernst, Fl\u00e4chen effizient einzuteilen sowie Missionen gezielt zu planen und mithilfe Automatisierungstechniken durchzuf\u00fchren.<\/div>\n<\/div>\n<\/div>\n<div class=\"con-kit-component-spacer\">\n<div class=\"con-kit-component-spacer__handler\" data-spacer-type=\"atom\"><\/div>\n<\/div>\n<\/div>\n<\/div>\n<\/div>\n<\/div>\n<div class=\"con-kit-component-grid-list-item con-kit-animation__item con-kit-component-grid-list-item--last-row con-kit-component-grid-list-item--last-of-row con-kit-component-grid-list-item--last-in-row con-kit-animation__grid_item\">\n<div class=\"con-kit-molecule-grid-item\" data-kit-radius=\"4\" data-child-id=\"55aeaee4-12e1-41c8-a8a3-e3a98d4d8bd4\" data-kit-align-horizontal=\"left\" data-kit-align-vertical=\"top\" data-kit-frame=\"transparent\" data-kit-has-fixed=\"false\">\n<div class=\"con-kit-component-atom-list\">\n<div class=\"con-kit-animation__atom\" data-atom=\"header\" data-id=\"db020758-845e-4393-9109-c20b4d38715f\" data-parent-id=\"89014600-3b74-44dd-afc9-33d03a9ccf19\" data-mode=\"vertical\" data-atom-horizontal=\"left\" data-atom-vertical=\"top\">\n<div class=\"con-kit-atom-header\">\n<div class=\"con-kit-component-header\" data-text-prop=\"text\" data-font-kit-type=\"s\">\n<div class=\"con-kit-quark con-kit-quark-paragraph\" data-quark=\"block\" data-font-kit-type=\"s\" data-block-key=\"8m1sv\"><strong>Praktische Beispiele<\/strong><\/div>\n<\/div>\n<\/div>\n<\/div>\n<div class=\"con-kit-animation__atom\" data-atom=\"plain-text\" data-id=\"023bd91c-a2bb-48e2-85b0-39ae50aabc26\" data-parent-id=\"f1eab092-2248-411f-8822-f18ed7e7275d\" data-mode=\"vertical\" data-atom-horizontal=\"left\" data-atom-vertical=\"top\">\n<div class=\"con-kit-atom-plain-text\" data-font-kit-type=\"l\">\n<div class=\"con-kit-component-text\" data-text-prop=\"text\" data-font-kit-type=\"l\">\n<div class=\"con-kit-quark con-kit-quark-paragraph\" data-quark=\"block\" data-font-kit-type=\"l\" data-block-key=\"8r4b3\">Beim praktischen Teil der Schulung lernst du, Kitze sicher anzufliegen, pr\u00e4zise zu lokalisieren und sie mit den richtigen Schutzma\u00dfnahmen effektiv zu sichern.<\/div>\n<\/div>\n<\/div>\n<\/div>\n<\/div>\n<\/div>\n<\/div>\n<\/div>\n<div data-quark=\"block\" data-font-kit-type=\"l\" data-block-key=\"8r4b3\">\n<div class=\"con-kit-component-grid-list-item con-kit-animation__item con-kit-component-grid-list-item--first-row con-kit-component-grid-list-item--first-of-row con-kit-component-grid-list-item--last-in-row con-kit-animation__grid_item\">\n<div class=\"con-kit-molecule-grid-item\" data-kit-radius=\"4\" data-child-id=\"344909da-386b-408e-a20b-632aa317ae4b\" data-kit-align-horizontal=\"left\" data-kit-align-vertical=\"top\" data-kit-frame=\"transparent\" data-kit-has-fixed=\"false\">\n<div class=\"con-kit-component-atom-list\">\n<div class=\"con-kit-animation__atom\" data-atom=\"plain-text\" data-id=\"083435d3-07ad-4343-bf41-42f759e368b4\" data-parent-id=\"f1eab092-2248-411f-8822-f18ed7e7275d\" data-mode=\"vertical\" data-atom-horizontal=\"left\" data-atom-vertical=\"top\">\n<div class=\"con-kit-component-spacer\"><\/div>\n<\/div>\n<\/div>\n<\/div>\n<\/div>\n<\/div>\n","protected":false},"excerpt":{"rendered":"<p>Inhalte unserer Schulung In unserer Schulung lernst du alles, was du f\u00fcr eine erfolgreiche Kitzrettung wissen musst. Du bekommst sowohl theoretisches Wissen als auch praxisnahe Ausbildung, um sicher und effektiv zu handeln. Wir vermitteln dir nicht nur die richtigen Techniken zur Drohnennutzung, sondern auch, wie du Suchmuster optimal planst und [&hellip;]<\/p>\n","protected":false},"featured_media":15147,"template":"","meta":{"_acf_changed":false,"_iconic_wsb_product_page_order_bump_ids":[[]],"_sku":[],"_iconic_wsb_product_page_bump_modal_ids":[[]]},"product_brand":[],"product_cat":[136],"product_tag":[],"class_list":{"0":"post-14756","1":"product","2":"type-product","3":"status-publish","4":"has-post-thumbnail","6":"product_cat-vor-ort","8":"first","9":"instock","10":"taxable","11":"shipping-taxable","12":"product-type-simple"},"acf":[],"yoast_head":"<!-- This site is optimized with the Yoast SEO plugin v27.3 - https:\/\/yoast.com\/product\/yoast-seo-wordpress\/ -->\n<title>Vor Ort Schulung Kitzrettung - Copter Pro<\/title>\n<meta name=\"robots\" content=\"index, follow, max-snippet:-1, max-image-preview:large, max-video-preview:-1\" \/>\n<link rel=\"canonical\" href=\"https:\/\/copterpro.de\/shop\/vor-ort\/vor-ort-schulung-kitzrettung\/\" \/>\n<meta property=\"og:locale\" content=\"de_DE\" \/>\n<meta property=\"og:type\" content=\"article\" \/>\n<meta property=\"og:title\" content=\"Vor Ort Schulung Kitzrettung - Copter Pro\" \/>\n<meta property=\"og:description\" content=\"Inhalte unserer Schulung In unserer Schulung lernst du alles, was du f\u00fcr eine erfolgreiche Kitzrettung wissen musst. Du bekommst sowohl theoretisches Wissen als auch praxisnahe Ausbildung, um sicher und effektiv zu handeln. Wir vermitteln dir nicht nur die richtigen Techniken zur Drohnennutzung, sondern auch, wie du Suchmuster optimal planst und [&hellip;]\" \/>\n<meta property=\"og:url\" content=\"https:\/\/copterpro.de\/shop\/vor-ort\/vor-ort-schulung-kitzrettung\/\" \/>\n<meta property=\"og:site_name\" content=\"Copter Pro\" \/>\n<meta property=\"article:publisher\" content=\"https:\/\/www.facebook.com\/copterprogmbh\" \/>\n<meta property=\"article:modified_time\" content=\"2025-12-15T14:27:43+00:00\" \/>\n<meta property=\"og:image\" content=\"https:\/\/copterpro.de\/shop\/wp-content\/uploads\/2025\/10\/Kitzrettung-mit-Drohne.jpg\" \/>\n\t<meta property=\"og:image:width\" content=\"800\" \/>\n\t<meta property=\"og:image:height\" content=\"800\" \/>\n\t<meta property=\"og:image:type\" content=\"image\/jpeg\" \/>\n<meta name=\"twitter:card\" content=\"summary_large_image\" \/>\n<meta name=\"twitter:label1\" content=\"Gesch\u00e4tzte Lesezeit\" \/>\n\t<meta name=\"twitter:data1\" content=\"2\u00a0Minuten\" \/>\n<script type=\"application\/ld+json\" class=\"yoast-schema-graph\">{\"@context\":\"https:\\\/\\\/schema.org\",\"@graph\":[{\"@type\":\"WebPage\",\"@id\":\"https:\\\/\\\/copterpro.de\\\/shop\\\/vor-ort\\\/vor-ort-schulung-kitzrettung\\\/\",\"url\":\"https:\\\/\\\/copterpro.de\\\/shop\\\/vor-ort\\\/vor-ort-schulung-kitzrettung\\\/\",\"name\":\"Vor Ort Schulung Kitzrettung - Copter Pro\",\"isPartOf\":{\"@id\":\"https:\\\/\\\/copterpro.de\\\/shop\\\/#website\"},\"primaryImageOfPage\":{\"@id\":\"https:\\\/\\\/copterpro.de\\\/shop\\\/vor-ort\\\/vor-ort-schulung-kitzrettung\\\/#primaryimage\"},\"image\":{\"@id\":\"https:\\\/\\\/copterpro.de\\\/shop\\\/vor-ort\\\/vor-ort-schulung-kitzrettung\\\/#primaryimage\"},\"thumbnailUrl\":\"https:\\\/\\\/copterpro.de\\\/shop\\\/wp-content\\\/uploads\\\/2025\\\/10\\\/Kitzrettung-mit-Drohne.jpg\",\"datePublished\":\"2025-10-24T12:01:21+00:00\",\"dateModified\":\"2025-12-15T14:27:43+00:00\",\"breadcrumb\":{\"@id\":\"https:\\\/\\\/copterpro.de\\\/shop\\\/vor-ort\\\/vor-ort-schulung-kitzrettung\\\/#breadcrumb\"},\"inLanguage\":\"de\",\"potentialAction\":[{\"@type\":\"ReadAction\",\"target\":[\"https:\\\/\\\/copterpro.de\\\/shop\\\/vor-ort\\\/vor-ort-schulung-kitzrettung\\\/\"]}]},{\"@type\":\"ImageObject\",\"inLanguage\":\"de\",\"@id\":\"https:\\\/\\\/copterpro.de\\\/shop\\\/vor-ort\\\/vor-ort-schulung-kitzrettung\\\/#primaryimage\",\"url\":\"https:\\\/\\\/copterpro.de\\\/shop\\\/wp-content\\\/uploads\\\/2025\\\/10\\\/Kitzrettung-mit-Drohne.jpg\",\"contentUrl\":\"https:\\\/\\\/copterpro.de\\\/shop\\\/wp-content\\\/uploads\\\/2025\\\/10\\\/Kitzrettung-mit-Drohne.jpg\",\"width\":800,\"height\":800,\"caption\":\"Kitzrettung mit Drohne\"},{\"@type\":\"BreadcrumbList\",\"@id\":\"https:\\\/\\\/copterpro.de\\\/shop\\\/vor-ort\\\/vor-ort-schulung-kitzrettung\\\/#breadcrumb\",\"itemListElement\":[{\"@type\":\"ListItem\",\"position\":1,\"name\":\"Startseite\",\"item\":\"https:\\\/\\\/copterpro.de\\\/shop\\\/\"},{\"@type\":\"ListItem\",\"position\":2,\"name\":\"Shop\",\"item\":\"https:\\\/\\\/copterpro.de\\\/shop\\\/shop\\\/\"},{\"@type\":\"ListItem\",\"position\":3,\"name\":\"Vor Ort Schulung Kitzrettung\"}]},{\"@type\":\"WebSite\",\"@id\":\"https:\\\/\\\/copterpro.de\\\/shop\\\/#website\",\"url\":\"https:\\\/\\\/copterpro.de\\\/shop\\\/\",\"name\":\"Copter Pro\",\"description\":\"\",\"publisher\":{\"@id\":\"https:\\\/\\\/copterpro.de\\\/shop\\\/#organization\"},\"potentialAction\":[{\"@type\":\"SearchAction\",\"target\":{\"@type\":\"EntryPoint\",\"urlTemplate\":\"https:\\\/\\\/copterpro.de\\\/shop\\\/?s={search_term_string}\"},\"query-input\":{\"@type\":\"PropertyValueSpecification\",\"valueRequired\":true,\"valueName\":\"search_term_string\"}}],\"inLanguage\":\"de\"},{\"@type\":\"Organization\",\"@id\":\"https:\\\/\\\/copterpro.de\\\/shop\\\/#organization\",\"name\":\"Copter Pro\",\"url\":\"https:\\\/\\\/copterpro.de\\\/shop\\\/\",\"logo\":{\"@type\":\"ImageObject\",\"inLanguage\":\"de\",\"@id\":\"https:\\\/\\\/copterpro.de\\\/shop\\\/#\\\/schema\\\/logo\\\/image\\\/\",\"url\":\"https:\\\/\\\/copterpro.de\\\/shop\\\/wp-content\\\/uploads\\\/2025\\\/04\\\/copterpro.svg\",\"contentUrl\":\"https:\\\/\\\/copterpro.de\\\/shop\\\/wp-content\\\/uploads\\\/2025\\\/04\\\/copterpro.svg\",\"caption\":\"Copter Pro\"},\"image\":{\"@id\":\"https:\\\/\\\/copterpro.de\\\/shop\\\/#\\\/schema\\\/logo\\\/image\\\/\"},\"sameAs\":[\"https:\\\/\\\/www.facebook.com\\\/copterprogmbh\"]}]}<\/script>\n<!-- \/ Yoast SEO plugin. -->","yoast_head_json":{"title":"Vor Ort Schulung Kitzrettung - Copter Pro","robots":{"index":"index","follow":"follow","max-snippet":"max-snippet:-1","max-image-preview":"max-image-preview:large","max-video-preview":"max-video-preview:-1"},"canonical":"https:\/\/copterpro.de\/shop\/vor-ort\/vor-ort-schulung-kitzrettung\/","og_locale":"de_DE","og_type":"article","og_title":"Vor Ort Schulung Kitzrettung - Copter Pro","og_description":"Inhalte unserer Schulung In unserer Schulung lernst du alles, was du f\u00fcr eine erfolgreiche Kitzrettung wissen musst. Du bekommst sowohl theoretisches Wissen als auch praxisnahe Ausbildung, um sicher und effektiv zu handeln. Wir vermitteln dir nicht nur die richtigen Techniken zur Drohnennutzung, sondern auch, wie du Suchmuster optimal planst und [&hellip;]","og_url":"https:\/\/copterpro.de\/shop\/vor-ort\/vor-ort-schulung-kitzrettung\/","og_site_name":"Copter Pro","article_publisher":"https:\/\/www.facebook.com\/copterprogmbh","article_modified_time":"2025-12-15T14:27:43+00:00","og_image":[{"width":800,"height":800,"url":"https:\/\/copterpro.de\/shop\/wp-content\/uploads\/2025\/10\/Kitzrettung-mit-Drohne.jpg","type":"image\/jpeg"}],"twitter_card":"summary_large_image","twitter_misc":{"Gesch\u00e4tzte Lesezeit":"2\u00a0Minuten"},"schema":{"@context":"https:\/\/schema.org","@graph":[{"@type":"WebPage","@id":"https:\/\/copterpro.de\/shop\/vor-ort\/vor-ort-schulung-kitzrettung\/","url":"https:\/\/copterpro.de\/shop\/vor-ort\/vor-ort-schulung-kitzrettung\/","name":"Vor Ort Schulung Kitzrettung - Copter Pro","isPartOf":{"@id":"https:\/\/copterpro.de\/shop\/#website"},"primaryImageOfPage":{"@id":"https:\/\/copterpro.de\/shop\/vor-ort\/vor-ort-schulung-kitzrettung\/#primaryimage"},"image":{"@id":"https:\/\/copterpro.de\/shop\/vor-ort\/vor-ort-schulung-kitzrettung\/#primaryimage"},"thumbnailUrl":"https:\/\/copterpro.de\/shop\/wp-content\/uploads\/2025\/10\/Kitzrettung-mit-Drohne.jpg","datePublished":"2025-10-24T12:01:21+00:00","dateModified":"2025-12-15T14:27:43+00:00","breadcrumb":{"@id":"https:\/\/copterpro.de\/shop\/vor-ort\/vor-ort-schulung-kitzrettung\/#breadcrumb"},"inLanguage":"de","potentialAction":[{"@type":"ReadAction","target":["https:\/\/copterpro.de\/shop\/vor-ort\/vor-ort-schulung-kitzrettung\/"]}]},{"@type":"ImageObject","inLanguage":"de","@id":"https:\/\/copterpro.de\/shop\/vor-ort\/vor-ort-schulung-kitzrettung\/#primaryimage","url":"https:\/\/copterpro.de\/shop\/wp-content\/uploads\/2025\/10\/Kitzrettung-mit-Drohne.jpg","contentUrl":"https:\/\/copterpro.de\/shop\/wp-content\/uploads\/2025\/10\/Kitzrettung-mit-Drohne.jpg","width":800,"height":800,"caption":"Kitzrettung mit Drohne"},{"@type":"BreadcrumbList","@id":"https:\/\/copterpro.de\/shop\/vor-ort\/vor-ort-schulung-kitzrettung\/#breadcrumb","itemListElement":[{"@type":"ListItem","position":1,"name":"Startseite","item":"https:\/\/copterpro.de\/shop\/"},{"@type":"ListItem","position":2,"name":"Shop","item":"https:\/\/copterpro.de\/shop\/shop\/"},{"@type":"ListItem","position":3,"name":"Vor Ort Schulung Kitzrettung"}]},{"@type":"WebSite","@id":"https:\/\/copterpro.de\/shop\/#website","url":"https:\/\/copterpro.de\/shop\/","name":"Copter Pro","description":"","publisher":{"@id":"https:\/\/copterpro.de\/shop\/#organization"},"potentialAction":[{"@type":"SearchAction","target":{"@type":"EntryPoint","urlTemplate":"https:\/\/copterpro.de\/shop\/?s={search_term_string}"},"query-input":{"@type":"PropertyValueSpecification","valueRequired":true,"valueName":"search_term_string"}}],"inLanguage":"de"},{"@type":"Organization","@id":"https:\/\/copterpro.de\/shop\/#organization","name":"Copter Pro","url":"https:\/\/copterpro.de\/shop\/","logo":{"@type":"ImageObject","inLanguage":"de","@id":"https:\/\/copterpro.de\/shop\/#\/schema\/logo\/image\/","url":"https:\/\/copterpro.de\/shop\/wp-content\/uploads\/2025\/04\/copterpro.svg","contentUrl":"https:\/\/copterpro.de\/shop\/wp-content\/uploads\/2025\/04\/copterpro.svg","caption":"Copter Pro"},"image":{"@id":"https:\/\/copterpro.de\/shop\/#\/schema\/logo\/image\/"},"sameAs":["https:\/\/www.facebook.com\/copterprogmbh"]}]}},"_links":{"self":[{"href":"https:\/\/copterpro.de\/shop\/wp-json\/wp\/v2\/product\/14756","targetHints":{"allow":["GET"]}}],"collection":[{"href":"https:\/\/copterpro.de\/shop\/wp-json\/wp\/v2\/product"}],"about":[{"href":"https:\/\/copterpro.de\/shop\/wp-json\/wp\/v2\/types\/product"}],"wp:featuredmedia":[{"embeddable":true,"href":"https:\/\/copterpro.de\/shop\/wp-json\/wp\/v2\/media\/15147"}],"wp:attachment":[{"href":"https:\/\/copterpro.de\/shop\/wp-json\/wp\/v2\/media?parent=14756"}],"wp:term":[{"taxonomy":"product_brand","embeddable":true,"href":"https:\/\/copterpro.de\/shop\/wp-json\/wp\/v2\/product_brand?post=14756"},{"taxonomy":"product_cat","embeddable":true,"href":"https:\/\/copterpro.de\/shop\/wp-json\/wp\/v2\/product_cat?post=14756"},{"taxonomy":"product_tag","embeddable":true,"href":"https:\/\/copterpro.de\/shop\/wp-json\/wp\/v2\/product_tag?post=14756"}],"curies":[{"name":"wp","href":"https:\/\/api.w.org\/{rel}","templated":true}]}}