{"id":14768,"date":"2025-10-24T14:30:35","date_gmt":"2025-10-24T12:30:35","guid":{"rendered":"https:\/\/shop.copterpro.de\/?post_type=product&#038;p=14768"},"modified":"2025-12-15T15:27:43","modified_gmt":"2025-12-15T14:27:43","slug":"vor-ort-schulung-pv-inspektion","status":"publish","type":"product","link":"https:\/\/copterpro.de\/shop\/vor-ort\/vor-ort-schulung-pv-inspektion\/","title":{"rendered":"Vor Ort Schulung PV- Inspektion"},"content":{"rendered":"<div class=\"con-kit-animation__atom\" data-atom=\"header\" data-id=\"3367f23e-c9c0-4cbb-8ccd-3934856d276c\" data-mode=\"vertical\" data-atom-horizontal=\"left\" data-atom-vertical=\"middle\">\n<div class=\"con-kit-atom-header\">\n<div class=\"con-kit-component-header\" data-text-prop=\"text\" data-font-kit-type=\"l\"><\/div>\n<\/div>\n<\/div>\n<div data-quark=\"block\" data-font-kit-type=\"l\" data-block-key=\"8r4b3\">\n<div class=\"con-kit-component-grid-list-item con-kit-animation__item con-kit-component-grid-list-item--last-row con-kit-component-grid-list-item--last-of-row con-kit-component-grid-list-item--last-in-row con-kit-animation__grid_item\">\n<div class=\"con-kit-molecule-grid-item\" data-kit-radius=\"4\" data-child-id=\"55aeaee4-12e1-41c8-a8a3-e3a98d4d8bd4\" data-kit-align-horizontal=\"left\" data-kit-align-vertical=\"top\" data-kit-frame=\"transparent\" data-kit-has-fixed=\"false\">\n<div class=\"con-kit-component-atom-list\">\n<div class=\"con-kit-animation__atom\" data-atom=\"plain-text\" data-id=\"023bd91c-a2bb-48e2-85b0-39ae50aabc26\" data-parent-id=\"f1eab092-2248-411f-8822-f18ed7e7275d\" data-mode=\"vertical\" data-atom-horizontal=\"left\" data-atom-vertical=\"top\">\n<div class=\"con-kit-atom-plain-text\" data-font-kit-type=\"l\">\n<div class=\"con-kit-component-text\" data-text-prop=\"text\" data-font-kit-type=\"l\">\n<div class=\"con-kit-quark con-kit-quark-paragraph\" data-quark=\"block\" data-font-kit-type=\"l\" data-block-key=\"8r4b3\"><strong>Vorteile der PV Inspektion mit Drohnen<\/strong><\/div>\n<\/div>\n<\/div>\n<\/div>\n<\/div>\n<\/div>\n<\/div>\n<\/div>\n<div data-quark=\"block\" data-font-kit-type=\"l\" data-block-key=\"8r4b3\"><\/div>\n<div data-quark=\"block\" data-font-kit-type=\"l\" data-block-key=\"8r4b3\"><strong>Zeitersparnis<\/strong><br \/>\nDrohnen erm\u00f6glichen schnelle Inspektionen an schwer zug\u00e4nglichen Orten<\/div>\n<div data-quark=\"block\" data-font-kit-type=\"l\" data-block-key=\"8r4b3\"><\/div>\n<div data-quark=\"block\" data-font-kit-type=\"l\" data-block-key=\"8r4b3\"><strong>Hohe Pr\u00e4zision<\/strong><\/div>\n<div data-quark=\"block\" data-font-kit-type=\"l\" data-block-key=\"8r4b3\">Mit hochaufl\u00f6senden W\u00e4rmebildkameras lassen sich Fehler auf PV Modulen finden &amp; auswerten.<\/div>\n<div data-quark=\"block\" data-font-kit-type=\"l\" data-block-key=\"8r4b3\"><\/div>\n<div data-quark=\"block\" data-font-kit-type=\"l\" data-block-key=\"8r4b3\"><strong>Kosteneffizienz<\/strong><\/div>\n<div data-quark=\"block\" data-font-kit-type=\"l\" data-block-key=\"8r4b3\">Durch die Reduzierung von Personal und Zeitaufwand sinken die Kosten erheblich.<\/div>\n<div class=\"con-kit-component-spacer\"><\/div>\n<div>\n<div class=\"con-kit-animation__atom\" data-atom=\"header\" data-id=\"22125890-f246-4f80-a804-37bd56689a66\" data-mode=\"vertical\" data-atom-horizontal=\"left\" data-atom-vertical=\"middle\">\n<div class=\"con-kit-atom-header\">\n<div class=\"con-kit-component-header\" data-text-prop=\"text\" data-font-kit-type=\"l\">\n<div class=\"con-kit-quark con-kit-quark-paragraph\" data-quark=\"block\" data-font-kit-type=\"l\" data-block-key=\"8m1sv\"><strong>Inhalte unserer Schulung<\/strong><\/div>\n<\/div>\n<\/div>\n<\/div>\n<div class=\"con-kit-animation__atom\" data-atom=\"plain-text\" data-id=\"9448b663-222f-47b5-b10d-e216a09c78fe\" data-mode=\"vertical\" data-atom-horizontal=\"left\" data-atom-vertical=\"middle\">\n<div class=\"con-kit-atom-plain-text\" data-font-kit-type=\"l\">\n<div class=\"con-kit-component-text\" data-text-prop=\"text\" data-font-kit-type=\"l\">\n<div class=\"con-kit-quark con-kit-quark-paragraph\" data-quark=\"block\" data-font-kit-type=\"l\" data-block-key=\"8r4b3\">Tauche ein in die faszinierende Welt der <span data-inline-style=\"bold\">Photovoltaik-Anlageninspektion<\/span> mit unserer ma\u00dfgeschneiderten Schulung, die dir die effiziente Nutzung von Drohnen f\u00fcr diesen Zweck vermittelt. Unsere Schulung bietet ein umfassendes Programm, das Fachwissen aus der Photovoltaikbranche mit den neuesten Drohnentechniken vereint.<\/div>\n<\/div>\n<\/div>\n<\/div>\n<\/div>\n<div data-quark=\"block\" data-font-kit-type=\"l\" data-block-key=\"8r4b3\"><\/div>\n<div data-quark=\"block\" data-font-kit-type=\"l\" data-block-key=\"8r4b3\">\n<div class=\"con-kit-component-grid-list-item con-kit-animation__item con-kit-component-grid-list-item--first-row con-kit-component-grid-list-item--first-of-row con-kit-component-grid-list-item--first-in-row con-kit-animation__grid_item\">\n<div class=\"con-kit-molecule-grid-item\" data-kit-radius=\"4\" data-child-id=\"9d4d37c2-90d8-47f8-82a3-9b552e75b18b\" data-kit-align-horizontal=\"left\" data-kit-align-vertical=\"top\" data-kit-frame=\"transparent\" data-kit-has-fixed=\"false\">\n<div class=\"con-kit-component-atom-list\">\n<div class=\"con-kit-animation__atom\" data-atom=\"header\" data-id=\"6bea64b2-633f-4500-a4bb-8fdbf6b31176\" data-parent-id=\"62965d7d-1b5e-4159-9df4-63b450f7eda8\" data-mode=\"vertical\" data-atom-horizontal=\"left\" data-atom-vertical=\"top\">\n<div class=\"con-kit-atom-header\">\n<div class=\"con-kit-component-header\" data-text-prop=\"text\" data-font-kit-type=\"s\">\n<div class=\"con-kit-quark con-kit-quark-paragraph\" data-quark=\"block\" data-font-kit-type=\"s\" data-block-key=\"8m1sv\">Grundlagen der PV- Inspektion<\/div>\n<\/div>\n<\/div>\n<\/div>\n<div class=\"con-kit-animation__atom\" data-atom=\"plain-text\" data-id=\"2b15e400-1266-469a-b3e2-d17d7a905e44\" data-parent-id=\"48577d8f-982e-4eff-a888-e887b444e87a\" data-mode=\"vertical\" data-atom-horizontal=\"left\" data-atom-vertical=\"top\">\n<div class=\"con-kit-atom-plain-text\" data-font-kit-type=\"l\">\n<div class=\"con-kit-component-text\" data-text-prop=\"text\" data-font-kit-type=\"l\">\n<div class=\"con-kit-quark con-kit-quark-paragraph\" data-quark=\"block\" data-font-kit-type=\"l\" data-block-key=\"8r4b3\">Wissen, Technik und Sicherheit \u2013 Alles, was du f\u00fcr eine effektive und sichere Photovoltaik-Inspektion wissen musst.<\/div>\n<\/div>\n<\/div>\n<div class=\"con-kit-component-spacer\">\n<div class=\"con-kit-component-spacer__handler\" data-spacer-type=\"atom\"><\/div>\n<\/div>\n<\/div>\n<\/div>\n<\/div>\n<\/div>\n<div class=\"con-kit-component-grid-list-item con-kit-animation__item con-kit-component-grid-list-item--first-row con-kit-component-grid-list-item--first-of-row con-kit-component-grid-list-item--last-in-row con-kit-animation__grid_item\">\n<div class=\"con-kit-molecule-grid-item\" data-kit-radius=\"4\" data-child-id=\"614865ed-858e-4118-ac11-c1ebe3108323\" data-kit-align-horizontal=\"left\" data-kit-align-vertical=\"top\" data-kit-frame=\"transparent\" data-kit-has-fixed=\"false\">\n<div class=\"con-kit-component-atom-list\">\n<div class=\"con-kit-animation__atom\" data-atom=\"header\" data-id=\"8843833e-3e8e-4a25-ba82-24e699c44b32\" data-parent-id=\"62965d7d-1b5e-4159-9df4-63b450f7eda8\" data-mode=\"vertical\" data-atom-horizontal=\"left\" data-atom-vertical=\"top\">\n<div class=\"con-kit-atom-header\">\n<div class=\"con-kit-component-header\" data-text-prop=\"text\" data-font-kit-type=\"s\">\n<div class=\"con-kit-quark con-kit-quark-paragraph\" data-quark=\"block\" data-font-kit-type=\"s\" data-block-key=\"8m1sv\">Technik deiner Drohne<\/div>\n<\/div>\n<\/div>\n<\/div>\n<div class=\"con-kit-animation__atom\" data-atom=\"plain-text\" data-id=\"ca5f9382-7f26-431e-b29b-7b02e1908434\" data-parent-id=\"48577d8f-982e-4eff-a888-e887b444e87a\" data-mode=\"vertical\" data-atom-horizontal=\"left\" data-atom-vertical=\"top\">\n<div class=\"con-kit-atom-plain-text\" data-font-kit-type=\"l\">\n<div class=\"con-kit-component-text\" data-text-prop=\"text\" data-font-kit-type=\"l\">\n<div class=\"con-kit-quark con-kit-quark-paragraph\" data-quark=\"block\" data-font-kit-type=\"l\" data-block-key=\"8r4b3\">Verstehe die Technik \u2013 Vom Drohnenaufbau bis hin zu den Einstellungen der W\u00e4rmebildkamera<\/div>\n<\/div>\n<\/div>\n<div class=\"con-kit-component-spacer\">\n<div class=\"con-kit-component-spacer__handler\" data-spacer-type=\"atom\"><\/div>\n<\/div>\n<\/div>\n<\/div>\n<\/div>\n<\/div>\n<div class=\"con-kit-component-grid-list-item con-kit-animation__item con-kit-component-grid-list-item--last-row con-kit-component-grid-list-item--last-of-row con-kit-component-grid-list-item--first-in-row con-kit-animation__grid_item\">\n<div class=\"con-kit-molecule-grid-item\" data-kit-radius=\"4\" data-child-id=\"6f65ecf6-ad75-4a1a-b104-af4b7eb42223\" data-kit-align-horizontal=\"left\" data-kit-align-vertical=\"top\" data-kit-frame=\"transparent\" data-kit-has-fixed=\"false\">\n<div class=\"con-kit-component-atom-list\">\n<div class=\"con-kit-animation__atom\" data-atom=\"header\" data-id=\"698070aa-4397-4b2d-aea4-946f494c73f3\" data-parent-id=\"62965d7d-1b5e-4159-9df4-63b450f7eda8\" data-mode=\"vertical\" data-atom-horizontal=\"left\" data-atom-vertical=\"top\">\n<div class=\"con-kit-atom-header\">\n<div class=\"con-kit-component-header\" data-text-prop=\"text\" data-font-kit-type=\"s\">\n<div class=\"con-kit-quark con-kit-quark-paragraph\" data-quark=\"block\" data-font-kit-type=\"s\" data-block-key=\"8m1sv\">Planung und Missionsdurchf\u00fchrung<\/div>\n<\/div>\n<\/div>\n<\/div>\n<div class=\"con-kit-animation__atom\" data-atom=\"plain-text\" data-id=\"38b9aa1b-60e7-4535-b74b-5adda4085fa0\" data-parent-id=\"48577d8f-982e-4eff-a888-e887b444e87a\" data-mode=\"vertical\" data-atom-horizontal=\"left\" data-atom-vertical=\"top\">\n<div class=\"con-kit-atom-plain-text\" data-font-kit-type=\"l\">\n<div class=\"con-kit-component-text\" data-text-prop=\"text\" data-font-kit-type=\"l\">\n<div class=\"con-kit-quark con-kit-quark-paragraph\" data-quark=\"block\" data-font-kit-type=\"l\" data-block-key=\"8r4b3\">Effiziente Flugplanung \u2013 So f\u00fchrst du deine Drohneneins\u00e4tze sicher und zielgerichtet zum Erfolg.<\/div>\n<\/div>\n<\/div>\n<div class=\"con-kit-component-spacer\">\n<div class=\"con-kit-component-spacer__handler\" data-spacer-type=\"atom\"><\/div>\n<\/div>\n<\/div>\n<\/div>\n<\/div>\n<\/div>\n<div class=\"con-kit-component-grid-list-item con-kit-animation__item con-kit-component-grid-list-item--last-row con-kit-component-grid-list-item--last-of-row con-kit-component-grid-list-item--last-in-row con-kit-animation__grid_item\">\n<div class=\"con-kit-molecule-grid-item\" data-kit-radius=\"4\" data-child-id=\"3cafd61e-10ba-4880-9750-6d6bc0b2aad6\" data-kit-align-horizontal=\"left\" data-kit-align-vertical=\"top\" data-kit-frame=\"transparent\" data-kit-has-fixed=\"false\">\n<div class=\"con-kit-component-atom-list\">\n<div class=\"con-kit-animation__atom\" data-atom=\"header\" data-id=\"a24b70de-689d-4ae4-b38a-fd66774a52f7\" data-parent-id=\"62965d7d-1b5e-4159-9df4-63b450f7eda8\" data-mode=\"vertical\" data-atom-horizontal=\"left\" data-atom-vertical=\"top\">\n<div class=\"con-kit-atom-header\">\n<div class=\"con-kit-component-header\" data-text-prop=\"text\" data-font-kit-type=\"s\">\n<div class=\"con-kit-quark con-kit-quark-paragraph\" data-quark=\"block\" data-font-kit-type=\"s\" data-block-key=\"8m1sv\">Praktische Beispiele<\/div>\n<\/div>\n<\/div>\n<\/div>\n<div class=\"con-kit-animation__atom\" data-atom=\"plain-text\" data-id=\"50e9b0c5-4c25-4ce9-97e6-588469d0993a\" data-parent-id=\"48577d8f-982e-4eff-a888-e887b444e87a\" data-mode=\"vertical\" data-atom-horizontal=\"left\" data-atom-vertical=\"top\">\n<div class=\"con-kit-atom-plain-text\" data-font-kit-type=\"l\">\n<div class=\"con-kit-component-text\" data-text-prop=\"text\" data-font-kit-type=\"l\">\n<div class=\"con-kit-quark con-kit-quark-paragraph\" data-quark=\"block\" data-font-kit-type=\"l\" data-block-key=\"8r4b3\">Praxisnah und effektiv \u2013 Beispiele f\u00fcr die Anwendung von Drohnen in der Photovoltaik-Inspektion.<\/div>\n<\/div>\n<\/div>\n<div class=\"con-kit-component-spacer\"><\/div>\n<\/div>\n<\/div>\n<\/div>\n<\/div>\n<\/div>\n","protected":false},"excerpt":{"rendered":"<p>Vorteile der PV Inspektion mit Drohnen Zeitersparnis Drohnen erm\u00f6glichen schnelle Inspektionen an schwer zug\u00e4nglichen Orten Hohe Pr\u00e4zision Mit hochaufl\u00f6senden W\u00e4rmebildkameras lassen sich Fehler auf PV Modulen finden &amp; auswerten. Kosteneffizienz Durch die Reduzierung von Personal und Zeitaufwand sinken die Kosten erheblich. Inhalte unserer Schulung Tauche ein in die faszinierende Welt [&hellip;]<\/p>\n","protected":false},"featured_media":14091,"template":"","meta":{"_acf_changed":false,"_iconic_wsb_product_page_order_bump_ids":[[]],"_sku":[],"_iconic_wsb_product_page_bump_modal_ids":[[]]},"product_brand":[],"product_cat":[136],"product_tag":[],"class_list":{"0":"post-14768","1":"product","2":"type-product","3":"status-publish","4":"has-post-thumbnail","6":"product_cat-vor-ort","8":"first","9":"instock","10":"taxable","11":"shipping-taxable","12":"product-type-simple"},"acf":[],"yoast_head":"<!-- This site is optimized with the Yoast SEO plugin v27.3 - https:\/\/yoast.com\/product\/yoast-seo-wordpress\/ -->\n<title>Vor Ort Schulung PV- Inspektion - Copter Pro<\/title>\n<meta name=\"robots\" content=\"index, follow, max-snippet:-1, max-image-preview:large, max-video-preview:-1\" \/>\n<link rel=\"canonical\" href=\"https:\/\/copterpro.de\/shop\/vor-ort\/vor-ort-schulung-pv-inspektion\/\" \/>\n<meta property=\"og:locale\" content=\"de_DE\" \/>\n<meta property=\"og:type\" content=\"article\" \/>\n<meta property=\"og:title\" content=\"Vor Ort Schulung PV- Inspektion - Copter Pro\" \/>\n<meta property=\"og:description\" content=\"Vorteile der PV Inspektion mit Drohnen Zeitersparnis Drohnen erm\u00f6glichen schnelle Inspektionen an schwer zug\u00e4nglichen Orten Hohe Pr\u00e4zision Mit hochaufl\u00f6senden W\u00e4rmebildkameras lassen sich Fehler auf PV Modulen finden &amp; auswerten. Kosteneffizienz Durch die Reduzierung von Personal und Zeitaufwand sinken die Kosten erheblich. Inhalte unserer Schulung Tauche ein in die faszinierende Welt [&hellip;]\" \/>\n<meta property=\"og:url\" content=\"https:\/\/copterpro.de\/shop\/vor-ort\/vor-ort-schulung-pv-inspektion\/\" \/>\n<meta property=\"og:site_name\" content=\"Copter Pro\" \/>\n<meta property=\"article:publisher\" content=\"https:\/\/www.facebook.com\/copterprogmbh\" \/>\n<meta property=\"article:modified_time\" content=\"2025-12-15T14:27:43+00:00\" \/>\n<meta property=\"og:image\" content=\"https:\/\/copterpro.de\/shop\/wp-content\/uploads\/2025\/05\/dji-matrice-4td-de4.webp\" \/>\n\t<meta property=\"og:image:width\" content=\"1600\" \/>\n\t<meta property=\"og:image:height\" content=\"1106\" \/>\n\t<meta property=\"og:image:type\" content=\"image\/webp\" \/>\n<meta name=\"twitter:card\" content=\"summary_large_image\" \/>\n<meta name=\"twitter:label1\" content=\"Gesch\u00e4tzte Lesezeit\" \/>\n\t<meta name=\"twitter:data1\" content=\"2\u00a0Minuten\" \/>\n<script type=\"application\/ld+json\" class=\"yoast-schema-graph\">{\"@context\":\"https:\\\/\\\/schema.org\",\"@graph\":[{\"@type\":\"WebPage\",\"@id\":\"https:\\\/\\\/copterpro.de\\\/shop\\\/vor-ort\\\/vor-ort-schulung-pv-inspektion\\\/\",\"url\":\"https:\\\/\\\/copterpro.de\\\/shop\\\/vor-ort\\\/vor-ort-schulung-pv-inspektion\\\/\",\"name\":\"Vor Ort Schulung PV- Inspektion - Copter Pro\",\"isPartOf\":{\"@id\":\"https:\\\/\\\/copterpro.de\\\/shop\\\/#website\"},\"primaryImageOfPage\":{\"@id\":\"https:\\\/\\\/copterpro.de\\\/shop\\\/vor-ort\\\/vor-ort-schulung-pv-inspektion\\\/#primaryimage\"},\"image\":{\"@id\":\"https:\\\/\\\/copterpro.de\\\/shop\\\/vor-ort\\\/vor-ort-schulung-pv-inspektion\\\/#primaryimage\"},\"thumbnailUrl\":\"https:\\\/\\\/copterpro.de\\\/shop\\\/wp-content\\\/uploads\\\/2025\\\/05\\\/dji-matrice-4td-de4.webp\",\"datePublished\":\"2025-10-24T12:30:35+00:00\",\"dateModified\":\"2025-12-15T14:27:43+00:00\",\"breadcrumb\":{\"@id\":\"https:\\\/\\\/copterpro.de\\\/shop\\\/vor-ort\\\/vor-ort-schulung-pv-inspektion\\\/#breadcrumb\"},\"inLanguage\":\"de\",\"potentialAction\":[{\"@type\":\"ReadAction\",\"target\":[\"https:\\\/\\\/copterpro.de\\\/shop\\\/vor-ort\\\/vor-ort-schulung-pv-inspektion\\\/\"]}]},{\"@type\":\"ImageObject\",\"inLanguage\":\"de\",\"@id\":\"https:\\\/\\\/copterpro.de\\\/shop\\\/vor-ort\\\/vor-ort-schulung-pv-inspektion\\\/#primaryimage\",\"url\":\"https:\\\/\\\/copterpro.de\\\/shop\\\/wp-content\\\/uploads\\\/2025\\\/05\\\/dji-matrice-4td-de4.webp\",\"contentUrl\":\"https:\\\/\\\/copterpro.de\\\/shop\\\/wp-content\\\/uploads\\\/2025\\\/05\\\/dji-matrice-4td-de4.webp\",\"width\":1600,\"height\":1106,\"caption\":\"DJI Matrice 4TD\"},{\"@type\":\"BreadcrumbList\",\"@id\":\"https:\\\/\\\/copterpro.de\\\/shop\\\/vor-ort\\\/vor-ort-schulung-pv-inspektion\\\/#breadcrumb\",\"itemListElement\":[{\"@type\":\"ListItem\",\"position\":1,\"name\":\"Startseite\",\"item\":\"https:\\\/\\\/copterpro.de\\\/shop\\\/\"},{\"@type\":\"ListItem\",\"position\":2,\"name\":\"Shop\",\"item\":\"https:\\\/\\\/copterpro.de\\\/shop\\\/shop\\\/\"},{\"@type\":\"ListItem\",\"position\":3,\"name\":\"Vor Ort Schulung PV- Inspektion\"}]},{\"@type\":\"WebSite\",\"@id\":\"https:\\\/\\\/copterpro.de\\\/shop\\\/#website\",\"url\":\"https:\\\/\\\/copterpro.de\\\/shop\\\/\",\"name\":\"Copter Pro\",\"description\":\"\",\"publisher\":{\"@id\":\"https:\\\/\\\/copterpro.de\\\/shop\\\/#organization\"},\"potentialAction\":[{\"@type\":\"SearchAction\",\"target\":{\"@type\":\"EntryPoint\",\"urlTemplate\":\"https:\\\/\\\/copterpro.de\\\/shop\\\/?s={search_term_string}\"},\"query-input\":{\"@type\":\"PropertyValueSpecification\",\"valueRequired\":true,\"valueName\":\"search_term_string\"}}],\"inLanguage\":\"de\"},{\"@type\":\"Organization\",\"@id\":\"https:\\\/\\\/copterpro.de\\\/shop\\\/#organization\",\"name\":\"Copter Pro\",\"url\":\"https:\\\/\\\/copterpro.de\\\/shop\\\/\",\"logo\":{\"@type\":\"ImageObject\",\"inLanguage\":\"de\",\"@id\":\"https:\\\/\\\/copterpro.de\\\/shop\\\/#\\\/schema\\\/logo\\\/image\\\/\",\"url\":\"https:\\\/\\\/copterpro.de\\\/shop\\\/wp-content\\\/uploads\\\/2025\\\/04\\\/copterpro.svg\",\"contentUrl\":\"https:\\\/\\\/copterpro.de\\\/shop\\\/wp-content\\\/uploads\\\/2025\\\/04\\\/copterpro.svg\",\"caption\":\"Copter Pro\"},\"image\":{\"@id\":\"https:\\\/\\\/copterpro.de\\\/shop\\\/#\\\/schema\\\/logo\\\/image\\\/\"},\"sameAs\":[\"https:\\\/\\\/www.facebook.com\\\/copterprogmbh\"]}]}<\/script>\n<!-- \/ Yoast SEO plugin. -->","yoast_head_json":{"title":"Vor Ort Schulung PV- Inspektion - Copter Pro","robots":{"index":"index","follow":"follow","max-snippet":"max-snippet:-1","max-image-preview":"max-image-preview:large","max-video-preview":"max-video-preview:-1"},"canonical":"https:\/\/copterpro.de\/shop\/vor-ort\/vor-ort-schulung-pv-inspektion\/","og_locale":"de_DE","og_type":"article","og_title":"Vor Ort Schulung PV- Inspektion - Copter Pro","og_description":"Vorteile der PV Inspektion mit Drohnen Zeitersparnis Drohnen erm\u00f6glichen schnelle Inspektionen an schwer zug\u00e4nglichen Orten Hohe Pr\u00e4zision Mit hochaufl\u00f6senden W\u00e4rmebildkameras lassen sich Fehler auf PV Modulen finden &amp; auswerten. Kosteneffizienz Durch die Reduzierung von Personal und Zeitaufwand sinken die Kosten erheblich. Inhalte unserer Schulung Tauche ein in die faszinierende Welt [&hellip;]","og_url":"https:\/\/copterpro.de\/shop\/vor-ort\/vor-ort-schulung-pv-inspektion\/","og_site_name":"Copter Pro","article_publisher":"https:\/\/www.facebook.com\/copterprogmbh","article_modified_time":"2025-12-15T14:27:43+00:00","og_image":[{"width":1600,"height":1106,"url":"https:\/\/copterpro.de\/shop\/wp-content\/uploads\/2025\/05\/dji-matrice-4td-de4.webp","type":"image\/webp"}],"twitter_card":"summary_large_image","twitter_misc":{"Gesch\u00e4tzte Lesezeit":"2\u00a0Minuten"},"schema":{"@context":"https:\/\/schema.org","@graph":[{"@type":"WebPage","@id":"https:\/\/copterpro.de\/shop\/vor-ort\/vor-ort-schulung-pv-inspektion\/","url":"https:\/\/copterpro.de\/shop\/vor-ort\/vor-ort-schulung-pv-inspektion\/","name":"Vor Ort Schulung PV- Inspektion - Copter Pro","isPartOf":{"@id":"https:\/\/copterpro.de\/shop\/#website"},"primaryImageOfPage":{"@id":"https:\/\/copterpro.de\/shop\/vor-ort\/vor-ort-schulung-pv-inspektion\/#primaryimage"},"image":{"@id":"https:\/\/copterpro.de\/shop\/vor-ort\/vor-ort-schulung-pv-inspektion\/#primaryimage"},"thumbnailUrl":"https:\/\/copterpro.de\/shop\/wp-content\/uploads\/2025\/05\/dji-matrice-4td-de4.webp","datePublished":"2025-10-24T12:30:35+00:00","dateModified":"2025-12-15T14:27:43+00:00","breadcrumb":{"@id":"https:\/\/copterpro.de\/shop\/vor-ort\/vor-ort-schulung-pv-inspektion\/#breadcrumb"},"inLanguage":"de","potentialAction":[{"@type":"ReadAction","target":["https:\/\/copterpro.de\/shop\/vor-ort\/vor-ort-schulung-pv-inspektion\/"]}]},{"@type":"ImageObject","inLanguage":"de","@id":"https:\/\/copterpro.de\/shop\/vor-ort\/vor-ort-schulung-pv-inspektion\/#primaryimage","url":"https:\/\/copterpro.de\/shop\/wp-content\/uploads\/2025\/05\/dji-matrice-4td-de4.webp","contentUrl":"https:\/\/copterpro.de\/shop\/wp-content\/uploads\/2025\/05\/dji-matrice-4td-de4.webp","width":1600,"height":1106,"caption":"DJI Matrice 4TD"},{"@type":"BreadcrumbList","@id":"https:\/\/copterpro.de\/shop\/vor-ort\/vor-ort-schulung-pv-inspektion\/#breadcrumb","itemListElement":[{"@type":"ListItem","position":1,"name":"Startseite","item":"https:\/\/copterpro.de\/shop\/"},{"@type":"ListItem","position":2,"name":"Shop","item":"https:\/\/copterpro.de\/shop\/shop\/"},{"@type":"ListItem","position":3,"name":"Vor Ort Schulung PV- Inspektion"}]},{"@type":"WebSite","@id":"https:\/\/copterpro.de\/shop\/#website","url":"https:\/\/copterpro.de\/shop\/","name":"Copter Pro","description":"","publisher":{"@id":"https:\/\/copterpro.de\/shop\/#organization"},"potentialAction":[{"@type":"SearchAction","target":{"@type":"EntryPoint","urlTemplate":"https:\/\/copterpro.de\/shop\/?s={search_term_string}"},"query-input":{"@type":"PropertyValueSpecification","valueRequired":true,"valueName":"search_term_string"}}],"inLanguage":"de"},{"@type":"Organization","@id":"https:\/\/copterpro.de\/shop\/#organization","name":"Copter Pro","url":"https:\/\/copterpro.de\/shop\/","logo":{"@type":"ImageObject","inLanguage":"de","@id":"https:\/\/copterpro.de\/shop\/#\/schema\/logo\/image\/","url":"https:\/\/copterpro.de\/shop\/wp-content\/uploads\/2025\/04\/copterpro.svg","contentUrl":"https:\/\/copterpro.de\/shop\/wp-content\/uploads\/2025\/04\/copterpro.svg","caption":"Copter Pro"},"image":{"@id":"https:\/\/copterpro.de\/shop\/#\/schema\/logo\/image\/"},"sameAs":["https:\/\/www.facebook.com\/copterprogmbh"]}]}},"_links":{"self":[{"href":"https:\/\/copterpro.de\/shop\/wp-json\/wp\/v2\/product\/14768","targetHints":{"allow":["GET"]}}],"collection":[{"href":"https:\/\/copterpro.de\/shop\/wp-json\/wp\/v2\/product"}],"about":[{"href":"https:\/\/copterpro.de\/shop\/wp-json\/wp\/v2\/types\/product"}],"wp:featuredmedia":[{"embeddable":true,"href":"https:\/\/copterpro.de\/shop\/wp-json\/wp\/v2\/media\/14091"}],"wp:attachment":[{"href":"https:\/\/copterpro.de\/shop\/wp-json\/wp\/v2\/media?parent=14768"}],"wp:term":[{"taxonomy":"product_brand","embeddable":true,"href":"https:\/\/copterpro.de\/shop\/wp-json\/wp\/v2\/product_brand?post=14768"},{"taxonomy":"product_cat","embeddable":true,"href":"https:\/\/copterpro.de\/shop\/wp-json\/wp\/v2\/product_cat?post=14768"},{"taxonomy":"product_tag","embeddable":true,"href":"https:\/\/copterpro.de\/shop\/wp-json\/wp\/v2\/product_tag?post=14768"}],"curies":[{"name":"wp","href":"https:\/\/api.w.org\/{rel}","templated":true}]}}