{"id":15127,"date":"2025-11-05T09:29:45","date_gmt":"2025-11-05T08:29:45","guid":{"rendered":"https:\/\/shop.copterpro.de\/?post_type=product&#038;p=15127"},"modified":"2026-01-03T19:23:05","modified_gmt":"2026-01-03T18:23:05","slug":"dji-care-enterprise-plus-fuer-matrice-400-fuer-12-monate","status":"publish","type":"product","link":"https:\/\/copterpro.de\/shop\/dji-care\/dji-care-enterprise-plus-fuer-matrice-400-fuer-12-monate\/","title":{"rendered":"DJI Care Enterprise Plus (DJI Matrice 400)"},"content":{"rendered":"<p><strong>DJI Care Enterprise Plus (M400) Aktivierungscode f\u00fcr 12 Monate<\/strong><\/p>\n<p>Verl\u00e4ngere dein DJI Care Enterprise Plus und genie\u00dfe ein weiteres Jahr mit unbegrenzten kostenlosen Reparaturen innerhalb der Deckungsgrenze, eine offizielle Garantie und mehrere exklusive Vorteile.<\/p>\n<p>Hiermit wird ein\u00a0Aktivierungscode f\u00fcr das DJI Enterprise Care Plus Paket f\u00fcr die Matrice 400 erworben, der auf der DJI Homepage einzul\u00f6sen ist.<\/p>\n<p>Der Service hat eine 12-monatige Laufzeit eine<strong>\u00a0Deckungsgrenze von 8.800\u20ac<\/strong>\u00a0. Somit sind unbegrenzte kostenlose Reparaturen innerhalb des Deckungsbetrags und der Vertragslaufzeit m\u00f6glich.<\/p>\n<p>Abgedeckt sind Sch\u00e4den durch Unf\u00e4lle, Wassersch\u00e4den, Signalst\u00f6rungen und Betriebsfehler.<\/p>\n<p><span data-da-style=\"true\">Der ab Werk enthaltene Service kann nach 12 Monaten 2x um je weitere 12 Monate verl\u00e4ngert werden. Maximal kann man den Service also auf 36 Monate erweitern.<\/span><\/p>\n<p><span data-da-style=\"true\">Wichtiger Hinweis:<br \/>\nSie erwerben hier lediglich den Aktivierungscode zur Registrierung bei DJI. Jegliche Serviceanspr\u00fcche bzw. Dienstleistungen sind direkt mit DJI abzuwickeln. Nach Aktivierung des Codes ist kein Widerruf des Care mehr m\u00f6glich!<\/span><\/p>\n","protected":false},"excerpt":{"rendered":"<p>DJI Care Enterprise Plus (M400) Aktivierungscode f\u00fcr 12 Monate Verl\u00e4ngere dein DJI Care Enterprise Plus und genie\u00dfe ein weiteres Jahr mit unbegrenzten kostenlosen Reparaturen innerhalb der Deckungsgrenze, eine offizielle Garantie und mehrere exklusive Vorteile. Hiermit wird ein\u00a0Aktivierungscode f\u00fcr das DJI Enterprise Care Plus Paket f\u00fcr die Matrice 400 erworben, der [&hellip;]<\/p>\n","protected":false},"featured_media":15128,"template":"","meta":{"_acf_changed":false,"_iconic_wsb_product_page_order_bump_ids":[[]],"_sku":["CP00078-1"],"_iconic_wsb_product_page_bump_modal_ids":[[]]},"product_brand":[],"product_cat":[39],"product_tag":[],"class_list":{"0":"post-15127","1":"product","2":"type-product","3":"status-publish","4":"has-post-thumbnail","6":"product_cat-dji-care","8":"first","9":"instock","10":"virtual","11":"taxable","12":"purchasable","13":"product-type-simple"},"acf":[],"yoast_head":"<!-- This site is optimized with the Yoast SEO plugin v27.5 - https:\/\/yoast.com\/product\/yoast-seo-wordpress\/ -->\n<title>DJI Care Enterprise Plus f\u00fcr Matrice 400 f\u00fcr 12 Monate<\/title>\n<meta name=\"description\" content=\"DJI Care Enterprise Plus f\u00fcr DJI M400. Verl\u00e4ngerung DJI Care f\u00fcr Matrice 400 Drohne um vollen Schutz f\u00fcr weitere 12 Monate zu bekommen.\" \/>\n<meta name=\"robots\" content=\"index, follow, max-snippet:-1, max-image-preview:large, max-video-preview:-1\" \/>\n<link rel=\"canonical\" href=\"https:\/\/copterpro.de\/shop\/dji-care\/dji-care-enterprise-plus-fuer-matrice-400-fuer-12-monate\/\" \/>\n<meta property=\"og:locale\" content=\"de_DE\" \/>\n<meta property=\"og:type\" content=\"article\" \/>\n<meta property=\"og:title\" content=\"DJI Care Enterprise Plus f\u00fcr Matrice 400 f\u00fcr 12 Monate\" \/>\n<meta property=\"og:description\" content=\"DJI Care Enterprise Plus f\u00fcr DJI M400. Verl\u00e4ngerung DJI Care f\u00fcr Matrice 400 Drohne um vollen Schutz f\u00fcr weitere 12 Monate zu bekommen.\" \/>\n<meta property=\"og:url\" content=\"https:\/\/copterpro.de\/shop\/dji-care\/dji-care-enterprise-plus-fuer-matrice-400-fuer-12-monate\/\" \/>\n<meta property=\"og:site_name\" content=\"Copter Pro\" \/>\n<meta property=\"article:publisher\" content=\"https:\/\/www.facebook.com\/copterprogmbh\" \/>\n<meta property=\"article:modified_time\" content=\"2026-01-03T18:23:05+00:00\" \/>\n<meta property=\"og:image\" content=\"https:\/\/copterpro.de\/shop\/wp-content\/uploads\/2025\/11\/DJI-Care-Enterprise-Plus-Matrice-400.jpg\" \/>\n\t<meta property=\"og:image:width\" content=\"800\" \/>\n\t<meta property=\"og:image:height\" content=\"800\" \/>\n\t<meta property=\"og:image:type\" content=\"image\/jpeg\" \/>\n<meta name=\"twitter:card\" content=\"summary_large_image\" \/>\n<meta name=\"twitter:label1\" content=\"Gesch\u00e4tzte Lesezeit\" \/>\n\t<meta name=\"twitter:data1\" content=\"2\u00a0Minuten\" \/>\n<script type=\"application\/ld+json\" class=\"yoast-schema-graph\">{\"@context\":\"https:\\\/\\\/schema.org\",\"@graph\":[{\"@type\":\"WebPage\",\"@id\":\"https:\\\/\\\/copterpro.de\\\/shop\\\/dji-care\\\/dji-care-enterprise-plus-fuer-matrice-400-fuer-12-monate\\\/\",\"url\":\"https:\\\/\\\/copterpro.de\\\/shop\\\/dji-care\\\/dji-care-enterprise-plus-fuer-matrice-400-fuer-12-monate\\\/\",\"name\":\"DJI Care Enterprise Plus f\u00fcr Matrice 400 f\u00fcr 12 Monate\",\"isPartOf\":{\"@id\":\"https:\\\/\\\/copterpro.de\\\/shop\\\/#website\"},\"primaryImageOfPage\":{\"@id\":\"https:\\\/\\\/copterpro.de\\\/shop\\\/dji-care\\\/dji-care-enterprise-plus-fuer-matrice-400-fuer-12-monate\\\/#primaryimage\"},\"image\":{\"@id\":\"https:\\\/\\\/copterpro.de\\\/shop\\\/dji-care\\\/dji-care-enterprise-plus-fuer-matrice-400-fuer-12-monate\\\/#primaryimage\"},\"thumbnailUrl\":\"https:\\\/\\\/copterpro.de\\\/shop\\\/wp-content\\\/uploads\\\/2025\\\/11\\\/DJI-Care-Enterprise-Plus-Matrice-400.jpg\",\"datePublished\":\"2025-11-05T08:29:45+00:00\",\"dateModified\":\"2026-01-03T18:23:05+00:00\",\"description\":\"DJI Care Enterprise Plus f\u00fcr DJI M400. Verl\u00e4ngerung DJI Care f\u00fcr Matrice 400 Drohne um vollen Schutz f\u00fcr weitere 12 Monate zu bekommen.\",\"breadcrumb\":{\"@id\":\"https:\\\/\\\/copterpro.de\\\/shop\\\/dji-care\\\/dji-care-enterprise-plus-fuer-matrice-400-fuer-12-monate\\\/#breadcrumb\"},\"inLanguage\":\"de\",\"potentialAction\":[{\"@type\":\"ReadAction\",\"target\":[\"https:\\\/\\\/copterpro.de\\\/shop\\\/dji-care\\\/dji-care-enterprise-plus-fuer-matrice-400-fuer-12-monate\\\/\"]}]},{\"@type\":\"ImageObject\",\"inLanguage\":\"de\",\"@id\":\"https:\\\/\\\/copterpro.de\\\/shop\\\/dji-care\\\/dji-care-enterprise-plus-fuer-matrice-400-fuer-12-monate\\\/#primaryimage\",\"url\":\"https:\\\/\\\/copterpro.de\\\/shop\\\/wp-content\\\/uploads\\\/2025\\\/11\\\/DJI-Care-Enterprise-Plus-Matrice-400.jpg\",\"contentUrl\":\"https:\\\/\\\/copterpro.de\\\/shop\\\/wp-content\\\/uploads\\\/2025\\\/11\\\/DJI-Care-Enterprise-Plus-Matrice-400.jpg\",\"width\":800,\"height\":800,\"caption\":\"DJI Care Enterprise Plus f\u00fcr Matrice 400\"},{\"@type\":\"BreadcrumbList\",\"@id\":\"https:\\\/\\\/copterpro.de\\\/shop\\\/dji-care\\\/dji-care-enterprise-plus-fuer-matrice-400-fuer-12-monate\\\/#breadcrumb\",\"itemListElement\":[{\"@type\":\"ListItem\",\"position\":1,\"name\":\"Startseite\",\"item\":\"https:\\\/\\\/copterpro.de\\\/shop\\\/\"},{\"@type\":\"ListItem\",\"position\":2,\"name\":\"Shop\",\"item\":\"https:\\\/\\\/copterpro.de\\\/shop\\\/shop\\\/\"},{\"@type\":\"ListItem\",\"position\":3,\"name\":\"DJI Care Enterprise Plus (DJI Matrice 400)\"}]},{\"@type\":\"WebSite\",\"@id\":\"https:\\\/\\\/copterpro.de\\\/shop\\\/#website\",\"url\":\"https:\\\/\\\/copterpro.de\\\/shop\\\/\",\"name\":\"Copter Pro\",\"description\":\"\",\"publisher\":{\"@id\":\"https:\\\/\\\/copterpro.de\\\/shop\\\/#organization\"},\"potentialAction\":[{\"@type\":\"SearchAction\",\"target\":{\"@type\":\"EntryPoint\",\"urlTemplate\":\"https:\\\/\\\/copterpro.de\\\/shop\\\/?s={search_term_string}\"},\"query-input\":{\"@type\":\"PropertyValueSpecification\",\"valueRequired\":true,\"valueName\":\"search_term_string\"}}],\"inLanguage\":\"de\"},{\"@type\":\"Organization\",\"@id\":\"https:\\\/\\\/copterpro.de\\\/shop\\\/#organization\",\"name\":\"Copter Pro\",\"url\":\"https:\\\/\\\/copterpro.de\\\/shop\\\/\",\"logo\":{\"@type\":\"ImageObject\",\"inLanguage\":\"de\",\"@id\":\"https:\\\/\\\/copterpro.de\\\/shop\\\/#\\\/schema\\\/logo\\\/image\\\/\",\"url\":\"https:\\\/\\\/copterpro.de\\\/shop\\\/wp-content\\\/uploads\\\/2025\\\/04\\\/copterpro.svg\",\"contentUrl\":\"https:\\\/\\\/copterpro.de\\\/shop\\\/wp-content\\\/uploads\\\/2025\\\/04\\\/copterpro.svg\",\"caption\":\"Copter Pro\"},\"image\":{\"@id\":\"https:\\\/\\\/copterpro.de\\\/shop\\\/#\\\/schema\\\/logo\\\/image\\\/\"},\"sameAs\":[\"https:\\\/\\\/www.facebook.com\\\/copterprogmbh\"]}]}<\/script>\n<!-- \/ Yoast SEO plugin. -->","yoast_head_json":{"title":"DJI Care Enterprise Plus f\u00fcr Matrice 400 f\u00fcr 12 Monate","description":"DJI Care Enterprise Plus f\u00fcr DJI M400. Verl\u00e4ngerung DJI Care f\u00fcr Matrice 400 Drohne um vollen Schutz f\u00fcr weitere 12 Monate zu bekommen.","robots":{"index":"index","follow":"follow","max-snippet":"max-snippet:-1","max-image-preview":"max-image-preview:large","max-video-preview":"max-video-preview:-1"},"canonical":"https:\/\/copterpro.de\/shop\/dji-care\/dji-care-enterprise-plus-fuer-matrice-400-fuer-12-monate\/","og_locale":"de_DE","og_type":"article","og_title":"DJI Care Enterprise Plus f\u00fcr Matrice 400 f\u00fcr 12 Monate","og_description":"DJI Care Enterprise Plus f\u00fcr DJI M400. Verl\u00e4ngerung DJI Care f\u00fcr Matrice 400 Drohne um vollen Schutz f\u00fcr weitere 12 Monate zu bekommen.","og_url":"https:\/\/copterpro.de\/shop\/dji-care\/dji-care-enterprise-plus-fuer-matrice-400-fuer-12-monate\/","og_site_name":"Copter Pro","article_publisher":"https:\/\/www.facebook.com\/copterprogmbh","article_modified_time":"2026-01-03T18:23:05+00:00","og_image":[{"width":800,"height":800,"url":"https:\/\/copterpro.de\/shop\/wp-content\/uploads\/2025\/11\/DJI-Care-Enterprise-Plus-Matrice-400.jpg","type":"image\/jpeg"}],"twitter_card":"summary_large_image","twitter_misc":{"Gesch\u00e4tzte Lesezeit":"2\u00a0Minuten"},"schema":{"@context":"https:\/\/schema.org","@graph":[{"@type":"WebPage","@id":"https:\/\/copterpro.de\/shop\/dji-care\/dji-care-enterprise-plus-fuer-matrice-400-fuer-12-monate\/","url":"https:\/\/copterpro.de\/shop\/dji-care\/dji-care-enterprise-plus-fuer-matrice-400-fuer-12-monate\/","name":"DJI Care Enterprise Plus f\u00fcr Matrice 400 f\u00fcr 12 Monate","isPartOf":{"@id":"https:\/\/copterpro.de\/shop\/#website"},"primaryImageOfPage":{"@id":"https:\/\/copterpro.de\/shop\/dji-care\/dji-care-enterprise-plus-fuer-matrice-400-fuer-12-monate\/#primaryimage"},"image":{"@id":"https:\/\/copterpro.de\/shop\/dji-care\/dji-care-enterprise-plus-fuer-matrice-400-fuer-12-monate\/#primaryimage"},"thumbnailUrl":"https:\/\/copterpro.de\/shop\/wp-content\/uploads\/2025\/11\/DJI-Care-Enterprise-Plus-Matrice-400.jpg","datePublished":"2025-11-05T08:29:45+00:00","dateModified":"2026-01-03T18:23:05+00:00","description":"DJI Care Enterprise Plus f\u00fcr DJI M400. Verl\u00e4ngerung DJI Care f\u00fcr Matrice 400 Drohne um vollen Schutz f\u00fcr weitere 12 Monate zu bekommen.","breadcrumb":{"@id":"https:\/\/copterpro.de\/shop\/dji-care\/dji-care-enterprise-plus-fuer-matrice-400-fuer-12-monate\/#breadcrumb"},"inLanguage":"de","potentialAction":[{"@type":"ReadAction","target":["https:\/\/copterpro.de\/shop\/dji-care\/dji-care-enterprise-plus-fuer-matrice-400-fuer-12-monate\/"]}]},{"@type":"ImageObject","inLanguage":"de","@id":"https:\/\/copterpro.de\/shop\/dji-care\/dji-care-enterprise-plus-fuer-matrice-400-fuer-12-monate\/#primaryimage","url":"https:\/\/copterpro.de\/shop\/wp-content\/uploads\/2025\/11\/DJI-Care-Enterprise-Plus-Matrice-400.jpg","contentUrl":"https:\/\/copterpro.de\/shop\/wp-content\/uploads\/2025\/11\/DJI-Care-Enterprise-Plus-Matrice-400.jpg","width":800,"height":800,"caption":"DJI Care Enterprise Plus f\u00fcr Matrice 400"},{"@type":"BreadcrumbList","@id":"https:\/\/copterpro.de\/shop\/dji-care\/dji-care-enterprise-plus-fuer-matrice-400-fuer-12-monate\/#breadcrumb","itemListElement":[{"@type":"ListItem","position":1,"name":"Startseite","item":"https:\/\/copterpro.de\/shop\/"},{"@type":"ListItem","position":2,"name":"Shop","item":"https:\/\/copterpro.de\/shop\/shop\/"},{"@type":"ListItem","position":3,"name":"DJI Care Enterprise Plus (DJI Matrice 400)"}]},{"@type":"WebSite","@id":"https:\/\/copterpro.de\/shop\/#website","url":"https:\/\/copterpro.de\/shop\/","name":"Copter Pro","description":"","publisher":{"@id":"https:\/\/copterpro.de\/shop\/#organization"},"potentialAction":[{"@type":"SearchAction","target":{"@type":"EntryPoint","urlTemplate":"https:\/\/copterpro.de\/shop\/?s={search_term_string}"},"query-input":{"@type":"PropertyValueSpecification","valueRequired":true,"valueName":"search_term_string"}}],"inLanguage":"de"},{"@type":"Organization","@id":"https:\/\/copterpro.de\/shop\/#organization","name":"Copter Pro","url":"https:\/\/copterpro.de\/shop\/","logo":{"@type":"ImageObject","inLanguage":"de","@id":"https:\/\/copterpro.de\/shop\/#\/schema\/logo\/image\/","url":"https:\/\/copterpro.de\/shop\/wp-content\/uploads\/2025\/04\/copterpro.svg","contentUrl":"https:\/\/copterpro.de\/shop\/wp-content\/uploads\/2025\/04\/copterpro.svg","caption":"Copter Pro"},"image":{"@id":"https:\/\/copterpro.de\/shop\/#\/schema\/logo\/image\/"},"sameAs":["https:\/\/www.facebook.com\/copterprogmbh"]}]}},"_links":{"self":[{"href":"https:\/\/copterpro.de\/shop\/wp-json\/wp\/v2\/product\/15127","targetHints":{"allow":["GET"]}}],"collection":[{"href":"https:\/\/copterpro.de\/shop\/wp-json\/wp\/v2\/product"}],"about":[{"href":"https:\/\/copterpro.de\/shop\/wp-json\/wp\/v2\/types\/product"}],"wp:featuredmedia":[{"embeddable":true,"href":"https:\/\/copterpro.de\/shop\/wp-json\/wp\/v2\/media\/15128"}],"wp:attachment":[{"href":"https:\/\/copterpro.de\/shop\/wp-json\/wp\/v2\/media?parent=15127"}],"wp:term":[{"taxonomy":"product_brand","embeddable":true,"href":"https:\/\/copterpro.de\/shop\/wp-json\/wp\/v2\/product_brand?post=15127"},{"taxonomy":"product_cat","embeddable":true,"href":"https:\/\/copterpro.de\/shop\/wp-json\/wp\/v2\/product_cat?post=15127"},{"taxonomy":"product_tag","embeddable":true,"href":"https:\/\/copterpro.de\/shop\/wp-json\/wp\/v2\/product_tag?post=15127"}],"curies":[{"name":"wp","href":"https:\/\/api.w.org\/{rel}","templated":true}]}}