{"id":15325,"date":"2025-11-14T09:58:02","date_gmt":"2025-11-14T08:58:02","guid":{"rendered":"https:\/\/shop.copterpro.de\/?post_type=product&#038;p=15325"},"modified":"2026-03-22T03:43:11","modified_gmt":"2026-03-22T02:43:11","slug":"online-schulung-vermessung-mit-drohne","status":"publish","type":"product","link":"https:\/\/copterpro.de\/shop\/online-schulungen\/online-schulung-vermessung-mit-drohne\/","title":{"rendered":"Online Schulung: Vermessung mit Drohne"},"content":{"rendered":"<h2>Online Schulung Vermessung mit Drohne<\/h2>\n<h3 class=\"fusion-responsive-typography-calculated\" data-start=\"642\" data-end=\"657\" data-fontsize=\"32\" data-lineheight=\"41.6px\"><strong data-start=\"646\" data-end=\"657\">Inhalt:<\/strong><\/h3>\n<p data-start=\"310\" data-end=\"623\">Lerne, wie du professionelle Vermessungen mit modernster Drohnentechnik durchf\u00fchrst \u2013 Schritt f\u00fcr Schritt, praxisnah und verst\u00e4ndlich erkl\u00e4rt.<br data-start=\"452\" data-end=\"455\" \/>Nach deiner Anmeldung erh\u00e4ltst du einen pers\u00f6nlichen Zugang zu unserer <strong data-start=\"526\" data-end=\"547\">Copterpro Academy<\/strong>, in der du alle Lektionen direkt abrufen kannst.<\/p>\n<p data-start=\"625\" data-end=\"836\">Dieser Kurs vermittelt dir das n\u00f6tige Know-how, um Drohnen sicher und pr\u00e4zise f\u00fcr Vermessungsaufgaben einzusetzen \u2013 von den technischen Grundlagen \u00fcber RTK-Systeme bis hin zur Erstellung hochwertiger 3D-Modelle.<\/p>\n<hr data-start=\"1097\" data-end=\"1100\" \/>\n<h3 class=\"fusion-responsive-typography-calculated\" data-start=\"1102\" data-end=\"1127\" data-fontsize=\"32\" data-lineheight=\"41.6px\"><strong data-start=\"1106\" data-end=\"1127\">Kapitel\u00fcbersicht:<\/strong><\/h3>\n<ul>\n<li data-start=\"1130\" data-end=\"1151\">Herzlich Willkommen<\/li>\n<li data-start=\"1130\" data-end=\"1151\">Wie funktioniert die Vermessung mit Drohne<\/li>\n<li>Welche Voraussetzungen braucht man daf\u00fcr<\/li>\n<li>Begriff der Vermessung erkl\u00e4rt<\/li>\n<li>RTK Service- Sapos<\/li>\n<li>Voraussetzungen des PC\u00b4s<\/li>\n<li>DJI Terra Einrichtung<\/li>\n<li>Flugplanung f\u00fcr 3D Modellierung -Haus<\/li>\n<li>3D Modelle in DJI Terra erstellen -Haus<\/li>\n<li>Flugplanung f\u00fcr 3D Modellierung- Turm<\/li>\n<li>3D Modelle in DJI Terra erstellen- Turm<\/li>\n<li>Erkl\u00e4rung Pix4D Software<\/li>\n<li>Erkl\u00e4rung 3D Survey Software<\/li>\n<li>Live Vermessung mit Laser Entfernungsmesser<\/li>\n<li>Q&amp;A<\/li>\n<li>Abschluss &amp; Zertifikat<\/li>\n<\/ul>\n<hr data-start=\"1752\" data-end=\"1755\" \/>\n<h3 class=\"fusion-responsive-typography-calculated\" data-start=\"1757\" data-end=\"1803\" data-fontsize=\"32\" data-lineheight=\"41.6px\"><strong data-start=\"1761\" data-end=\"1782\">L\u00e4nge des Kurses:<\/strong> \u00fcber 130 <strong data-start=\"1788\" data-end=\"1803\">Minuten<\/strong><\/h3>\n<p data-start=\"1805\" data-end=\"1974\">Der Kurs wird regelm\u00e4\u00dfig erweitert und aktualisiert, um neue Vorschriften, technische Entwicklungen und Praxiserfahrungen\u00a0 zu ber\u00fccksichtigen.<\/p>\n<hr data-start=\"1976\" data-end=\"1979\" \/>\n<h3 class=\"fusion-responsive-typography-calculated\" data-start=\"1981\" data-end=\"2023\" data-fontsize=\"32\" data-lineheight=\"41.6px\"><strong data-start=\"1985\" data-end=\"2023\">Das erwartet dich in der Schulung:<\/strong><\/h3>\n<h3 data-start=\"1478\" data-end=\"1522\"><strong data-start=\"1482\" data-end=\"1522\">Praxisorientiertes Vermessungswissen<\/strong><\/h3>\n<p data-start=\"1523\" data-end=\"1622\">Verstehe die Grundlagen der drohnengest\u00fctzten Vermessung und wie sie in der Praxis angewendet wird.<\/p>\n<h3 data-start=\"1624\" data-end=\"1667\"><strong data-start=\"1628\" data-end=\"1667\">3D-Modellierung Schritt f\u00fcr Schritt<\/strong><\/h3>\n<p data-start=\"1668\" data-end=\"1785\">Lerne, wie du Vermessungsfl\u00fcge planst und hochwertige 3D-Modelle von Geb\u00e4uden, T\u00fcrmen und anderen Objekten erstellst.<\/p>\n<h3 data-start=\"1787\" data-end=\"1812\"><strong data-start=\"1791\" data-end=\"1812\">Softwarekompetenz<\/strong><\/h3>\n<p data-start=\"1813\" data-end=\"1955\">Erhalte eine verst\u00e4ndliche Einf\u00fchrung in DJI Terra, Pix4D und 3D Survey \u2013 ideal f\u00fcr Einsteiger und Anwender, die ihr Wissen vertiefen m\u00f6chten.<\/p>\n<h3 data-start=\"1957\" data-end=\"1982\"><strong data-start=\"1961\" data-end=\"1982\">RTK &amp; Genauigkeit<\/strong><\/h3>\n<p data-start=\"1983\" data-end=\"2083\">Erfahre, wie RTK-Dienste wie SAPOS funktionieren und wie du sie f\u00fcr pr\u00e4zise Messergebnisse einsetzt.<\/p>\n<h3 data-start=\"2085\" data-end=\"2108\"><strong data-start=\"2089\" data-end=\"2108\">Praxiseinblicke<\/strong><\/h3>\n<p data-start=\"2109\" data-end=\"2238\">Von der Live-Vermessung mit dem Laser-Entfernungsmesser bis zur Datenverarbeitung \u2013 du lernst jeden Schritt des Workflows kennen.<\/p>\n<h3 data-start=\"2240\" data-end=\"2258\"><strong data-start=\"2244\" data-end=\"2258\">Zertifikat<\/strong><\/h3>\n<p data-start=\"2259\" data-end=\"2363\">Nach Abschluss des Kurses erh\u00e4ltst du ein Teilnahmezertifikat als Nachweis deiner erworbenen Kenntnisse.<\/p>\n<hr data-start=\"2365\" data-end=\"2368\" \/>\n<h2 data-start=\"2370\" data-end=\"2386\"><strong data-start=\"2373\" data-end=\"2386\">Teilnahme<\/strong><\/h2>\n<p data-start=\"2387\" data-end=\"2524\">Du erh\u00e4ltst einen Link, \u00fcber den du deinen pers\u00f6nlichen Zugang zur Copterpro Academy erstellen kannst.<br data-start=\"2489\" data-end=\"2492\" \/>Bis zu <strong data-start=\"2499\" data-end=\"2511\">1 Zugang<\/strong> pro Buchung.<\/p>\n<p data-start=\"3394\" data-end=\"3437\"><em data-start=\"3394\" data-end=\"3437\">* Der Kurs enth\u00e4lt keine Lernzielkontrolle.<\/em><\/p>\n","protected":false},"excerpt":{"rendered":"<p>Online Schulung Vermessung mit Drohne Inhalt: Lerne, wie du professionelle Vermessungen mit modernster Drohnentechnik durchf\u00fchrst \u2013 Schritt f\u00fcr Schritt, praxisnah und verst\u00e4ndlich erkl\u00e4rt.Nach deiner Anmeldung erh\u00e4ltst du einen pers\u00f6nlichen Zugang zu unserer Copterpro Academy, in der du alle Lektionen direkt abrufen kannst. Dieser Kurs vermittelt dir das n\u00f6tige Know-how, um [&hellip;]<\/p>\n","protected":false},"featured_media":15372,"template":"","meta":{"_acf_changed":false,"_iconic_wsb_product_page_order_bump_ids":[[]],"_sku":[],"_iconic_wsb_product_page_bump_modal_ids":[[]]},"product_brand":[],"product_cat":[135,60],"product_tag":[],"class_list":{"0":"post-15325","1":"product","2":"type-product","3":"status-publish","4":"has-post-thumbnail","6":"product_cat-online-schulungen","7":"product_cat-schulungen","9":"first","10":"instock","11":"virtual","12":"taxable","13":"purchasable","14":"product-type-simple"},"acf":[],"yoast_head":"<!-- This site is optimized with the Yoast SEO plugin v27.3 - https:\/\/yoast.com\/product\/yoast-seo-wordpress\/ -->\n<title>Onlinekurs: Vermessung mit Drohne<\/title>\n<meta name=\"description\" content=\"Lerne professionelle Drohnenvermessung: 3D-Modelle erstellen, RTK\/SAPOS nutzen &amp; DJI Terra anwenden. Praxisnaher Onlinekurs inkl. Zertifikat.\" \/>\n<meta name=\"robots\" content=\"index, follow, max-snippet:-1, max-image-preview:large, max-video-preview:-1\" \/>\n<link rel=\"canonical\" href=\"https:\/\/copterpro.de\/shop\/online-schulungen\/online-schulung-vermessung-mit-drohne\/\" \/>\n<meta property=\"og:locale\" content=\"de_DE\" \/>\n<meta property=\"og:type\" content=\"article\" \/>\n<meta property=\"og:title\" content=\"Onlinekurs: Vermessung mit Drohne\" \/>\n<meta property=\"og:description\" content=\"Lerne professionelle Drohnenvermessung: 3D-Modelle erstellen, RTK\/SAPOS nutzen &amp; DJI Terra anwenden. Praxisnaher Onlinekurs inkl. Zertifikat.\" \/>\n<meta property=\"og:url\" content=\"https:\/\/copterpro.de\/shop\/online-schulungen\/online-schulung-vermessung-mit-drohne\/\" \/>\n<meta property=\"og:site_name\" content=\"Copter Pro\" \/>\n<meta property=\"article:publisher\" content=\"https:\/\/www.facebook.com\/copterprogmbh\" \/>\n<meta property=\"article:modified_time\" content=\"2026-03-22T02:43:11+00:00\" \/>\n<meta property=\"og:image\" content=\"https:\/\/copterpro.de\/shop\/wp-content\/uploads\/2025\/11\/Vermessung-Schulung-Thumbnail.jpg\" \/>\n\t<meta property=\"og:image:width\" content=\"1080\" \/>\n\t<meta property=\"og:image:height\" content=\"1080\" \/>\n\t<meta property=\"og:image:type\" content=\"image\/jpeg\" \/>\n<meta name=\"twitter:card\" content=\"summary_large_image\" \/>\n<meta name=\"twitter:label1\" content=\"Gesch\u00e4tzte Lesezeit\" \/>\n\t<meta name=\"twitter:data1\" content=\"2\u00a0Minuten\" \/>\n<script type=\"application\/ld+json\" class=\"yoast-schema-graph\">{\"@context\":\"https:\\\/\\\/schema.org\",\"@graph\":[{\"@type\":\"WebPage\",\"@id\":\"https:\\\/\\\/copterpro.de\\\/shop\\\/online-schulungen\\\/online-schulung-vermessung-mit-drohne\\\/\",\"url\":\"https:\\\/\\\/copterpro.de\\\/shop\\\/online-schulungen\\\/online-schulung-vermessung-mit-drohne\\\/\",\"name\":\"Onlinekurs: Vermessung mit Drohne\",\"isPartOf\":{\"@id\":\"https:\\\/\\\/copterpro.de\\\/shop\\\/#website\"},\"primaryImageOfPage\":{\"@id\":\"https:\\\/\\\/copterpro.de\\\/shop\\\/online-schulungen\\\/online-schulung-vermessung-mit-drohne\\\/#primaryimage\"},\"image\":{\"@id\":\"https:\\\/\\\/copterpro.de\\\/shop\\\/online-schulungen\\\/online-schulung-vermessung-mit-drohne\\\/#primaryimage\"},\"thumbnailUrl\":\"https:\\\/\\\/copterpro.de\\\/shop\\\/wp-content\\\/uploads\\\/2025\\\/11\\\/Vermessung-Schulung-Thumbnail.jpg\",\"datePublished\":\"2025-11-14T08:58:02+00:00\",\"dateModified\":\"2026-03-22T02:43:11+00:00\",\"description\":\"Lerne professionelle Drohnenvermessung: 3D-Modelle erstellen, RTK\\\/SAPOS nutzen & DJI Terra anwenden. Praxisnaher Onlinekurs inkl. Zertifikat.\",\"breadcrumb\":{\"@id\":\"https:\\\/\\\/copterpro.de\\\/shop\\\/online-schulungen\\\/online-schulung-vermessung-mit-drohne\\\/#breadcrumb\"},\"inLanguage\":\"de\",\"potentialAction\":[{\"@type\":\"ReadAction\",\"target\":[\"https:\\\/\\\/copterpro.de\\\/shop\\\/online-schulungen\\\/online-schulung-vermessung-mit-drohne\\\/\"]}]},{\"@type\":\"ImageObject\",\"inLanguage\":\"de\",\"@id\":\"https:\\\/\\\/copterpro.de\\\/shop\\\/online-schulungen\\\/online-schulung-vermessung-mit-drohne\\\/#primaryimage\",\"url\":\"https:\\\/\\\/copterpro.de\\\/shop\\\/wp-content\\\/uploads\\\/2025\\\/11\\\/Vermessung-Schulung-Thumbnail.jpg\",\"contentUrl\":\"https:\\\/\\\/copterpro.de\\\/shop\\\/wp-content\\\/uploads\\\/2025\\\/11\\\/Vermessung-Schulung-Thumbnail.jpg\",\"width\":1080,\"height\":1080,\"caption\":\"Online Schulung Vermessung mit Drohne\"},{\"@type\":\"BreadcrumbList\",\"@id\":\"https:\\\/\\\/copterpro.de\\\/shop\\\/online-schulungen\\\/online-schulung-vermessung-mit-drohne\\\/#breadcrumb\",\"itemListElement\":[{\"@type\":\"ListItem\",\"position\":1,\"name\":\"Startseite\",\"item\":\"https:\\\/\\\/copterpro.de\\\/shop\\\/\"},{\"@type\":\"ListItem\",\"position\":2,\"name\":\"Shop\",\"item\":\"https:\\\/\\\/copterpro.de\\\/shop\\\/shop\\\/\"},{\"@type\":\"ListItem\",\"position\":3,\"name\":\"Online Schulung: Vermessung mit Drohne\"}]},{\"@type\":\"WebSite\",\"@id\":\"https:\\\/\\\/copterpro.de\\\/shop\\\/#website\",\"url\":\"https:\\\/\\\/copterpro.de\\\/shop\\\/\",\"name\":\"Copter Pro\",\"description\":\"\",\"publisher\":{\"@id\":\"https:\\\/\\\/copterpro.de\\\/shop\\\/#organization\"},\"potentialAction\":[{\"@type\":\"SearchAction\",\"target\":{\"@type\":\"EntryPoint\",\"urlTemplate\":\"https:\\\/\\\/copterpro.de\\\/shop\\\/?s={search_term_string}\"},\"query-input\":{\"@type\":\"PropertyValueSpecification\",\"valueRequired\":true,\"valueName\":\"search_term_string\"}}],\"inLanguage\":\"de\"},{\"@type\":\"Organization\",\"@id\":\"https:\\\/\\\/copterpro.de\\\/shop\\\/#organization\",\"name\":\"Copter Pro\",\"url\":\"https:\\\/\\\/copterpro.de\\\/shop\\\/\",\"logo\":{\"@type\":\"ImageObject\",\"inLanguage\":\"de\",\"@id\":\"https:\\\/\\\/copterpro.de\\\/shop\\\/#\\\/schema\\\/logo\\\/image\\\/\",\"url\":\"https:\\\/\\\/copterpro.de\\\/shop\\\/wp-content\\\/uploads\\\/2025\\\/04\\\/copterpro.svg\",\"contentUrl\":\"https:\\\/\\\/copterpro.de\\\/shop\\\/wp-content\\\/uploads\\\/2025\\\/04\\\/copterpro.svg\",\"caption\":\"Copter Pro\"},\"image\":{\"@id\":\"https:\\\/\\\/copterpro.de\\\/shop\\\/#\\\/schema\\\/logo\\\/image\\\/\"},\"sameAs\":[\"https:\\\/\\\/www.facebook.com\\\/copterprogmbh\"]}]}<\/script>\n<!-- \/ Yoast SEO plugin. -->","yoast_head_json":{"title":"Onlinekurs: Vermessung mit Drohne","description":"Lerne professionelle Drohnenvermessung: 3D-Modelle erstellen, RTK\/SAPOS nutzen & DJI Terra anwenden. Praxisnaher Onlinekurs inkl. Zertifikat.","robots":{"index":"index","follow":"follow","max-snippet":"max-snippet:-1","max-image-preview":"max-image-preview:large","max-video-preview":"max-video-preview:-1"},"canonical":"https:\/\/copterpro.de\/shop\/online-schulungen\/online-schulung-vermessung-mit-drohne\/","og_locale":"de_DE","og_type":"article","og_title":"Onlinekurs: Vermessung mit Drohne","og_description":"Lerne professionelle Drohnenvermessung: 3D-Modelle erstellen, RTK\/SAPOS nutzen & DJI Terra anwenden. Praxisnaher Onlinekurs inkl. Zertifikat.","og_url":"https:\/\/copterpro.de\/shop\/online-schulungen\/online-schulung-vermessung-mit-drohne\/","og_site_name":"Copter Pro","article_publisher":"https:\/\/www.facebook.com\/copterprogmbh","article_modified_time":"2026-03-22T02:43:11+00:00","og_image":[{"width":1080,"height":1080,"url":"https:\/\/copterpro.de\/shop\/wp-content\/uploads\/2025\/11\/Vermessung-Schulung-Thumbnail.jpg","type":"image\/jpeg"}],"twitter_card":"summary_large_image","twitter_misc":{"Gesch\u00e4tzte Lesezeit":"2\u00a0Minuten"},"schema":{"@context":"https:\/\/schema.org","@graph":[{"@type":"WebPage","@id":"https:\/\/copterpro.de\/shop\/online-schulungen\/online-schulung-vermessung-mit-drohne\/","url":"https:\/\/copterpro.de\/shop\/online-schulungen\/online-schulung-vermessung-mit-drohne\/","name":"Onlinekurs: Vermessung mit Drohne","isPartOf":{"@id":"https:\/\/copterpro.de\/shop\/#website"},"primaryImageOfPage":{"@id":"https:\/\/copterpro.de\/shop\/online-schulungen\/online-schulung-vermessung-mit-drohne\/#primaryimage"},"image":{"@id":"https:\/\/copterpro.de\/shop\/online-schulungen\/online-schulung-vermessung-mit-drohne\/#primaryimage"},"thumbnailUrl":"https:\/\/copterpro.de\/shop\/wp-content\/uploads\/2025\/11\/Vermessung-Schulung-Thumbnail.jpg","datePublished":"2025-11-14T08:58:02+00:00","dateModified":"2026-03-22T02:43:11+00:00","description":"Lerne professionelle Drohnenvermessung: 3D-Modelle erstellen, RTK\/SAPOS nutzen & DJI Terra anwenden. Praxisnaher Onlinekurs inkl. Zertifikat.","breadcrumb":{"@id":"https:\/\/copterpro.de\/shop\/online-schulungen\/online-schulung-vermessung-mit-drohne\/#breadcrumb"},"inLanguage":"de","potentialAction":[{"@type":"ReadAction","target":["https:\/\/copterpro.de\/shop\/online-schulungen\/online-schulung-vermessung-mit-drohne\/"]}]},{"@type":"ImageObject","inLanguage":"de","@id":"https:\/\/copterpro.de\/shop\/online-schulungen\/online-schulung-vermessung-mit-drohne\/#primaryimage","url":"https:\/\/copterpro.de\/shop\/wp-content\/uploads\/2025\/11\/Vermessung-Schulung-Thumbnail.jpg","contentUrl":"https:\/\/copterpro.de\/shop\/wp-content\/uploads\/2025\/11\/Vermessung-Schulung-Thumbnail.jpg","width":1080,"height":1080,"caption":"Online Schulung Vermessung mit Drohne"},{"@type":"BreadcrumbList","@id":"https:\/\/copterpro.de\/shop\/online-schulungen\/online-schulung-vermessung-mit-drohne\/#breadcrumb","itemListElement":[{"@type":"ListItem","position":1,"name":"Startseite","item":"https:\/\/copterpro.de\/shop\/"},{"@type":"ListItem","position":2,"name":"Shop","item":"https:\/\/copterpro.de\/shop\/shop\/"},{"@type":"ListItem","position":3,"name":"Online Schulung: Vermessung mit Drohne"}]},{"@type":"WebSite","@id":"https:\/\/copterpro.de\/shop\/#website","url":"https:\/\/copterpro.de\/shop\/","name":"Copter Pro","description":"","publisher":{"@id":"https:\/\/copterpro.de\/shop\/#organization"},"potentialAction":[{"@type":"SearchAction","target":{"@type":"EntryPoint","urlTemplate":"https:\/\/copterpro.de\/shop\/?s={search_term_string}"},"query-input":{"@type":"PropertyValueSpecification","valueRequired":true,"valueName":"search_term_string"}}],"inLanguage":"de"},{"@type":"Organization","@id":"https:\/\/copterpro.de\/shop\/#organization","name":"Copter Pro","url":"https:\/\/copterpro.de\/shop\/","logo":{"@type":"ImageObject","inLanguage":"de","@id":"https:\/\/copterpro.de\/shop\/#\/schema\/logo\/image\/","url":"https:\/\/copterpro.de\/shop\/wp-content\/uploads\/2025\/04\/copterpro.svg","contentUrl":"https:\/\/copterpro.de\/shop\/wp-content\/uploads\/2025\/04\/copterpro.svg","caption":"Copter Pro"},"image":{"@id":"https:\/\/copterpro.de\/shop\/#\/schema\/logo\/image\/"},"sameAs":["https:\/\/www.facebook.com\/copterprogmbh"]}]}},"_links":{"self":[{"href":"https:\/\/copterpro.de\/shop\/wp-json\/wp\/v2\/product\/15325","targetHints":{"allow":["GET"]}}],"collection":[{"href":"https:\/\/copterpro.de\/shop\/wp-json\/wp\/v2\/product"}],"about":[{"href":"https:\/\/copterpro.de\/shop\/wp-json\/wp\/v2\/types\/product"}],"wp:featuredmedia":[{"embeddable":true,"href":"https:\/\/copterpro.de\/shop\/wp-json\/wp\/v2\/media\/15372"}],"wp:attachment":[{"href":"https:\/\/copterpro.de\/shop\/wp-json\/wp\/v2\/media?parent=15325"}],"wp:term":[{"taxonomy":"product_brand","embeddable":true,"href":"https:\/\/copterpro.de\/shop\/wp-json\/wp\/v2\/product_brand?post=15325"},{"taxonomy":"product_cat","embeddable":true,"href":"https:\/\/copterpro.de\/shop\/wp-json\/wp\/v2\/product_cat?post=15325"},{"taxonomy":"product_tag","embeddable":true,"href":"https:\/\/copterpro.de\/shop\/wp-json\/wp\/v2\/product_tag?post=15325"}],"curies":[{"name":"wp","href":"https:\/\/api.w.org\/{rel}","templated":true}]}}