{"id":15453,"date":"2025-11-20T13:41:41","date_gmt":"2025-11-20T12:41:41","guid":{"rendered":"https:\/\/copterpro.de\/shop\/?post_type=product&#038;p=15453"},"modified":"2026-03-22T03:43:11","modified_gmt":"2026-03-22T02:43:11","slug":"online-schulung-dji-dock","status":"publish","type":"product","link":"https:\/\/copterpro.de\/shop\/online-schulungen\/online-schulung-dji-dock\/","title":{"rendered":"Online Schulung: DJI Dock"},"content":{"rendered":"<h2>Online Schulung DJI Dock<\/h2>\n<h3 class=\"fusion-responsive-typography-calculated\" data-start=\"642\" data-end=\"657\" data-fontsize=\"32\" data-lineheight=\"41.6px\"><strong data-start=\"646\" data-end=\"657\">Inhalt:<\/strong><\/h3>\n<p data-start=\"625\" data-end=\"836\">In diesem Kurs lernst du, wie du das DJI Dock 3 vollst\u00e4ndig einrichtest, betreibst und wartest \u2013 von der technischen Inbetriebnahme \u00fcber die Routenplanung bis hin zur Einbindung in FlightHub. Zus\u00e4tzlich vermittelt der Kurs wichtige luftfahrtrechtliche Grundlagen, RTK-Services sowie praktische Tipps zu Betrieb, Sicherheit, Zubeh\u00f6r und weiterf\u00fchrenden Schulungen.<\/p>\n<hr data-start=\"1097\" data-end=\"1100\" \/>\n<h3 class=\"fusion-responsive-typography-calculated\" data-start=\"1102\" data-end=\"1127\" data-fontsize=\"32\" data-lineheight=\"41.6px\"><strong data-start=\"1106\" data-end=\"1127\">Kapitel\u00fcbersicht:<\/strong><\/h3>\n<ul>\n<li data-start=\"1130\" data-end=\"1151\">Herzlich Willkommen<\/li>\n<li data-start=\"1130\" data-end=\"1151\">Service Leistungen von Copterpro<\/li>\n<li data-start=\"1130\" data-end=\"1151\">Produkt Einf\u00fchrung<\/li>\n<li data-start=\"1130\" data-end=\"1151\">Inbetriebnahme des Docks<\/li>\n<li data-start=\"1130\" data-end=\"1151\">Selbsteinrichtung DJI Dock 3<\/li>\n<li data-start=\"1130\" data-end=\"1151\">Vorraussetzung f\u00fcr den Flug<\/li>\n<li data-start=\"1130\" data-end=\"1151\">Regeln der Luftfahrt<\/li>\n<li data-start=\"1130\" data-end=\"1151\">A1\/A3 Vorbereitungskurs<\/li>\n<li data-start=\"1130\" data-end=\"1151\">RTK Service &#8211; Sapos<\/li>\n<li data-start=\"1130\" data-end=\"1151\">Einrichtung Flight Hub Management<\/li>\n<li data-start=\"1130\" data-end=\"1151\">Erkl\u00e4rung der Dock Funktionen: Flight Hub Plattform<\/li>\n<li data-start=\"1130\" data-end=\"1151\">Routenplanung erkl\u00e4rt<\/li>\n<li data-start=\"1130\" data-end=\"1151\">Wartungsintervalle erkl\u00e4rt<\/li>\n<li data-start=\"1130\" data-end=\"1151\">Reinigung des DJI Docks<\/li>\n<li data-start=\"1130\" data-end=\"1151\">Anbindung: API Schnittstellen<\/li>\n<li data-start=\"1130\" data-end=\"1151\">Q&amp;A- H\u00e4ufig gestellte Fragen<\/li>\n<li data-start=\"1130\" data-end=\"1151\">Zubeh\u00f6r Empfehlungen<\/li>\n<li data-start=\"1130\" data-end=\"1151\">Weitere empfohlene Schulungen<\/li>\n<\/ul>\n<h3 data-start=\"2240\" data-end=\"2258\"><strong data-start=\"2244\" data-end=\"2258\">Zertifikat<\/strong><\/h3>\n<p data-start=\"2259\" data-end=\"2363\">Nach Abschluss des Kurses erh\u00e4ltst du ein Teilnahmezertifikat als Nachweis deiner erworbenen Kenntnisse.<\/p>\n<hr data-start=\"2365\" data-end=\"2368\" \/>\n<h2 data-start=\"2370\" data-end=\"2386\"><strong data-start=\"2373\" data-end=\"2386\">Teilnahme<\/strong><\/h2>\n<p data-start=\"2387\" data-end=\"2524\">Du erh\u00e4ltst einen Link, \u00fcber den du deinen pers\u00f6nlichen Zugang zur Copterpro Academy erstellen kannst.<br data-start=\"2489\" data-end=\"2492\" \/>Bis zu <strong data-start=\"2499\" data-end=\"2511\">1 Zugang<\/strong> pro Buchung.<\/p>\n<p data-start=\"3394\" data-end=\"3437\"><em data-start=\"3394\" data-end=\"3437\">* Der Kurs enth\u00e4lt keine Lernzielkontrolle.<\/em><\/p>\n","protected":false},"excerpt":{"rendered":"<p>Online Schulung DJI Dock Inhalt: In diesem Kurs lernst du, wie du das DJI Dock 3 vollst\u00e4ndig einrichtest, betreibst und wartest \u2013 von der technischen Inbetriebnahme \u00fcber die Routenplanung bis hin zur Einbindung in FlightHub. Zus\u00e4tzlich vermittelt der Kurs wichtige luftfahrtrechtliche Grundlagen, RTK-Services sowie praktische Tipps zu Betrieb, Sicherheit, Zubeh\u00f6r [&hellip;]<\/p>\n","protected":false},"featured_media":15516,"template":"","meta":{"_acf_changed":false,"_iconic_wsb_product_page_order_bump_ids":[[]],"_sku":[],"_iconic_wsb_product_page_bump_modal_ids":[[]]},"product_brand":[],"product_cat":[135,60],"product_tag":[],"class_list":{"0":"post-15453","1":"product","2":"type-product","3":"status-publish","4":"has-post-thumbnail","6":"product_cat-online-schulungen","7":"product_cat-schulungen","9":"first","10":"instock","11":"virtual","12":"taxable","13":"purchasable","14":"product-type-simple"},"acf":[],"yoast_head":"<!-- This site is optimized with the Yoast SEO plugin v27.4 - https:\/\/yoast.com\/product\/yoast-seo-wordpress\/ -->\n<title>Onlinekurs: DJI Dock<\/title>\n<meta name=\"description\" content=\"Lerne professionelle Drohnenvermessung: 3D-Modelle erstellen, RTK\/SAPOS nutzen &amp; DJI Terra anwenden. Praxisnaher Onlinekurs inkl. Zertifikat.\" \/>\n<meta name=\"robots\" content=\"index, follow, max-snippet:-1, max-image-preview:large, max-video-preview:-1\" \/>\n<link rel=\"canonical\" href=\"https:\/\/copterpro.de\/shop\/online-schulungen\/online-schulung-dji-dock\/\" \/>\n<meta property=\"og:locale\" content=\"de_DE\" \/>\n<meta property=\"og:type\" content=\"article\" \/>\n<meta property=\"og:title\" content=\"Onlinekurs: DJI Dock\" \/>\n<meta property=\"og:description\" content=\"Lerne professionelle Drohnenvermessung: 3D-Modelle erstellen, RTK\/SAPOS nutzen &amp; DJI Terra anwenden. Praxisnaher Onlinekurs inkl. Zertifikat.\" \/>\n<meta property=\"og:url\" content=\"https:\/\/copterpro.de\/shop\/online-schulungen\/online-schulung-dji-dock\/\" \/>\n<meta property=\"og:site_name\" content=\"Copter Pro\" \/>\n<meta property=\"article:publisher\" content=\"https:\/\/www.facebook.com\/copterprogmbh\" \/>\n<meta property=\"article:modified_time\" content=\"2026-03-22T02:43:11+00:00\" \/>\n<meta property=\"og:image\" content=\"https:\/\/copterpro.de\/shop\/wp-content\/uploads\/2025\/11\/Online-Schulung-DJI-Dock-Thumbnail.jpg\" \/>\n\t<meta property=\"og:image:width\" content=\"1080\" \/>\n\t<meta property=\"og:image:height\" content=\"1080\" \/>\n\t<meta property=\"og:image:type\" content=\"image\/jpeg\" \/>\n<meta name=\"twitter:card\" content=\"summary_large_image\" \/>\n<meta name=\"twitter:label1\" content=\"Gesch\u00e4tzte Lesezeit\" \/>\n\t<meta name=\"twitter:data1\" content=\"2\u00a0Minuten\" \/>\n<script type=\"application\/ld+json\" class=\"yoast-schema-graph\">{\"@context\":\"https:\\\/\\\/schema.org\",\"@graph\":[{\"@type\":\"WebPage\",\"@id\":\"https:\\\/\\\/copterpro.de\\\/shop\\\/online-schulungen\\\/online-schulung-dji-dock\\\/\",\"url\":\"https:\\\/\\\/copterpro.de\\\/shop\\\/online-schulungen\\\/online-schulung-dji-dock\\\/\",\"name\":\"Onlinekurs: DJI Dock\",\"isPartOf\":{\"@id\":\"https:\\\/\\\/copterpro.de\\\/shop\\\/#website\"},\"primaryImageOfPage\":{\"@id\":\"https:\\\/\\\/copterpro.de\\\/shop\\\/online-schulungen\\\/online-schulung-dji-dock\\\/#primaryimage\"},\"image\":{\"@id\":\"https:\\\/\\\/copterpro.de\\\/shop\\\/online-schulungen\\\/online-schulung-dji-dock\\\/#primaryimage\"},\"thumbnailUrl\":\"https:\\\/\\\/copterpro.de\\\/shop\\\/wp-content\\\/uploads\\\/2025\\\/11\\\/Online-Schulung-DJI-Dock-Thumbnail.jpg\",\"datePublished\":\"2025-11-20T12:41:41+00:00\",\"dateModified\":\"2026-03-22T02:43:11+00:00\",\"description\":\"Lerne professionelle Drohnenvermessung: 3D-Modelle erstellen, RTK\\\/SAPOS nutzen & DJI Terra anwenden. Praxisnaher Onlinekurs inkl. Zertifikat.\",\"breadcrumb\":{\"@id\":\"https:\\\/\\\/copterpro.de\\\/shop\\\/online-schulungen\\\/online-schulung-dji-dock\\\/#breadcrumb\"},\"inLanguage\":\"de\",\"potentialAction\":[{\"@type\":\"ReadAction\",\"target\":[\"https:\\\/\\\/copterpro.de\\\/shop\\\/online-schulungen\\\/online-schulung-dji-dock\\\/\"]}]},{\"@type\":\"ImageObject\",\"inLanguage\":\"de\",\"@id\":\"https:\\\/\\\/copterpro.de\\\/shop\\\/online-schulungen\\\/online-schulung-dji-dock\\\/#primaryimage\",\"url\":\"https:\\\/\\\/copterpro.de\\\/shop\\\/wp-content\\\/uploads\\\/2025\\\/11\\\/Online-Schulung-DJI-Dock-Thumbnail.jpg\",\"contentUrl\":\"https:\\\/\\\/copterpro.de\\\/shop\\\/wp-content\\\/uploads\\\/2025\\\/11\\\/Online-Schulung-DJI-Dock-Thumbnail.jpg\",\"width\":1080,\"height\":1080,\"caption\":\"Onlineschulung DJI Dock 3\"},{\"@type\":\"BreadcrumbList\",\"@id\":\"https:\\\/\\\/copterpro.de\\\/shop\\\/online-schulungen\\\/online-schulung-dji-dock\\\/#breadcrumb\",\"itemListElement\":[{\"@type\":\"ListItem\",\"position\":1,\"name\":\"Startseite\",\"item\":\"https:\\\/\\\/copterpro.de\\\/shop\\\/\"},{\"@type\":\"ListItem\",\"position\":2,\"name\":\"Shop\",\"item\":\"https:\\\/\\\/copterpro.de\\\/shop\\\/shop\\\/\"},{\"@type\":\"ListItem\",\"position\":3,\"name\":\"Online Schulung: DJI Dock\"}]},{\"@type\":\"WebSite\",\"@id\":\"https:\\\/\\\/copterpro.de\\\/shop\\\/#website\",\"url\":\"https:\\\/\\\/copterpro.de\\\/shop\\\/\",\"name\":\"Copter Pro\",\"description\":\"\",\"publisher\":{\"@id\":\"https:\\\/\\\/copterpro.de\\\/shop\\\/#organization\"},\"potentialAction\":[{\"@type\":\"SearchAction\",\"target\":{\"@type\":\"EntryPoint\",\"urlTemplate\":\"https:\\\/\\\/copterpro.de\\\/shop\\\/?s={search_term_string}\"},\"query-input\":{\"@type\":\"PropertyValueSpecification\",\"valueRequired\":true,\"valueName\":\"search_term_string\"}}],\"inLanguage\":\"de\"},{\"@type\":\"Organization\",\"@id\":\"https:\\\/\\\/copterpro.de\\\/shop\\\/#organization\",\"name\":\"Copter Pro\",\"url\":\"https:\\\/\\\/copterpro.de\\\/shop\\\/\",\"logo\":{\"@type\":\"ImageObject\",\"inLanguage\":\"de\",\"@id\":\"https:\\\/\\\/copterpro.de\\\/shop\\\/#\\\/schema\\\/logo\\\/image\\\/\",\"url\":\"https:\\\/\\\/copterpro.de\\\/shop\\\/wp-content\\\/uploads\\\/2025\\\/04\\\/copterpro.svg\",\"contentUrl\":\"https:\\\/\\\/copterpro.de\\\/shop\\\/wp-content\\\/uploads\\\/2025\\\/04\\\/copterpro.svg\",\"caption\":\"Copter Pro\"},\"image\":{\"@id\":\"https:\\\/\\\/copterpro.de\\\/shop\\\/#\\\/schema\\\/logo\\\/image\\\/\"},\"sameAs\":[\"https:\\\/\\\/www.facebook.com\\\/copterprogmbh\"]}]}<\/script>\n<!-- \/ Yoast SEO plugin. -->","yoast_head_json":{"title":"Onlinekurs: DJI Dock","description":"Lerne professionelle Drohnenvermessung: 3D-Modelle erstellen, RTK\/SAPOS nutzen & DJI Terra anwenden. Praxisnaher Onlinekurs inkl. Zertifikat.","robots":{"index":"index","follow":"follow","max-snippet":"max-snippet:-1","max-image-preview":"max-image-preview:large","max-video-preview":"max-video-preview:-1"},"canonical":"https:\/\/copterpro.de\/shop\/online-schulungen\/online-schulung-dji-dock\/","og_locale":"de_DE","og_type":"article","og_title":"Onlinekurs: DJI Dock","og_description":"Lerne professionelle Drohnenvermessung: 3D-Modelle erstellen, RTK\/SAPOS nutzen & DJI Terra anwenden. Praxisnaher Onlinekurs inkl. Zertifikat.","og_url":"https:\/\/copterpro.de\/shop\/online-schulungen\/online-schulung-dji-dock\/","og_site_name":"Copter Pro","article_publisher":"https:\/\/www.facebook.com\/copterprogmbh","article_modified_time":"2026-03-22T02:43:11+00:00","og_image":[{"width":1080,"height":1080,"url":"https:\/\/copterpro.de\/shop\/wp-content\/uploads\/2025\/11\/Online-Schulung-DJI-Dock-Thumbnail.jpg","type":"image\/jpeg"}],"twitter_card":"summary_large_image","twitter_misc":{"Gesch\u00e4tzte Lesezeit":"2\u00a0Minuten"},"schema":{"@context":"https:\/\/schema.org","@graph":[{"@type":"WebPage","@id":"https:\/\/copterpro.de\/shop\/online-schulungen\/online-schulung-dji-dock\/","url":"https:\/\/copterpro.de\/shop\/online-schulungen\/online-schulung-dji-dock\/","name":"Onlinekurs: DJI Dock","isPartOf":{"@id":"https:\/\/copterpro.de\/shop\/#website"},"primaryImageOfPage":{"@id":"https:\/\/copterpro.de\/shop\/online-schulungen\/online-schulung-dji-dock\/#primaryimage"},"image":{"@id":"https:\/\/copterpro.de\/shop\/online-schulungen\/online-schulung-dji-dock\/#primaryimage"},"thumbnailUrl":"https:\/\/copterpro.de\/shop\/wp-content\/uploads\/2025\/11\/Online-Schulung-DJI-Dock-Thumbnail.jpg","datePublished":"2025-11-20T12:41:41+00:00","dateModified":"2026-03-22T02:43:11+00:00","description":"Lerne professionelle Drohnenvermessung: 3D-Modelle erstellen, RTK\/SAPOS nutzen & DJI Terra anwenden. Praxisnaher Onlinekurs inkl. Zertifikat.","breadcrumb":{"@id":"https:\/\/copterpro.de\/shop\/online-schulungen\/online-schulung-dji-dock\/#breadcrumb"},"inLanguage":"de","potentialAction":[{"@type":"ReadAction","target":["https:\/\/copterpro.de\/shop\/online-schulungen\/online-schulung-dji-dock\/"]}]},{"@type":"ImageObject","inLanguage":"de","@id":"https:\/\/copterpro.de\/shop\/online-schulungen\/online-schulung-dji-dock\/#primaryimage","url":"https:\/\/copterpro.de\/shop\/wp-content\/uploads\/2025\/11\/Online-Schulung-DJI-Dock-Thumbnail.jpg","contentUrl":"https:\/\/copterpro.de\/shop\/wp-content\/uploads\/2025\/11\/Online-Schulung-DJI-Dock-Thumbnail.jpg","width":1080,"height":1080,"caption":"Onlineschulung DJI Dock 3"},{"@type":"BreadcrumbList","@id":"https:\/\/copterpro.de\/shop\/online-schulungen\/online-schulung-dji-dock\/#breadcrumb","itemListElement":[{"@type":"ListItem","position":1,"name":"Startseite","item":"https:\/\/copterpro.de\/shop\/"},{"@type":"ListItem","position":2,"name":"Shop","item":"https:\/\/copterpro.de\/shop\/shop\/"},{"@type":"ListItem","position":3,"name":"Online Schulung: DJI Dock"}]},{"@type":"WebSite","@id":"https:\/\/copterpro.de\/shop\/#website","url":"https:\/\/copterpro.de\/shop\/","name":"Copter Pro","description":"","publisher":{"@id":"https:\/\/copterpro.de\/shop\/#organization"},"potentialAction":[{"@type":"SearchAction","target":{"@type":"EntryPoint","urlTemplate":"https:\/\/copterpro.de\/shop\/?s={search_term_string}"},"query-input":{"@type":"PropertyValueSpecification","valueRequired":true,"valueName":"search_term_string"}}],"inLanguage":"de"},{"@type":"Organization","@id":"https:\/\/copterpro.de\/shop\/#organization","name":"Copter Pro","url":"https:\/\/copterpro.de\/shop\/","logo":{"@type":"ImageObject","inLanguage":"de","@id":"https:\/\/copterpro.de\/shop\/#\/schema\/logo\/image\/","url":"https:\/\/copterpro.de\/shop\/wp-content\/uploads\/2025\/04\/copterpro.svg","contentUrl":"https:\/\/copterpro.de\/shop\/wp-content\/uploads\/2025\/04\/copterpro.svg","caption":"Copter Pro"},"image":{"@id":"https:\/\/copterpro.de\/shop\/#\/schema\/logo\/image\/"},"sameAs":["https:\/\/www.facebook.com\/copterprogmbh"]}]}},"_links":{"self":[{"href":"https:\/\/copterpro.de\/shop\/wp-json\/wp\/v2\/product\/15453","targetHints":{"allow":["GET"]}}],"collection":[{"href":"https:\/\/copterpro.de\/shop\/wp-json\/wp\/v2\/product"}],"about":[{"href":"https:\/\/copterpro.de\/shop\/wp-json\/wp\/v2\/types\/product"}],"wp:featuredmedia":[{"embeddable":true,"href":"https:\/\/copterpro.de\/shop\/wp-json\/wp\/v2\/media\/15516"}],"wp:attachment":[{"href":"https:\/\/copterpro.de\/shop\/wp-json\/wp\/v2\/media?parent=15453"}],"wp:term":[{"taxonomy":"product_brand","embeddable":true,"href":"https:\/\/copterpro.de\/shop\/wp-json\/wp\/v2\/product_brand?post=15453"},{"taxonomy":"product_cat","embeddable":true,"href":"https:\/\/copterpro.de\/shop\/wp-json\/wp\/v2\/product_cat?post=15453"},{"taxonomy":"product_tag","embeddable":true,"href":"https:\/\/copterpro.de\/shop\/wp-json\/wp\/v2\/product_tag?post=15453"}],"curies":[{"name":"wp","href":"https:\/\/api.w.org\/{rel}","templated":true}]}}