{"id":15558,"date":"2025-11-28T14:16:22","date_gmt":"2025-11-28T13:16:22","guid":{"rendered":"https:\/\/copterpro.de\/shop\/?post_type=product&#038;p=15558"},"modified":"2026-03-19T16:32:09","modified_gmt":"2026-03-19T15:32:09","slug":"osmo-action-6-standard-combo","status":"publish","type":"product","link":"https:\/\/copterpro.de\/shop\/dji-hobby-kameraequipment\/osmo-action-6-standard-combo\/","title":{"rendered":"Osmo Action 6 Standard Combo"},"content":{"rendered":"<p><strong>Osmo Action 6 Standard Combo<\/strong><\/p>\n<p><strong>H\u00f6chstklassige All-in-One Action-Cam<\/strong><\/p>\n<p>Osmo Action 6 vereint eine innovative variable Blende mit einem brandneuen 1\/1,1-Zoll-QuadratSensor. Damit wird die herausragende DJI Bildgebung weiter verfeinert und er\u00f6ffnet nun noch mehr M\u00f6glichkeiten f\u00fcr kreative Aufnahmen.<\/p>\n<ul>\n<li>Brandneuer 1\/1,1-Zoll-Quadratsensor<\/li>\n<li>50 GB interner Speicher<\/li>\n<li>K\u00e4ltebest\u00e4ndig &amp; 4 Stunden Akkulaufzeit<\/li>\n<li>Variable Blende von f\/2,0 bis f\/4,0<\/li>\n<li>OsmoAudio\u2122 Direktverbindung<\/li>\n<li>Wasserdicht bis 20 m<\/li>\n<\/ul>\n<p><strong>Die erste Action-Cam von DJI mit variabler Blende<\/strong><br \/>\nAls erste Action-Cam von DJI mit einer variablen Blende von f\/2,0 -f\/4,0 bricht die Osmo Action 6 mit dem traditionellen Design mit fester Blende und bietet Blendenmodi f\u00fcr eine neue Vielzahl an Szenarien .<\/p>\n<p><strong>Gr\u00f6\u00dfere Blende, grenzenlose Kreativit\u00e4t<\/strong><br \/>\nMit einer maximalen Blende von f\/2,0\u00a0 \u00fcberzeugt die Osmo Action 6 bei schlechten Lichtverh\u00e4ltnissen und liefert eine deutlich verbesserte Bildqualit\u00e4t. Kombiniere sie mit dem Makroobjektiv, um beeindruckende Nahaufnahmen von Lebensmitteln, Haustieren und mehr mit geschmeidiger und geringer Tiefensch\u00e4rfe bei k\u00fcrzeren Aufnahmeabst\u00e4nden festzuhalten .<\/p>\n<p><strong>Adaptierbare Blende, von dir bestimmt<\/strong><br \/>\nIm Auto-Modus\u00a0 kannst du aus mehreren Blendebereichen w\u00e4hlen, die zu deinen Anforderungen passen. Die Blende passt sich innerhalb jedes Bereichs automatisch an, um klare und ausgewogene Ergebnisse zu erzielen \u2013 von lichtarmen Nachtaufnahmen bis hin zu detailreichen Landschaften.<\/p>\n<p><strong>Sternenstrahl-Modus: Lass die Lichter funkeln<\/strong><br \/>\nIn leuchtenden Nachtszenen verwandelt der Sternenstrahl-Modus Stadtlichter in faszinierende Sternenstrahlen, wodurch deine Nachtaufnahmen wirklich hervorstechen.<\/p>\n<p><strong>Bildqualit\u00e4t auf Flaggschiff-Niveau<\/strong><\/p>\n<p><strong>Brandneuer 1\/1,1-Zoll-Quadratsensor<\/strong><br \/>\nAusgestattet mit einem neuen 1\/1,1-Zoll-Sensor unterst\u00fctzt die Osmo Action 6 Aufnahmen mit bis zu 4K\/120fps im Format 4:3 und sorgt sowohl bei schlechten Lichtverh\u00e4ltnissen als auch in kontrastreichen Szenen f\u00fcr klare Details.<\/p>\n<ul>\n<li>1\/1,1 Zoll Quadratsensor<\/li>\n<li>2.4\u03bcm \u00c4quivalente Pixel<\/li>\n<li>13.5 Blendenstufen Dynamikumfang<\/li>\n<li>f\/2.0 Maximale Blend\u00f6ffnung<\/li>\n<\/ul>\n<p><strong>Benutzerdefinierter Modus: Freiheit im Bildausschnitt<\/strong><br \/>\nAusgestattet mit dem speziell von DJI entwickelten quadratischen Sensor bietet die Osmo Action 6 erstmals den 4K Benutzerdefinierten Modus, mit dem du zuerst filmen und sp\u00e4ter zurechtschneiden kannst. Das hei\u00dft: Freies Zuschneiden auf multiple Bildformate \u2013 f\u00fcr maximale kreative Flexibilit\u00e4t.<\/p>\n<p><strong>Zeitlupe: Den Nervenkitzel einfrieren<\/strong><br \/>\nOsmo Action 6 unterst\u00fctzt nativ Zeitlupenaufnahmen mit bis zu 4K\/120fps und kann intelligent bis zu 32\u00d7 Super-Zeitlupe in 1080p erzeugen \u2013 f\u00fcr fl\u00fcssigere und detailreichere Bilder.<\/p>\n<ul>\n<li>Nativ 4K\/120fps<\/li>\n<li>960fps Super Zeitlupe<\/li>\n<\/ul>\n<p><strong>Professionelle Aufnahmen, erstklassige Bildqualit\u00e4t<\/strong><\/p>\n<p><strong>Mehrere Stabilisierungsmodi<\/strong><br \/>\nRockSteady 3.0 h\u00e4lt deine Aufnahmen stabil, und HorizonSteady unterst\u00fctzt Videoaufnahmen mit bis zu 4K\/60fps.<\/p>\n<p><strong>2\u00d7 verlustfreier Zoom<\/strong><br \/>\nKomm 2\u00d7 n\u00e4her an entfernte Szenen heran, ohne die beeindruckende 4K-Qualit\u00e4t zu beeintr\u00e4chtigen, sodass auch weit entfernte Details klar und scharf bleiben.<\/p>\n<p><strong>Nat\u00fcrlich Weit<\/strong><br \/>\nDas neue Natural Wide Sichtfeld bewahrt eine breite Perspektive und reduziert gleichzeitig die vertikale Verzerrung, sodass du bei Reisen und t\u00e4glichen Vlogs nat\u00fcrlich wirkende Aufnahmen erh\u00e4ltst.<\/p>\n<p><strong>Filmlook<\/strong><br \/>\nMit einer Auswahl integrierter Filmlooks verleiht die Osmo Action 6 deinem Filmmaterial eine pers\u00f6nliche Note mit nur einem Tap.<\/p>\n<p><strong>Portr\u00e4t-Modus<\/strong><br \/>\nDie Osmo Action 6 erkennt und priorisiert intelligent das Motiv und optimiert die Belichtung f\u00fcr nat\u00fcrliche, klare und lebensechte Hautt\u00f6ne.<\/p>\n<p><strong>Motivzentrierung &amp; Tracking<\/strong><br \/>\nVerfolgt das Motiv intelligent und h\u00e4lt es dynamisch in jedem Bild zentriert.<\/p>\n<p><strong>Volle Action<\/strong><br \/>\nDer Serienbildmodus sorgt daf\u00fcr, dass du m\u00fchelos Sekundenbruchteile festh\u00e4ltst.<\/p>\n<p><strong>Osmo Ecosystem: Versatile for Multiple Scenarios<\/strong><br \/>\nOsmo Action 6 offers a complete ecosystem to unlock endless creative possibilities. From extreme sports to everyday life, it&#8217;s built to handle it all with ease.<\/p>\n<p><strong>Tauchen<\/strong><br \/>\nWasserdicht bis zu 20 Metern ganz ohne Geh\u00e4use. Mit dem integrierten Farbtemperatursensor und dem Wasserdruckmesser liefert die Osmo Action 6 naturgetreue Unterwasserfarben und zeichnet deine Tauchdaten auf.<\/p>\n<p><strong>Skifahren\/Snowboarden<\/strong><br \/>\nK\u00e4ltebest\u00e4ndiges Design, 4\u2011Stunden\u2011Akkulaufzeit, Gestensteuerung und Motivverfolgung machen das Festhalten von Ski\u2011 und Snowboard\u2011Action zum Kinderspiel.<\/p>\n<p><strong>Motorradfahren<\/strong><br \/>\nDas OsmoAudio\u2122 \u00d6kosystem nimmt gleichzeitig satte Umgebungsger\u00e4usche und deine Stimme auf und h\u00e4lt so das komplette Erlebnis jeder Beschleunigung und jeder Kurve fest.<\/p>\n<p><strong>Mountainbiken<\/strong><br \/>\nUnsere leistungsstarke Stabilisierungstechnologie gl\u00e4ttet selbst die holprigsten Trails. Deine Aufnahmen bleiben stabil und verwacklungsfrei und fangen so die ganze Intensit\u00e4t der Fahrt ein.<\/p>\n<p><strong>Rennradfahren<\/strong><br \/>\nLege Sportdaten \u00fcber deine Aufnahmen, wodurch sie noch mitrei\u00dfender und professioneller wirken.<\/p>\n<p><strong>Wandern<\/strong><br \/>\nHalte die Sch\u00f6nheit der Natur m\u00fchelos mit einer breiten Auswahl an Zubeh\u00f6r und der Mimo App fest.<\/p>\n<p><strong>DJI OsmoAudio\u2122 Verbindungssystem<\/strong><br \/>\nDas DJI OsmoAudio\u2122 \u00d6kosystem unterst\u00fctzt den direkten Anschluss von zwei DJI Mikrofon-Sendern und erm\u00f6glicht so hochwertige Audioaufnahmen ohne Empf\u00e4nger. Aktiviere die integrierte Mikrofon-Backup-Funktion, um reichhaltige Umgebungsger\u00e4usche zu kombinieren und ein wirklich immersives Erlebnis zu schaffen, das jede Szene zum Leben erweckt.<\/p>\n<p><strong>OsmoAudio\u2122 Direktverbindung<\/strong><br \/>\nSchlie\u00dft direkt zwei DJI Mikrofon-Sender an und erm\u00f6glicht so eine doppelte Audioaufnahme in hoher Qualit\u00e4t ohne Empf\u00e4nger.<\/p>\n<p><strong>Integriertes Pro-Audio<\/strong><br \/>\nEin integriertes Array mit drei Mikrofonen erfasst einen satten Stereoklang, w\u00e4hrend unser intelligenter Algorithmus zur Rauschunterdr\u00fcckung Windger\u00e4usche herausfiltert, damit deine Stimme laut und deutlich zu h\u00f6ren ist.<\/p>\n<p><strong>Neue Zubeh\u00f6rteile f\u00fcr noch mehr kreative M\u00f6glichkeiten<\/strong><br \/>\nEntdecke neue Perspektiven mit unserem brandneuen Makroobjektiv\u00a0 und dem FOV Boost Objektiv, die entwickelt wurden, um dein kreatives Arsenal zu erweitern.<\/p>\n<p><strong>Neues Makroobjektiv<\/strong><br \/>\nErstelle beeindruckende Nahaufnahmen von Lebensmitteln, Blumen oder Haustieren mit dem neuen Makroobjektiv\u00a0 mit k\u00fcrzeren Aufnahmeabst\u00e4nden . Nutze Focus Peaking in der Mimo App, um deine Motive gestochen scharf zu halten, w\u00e4hrend der Hintergrund in einer angenehm geringen Tiefensch\u00e4rfe nat\u00fcrlich verschwimmt.<\/p>\n<p><strong>Neues FOV Boost Objektiv<\/strong><br \/>\nWird das Osmo Action 6 FOV Boost Objektiv verwendet, wechselt die Kamera automatisch in den FOV Boost-Modus und erweitert das native 155\u00b0-Sichtfeld auf 182\u00b0. Ideal, um dein gesamtes Snowboard oder die Lenker ins Bild zu bekommen \u2013 f\u00fcr wirklich beeindruckende, immersive POV-Aufnahmen von Kante zu Kante.<\/p>\n<p><strong>DJI Mimo App<\/strong><br \/>\nMit der Mimo App kannst du die Kamerasicht anzeigen und Einstellungen anpassen. Sie verf\u00fcgt \u00fcber verschiedene Bearbeitungsvorlagen und eine One-Tap-Edit Funktion.<\/p>\n<p><strong>Sport-Dashboard<\/strong><br \/>\nF\u00fcge ein Sport-Dashboard als Overlay zu deinen Videos in jeder Sportsituation hinzu und du l\u00e4sst jede Aufnahme professionell aussehen.<\/p>\n<p><strong>D-Log M Farbkorrektur<\/strong><br \/>\nDie Mimo App unterst\u00fctzt D-Log M Farbkorrektur f\u00fcr flache Aufnahmen und erm\u00f6glicht dadurch stilsichere Anpassungen.<\/p>\n<p><strong>Live-Fotos<\/strong><br \/>\nDie Mimo App kann Live- und statische Fotos mit Modellinformationen und Aufnahmeparametern erstellen.<\/p>\n<p><strong>InvisiStick<\/strong><br \/>\nInvisiStick entfernt den Selfie-Stick in der Mimo App, sodass der Fokus ohne Ablenkungen auf dem Motiv bleibt.<\/p>\n<p><strong>Verschiedene Videovorlagen<\/strong><br \/>\nGreife auf eine umfangreiche Bibliothek mit Videovorlagen zu, um ganz einfach hochwertige Videos zu bearbeiten und zu erstellen.<\/p>\n<p><strong>Markierungen<\/strong><br \/>\nW\u00e4hrend der Aufnahme oder Wiedergabe kannst du die Markierungen-Funktion nutzen, um mit einem einzigen Fingertipp wichtige Momente zu markieren und so deinen Bearbeitungs-Workflow zu verbessern.<\/p>\n<p><strong>Leistung auf h\u00f6chstem Niveau<\/strong><\/p>\n<p><strong>K\u00e4ltebest\u00e4ndig &amp; 4 Stunden Akkulaufzeit<\/strong><br \/>\nZuverl\u00e4ssige Aufnahmen bei Temperaturen von -20 \u00b0C bis 45 \u00b0C \u2013 f\u00fcr sorgenfreies Filmen in jeder Umgebung.<\/p>\n<p><strong>50 GB interner Speicher<\/strong><br \/>\n50 GB integrierter Speicher erm\u00f6glicht es dir sorgenfrei weiterzufilmen, selbst wenn du keine Speicherkarte zur Hand hast.<\/p>\n<p><strong>Duale OLED-Touchscreens mit hoher Helligkeit<\/strong><br \/>\nSowohl der vordere als auch der hintere Bildschirm sind hochaufl\u00f6sende OLED-Touchscreens, die einen hohen Kontrast und lebendige Farben bieten.<\/p>\n<p><strong>Gestensteuerung<\/strong><br \/>\nStarte oder stoppe die Aufnahme mit einer einfachen Handbewegung \u2013 sogar mit Fingerhandschuhen. Du magst es noch entspannter? Stelle alle Gesten auf &#8222;Aufnahme starten&#8220; ein, damit du nie mehr aus Versehen einen Moment verpasst.<\/p>\n<p><strong>GPS-Bluetooth-Fernbedienung<\/strong><br \/>\nKompatibel mit der Osmo Action GPS-Bluetooth-Fernsteuerung und Controllern von Drittanbietern. Sie erm\u00f6glicht eine einfache Steuerung der Start-\/Stopp-Funktionen der Kamera sowie der Wach-\/Schlaf-Funktionen.<\/p>\n<p><strong>Entdecke weitere Funktionen<\/strong><\/p>\n<p><strong>Dual-Direction-Schnellwechselsystem<\/strong><br \/>\nDas verbesserte Dual-Direction-Schnellwechselsystem verbessert dein Schnellwechsel-Erlebnis und er\u00f6ffnet dir noch mehr kreative M\u00f6glichkeiten.<\/p>\n<p><strong>Pre-Rec<\/strong><br \/>\nMit aktiviertem Pre-Rec-Modus speichert die Kamera automatisch bis zu 5 Minuten, bevor die eigentliche Aufnahme startet.<\/p>\n<p><strong>Timecode<\/strong><br \/>\nDie integrierte Timecode-Funktion erleichtert das Synchronisieren von Aufnahmen mehrerer Kameras in der Nachbearbeitung und beschleunigt so den professionellen Schnitt-Workflow.<\/p>\n<p><strong>Highspeed-Datentransfer<\/strong><br \/>\nWLAN 6.0 und USB 3.1 bieten drahtlose Geschwindigkeiten von bis zu 80 MB\/s und bis zu 300 MB\/s \u00fcber ein USB-3.1-Kabel f\u00fcr schnelle Daten\u00fcbertragung.<\/p>\n<p><strong>Akku-Schnellladung<\/strong><br \/>\nIn nur 22 Minuten auf 80 % aufladen und in nur 52 Minuten die volle Leistung erreichen.<\/p>\n<p><strong>WLAN-Livestream<\/strong><br \/>\nVerbinde dein Ger\u00e4t \u00fcber die Mimo App und starte sofort mit dem Live-Streaming.<\/p>\n","protected":false},"excerpt":{"rendered":"<p>Osmo Action 6 Standard Combo H\u00f6chstklassige All-in-One Action-Cam Osmo Action 6 vereint eine innovative variable Blende mit einem brandneuen 1\/1,1-Zoll-QuadratSensor. Damit wird die herausragende DJI Bildgebung weiter verfeinert und er\u00f6ffnet nun noch mehr M\u00f6glichkeiten f\u00fcr kreative Aufnahmen. Brandneuer 1\/1,1-Zoll-Quadratsensor 50 GB interner Speicher K\u00e4ltebest\u00e4ndig &amp; 4 Stunden Akkulaufzeit Variable Blende [&hellip;]<\/p>\n","protected":false},"featured_media":15567,"template":"","meta":{"_acf_changed":false,"_iconic_wsb_product_page_order_bump_ids":[[14560]],"_sku":[],"_iconic_wsb_product_page_bump_modal_ids":[[14560]]},"product_brand":[],"product_cat":[40],"product_tag":[],"class_list":{"0":"post-15558","1":"product","2":"type-product","3":"status-publish","4":"has-post-thumbnail","6":"product_cat-dji-hobby-kameraequipment","8":"first","9":"instock","10":"taxable","11":"shipping-taxable","12":"purchasable","13":"product-type-simple"},"acf":[],"yoast_head":"<!-- This site is optimized with the Yoast SEO plugin v27.3 - https:\/\/yoast.com\/product\/yoast-seo-wordpress\/ -->\n<title>Osmo Action 6: Action Cam mit variabler Blende<\/title>\n<meta name=\"description\" content=\"Erlebe atemberaubende 4K-Videos mit der DJI Osmo Action 6 Standard Combo. Robuste Action-Cam mit Bildstabilisierung, Touchscreen und langer Akkulaufzeit.\" \/>\n<meta name=\"robots\" content=\"index, follow, max-snippet:-1, max-image-preview:large, max-video-preview:-1\" \/>\n<link rel=\"canonical\" href=\"https:\/\/copterpro.de\/shop\/dji-hobby-kameraequipment\/osmo-action-6-standard-combo\/\" \/>\n<meta property=\"og:locale\" content=\"de_DE\" \/>\n<meta property=\"og:type\" content=\"article\" \/>\n<meta property=\"og:title\" content=\"Osmo Action 6: Action Cam mit variabler Blende\" \/>\n<meta property=\"og:description\" content=\"Erlebe atemberaubende 4K-Videos mit der DJI Osmo Action 6 Standard Combo. Robuste Action-Cam mit Bildstabilisierung, Touchscreen und langer Akkulaufzeit.\" \/>\n<meta property=\"og:url\" content=\"https:\/\/copterpro.de\/shop\/dji-hobby-kameraequipment\/osmo-action-6-standard-combo\/\" \/>\n<meta property=\"og:site_name\" content=\"Copter Pro\" \/>\n<meta property=\"article:publisher\" content=\"https:\/\/www.facebook.com\/copterprogmbh\" \/>\n<meta property=\"article:modified_time\" content=\"2026-03-19T15:32:09+00:00\" \/>\n<meta property=\"og:image\" content=\"https:\/\/copterpro.de\/shop\/wp-content\/uploads\/2025\/11\/Osmo-Action-6-TN.webp\" \/>\n\t<meta property=\"og:image:width\" content=\"1080\" \/>\n\t<meta property=\"og:image:height\" content=\"1080\" \/>\n\t<meta property=\"og:image:type\" content=\"image\/webp\" \/>\n<meta name=\"twitter:card\" content=\"summary_large_image\" \/>\n<meta name=\"twitter:label1\" content=\"Gesch\u00e4tzte Lesezeit\" \/>\n\t<meta name=\"twitter:data1\" content=\"7\u00a0Minuten\" \/>\n<script type=\"application\/ld+json\" class=\"yoast-schema-graph\">{\"@context\":\"https:\\\/\\\/schema.org\",\"@graph\":[{\"@type\":\"WebPage\",\"@id\":\"https:\\\/\\\/copterpro.de\\\/shop\\\/dji-hobby-kameraequipment\\\/osmo-action-6-standard-combo\\\/\",\"url\":\"https:\\\/\\\/copterpro.de\\\/shop\\\/dji-hobby-kameraequipment\\\/osmo-action-6-standard-combo\\\/\",\"name\":\"Osmo Action 6: Action Cam mit variabler Blende\",\"isPartOf\":{\"@id\":\"https:\\\/\\\/copterpro.de\\\/shop\\\/#website\"},\"primaryImageOfPage\":{\"@id\":\"https:\\\/\\\/copterpro.de\\\/shop\\\/dji-hobby-kameraequipment\\\/osmo-action-6-standard-combo\\\/#primaryimage\"},\"image\":{\"@id\":\"https:\\\/\\\/copterpro.de\\\/shop\\\/dji-hobby-kameraequipment\\\/osmo-action-6-standard-combo\\\/#primaryimage\"},\"thumbnailUrl\":\"https:\\\/\\\/copterpro.de\\\/shop\\\/wp-content\\\/uploads\\\/2025\\\/11\\\/Osmo-Action-6-TN.webp\",\"datePublished\":\"2025-11-28T13:16:22+00:00\",\"dateModified\":\"2026-03-19T15:32:09+00:00\",\"description\":\"Erlebe atemberaubende 4K-Videos mit der DJI Osmo Action 6 Standard Combo. Robuste Action-Cam mit Bildstabilisierung, Touchscreen und langer Akkulaufzeit.\",\"breadcrumb\":{\"@id\":\"https:\\\/\\\/copterpro.de\\\/shop\\\/dji-hobby-kameraequipment\\\/osmo-action-6-standard-combo\\\/#breadcrumb\"},\"inLanguage\":\"de\",\"potentialAction\":[{\"@type\":\"ReadAction\",\"target\":[\"https:\\\/\\\/copterpro.de\\\/shop\\\/dji-hobby-kameraequipment\\\/osmo-action-6-standard-combo\\\/\"]}]},{\"@type\":\"ImageObject\",\"inLanguage\":\"de\",\"@id\":\"https:\\\/\\\/copterpro.de\\\/shop\\\/dji-hobby-kameraequipment\\\/osmo-action-6-standard-combo\\\/#primaryimage\",\"url\":\"https:\\\/\\\/copterpro.de\\\/shop\\\/wp-content\\\/uploads\\\/2025\\\/11\\\/Osmo-Action-6-TN.webp\",\"contentUrl\":\"https:\\\/\\\/copterpro.de\\\/shop\\\/wp-content\\\/uploads\\\/2025\\\/11\\\/Osmo-Action-6-TN.webp\",\"width\":1080,\"height\":1080,\"caption\":\"Osmo Action 6 : h\u00f6chstklassische All-in-One Action-Cam\"},{\"@type\":\"BreadcrumbList\",\"@id\":\"https:\\\/\\\/copterpro.de\\\/shop\\\/dji-hobby-kameraequipment\\\/osmo-action-6-standard-combo\\\/#breadcrumb\",\"itemListElement\":[{\"@type\":\"ListItem\",\"position\":1,\"name\":\"Startseite\",\"item\":\"https:\\\/\\\/copterpro.de\\\/shop\\\/\"},{\"@type\":\"ListItem\",\"position\":2,\"name\":\"Shop\",\"item\":\"https:\\\/\\\/copterpro.de\\\/shop\\\/shop\\\/\"},{\"@type\":\"ListItem\",\"position\":3,\"name\":\"Osmo Action 6 Standard Combo\"}]},{\"@type\":\"WebSite\",\"@id\":\"https:\\\/\\\/copterpro.de\\\/shop\\\/#website\",\"url\":\"https:\\\/\\\/copterpro.de\\\/shop\\\/\",\"name\":\"Copter Pro\",\"description\":\"\",\"publisher\":{\"@id\":\"https:\\\/\\\/copterpro.de\\\/shop\\\/#organization\"},\"potentialAction\":[{\"@type\":\"SearchAction\",\"target\":{\"@type\":\"EntryPoint\",\"urlTemplate\":\"https:\\\/\\\/copterpro.de\\\/shop\\\/?s={search_term_string}\"},\"query-input\":{\"@type\":\"PropertyValueSpecification\",\"valueRequired\":true,\"valueName\":\"search_term_string\"}}],\"inLanguage\":\"de\"},{\"@type\":\"Organization\",\"@id\":\"https:\\\/\\\/copterpro.de\\\/shop\\\/#organization\",\"name\":\"Copter Pro\",\"url\":\"https:\\\/\\\/copterpro.de\\\/shop\\\/\",\"logo\":{\"@type\":\"ImageObject\",\"inLanguage\":\"de\",\"@id\":\"https:\\\/\\\/copterpro.de\\\/shop\\\/#\\\/schema\\\/logo\\\/image\\\/\",\"url\":\"https:\\\/\\\/copterpro.de\\\/shop\\\/wp-content\\\/uploads\\\/2025\\\/04\\\/copterpro.svg\",\"contentUrl\":\"https:\\\/\\\/copterpro.de\\\/shop\\\/wp-content\\\/uploads\\\/2025\\\/04\\\/copterpro.svg\",\"caption\":\"Copter Pro\"},\"image\":{\"@id\":\"https:\\\/\\\/copterpro.de\\\/shop\\\/#\\\/schema\\\/logo\\\/image\\\/\"},\"sameAs\":[\"https:\\\/\\\/www.facebook.com\\\/copterprogmbh\"]}]}<\/script>\n<!-- \/ Yoast SEO plugin. -->","yoast_head_json":{"title":"Osmo Action 6: Action Cam mit variabler Blende","description":"Erlebe atemberaubende 4K-Videos mit der DJI Osmo Action 6 Standard Combo. Robuste Action-Cam mit Bildstabilisierung, Touchscreen und langer Akkulaufzeit.","robots":{"index":"index","follow":"follow","max-snippet":"max-snippet:-1","max-image-preview":"max-image-preview:large","max-video-preview":"max-video-preview:-1"},"canonical":"https:\/\/copterpro.de\/shop\/dji-hobby-kameraequipment\/osmo-action-6-standard-combo\/","og_locale":"de_DE","og_type":"article","og_title":"Osmo Action 6: Action Cam mit variabler Blende","og_description":"Erlebe atemberaubende 4K-Videos mit der DJI Osmo Action 6 Standard Combo. Robuste Action-Cam mit Bildstabilisierung, Touchscreen und langer Akkulaufzeit.","og_url":"https:\/\/copterpro.de\/shop\/dji-hobby-kameraequipment\/osmo-action-6-standard-combo\/","og_site_name":"Copter Pro","article_publisher":"https:\/\/www.facebook.com\/copterprogmbh","article_modified_time":"2026-03-19T15:32:09+00:00","og_image":[{"width":1080,"height":1080,"url":"https:\/\/copterpro.de\/shop\/wp-content\/uploads\/2025\/11\/Osmo-Action-6-TN.webp","type":"image\/webp"}],"twitter_card":"summary_large_image","twitter_misc":{"Gesch\u00e4tzte Lesezeit":"7\u00a0Minuten"},"schema":{"@context":"https:\/\/schema.org","@graph":[{"@type":"WebPage","@id":"https:\/\/copterpro.de\/shop\/dji-hobby-kameraequipment\/osmo-action-6-standard-combo\/","url":"https:\/\/copterpro.de\/shop\/dji-hobby-kameraequipment\/osmo-action-6-standard-combo\/","name":"Osmo Action 6: Action Cam mit variabler Blende","isPartOf":{"@id":"https:\/\/copterpro.de\/shop\/#website"},"primaryImageOfPage":{"@id":"https:\/\/copterpro.de\/shop\/dji-hobby-kameraequipment\/osmo-action-6-standard-combo\/#primaryimage"},"image":{"@id":"https:\/\/copterpro.de\/shop\/dji-hobby-kameraequipment\/osmo-action-6-standard-combo\/#primaryimage"},"thumbnailUrl":"https:\/\/copterpro.de\/shop\/wp-content\/uploads\/2025\/11\/Osmo-Action-6-TN.webp","datePublished":"2025-11-28T13:16:22+00:00","dateModified":"2026-03-19T15:32:09+00:00","description":"Erlebe atemberaubende 4K-Videos mit der DJI Osmo Action 6 Standard Combo. Robuste Action-Cam mit Bildstabilisierung, Touchscreen und langer Akkulaufzeit.","breadcrumb":{"@id":"https:\/\/copterpro.de\/shop\/dji-hobby-kameraequipment\/osmo-action-6-standard-combo\/#breadcrumb"},"inLanguage":"de","potentialAction":[{"@type":"ReadAction","target":["https:\/\/copterpro.de\/shop\/dji-hobby-kameraequipment\/osmo-action-6-standard-combo\/"]}]},{"@type":"ImageObject","inLanguage":"de","@id":"https:\/\/copterpro.de\/shop\/dji-hobby-kameraequipment\/osmo-action-6-standard-combo\/#primaryimage","url":"https:\/\/copterpro.de\/shop\/wp-content\/uploads\/2025\/11\/Osmo-Action-6-TN.webp","contentUrl":"https:\/\/copterpro.de\/shop\/wp-content\/uploads\/2025\/11\/Osmo-Action-6-TN.webp","width":1080,"height":1080,"caption":"Osmo Action 6 : h\u00f6chstklassische All-in-One Action-Cam"},{"@type":"BreadcrumbList","@id":"https:\/\/copterpro.de\/shop\/dji-hobby-kameraequipment\/osmo-action-6-standard-combo\/#breadcrumb","itemListElement":[{"@type":"ListItem","position":1,"name":"Startseite","item":"https:\/\/copterpro.de\/shop\/"},{"@type":"ListItem","position":2,"name":"Shop","item":"https:\/\/copterpro.de\/shop\/shop\/"},{"@type":"ListItem","position":3,"name":"Osmo Action 6 Standard Combo"}]},{"@type":"WebSite","@id":"https:\/\/copterpro.de\/shop\/#website","url":"https:\/\/copterpro.de\/shop\/","name":"Copter Pro","description":"","publisher":{"@id":"https:\/\/copterpro.de\/shop\/#organization"},"potentialAction":[{"@type":"SearchAction","target":{"@type":"EntryPoint","urlTemplate":"https:\/\/copterpro.de\/shop\/?s={search_term_string}"},"query-input":{"@type":"PropertyValueSpecification","valueRequired":true,"valueName":"search_term_string"}}],"inLanguage":"de"},{"@type":"Organization","@id":"https:\/\/copterpro.de\/shop\/#organization","name":"Copter Pro","url":"https:\/\/copterpro.de\/shop\/","logo":{"@type":"ImageObject","inLanguage":"de","@id":"https:\/\/copterpro.de\/shop\/#\/schema\/logo\/image\/","url":"https:\/\/copterpro.de\/shop\/wp-content\/uploads\/2025\/04\/copterpro.svg","contentUrl":"https:\/\/copterpro.de\/shop\/wp-content\/uploads\/2025\/04\/copterpro.svg","caption":"Copter Pro"},"image":{"@id":"https:\/\/copterpro.de\/shop\/#\/schema\/logo\/image\/"},"sameAs":["https:\/\/www.facebook.com\/copterprogmbh"]}]}},"_links":{"self":[{"href":"https:\/\/copterpro.de\/shop\/wp-json\/wp\/v2\/product\/15558","targetHints":{"allow":["GET"]}}],"collection":[{"href":"https:\/\/copterpro.de\/shop\/wp-json\/wp\/v2\/product"}],"about":[{"href":"https:\/\/copterpro.de\/shop\/wp-json\/wp\/v2\/types\/product"}],"wp:featuredmedia":[{"embeddable":true,"href":"https:\/\/copterpro.de\/shop\/wp-json\/wp\/v2\/media\/15567"}],"wp:attachment":[{"href":"https:\/\/copterpro.de\/shop\/wp-json\/wp\/v2\/media?parent=15558"}],"wp:term":[{"taxonomy":"product_brand","embeddable":true,"href":"https:\/\/copterpro.de\/shop\/wp-json\/wp\/v2\/product_brand?post=15558"},{"taxonomy":"product_cat","embeddable":true,"href":"https:\/\/copterpro.de\/shop\/wp-json\/wp\/v2\/product_cat?post=15558"},{"taxonomy":"product_tag","embeddable":true,"href":"https:\/\/copterpro.de\/shop\/wp-json\/wp\/v2\/product_tag?post=15558"}],"curies":[{"name":"wp","href":"https:\/\/api.w.org\/{rel}","templated":true}]}}