{"id":15645,"date":"2025-12-04T10:46:53","date_gmt":"2025-12-04T09:46:53","guid":{"rendered":"https:\/\/copterpro.de\/shop\/?post_type=product&#038;p=15645"},"modified":"2025-12-15T15:27:58","modified_gmt":"2025-12-15T14:27:58","slug":"dji-fly-cart-100","status":"publish","type":"product","link":"https:\/\/copterpro.de\/shop\/transportdrohne\/dji-fly-cart-100\/","title":{"rendered":"DJI Fly Cart 100"},"content":{"rendered":"<p><strong>DJI FlyCart 100<\/strong><\/p>\n<p>Mit einer beeindruckenden Nutzlast von bis zu 100 kg setzt dieses Flaggschiff neue Ma\u00dfst\u00e4be. Es unterst\u00fctzt zwei verschiedene Lastsysteme f\u00fcr vielf\u00e4ltige Anwendungen und definiert den professionellen Transport neu \u2013 selbst in anspruchsvollen Szenarien.<br \/>\nDank intelligenter Sicherheits- und Hinderniserkennungssysteme meistert der FC100 komplexe Bedingungen und erm\u00f6glicht zuverl\u00e4ssigen Allwetterbetrieb. Ab jetzt er\u00f6ffnen sich grenzenlose M\u00f6glichkeiten.<\/p>\n<p><strong>Hohe Nutzlasen, gro\u00dfe Reichweite<\/strong><\/p>\n<ul>\n<li>Maximale Nutzlast von 100\/85 kg (single battery\/dual battery)<\/li>\n<li>Flugdistanz ohne Nutzlast von 26 km<\/li>\n<li>Flugdistanz von 12km bei 85 kg Payload<\/li>\n<li>32 % Effizienzsteigerung<\/li>\n<li>Ausstattungsvarianten: Ultimate Lift System &amp; Hebesystem<\/li>\n<li>Perfekt f\u00fcr Extrembedingungen<\/li>\n<li>Max. Flugh\u00f6he von 6.000 m<\/li>\n<li>Betriebstemperatur -20 \u00b0C bis 40 \u00b0C<\/li>\n<li>Windgeschwindigkeitsresistenz 12 m\/s<\/li>\n<li>IP55<\/li>\n<\/ul>\n<p><strong>Starkes Signal<\/strong><\/p>\n<ul>\n<li>O4 Video\u00fcbertragung<\/li>\n<li>Dualer Betriebsmodus<\/li>\n<li>Hochaufl\u00f6sende virtuelle FPV-Gimbal-Kamera<\/li>\n<\/ul>\n<p><strong>DJI FlyCart 100 Ultimate Lift-System<\/strong><\/p>\n<ul>\n<li>Windenbetrieb<\/li>\n<li>Elektrisches \u00d6ffnen und Schlie\u00dfen des Hakens<\/li>\n<li>Bequemes kabelloses Laden des Hakensystems<\/li>\n<li>Echtzeit-Wiegesystem verhindert \u00dcberlastung und erleichtert das Absetzen<\/li>\n<li>Ger\u00e4usch und Lichthinweise sorgen f\u00fcr sicheres Be- und Entladen<\/li>\n<\/ul>\n<p><strong>Hochgeschwindigkeits-Winde<\/strong><\/p>\n<ul>\n<li>Automatischer Ein und Auszug<\/li>\n<li>30m Seill\u00e4nge<\/li>\n<li>Einzuggeschwindigkeit von 1,2 m\/s<\/li>\n<\/ul>\n<p><strong>Sichere Entladung<\/strong><\/p>\n<ul>\n<li>Automatisches Abbremsen des Auszugs beim Ann\u00e4hern zum Boden<\/li>\n<li>Haken kann ferngesteuert ge\u00f6ffnet werden<\/li>\n<li>Haken kann vom Bodenpersonal per Knopfdruck am Haken ge\u00f6ffnet werden<\/li>\n<\/ul>\n<p><strong>DJI Hebesystem<\/strong><\/p>\n<ul>\n<li>F\u00fcr einfache Transportaufgaben in \u00fcbersichtlichem Gel\u00e4nde<\/li>\n<li>Lastentransport mittels Seils und manuellem mechanischem Haken<\/li>\n<li>Kompatibel f\u00fcr Single und Dual Battery Modus<\/li>\n<\/ul>\n<p><strong>Automatische Pendelsteuerung<\/strong><\/p>\n<ul>\n<li>Intelligenter 3-Wege Kraftsensor<\/li>\n<li>Pendelbewegung der Last werden beim Heben und Absetzen verhindert<\/li>\n<\/ul>\n<p><strong>Notfallmechanismus: Seil Kappen<\/strong><\/p>\n<ul>\n<li>Sobald die Last sich in einem Hindernis verwickeln sollte, kann das Seil gekappt werden<\/li>\n<li>Mechanische Durchtrennung f\u00fcr mehr Sicherheit<\/li>\n<\/ul>\n<p><strong>Sicherheitssystem<\/strong><br \/>\nDas intelligente Sicherheitssystem des DJI FC100 ist mit modernem LiDAR und Millimeterwellenradar ausgestattet. Erg\u00e4nzt wird es durch das Penta-Vision Kamerasystem, das die Umgebung in alle Richtungen erfasst, \u00fcberwacht und Hindernisse intelligent erkennt.<\/p>\n<p><strong>LiDAR<\/strong><\/p>\n<ul>\n<li>Darstellung von r\u00e4umlichen Punktwolken mit einer Erfassung bis zu 300.000 Punkten pro Sekunde<\/li>\n<li>Komplexe Geb\u00e4ude und kleine Hindernisse werden klarer dargestellt als mit Kamerasystemen<\/li>\n<\/ul>\n<p><strong>Millimeterwellenradar<\/strong><\/p>\n<ul>\n<li>Frontradar mit 5000 vertikalen Scans pro Sekunde und 360\u00b0 horizontalem mechanischem Drehscan<\/li>\n<li>Abw\u00e4rtsradar f\u00fcr pr\u00e4zise Hinderniserkennung unterhalb der Drohne<\/li>\n<li>Heckradar f\u00fcr vollst\u00e4ndige Abdeckung des hinteren Bereichs<\/li>\n<\/ul>\n<p><strong>Optimale Beleuchtung<\/strong><\/p>\n<ul>\n<li>Frontlicht mit Fern und Abblendlicht unterst\u00fctzt Hinderniserkennung<\/li>\n<li>Nach unten gerichtete Lichter f\u00fcr die Lasten f\u00fcr sicheres Absetzen und Anheben<\/li>\n<li>Unterst\u00fctz Flugmissionen bei D\u00e4mmerung<\/li>\n<\/ul>\n<p><strong>Penta-Vision Kamerasystem<\/strong><br \/>\nDas Vier-Augen-Sehen ist mit einer FPV-Low-Light-Vollfarbkamera ausgestattet, die hilft, die Flugbilder von vorne, hinten, links, rechts und unten frei zu betrachten und Hindernisse intelligent zu erkennen.<\/p>\n<p><strong>Sicherheitssysteme f\u00fcr den Ein und Auszug sowie dem Starten und Landen<\/strong><br \/>\nVom Start bis zur Landung, vom normalen bis zum Notfall, wird die Sicherheit von Personal, Drohnen und G\u00fctern in allen Szenarien gew\u00e4hrleistet.<\/p>\n<p><strong>Ber\u00fccksichtigung der Lasten bei abgerolltem Seil<\/strong><br \/>\nDer innovative Hindernisvermeidungsalgorithmus erkennt pr\u00e4zise Hindernisse im Bereich der Drohne und der Nutzlast. Er umgeht diese zuverl\u00e4ssig, reduziert das Risiko in komplexen Einsatzszenarien und gew\u00e4hrleistet so maximale Sicherheit f\u00fcr Flugger\u00e4t und Fracht.<\/p>\n<p><strong>AR Safety Assist<\/strong><br \/>\nBeim Start und bei der Landung unterst\u00fctzt das System die AR-basierte Erkennung von Fu\u00dfg\u00e4ngern und Fahrzeugen. Bei der R\u00fcckkehr sorgt es zus\u00e4tzlich f\u00fcr eine pr\u00e4zise Landungsprojektion, um die sichere Landung zu erleichtern.<\/p>\n<p><strong>Gel\u00e4ndeanpassung<\/strong><br \/>\nDie Echtzeit-Erfassung von Gel\u00e4nde\u00e4nderungen stellt sicher, dass der Abstand zum Boden w\u00e4hrend des Flugs nie unter die festgelegte Mindesth\u00f6he f\u00e4llt. So bleibt der Flug auch in komplexem Gel\u00e4nde sicher und stabil.<\/p>\n<p><strong>No Roll-Flight<\/strong><br \/>\nDie neue Unterst\u00fctzung f\u00fcr den No-Roll-Flight-Modus erh\u00f6ht die Seitenwindstabilit\u00e4t und sorgt f\u00fcr eine fehlertolerante Steuerung selbst im Falle eines Motordefektes.<\/p>\n<p><strong>Fallschirm sorgt f\u00fcr Sicherheit<\/strong><br \/>\nDer Fallschirm verf\u00fcgt \u00fcber mehrere redundante Sicherheitsmechanismen und erm\u00f6glicht das \u00d6ffnen auch in geringer H\u00f6he bei maximalem Startgewicht. Dadurch wird die Aufprallgeschwindigkeit der Drohne deutlich reduziert und die Sicherheit von Personen und Sachwerten gew\u00e4hrleistet. Die Bodenkontaktgeschwindigkeit kann auf bis zu 6 m\/s reduziert werden.<\/p>\n<p><strong>Qualitativ hochwertig<\/strong><\/p>\n<ul>\n<li>Sto\u00dffestigkeit<\/li>\n<li>Korrosionsbest\u00e4ndigkeit<\/li>\n<li>Geringe Luftdurchl\u00e4ssigkeit<\/li>\n<\/ul>\n<p><strong>Unabh\u00e4ngige Kontrolle<\/strong><\/p>\n<ul>\n<li>Unabh\u00e4ngige Stromversorgung<\/li>\n<li>Unabh\u00e4ngige Steuerung<\/li>\n<\/ul>\n<p><strong>Mehrfach abgesichert<\/strong><\/p>\n<ul>\n<li>Intelligenter Selbstcheck beim Start<\/li>\n<li>Propellerstopp vor dem \u00d6ffnen des Fallschirms<\/li>\n<\/ul>\n<p><strong>Fernsteuerung und Video\u00fcbertragung<\/strong><\/p>\n<ul>\n<li>DJI RC Plus 2<\/li>\n<li>7 Zoll Bildschirm<\/li>\n<li>6 Stunden Akkulaufzeit, externer Akku erm\u00f6glicht Hot-Swap<\/li>\n<li>Dual Controll Modus f\u00fcr Kontroll\u00fcbergabe der Drohne an unterschiedlichen Orten<\/li>\n<\/ul>\n<p><strong>DJI O4-Bild\u00fcbertragung<\/strong><\/p>\n<ul>\n<li>Optimale Signalst\u00e4rke<\/li>\n<li>Fl\u00fcssige Bildwiedergabe<\/li>\n<\/ul>\n<p><strong>Optionale Steuerung 4G Enhanced Video Transmission Modul<\/strong><\/p>\n<ul>\n<li>Eignet sich hervorragend f\u00fcr komplexe und alpines Terrain<\/li>\n<li>Im Falle einer St\u00f6rung des DJI O4 Signals Positionierung \u00fcber Mobilfunknetz<\/li>\n<\/ul>\n<p><strong>Kompatibilit\u00e4t mit DJI D-RTK3<\/strong><\/p>\n<ul>\n<li>Verwendung als RTK Station zur zentimetergenauen Positionierung<\/li>\n<li>Verwendung als Relais Station zur Erweiterung der Video und Steuerungsreichweite in komplexen Umgebungen<\/li>\n<\/ul>\n<p><strong>Flugplanung \u2013 DJI Delivery App<\/strong><br \/>\nDie neue DJI Delivery App wurde speziell f\u00fcr Zusteller entwickelt und bietet eine intuitive Benutzeroberfl\u00e4che sowie leistungsstarke Funktionen. Sie zeigt den Echtzeit-Flugstatus und die Frachtlieferung der Drohnen klar an und erg\u00e4nzt dies um innovative Features wie die Steuerung von Lade- und Entladepunkten sowie AR-Anzeigen \u2013 f\u00fcr deutlich h\u00f6here operative Effizienz.<\/p>\n<p><strong>Tempomat<\/strong><br \/>\nBei Langstreckenfl\u00fcgen und stabilen Fl\u00fcgen kann die Geschwindigkeitsregelung dazu beitragen, die Erm\u00fcdung des Piloten zu verringern.<\/p>\n<p><strong>Gel\u00e4ndeverfolgung in Echtzeit<\/strong><br \/>\nDas H\u00f6henprofil zeigt Ihnen die Gel\u00e4ndever\u00e4nderungen und die Umgebung in Echtzeit an.<\/p>\n<p><strong>AR-Projektion<\/strong><br \/>\nDie AR-Projektion unterst\u00fctzt den Piloten bei der pr\u00e4zisen Landung und dem Absetzen der Fracht.<\/p>\n<p><strong>Routenaufzeichnung<\/strong><br \/>\nFlugrouten k\u00f6nnen aufgezeichnet und automatisch erneut geflogen werden.<\/p>\n<p><strong>Flugplanung \u2013 DJI DeliveryHub Cloud Plattform<\/strong><br \/>\nDJI DeliveryHub \u2013 die zentrale Plattform f\u00fcr Lufttransporte \u2013 ist vollst\u00e4ndig kompatibel mit allen FlyCart-Tr\u00e4gerdrohnen. Sie erm\u00f6glicht eine effiziente Einsatzplanung, vollst\u00e4ndige Kontrolle der Betriebsabl\u00e4ufe, zentrale Verwaltung von Teamressourcen und bietet umfassende statistische Analysen multidimensionaler Daten.<\/p>\n<p><strong>Intelligente Aufgabenplanung und Durchf\u00fchrung<\/strong><\/p>\n<ul>\n<li>Einsatzplanung aus der Ferne<\/li>\n<li>Sicherheits\u00fcberpr\u00fcfung durchf\u00fchren<\/li>\n<li>Live \u00dcberwachung der Flugmission<\/li>\n<li>Automatische Durchf\u00fchrung der Flugmission<\/li>\n<\/ul>\n<p><strong>\u00dcberwachung der Drohne w\u00e4hrend Flug<\/strong><\/p>\n<ul>\n<li>Die Position der FlyCart100 wird in Echtzeit auf einer 2,5D Basiskarte angezeigt<\/li>\n<li>\u00dcbertragung des FPV Live Feed<\/li>\n<li>Synchronisation des Betriebsstatus \u00fcber mehrere Ger\u00e4te: Computer, Controller, Mobilger\u00e4te<\/li>\n<li>\u00dcbermittlung von Betriebsmeldungen<\/li>\n<\/ul>\n","protected":false},"excerpt":{"rendered":"<p>DJI FlyCart 100 Mit einer beeindruckenden Nutzlast von bis zu 100 kg setzt dieses Flaggschiff neue Ma\u00dfst\u00e4be. Es unterst\u00fctzt zwei verschiedene Lastsysteme f\u00fcr vielf\u00e4ltige Anwendungen und definiert den professionellen Transport neu \u2013 selbst in anspruchsvollen Szenarien. Dank intelligenter Sicherheits- und Hinderniserkennungssysteme meistert der FC100 komplexe Bedingungen und erm\u00f6glicht zuverl\u00e4ssigen Allwetterbetrieb. [&hellip;]<\/p>\n","protected":false},"featured_media":15646,"template":"","meta":{"_acf_changed":false,"_iconic_wsb_product_page_order_bump_ids":[[]],"_sku":[],"_iconic_wsb_product_page_bump_modal_ids":[[]]},"product_brand":[],"product_cat":[166],"product_tag":[],"class_list":{"0":"post-15645","1":"product","2":"type-product","3":"status-publish","4":"has-post-thumbnail","6":"product_cat-transportdrohne","8":"first","9":"instock","10":"taxable","11":"shipping-taxable","12":"product-type-simple"},"acf":[],"yoast_head":"<!-- This site is optimized with the Yoast SEO plugin v27.3 - https:\/\/yoast.com\/product\/yoast-seo-wordpress\/ -->\n<title>DJI FlyCart 100: die Hochleistungsdrohne im Bereich Transport<\/title>\n<meta name=\"description\" content=\"Leistungsstarke Drohne mit hoher Nutzlast und gro\u00dfer Reichweite. Ideal geeignet f\u00fcr die Lieferung an schwer erreichbare Orte z.B. in den Bergen.\" \/>\n<meta name=\"robots\" content=\"index, follow, max-snippet:-1, max-image-preview:large, max-video-preview:-1\" \/>\n<link rel=\"canonical\" href=\"https:\/\/copterpro.de\/shop\/transportdrohne\/dji-fly-cart-100\/\" \/>\n<meta property=\"og:locale\" content=\"de_DE\" \/>\n<meta property=\"og:type\" content=\"article\" \/>\n<meta property=\"og:title\" content=\"DJI FlyCart 100: die Hochleistungsdrohne im Bereich Transport\" \/>\n<meta property=\"og:description\" content=\"Leistungsstarke Drohne mit hoher Nutzlast und gro\u00dfer Reichweite. Ideal geeignet f\u00fcr die Lieferung an schwer erreichbare Orte z.B. in den Bergen.\" \/>\n<meta property=\"og:url\" content=\"https:\/\/copterpro.de\/shop\/transportdrohne\/dji-fly-cart-100\/\" \/>\n<meta property=\"og:site_name\" content=\"Copter Pro\" \/>\n<meta property=\"article:publisher\" content=\"https:\/\/www.facebook.com\/copterprogmbh\" \/>\n<meta property=\"article:modified_time\" content=\"2025-12-15T14:27:58+00:00\" \/>\n<meta property=\"og:image\" content=\"https:\/\/copterpro.de\/shop\/wp-content\/uploads\/2025\/12\/Hintergrundbilder-Shop.webp\" \/>\n\t<meta property=\"og:image:width\" content=\"1080\" \/>\n\t<meta property=\"og:image:height\" content=\"1080\" \/>\n\t<meta property=\"og:image:type\" content=\"image\/webp\" \/>\n<meta name=\"twitter:card\" content=\"summary_large_image\" \/>\n<meta name=\"twitter:label1\" content=\"Gesch\u00e4tzte Lesezeit\" \/>\n\t<meta name=\"twitter:data1\" content=\"6\u00a0Minuten\" \/>\n<script type=\"application\/ld+json\" class=\"yoast-schema-graph\">{\"@context\":\"https:\\\/\\\/schema.org\",\"@graph\":[{\"@type\":\"WebPage\",\"@id\":\"https:\\\/\\\/copterpro.de\\\/shop\\\/transportdrohne\\\/dji-fly-cart-100\\\/\",\"url\":\"https:\\\/\\\/copterpro.de\\\/shop\\\/transportdrohne\\\/dji-fly-cart-100\\\/\",\"name\":\"DJI FlyCart 100: die Hochleistungsdrohne im Bereich Transport\",\"isPartOf\":{\"@id\":\"https:\\\/\\\/copterpro.de\\\/shop\\\/#website\"},\"primaryImageOfPage\":{\"@id\":\"https:\\\/\\\/copterpro.de\\\/shop\\\/transportdrohne\\\/dji-fly-cart-100\\\/#primaryimage\"},\"image\":{\"@id\":\"https:\\\/\\\/copterpro.de\\\/shop\\\/transportdrohne\\\/dji-fly-cart-100\\\/#primaryimage\"},\"thumbnailUrl\":\"https:\\\/\\\/copterpro.de\\\/shop\\\/wp-content\\\/uploads\\\/2025\\\/12\\\/Hintergrundbilder-Shop.webp\",\"datePublished\":\"2025-12-04T09:46:53+00:00\",\"dateModified\":\"2025-12-15T14:27:58+00:00\",\"description\":\"Leistungsstarke Drohne mit hoher Nutzlast und gro\u00dfer Reichweite. Ideal geeignet f\u00fcr die Lieferung an schwer erreichbare Orte z.B. in den Bergen.\",\"breadcrumb\":{\"@id\":\"https:\\\/\\\/copterpro.de\\\/shop\\\/transportdrohne\\\/dji-fly-cart-100\\\/#breadcrumb\"},\"inLanguage\":\"de\",\"potentialAction\":[{\"@type\":\"ReadAction\",\"target\":[\"https:\\\/\\\/copterpro.de\\\/shop\\\/transportdrohne\\\/dji-fly-cart-100\\\/\"]}]},{\"@type\":\"ImageObject\",\"inLanguage\":\"de\",\"@id\":\"https:\\\/\\\/copterpro.de\\\/shop\\\/transportdrohne\\\/dji-fly-cart-100\\\/#primaryimage\",\"url\":\"https:\\\/\\\/copterpro.de\\\/shop\\\/wp-content\\\/uploads\\\/2025\\\/12\\\/Hintergrundbilder-Shop.webp\",\"contentUrl\":\"https:\\\/\\\/copterpro.de\\\/shop\\\/wp-content\\\/uploads\\\/2025\\\/12\\\/Hintergrundbilder-Shop.webp\",\"width\":1080,\"height\":1080,\"caption\":\"DJI Fly Cart 100\"},{\"@type\":\"BreadcrumbList\",\"@id\":\"https:\\\/\\\/copterpro.de\\\/shop\\\/transportdrohne\\\/dji-fly-cart-100\\\/#breadcrumb\",\"itemListElement\":[{\"@type\":\"ListItem\",\"position\":1,\"name\":\"Startseite\",\"item\":\"https:\\\/\\\/copterpro.de\\\/shop\\\/\"},{\"@type\":\"ListItem\",\"position\":2,\"name\":\"Shop\",\"item\":\"https:\\\/\\\/copterpro.de\\\/shop\\\/shop\\\/\"},{\"@type\":\"ListItem\",\"position\":3,\"name\":\"DJI Fly Cart 100\"}]},{\"@type\":\"WebSite\",\"@id\":\"https:\\\/\\\/copterpro.de\\\/shop\\\/#website\",\"url\":\"https:\\\/\\\/copterpro.de\\\/shop\\\/\",\"name\":\"Copter Pro\",\"description\":\"\",\"publisher\":{\"@id\":\"https:\\\/\\\/copterpro.de\\\/shop\\\/#organization\"},\"potentialAction\":[{\"@type\":\"SearchAction\",\"target\":{\"@type\":\"EntryPoint\",\"urlTemplate\":\"https:\\\/\\\/copterpro.de\\\/shop\\\/?s={search_term_string}\"},\"query-input\":{\"@type\":\"PropertyValueSpecification\",\"valueRequired\":true,\"valueName\":\"search_term_string\"}}],\"inLanguage\":\"de\"},{\"@type\":\"Organization\",\"@id\":\"https:\\\/\\\/copterpro.de\\\/shop\\\/#organization\",\"name\":\"Copter Pro\",\"url\":\"https:\\\/\\\/copterpro.de\\\/shop\\\/\",\"logo\":{\"@type\":\"ImageObject\",\"inLanguage\":\"de\",\"@id\":\"https:\\\/\\\/copterpro.de\\\/shop\\\/#\\\/schema\\\/logo\\\/image\\\/\",\"url\":\"https:\\\/\\\/copterpro.de\\\/shop\\\/wp-content\\\/uploads\\\/2025\\\/04\\\/copterpro.svg\",\"contentUrl\":\"https:\\\/\\\/copterpro.de\\\/shop\\\/wp-content\\\/uploads\\\/2025\\\/04\\\/copterpro.svg\",\"caption\":\"Copter Pro\"},\"image\":{\"@id\":\"https:\\\/\\\/copterpro.de\\\/shop\\\/#\\\/schema\\\/logo\\\/image\\\/\"},\"sameAs\":[\"https:\\\/\\\/www.facebook.com\\\/copterprogmbh\"]}]}<\/script>\n<!-- \/ Yoast SEO plugin. -->","yoast_head_json":{"title":"DJI FlyCart 100: die Hochleistungsdrohne im Bereich Transport","description":"Leistungsstarke Drohne mit hoher Nutzlast und gro\u00dfer Reichweite. Ideal geeignet f\u00fcr die Lieferung an schwer erreichbare Orte z.B. in den Bergen.","robots":{"index":"index","follow":"follow","max-snippet":"max-snippet:-1","max-image-preview":"max-image-preview:large","max-video-preview":"max-video-preview:-1"},"canonical":"https:\/\/copterpro.de\/shop\/transportdrohne\/dji-fly-cart-100\/","og_locale":"de_DE","og_type":"article","og_title":"DJI FlyCart 100: die Hochleistungsdrohne im Bereich Transport","og_description":"Leistungsstarke Drohne mit hoher Nutzlast und gro\u00dfer Reichweite. Ideal geeignet f\u00fcr die Lieferung an schwer erreichbare Orte z.B. in den Bergen.","og_url":"https:\/\/copterpro.de\/shop\/transportdrohne\/dji-fly-cart-100\/","og_site_name":"Copter Pro","article_publisher":"https:\/\/www.facebook.com\/copterprogmbh","article_modified_time":"2025-12-15T14:27:58+00:00","og_image":[{"width":1080,"height":1080,"url":"https:\/\/copterpro.de\/shop\/wp-content\/uploads\/2025\/12\/Hintergrundbilder-Shop.webp","type":"image\/webp"}],"twitter_card":"summary_large_image","twitter_misc":{"Gesch\u00e4tzte Lesezeit":"6\u00a0Minuten"},"schema":{"@context":"https:\/\/schema.org","@graph":[{"@type":"WebPage","@id":"https:\/\/copterpro.de\/shop\/transportdrohne\/dji-fly-cart-100\/","url":"https:\/\/copterpro.de\/shop\/transportdrohne\/dji-fly-cart-100\/","name":"DJI FlyCart 100: die Hochleistungsdrohne im Bereich Transport","isPartOf":{"@id":"https:\/\/copterpro.de\/shop\/#website"},"primaryImageOfPage":{"@id":"https:\/\/copterpro.de\/shop\/transportdrohne\/dji-fly-cart-100\/#primaryimage"},"image":{"@id":"https:\/\/copterpro.de\/shop\/transportdrohne\/dji-fly-cart-100\/#primaryimage"},"thumbnailUrl":"https:\/\/copterpro.de\/shop\/wp-content\/uploads\/2025\/12\/Hintergrundbilder-Shop.webp","datePublished":"2025-12-04T09:46:53+00:00","dateModified":"2025-12-15T14:27:58+00:00","description":"Leistungsstarke Drohne mit hoher Nutzlast und gro\u00dfer Reichweite. Ideal geeignet f\u00fcr die Lieferung an schwer erreichbare Orte z.B. in den Bergen.","breadcrumb":{"@id":"https:\/\/copterpro.de\/shop\/transportdrohne\/dji-fly-cart-100\/#breadcrumb"},"inLanguage":"de","potentialAction":[{"@type":"ReadAction","target":["https:\/\/copterpro.de\/shop\/transportdrohne\/dji-fly-cart-100\/"]}]},{"@type":"ImageObject","inLanguage":"de","@id":"https:\/\/copterpro.de\/shop\/transportdrohne\/dji-fly-cart-100\/#primaryimage","url":"https:\/\/copterpro.de\/shop\/wp-content\/uploads\/2025\/12\/Hintergrundbilder-Shop.webp","contentUrl":"https:\/\/copterpro.de\/shop\/wp-content\/uploads\/2025\/12\/Hintergrundbilder-Shop.webp","width":1080,"height":1080,"caption":"DJI Fly Cart 100"},{"@type":"BreadcrumbList","@id":"https:\/\/copterpro.de\/shop\/transportdrohne\/dji-fly-cart-100\/#breadcrumb","itemListElement":[{"@type":"ListItem","position":1,"name":"Startseite","item":"https:\/\/copterpro.de\/shop\/"},{"@type":"ListItem","position":2,"name":"Shop","item":"https:\/\/copterpro.de\/shop\/shop\/"},{"@type":"ListItem","position":3,"name":"DJI Fly Cart 100"}]},{"@type":"WebSite","@id":"https:\/\/copterpro.de\/shop\/#website","url":"https:\/\/copterpro.de\/shop\/","name":"Copter Pro","description":"","publisher":{"@id":"https:\/\/copterpro.de\/shop\/#organization"},"potentialAction":[{"@type":"SearchAction","target":{"@type":"EntryPoint","urlTemplate":"https:\/\/copterpro.de\/shop\/?s={search_term_string}"},"query-input":{"@type":"PropertyValueSpecification","valueRequired":true,"valueName":"search_term_string"}}],"inLanguage":"de"},{"@type":"Organization","@id":"https:\/\/copterpro.de\/shop\/#organization","name":"Copter Pro","url":"https:\/\/copterpro.de\/shop\/","logo":{"@type":"ImageObject","inLanguage":"de","@id":"https:\/\/copterpro.de\/shop\/#\/schema\/logo\/image\/","url":"https:\/\/copterpro.de\/shop\/wp-content\/uploads\/2025\/04\/copterpro.svg","contentUrl":"https:\/\/copterpro.de\/shop\/wp-content\/uploads\/2025\/04\/copterpro.svg","caption":"Copter Pro"},"image":{"@id":"https:\/\/copterpro.de\/shop\/#\/schema\/logo\/image\/"},"sameAs":["https:\/\/www.facebook.com\/copterprogmbh"]}]}},"_links":{"self":[{"href":"https:\/\/copterpro.de\/shop\/wp-json\/wp\/v2\/product\/15645","targetHints":{"allow":["GET"]}}],"collection":[{"href":"https:\/\/copterpro.de\/shop\/wp-json\/wp\/v2\/product"}],"about":[{"href":"https:\/\/copterpro.de\/shop\/wp-json\/wp\/v2\/types\/product"}],"wp:featuredmedia":[{"embeddable":true,"href":"https:\/\/copterpro.de\/shop\/wp-json\/wp\/v2\/media\/15646"}],"wp:attachment":[{"href":"https:\/\/copterpro.de\/shop\/wp-json\/wp\/v2\/media?parent=15645"}],"wp:term":[{"taxonomy":"product_brand","embeddable":true,"href":"https:\/\/copterpro.de\/shop\/wp-json\/wp\/v2\/product_brand?post=15645"},{"taxonomy":"product_cat","embeddable":true,"href":"https:\/\/copterpro.de\/shop\/wp-json\/wp\/v2\/product_cat?post=15645"},{"taxonomy":"product_tag","embeddable":true,"href":"https:\/\/copterpro.de\/shop\/wp-json\/wp\/v2\/product_tag?post=15645"}],"curies":[{"name":"wp","href":"https:\/\/api.w.org\/{rel}","templated":true}]}}