{"id":16381,"date":"2026-03-26T10:50:12","date_gmt":"2026-03-26T09:50:12","guid":{"rendered":"https:\/\/copterpro.de\/shop\/?post_type=product&#038;p=16381"},"modified":"2026-04-10T12:08:15","modified_gmt":"2026-04-10T10:08:15","slug":"hotspot-erkennungs-ki","status":"publish","type":"product","link":"https:\/\/copterpro.de\/shop\/copterpro-ai\/hotspot-erkennungs-ki\/","title":{"rendered":"Hot Spot Erkennungs-KI f\u00fcr Drohnen (Jahreslizenz f\u00fcr ein Ger\u00e4t) inkl. Zugang zur Copterpro Academy"},"content":{"rendered":"<h1 data-section-id=\"1c01kjd\" data-start=\"108\" data-end=\"148\">Hot Spot Erkennungs-KI f\u00fcr PV-Anlagen<\/h1>\n<h3>Lieferumfang<\/h3>\n<ul>\n<li data-section-id=\"hid6cp\" data-start=\"2865\" data-end=\"2904\">1x Zugang zur Online Schulung Hot Spot KI in der Copterpro Academy<\/li>\n<li data-section-id=\"hid6cp\" data-start=\"2865\" data-end=\"2904\">1x Lizenz \/ Nutzung der K\u00fcnstlichen Intelligenz (12 Monate f\u00fcr ein Ger\u00e4t\/ Seriennummer gebunden)<\/li>\n<li data-section-id=\"zyl5xa\" data-start=\"2905\" data-end=\"2952\">12 Monate Zugriff auf Updates und Weiterentwicklungen<\/li>\n<li data-section-id=\"ijfnha\" data-start=\"2953\" data-end=\"2994\">Anleitung zur Einrichtung und Nutzung per Videokurs<\/li>\n<li data-section-id=\"ijfnha\" data-start=\"2953\" data-end=\"2994\">*Bereits heruntergeladene KI Modelle bleiben nach 12 Monaten bestehen (lediglich keine Updates mehr verf\u00fcgbar)*<\/li>\n<\/ul>\n<p><strong>*Die Lizenz zur Nutzung der Software ist g\u00fcltig f\u00fcr 12 Monate und ist an die Seriennummer einer Drohne gebunden<br \/>\nNach 12 Monaten wird die KI weiterhin zur Verf\u00fcgung stehen, es werden lediglich keine Updates mehr verf\u00fcgbar sein ohne Verl\u00e4ngerung der Lizenz\u00a0<\/strong><\/p>\n<p><strong>Kompatible Drohnenmodelle:\u00a0<\/strong><\/p>\n<ul>\n<li>DJI Matrice 4T<\/li>\n<li>DJI Matrice 4TD<\/li>\n<li>DJI Matrice 400 mit W\u00e4rmebildkamera (zb. H30T)<\/li>\n<\/ul>\n<p><strong>*Alle Ger\u00e4te der Matrice 4 und 400 Serie mit W\u00e4rmebildkamera<\/strong><\/p>\n<h2 data-section-id=\"1olyxsy\" data-start=\"149\" data-end=\"210\">Intelligente Fehlererkennung f\u00fcr maximale Anlageneffizienz<\/h2>\n<p data-start=\"212\" data-end=\"539\">Die <strong data-start=\"216\" data-end=\"270\">HotSpot-Erkennungs KI f\u00fcr PV-Anlagen <\/strong>\u00a0erm\u00f6glicht eine automatisierte und pr\u00e4zise Analyse von Solarmodulen mittels Drohne und W\u00e4rmebildtechnik. Ziel ist es, potenzielle Defekte fr\u00fchzeitig zu erkennen, Leistungsverluste zu minimieren und die Betriebssicherheit von Photovoltaikanlagen nachhaltig zu steigern.<\/p>\n<p data-start=\"541\" data-end=\"853\">Durch den Einsatz k\u00fcnstlicher Intelligenz werden thermische Auff\u00e4lligkeiten wie sogenannte Hotspots automatisch identifiziert und im Bild markiert. Diese entstehen h\u00e4ufig durch Zellsch\u00e4den, Verschmutzungen oder Kontaktprobleme und k\u00f6nnen langfristig zu erheblichen Ertragseinbu\u00dfen oder sogar Brandrisiken f\u00fchren.<\/p>\n<p data-start=\"855\" data-end=\"1206\">Die KI analysiert die aufgenommenen W\u00e4rmebilder in Echtzeit oder nachgelagert und unterst\u00fctzt dich dabei, gro\u00dfe PV-Anlagen effizient und systematisch zu \u00fcberpr\u00fcfen. Besonders bei gro\u00dfen Solarparks oder schwer zug\u00e4nglichen Dachanlagen sorgt die L\u00f6sung f\u00fcr eine enorme Zeitersparnis und eine deutlich h\u00f6here Genauigkeit gegen\u00fcber manuellen Auswertungen.<\/p>\n<p data-start=\"1208\" data-end=\"1415\">Die HotSpot-Erkennungs KI ist die ideale L\u00f6sung f\u00fcr Dienstleister, Energieversorger, Solarteure und Betreiber von Photovoltaikanlagen, die auf eine schnelle, skalierbare und professionelle Inspektion setzen.<\/p>\n<p data-start=\"1208\" data-end=\"1415\"><strong>*Die Lizenz zur Nutzung der Software ist g\u00fcltig f\u00fcr 12 Monate und ist an die Seriennummer einer Drohne gebunden<br \/>\nNach 12 Monaten wird die KI weiterhin zur Verf\u00fcgung stehen, es werden lediglich keine Updates mehr verf\u00fcgbar sein ohne Verl\u00e4ngerung der Lizenz\u00a0<\/strong><\/p>\n","protected":false},"excerpt":{"rendered":"<h3>Lieferumfang<\/h3>\n<ul>\n<li data-section-id=\"hid6cp\" data-start=\"2865\" data-end=\"2904\">1x Zugang zur Online Schulung Hot Spot KI in der Copterpro Academy<\/li>\n<li data-section-id=\"hid6cp\" data-start=\"2865\" data-end=\"2904\">1x Lizenz \/ Nutzung der K\u00fcnstlichen Intelligenz (12 Monate f\u00fcr ein Ger\u00e4t\/ Seriennummer gebunden)<\/li>\n<li data-section-id=\"zyl5xa\" data-start=\"2905\" data-end=\"2952\">12 Monate Zugriff auf Updates und Weiterentwicklungen<\/li>\n<li data-section-id=\"ijfnha\" data-start=\"2953\" data-end=\"2994\">Anleitung zur Einrichtung und Nutzung per Videokurs<\/li>\n<li data-section-id=\"ijfnha\" data-start=\"2953\" data-end=\"2994\">*Bereits heruntergeladene KI Modelle bleiben nach 12 Monaten bestehen (lediglich keine Updates mehr verf\u00fcgbar)*<\/li>\n<\/ul>\n","protected":false},"featured_media":16378,"template":"","meta":{"_acf_changed":false,"_iconic_wsb_product_page_order_bump_ids":[[]],"_sku":[],"_iconic_wsb_product_page_bump_modal_ids":[[]]},"product_brand":[],"product_cat":[188],"product_tag":[],"class_list":{"0":"post-16381","1":"product","2":"type-product","3":"status-publish","4":"has-post-thumbnail","6":"product_cat-copterpro-ai","8":"first","9":"instock","10":"sale","11":"virtual","12":"taxable","13":"purchasable","14":"product-type-simple"},"acf":[],"yoast_head":"<!-- This site is optimized with the Yoast SEO plugin v27.3 - https:\/\/yoast.com\/product\/yoast-seo-wordpress\/ -->\n<title>Hot Spot Erkennungs-KI f\u00fcr Drohnen (Jahreslizenz f\u00fcr ein Ger\u00e4t) inkl. Zugang zur Copterpro Academy - Copter Pro<\/title>\n<meta name=\"description\" content=\"HotSpot Erkennungs KI f\u00fcr PV-Anlagen kaufen. Automatische Analyse von W\u00e4rmebildern zur Fehlererkennung und Effizienzsteigerung bei Drohneninspektionen von Solaranlagen.\" \/>\n<meta name=\"robots\" content=\"index, follow, max-snippet:-1, max-image-preview:large, max-video-preview:-1\" \/>\n<link rel=\"canonical\" href=\"https:\/\/copterpro.de\/shop\/copterpro-ai\/hotspot-erkennungs-ki\/\" \/>\n<meta property=\"og:locale\" content=\"de_DE\" \/>\n<meta property=\"og:type\" content=\"article\" \/>\n<meta property=\"og:title\" content=\"Hot Spot Erkennungs-KI f\u00fcr Drohnen (Jahreslizenz f\u00fcr ein Ger\u00e4t) inkl. Zugang zur Copterpro Academy - Copter Pro\" \/>\n<meta property=\"og:description\" content=\"HotSpot Erkennungs KI f\u00fcr PV-Anlagen kaufen. Automatische Analyse von W\u00e4rmebildern zur Fehlererkennung und Effizienzsteigerung bei Drohneninspektionen von Solaranlagen.\" \/>\n<meta property=\"og:url\" content=\"https:\/\/copterpro.de\/shop\/copterpro-ai\/hotspot-erkennungs-ki\/\" \/>\n<meta property=\"og:site_name\" content=\"Copter Pro\" \/>\n<meta property=\"article:publisher\" content=\"https:\/\/www.facebook.com\/copterprogmbh\" \/>\n<meta property=\"article:modified_time\" content=\"2026-04-10T10:08:15+00:00\" \/>\n<meta property=\"og:image\" content=\"https:\/\/copterpro.de\/shop\/wp-content\/uploads\/2026\/03\/Solar_Hotspots_detection.webp\" \/>\n\t<meta property=\"og:image:width\" content=\"640\" \/>\n\t<meta property=\"og:image:height\" content=\"446\" \/>\n\t<meta property=\"og:image:type\" content=\"image\/webp\" \/>\n<meta name=\"twitter:card\" content=\"summary_large_image\" \/>\n<meta name=\"twitter:label1\" content=\"Gesch\u00e4tzte Lesezeit\" \/>\n\t<meta name=\"twitter:data1\" content=\"2\u00a0Minuten\" \/>\n<script type=\"application\/ld+json\" class=\"yoast-schema-graph\">{\"@context\":\"https:\\\/\\\/schema.org\",\"@graph\":[{\"@type\":\"WebPage\",\"@id\":\"https:\\\/\\\/copterpro.de\\\/shop\\\/copterpro-ai\\\/hotspot-erkennungs-ki\\\/\",\"url\":\"https:\\\/\\\/copterpro.de\\\/shop\\\/copterpro-ai\\\/hotspot-erkennungs-ki\\\/\",\"name\":\"Hot Spot Erkennungs-KI f\u00fcr Drohnen (Jahreslizenz f\u00fcr ein Ger\u00e4t) inkl. Zugang zur Copterpro Academy - Copter Pro\",\"isPartOf\":{\"@id\":\"https:\\\/\\\/copterpro.de\\\/shop\\\/#website\"},\"primaryImageOfPage\":{\"@id\":\"https:\\\/\\\/copterpro.de\\\/shop\\\/copterpro-ai\\\/hotspot-erkennungs-ki\\\/#primaryimage\"},\"image\":{\"@id\":\"https:\\\/\\\/copterpro.de\\\/shop\\\/copterpro-ai\\\/hotspot-erkennungs-ki\\\/#primaryimage\"},\"thumbnailUrl\":\"https:\\\/\\\/copterpro.de\\\/shop\\\/wp-content\\\/uploads\\\/2026\\\/03\\\/Solar_Hotspots_detection.webp\",\"datePublished\":\"2026-03-26T09:50:12+00:00\",\"dateModified\":\"2026-04-10T10:08:15+00:00\",\"description\":\"HotSpot Erkennungs KI f\u00fcr PV-Anlagen kaufen. Automatische Analyse von W\u00e4rmebildern zur Fehlererkennung und Effizienzsteigerung bei Drohneninspektionen von Solaranlagen.\",\"breadcrumb\":{\"@id\":\"https:\\\/\\\/copterpro.de\\\/shop\\\/copterpro-ai\\\/hotspot-erkennungs-ki\\\/#breadcrumb\"},\"inLanguage\":\"de\",\"potentialAction\":[{\"@type\":\"ReadAction\",\"target\":[\"https:\\\/\\\/copterpro.de\\\/shop\\\/copterpro-ai\\\/hotspot-erkennungs-ki\\\/\"]}]},{\"@type\":\"ImageObject\",\"inLanguage\":\"de\",\"@id\":\"https:\\\/\\\/copterpro.de\\\/shop\\\/copterpro-ai\\\/hotspot-erkennungs-ki\\\/#primaryimage\",\"url\":\"https:\\\/\\\/copterpro.de\\\/shop\\\/wp-content\\\/uploads\\\/2026\\\/03\\\/Solar_Hotspots_detection.webp\",\"contentUrl\":\"https:\\\/\\\/copterpro.de\\\/shop\\\/wp-content\\\/uploads\\\/2026\\\/03\\\/Solar_Hotspots_detection.webp\",\"width\":640,\"height\":446,\"caption\":\"PV HotSpot Erkennung AI\"},{\"@type\":\"BreadcrumbList\",\"@id\":\"https:\\\/\\\/copterpro.de\\\/shop\\\/copterpro-ai\\\/hotspot-erkennungs-ki\\\/#breadcrumb\",\"itemListElement\":[{\"@type\":\"ListItem\",\"position\":1,\"name\":\"Startseite\",\"item\":\"https:\\\/\\\/copterpro.de\\\/shop\\\/\"},{\"@type\":\"ListItem\",\"position\":2,\"name\":\"Shop\",\"item\":\"https:\\\/\\\/copterpro.de\\\/shop\\\/shop\\\/\"},{\"@type\":\"ListItem\",\"position\":3,\"name\":\"Hot Spot Erkennungs-KI f\u00fcr Drohnen (Jahreslizenz f\u00fcr ein Ger\u00e4t) inkl. Zugang zur Copterpro Academy\"}]},{\"@type\":\"WebSite\",\"@id\":\"https:\\\/\\\/copterpro.de\\\/shop\\\/#website\",\"url\":\"https:\\\/\\\/copterpro.de\\\/shop\\\/\",\"name\":\"Copter Pro\",\"description\":\"\",\"publisher\":{\"@id\":\"https:\\\/\\\/copterpro.de\\\/shop\\\/#organization\"},\"potentialAction\":[{\"@type\":\"SearchAction\",\"target\":{\"@type\":\"EntryPoint\",\"urlTemplate\":\"https:\\\/\\\/copterpro.de\\\/shop\\\/?s={search_term_string}\"},\"query-input\":{\"@type\":\"PropertyValueSpecification\",\"valueRequired\":true,\"valueName\":\"search_term_string\"}}],\"inLanguage\":\"de\"},{\"@type\":\"Organization\",\"@id\":\"https:\\\/\\\/copterpro.de\\\/shop\\\/#organization\",\"name\":\"Copter Pro\",\"url\":\"https:\\\/\\\/copterpro.de\\\/shop\\\/\",\"logo\":{\"@type\":\"ImageObject\",\"inLanguage\":\"de\",\"@id\":\"https:\\\/\\\/copterpro.de\\\/shop\\\/#\\\/schema\\\/logo\\\/image\\\/\",\"url\":\"https:\\\/\\\/copterpro.de\\\/shop\\\/wp-content\\\/uploads\\\/2025\\\/04\\\/copterpro.svg\",\"contentUrl\":\"https:\\\/\\\/copterpro.de\\\/shop\\\/wp-content\\\/uploads\\\/2025\\\/04\\\/copterpro.svg\",\"caption\":\"Copter Pro\"},\"image\":{\"@id\":\"https:\\\/\\\/copterpro.de\\\/shop\\\/#\\\/schema\\\/logo\\\/image\\\/\"},\"sameAs\":[\"https:\\\/\\\/www.facebook.com\\\/copterprogmbh\"]}]}<\/script>\n<!-- \/ Yoast SEO plugin. -->","yoast_head_json":{"title":"Hot Spot Erkennungs-KI f\u00fcr Drohnen (Jahreslizenz f\u00fcr ein Ger\u00e4t) inkl. Zugang zur Copterpro Academy - Copter Pro","description":"HotSpot Erkennungs KI f\u00fcr PV-Anlagen kaufen. Automatische Analyse von W\u00e4rmebildern zur Fehlererkennung und Effizienzsteigerung bei Drohneninspektionen von Solaranlagen.","robots":{"index":"index","follow":"follow","max-snippet":"max-snippet:-1","max-image-preview":"max-image-preview:large","max-video-preview":"max-video-preview:-1"},"canonical":"https:\/\/copterpro.de\/shop\/copterpro-ai\/hotspot-erkennungs-ki\/","og_locale":"de_DE","og_type":"article","og_title":"Hot Spot Erkennungs-KI f\u00fcr Drohnen (Jahreslizenz f\u00fcr ein Ger\u00e4t) inkl. Zugang zur Copterpro Academy - Copter Pro","og_description":"HotSpot Erkennungs KI f\u00fcr PV-Anlagen kaufen. Automatische Analyse von W\u00e4rmebildern zur Fehlererkennung und Effizienzsteigerung bei Drohneninspektionen von Solaranlagen.","og_url":"https:\/\/copterpro.de\/shop\/copterpro-ai\/hotspot-erkennungs-ki\/","og_site_name":"Copter Pro","article_publisher":"https:\/\/www.facebook.com\/copterprogmbh","article_modified_time":"2026-04-10T10:08:15+00:00","og_image":[{"width":640,"height":446,"url":"https:\/\/copterpro.de\/shop\/wp-content\/uploads\/2026\/03\/Solar_Hotspots_detection.webp","type":"image\/webp"}],"twitter_card":"summary_large_image","twitter_misc":{"Gesch\u00e4tzte Lesezeit":"2\u00a0Minuten"},"schema":{"@context":"https:\/\/schema.org","@graph":[{"@type":"WebPage","@id":"https:\/\/copterpro.de\/shop\/copterpro-ai\/hotspot-erkennungs-ki\/","url":"https:\/\/copterpro.de\/shop\/copterpro-ai\/hotspot-erkennungs-ki\/","name":"Hot Spot Erkennungs-KI f\u00fcr Drohnen (Jahreslizenz f\u00fcr ein Ger\u00e4t) inkl. Zugang zur Copterpro Academy - Copter Pro","isPartOf":{"@id":"https:\/\/copterpro.de\/shop\/#website"},"primaryImageOfPage":{"@id":"https:\/\/copterpro.de\/shop\/copterpro-ai\/hotspot-erkennungs-ki\/#primaryimage"},"image":{"@id":"https:\/\/copterpro.de\/shop\/copterpro-ai\/hotspot-erkennungs-ki\/#primaryimage"},"thumbnailUrl":"https:\/\/copterpro.de\/shop\/wp-content\/uploads\/2026\/03\/Solar_Hotspots_detection.webp","datePublished":"2026-03-26T09:50:12+00:00","dateModified":"2026-04-10T10:08:15+00:00","description":"HotSpot Erkennungs KI f\u00fcr PV-Anlagen kaufen. Automatische Analyse von W\u00e4rmebildern zur Fehlererkennung und Effizienzsteigerung bei Drohneninspektionen von Solaranlagen.","breadcrumb":{"@id":"https:\/\/copterpro.de\/shop\/copterpro-ai\/hotspot-erkennungs-ki\/#breadcrumb"},"inLanguage":"de","potentialAction":[{"@type":"ReadAction","target":["https:\/\/copterpro.de\/shop\/copterpro-ai\/hotspot-erkennungs-ki\/"]}]},{"@type":"ImageObject","inLanguage":"de","@id":"https:\/\/copterpro.de\/shop\/copterpro-ai\/hotspot-erkennungs-ki\/#primaryimage","url":"https:\/\/copterpro.de\/shop\/wp-content\/uploads\/2026\/03\/Solar_Hotspots_detection.webp","contentUrl":"https:\/\/copterpro.de\/shop\/wp-content\/uploads\/2026\/03\/Solar_Hotspots_detection.webp","width":640,"height":446,"caption":"PV HotSpot Erkennung AI"},{"@type":"BreadcrumbList","@id":"https:\/\/copterpro.de\/shop\/copterpro-ai\/hotspot-erkennungs-ki\/#breadcrumb","itemListElement":[{"@type":"ListItem","position":1,"name":"Startseite","item":"https:\/\/copterpro.de\/shop\/"},{"@type":"ListItem","position":2,"name":"Shop","item":"https:\/\/copterpro.de\/shop\/shop\/"},{"@type":"ListItem","position":3,"name":"Hot Spot Erkennungs-KI f\u00fcr Drohnen (Jahreslizenz f\u00fcr ein Ger\u00e4t) inkl. Zugang zur Copterpro Academy"}]},{"@type":"WebSite","@id":"https:\/\/copterpro.de\/shop\/#website","url":"https:\/\/copterpro.de\/shop\/","name":"Copter Pro","description":"","publisher":{"@id":"https:\/\/copterpro.de\/shop\/#organization"},"potentialAction":[{"@type":"SearchAction","target":{"@type":"EntryPoint","urlTemplate":"https:\/\/copterpro.de\/shop\/?s={search_term_string}"},"query-input":{"@type":"PropertyValueSpecification","valueRequired":true,"valueName":"search_term_string"}}],"inLanguage":"de"},{"@type":"Organization","@id":"https:\/\/copterpro.de\/shop\/#organization","name":"Copter Pro","url":"https:\/\/copterpro.de\/shop\/","logo":{"@type":"ImageObject","inLanguage":"de","@id":"https:\/\/copterpro.de\/shop\/#\/schema\/logo\/image\/","url":"https:\/\/copterpro.de\/shop\/wp-content\/uploads\/2025\/04\/copterpro.svg","contentUrl":"https:\/\/copterpro.de\/shop\/wp-content\/uploads\/2025\/04\/copterpro.svg","caption":"Copter Pro"},"image":{"@id":"https:\/\/copterpro.de\/shop\/#\/schema\/logo\/image\/"},"sameAs":["https:\/\/www.facebook.com\/copterprogmbh"]}]}},"_links":{"self":[{"href":"https:\/\/copterpro.de\/shop\/wp-json\/wp\/v2\/product\/16381","targetHints":{"allow":["GET"]}}],"collection":[{"href":"https:\/\/copterpro.de\/shop\/wp-json\/wp\/v2\/product"}],"about":[{"href":"https:\/\/copterpro.de\/shop\/wp-json\/wp\/v2\/types\/product"}],"wp:featuredmedia":[{"embeddable":true,"href":"https:\/\/copterpro.de\/shop\/wp-json\/wp\/v2\/media\/16378"}],"wp:attachment":[{"href":"https:\/\/copterpro.de\/shop\/wp-json\/wp\/v2\/media?parent=16381"}],"wp:term":[{"taxonomy":"product_brand","embeddable":true,"href":"https:\/\/copterpro.de\/shop\/wp-json\/wp\/v2\/product_brand?post=16381"},{"taxonomy":"product_cat","embeddable":true,"href":"https:\/\/copterpro.de\/shop\/wp-json\/wp\/v2\/product_cat?post=16381"},{"taxonomy":"product_tag","embeddable":true,"href":"https:\/\/copterpro.de\/shop\/wp-json\/wp\/v2\/product_tag?post=16381"}],"curies":[{"name":"wp","href":"https:\/\/api.w.org\/{rel}","templated":true}]}}