{"id":17776,"date":"2026-05-07T10:10:41","date_gmt":"2026-05-07T08:10:41","guid":{"rendered":"https:\/\/copterpro.de\/shop\/?post_type=product&#038;p=17776"},"modified":"2026-05-08T12:41:45","modified_gmt":"2026-05-08T10:41:45","slug":"vogelnesterkennungs-ki","status":"publish","type":"product","link":"https:\/\/copterpro.de\/shop\/copterpro-ai\/vogelnesterkennungs-ki\/","title":{"rendered":"Vogelnesterkennungs-KI f\u00fcr Drohnen (Jahreslizenz f\u00fcr ein Ger\u00e4t) inkl. Zugang zur Copterpro Academy"},"content":{"rendered":"<h2 data-section-id=\"lcgbk1\" data-start=\"225\" data-end=\"270\">Intelligente Vogelnesterkennung in Echtzeit<\/h2>\n<h3>Lieferumfang<\/h3>\n<ul>\n<li data-section-id=\"hid6cp\" data-start=\"2865\" data-end=\"2904\">1x Zugang zur Online Schulung Vogelnesterkennungs-KI in der Copterpro Academy<\/li>\n<li data-section-id=\"hid6cp\" data-start=\"2865\" data-end=\"2904\">1x Lizenz \/ Nutzung der K\u00fcnstlichen Intelligenz (12 Monate f\u00fcr ein Ger\u00e4t\/ Seriennummer gebunden)<\/li>\n<li data-section-id=\"zyl5xa\" data-start=\"2905\" data-end=\"2952\">12 Monate Zugriff auf Updates und Weiterentwicklungen<\/li>\n<li data-section-id=\"ijfnha\" data-start=\"2953\" data-end=\"2994\">Anleitung zur Einrichtung und Nutzung per Videokurs<\/li>\n<li data-section-id=\"ijfnha\" data-start=\"2953\" data-end=\"2994\">*Bereits heruntergeladene KI Modelle bleiben nach 12 Monaten bestehen (lediglich keine Updates mehr verf\u00fcgbar)*<\/li>\n<\/ul>\n<p><strong>*Die Lizenz zur Nutzung der Software ist g\u00fcltig f\u00fcr 12 Monate und ist an die Seriennummer einer Drohne gebunden<br \/>\nNach 12 Monaten wird die KI weiterhin zur Verf\u00fcgung stehen, es werden lediglich keine Updates mehr verf\u00fcgbar sein ohne Verl\u00e4ngerung der Lizenz\u00a0<\/strong><\/p>\n<p><strong>Kompatible Drohnenmodelle:\u00a0<\/strong><\/p>\n<ul>\n<li>DJI Matrice 4T<\/li>\n<li>DJI Matrice 4TD<\/li>\n<li>DJI Matrice 400 mit W\u00e4rmebildkamera<\/li>\n<\/ul>\n<p>&nbsp;<\/p>\n<h2>Spezialisierte KI zur automatischen Vogelnestererkennung<\/h2>\n<p data-start=\"925\" data-end=\"1198\">Die Vogelnestererkennungs-KI hebt den Drohneneinsatz im Natur- und Artenschutz auf ein neues Level. Durch den Einsatz modernster k\u00fcnstlicher Intelligenz erkennt das System Vogelnester automatisch in W\u00e4rmebild- und Normalbildaufnahmen \u2013 schnell, zuverl\u00e4ssig und in Echtzeit.<\/p>\n<p data-start=\"1200\" data-end=\"1543\">Gerade bei Kontrollen vor M\u00e4harbeiten, Pflegeeins\u00e4tzen oder Bauprojekten z\u00e4hlt jede Minute. Die KI analysiert kontinuierlich das Kamerabild deiner Drohne und markiert erkannte Nester direkt im Livebild. Dadurch werden Suchfl\u00fcge deutlich effizienter, Fehlinterpretationen reduziert und auch schwer erkennbare Nester zuverl\u00e4ssiger identifiziert.<\/p>\n<p data-start=\"1545\" data-end=\"1837\">Die L\u00f6sung wurde speziell f\u00fcr den Einsatz mit Drohnen entwickelt und unterst\u00fctzt dabei, gro\u00dfe Fl\u00e4chen schneller, strukturierter und effizienter abzusuchen. Besonders bei dichter Vegetation, un\u00fcbersichtlichem Gel\u00e4nde oder wechselnden Licht- und Temperaturbedingungen zeigt die KI ihre St\u00e4rken.<\/p>\n<p data-start=\"1839\" data-end=\"2159\">Die intelligente Vogelnestererkennung erleichtert die Zusammenarbeit zwischen Piloten, Naturschutzhelfern, Landwirten und Beh\u00f6rden und sorgt f\u00fcr eine deutlich h\u00f6here Effizienz bei der Suche und Dokumentation von Nestern. Gleichzeitig werden unn\u00f6tige St\u00f6rungen der Tiere minimiert und Schutzma\u00dfnahmen gezielter umgesetzt.<\/p>\n<p data-start=\"2161\" data-end=\"2321\">Die KI eignet sich ideal f\u00fcr Naturschutzprojekte, Umweltmonitoring, landwirtschaftliche Kontrollen sowie professionelle Kartierungs- und Dokumentationsaufgaben.<\/p>\n<p data-start=\"2323\" data-end=\"2460\">Das Produkt befindet sich aktuell weiterhin in der Entwicklung und wird durch regelm\u00e4\u00dfige Updates kontinuierlich optimiert und erweitert.<\/p>\n<p data-start=\"1167\" data-end=\"1436\"><strong>*Die Lizenz zur Nutzung der Software ist g\u00fcltig f\u00fcr 12 Monate und ist an die Seriennummer einer Drohne gebunden<br \/>\nNach 12 Monaten wird die KI weiterhin zur Verf\u00fcgung stehen, es werden lediglich keine Updates mehr verf\u00fcgbar sein ohne Verl\u00e4ngerung der Lizenz\u00a0<\/strong><\/p>\n<p data-start=\"1208\" data-end=\"1415\">All intellectual property rights, including full ownership of the algorithm, remain exclusively with CopterPro and Partners. The client is granted a non-transferable, non-exclusive license to use the algorithm, and may not reproduce, distribute, or resell it without prior written consent.<\/p>\n<p data-start=\"1208\" data-end=\"1415\">Alle Rechte am geistigen Eigentum, einschlie\u00dflich des vollst\u00e4ndigen Eigentums an dem Algorithmus, verbleiben ausschlie\u00dflich bei CopterPro und seinen Partnern. Dem Kunden wird eine nicht \u00fcbertragbare, nicht ausschlie\u00dfliche Lizenz zur Nutzung des Algorithmus gew\u00e4hrt; er darf diesen ohne vorherige schriftliche Zustimmung weder vervielf\u00e4ltigen, verbreiten noch weiterverkaufen.<\/p>\n","protected":false},"excerpt":{"rendered":"<h3>Lieferumfang<\/h3>\n<ul>\n<li data-section-id=\"hid6cp\" data-start=\"2865\" data-end=\"2904\">1x Zugang zur Online Schulung Vogelnesterkennungs-KI in der Copterpro Academy<\/li>\n<li data-section-id=\"hid6cp\" data-start=\"2865\" data-end=\"2904\">1x Lizenz \/ Nutzung der K\u00fcnstlichen Intelligenz (12 Monate f\u00fcr ein Ger\u00e4t\/ Seriennummer gebunden)<\/li>\n<li data-section-id=\"zyl5xa\" data-start=\"2905\" data-end=\"2952\">12 Monate Zugriff auf Updates und Weiterentwicklungen<\/li>\n<li data-section-id=\"ijfnha\" data-start=\"2953\" data-end=\"2994\">Anleitung zur Einrichtung und Nutzung per Videokurs<\/li>\n<li data-section-id=\"ijfnha\" data-start=\"2953\" data-end=\"2994\">*Bereits heruntergeladene KI Modelle bleiben nach 12 Monaten bestehen (lediglich keine Updates mehr verf\u00fcgbar)*<\/li>\n<\/ul>\n<p><strong>*Die Lizenz zur Nutzung der Software ist g\u00fcltig f\u00fcr 12 Monate und ist an die Seriennummer einer Drohne gebunden<br \/>\nNach 12 Monaten wird die KI weiterhin zur Verf\u00fcgung stehen, es werden lediglich keine Updates mehr verf\u00fcgbar sein ohne Verl\u00e4ngerung der Lizenz\u00a0<\/strong><\/p>\n","protected":false},"featured_media":17789,"template":"","meta":{"_acf_changed":false,"_iconic_wsb_product_page_order_bump_ids":[[]],"_sku":[],"_iconic_wsb_product_page_bump_modal_ids":[[]]},"product_brand":[],"product_cat":[188],"product_tag":[],"class_list":{"0":"post-17776","1":"product","2":"type-product","3":"status-publish","4":"has-post-thumbnail","6":"product_cat-copterpro-ai","8":"first","9":"instock","10":"sale","11":"virtual","12":"taxable","13":"purchasable","14":"product-type-simple"},"acf":[],"yoast_head":"<!-- This site is optimized with the Yoast SEO plugin v27.5 - https:\/\/yoast.com\/product\/yoast-seo-wordpress\/ -->\n<title>Vogelnesterkennungs-ki f\u00fcr Drohnen (Jahreslizenz f\u00fcr ein Ger\u00e4t)<\/title>\n<meta name=\"description\" content=\"Die Vogelnestererkennungs-KI hebt den Drohneneinsatz im Natur- und Artenschutz auf ein neues Level - automatisch in W\u00e4rmebild- und Normalbildaufnahmen \u2013 schnell, zuverl\u00e4ssig und in Echtzeit.\" \/>\n<meta name=\"robots\" content=\"index, follow, max-snippet:-1, max-image-preview:large, max-video-preview:-1\" \/>\n<link rel=\"canonical\" href=\"https:\/\/copterpro.de\/shop\/copterpro-ai\/vogelnesterkennungs-ki\/\" \/>\n<meta property=\"og:locale\" content=\"de_DE\" \/>\n<meta property=\"og:type\" content=\"article\" \/>\n<meta property=\"og:title\" content=\"Vogelnesterkennungs-ki f\u00fcr Drohnen (Jahreslizenz f\u00fcr ein Ger\u00e4t)\" \/>\n<meta property=\"og:description\" content=\"Die Vogelnestererkennungs-KI hebt den Drohneneinsatz im Natur- und Artenschutz auf ein neues Level - automatisch in W\u00e4rmebild- und Normalbildaufnahmen \u2013 schnell, zuverl\u00e4ssig und in Echtzeit.\" \/>\n<meta property=\"og:url\" content=\"https:\/\/copterpro.de\/shop\/copterpro-ai\/vogelnesterkennungs-ki\/\" \/>\n<meta property=\"og:site_name\" content=\"Copter Pro\" \/>\n<meta property=\"article:publisher\" content=\"https:\/\/www.facebook.com\/copterprogmbh\" \/>\n<meta property=\"article:modified_time\" content=\"2026-05-08T10:41:45+00:00\" \/>\n<meta property=\"og:image\" content=\"https:\/\/copterpro.de\/shop\/wp-content\/uploads\/2026\/05\/Birdnest-KI.jpg\" \/>\n\t<meta property=\"og:image:width\" content=\"1080\" \/>\n\t<meta property=\"og:image:height\" content=\"1080\" \/>\n\t<meta property=\"og:image:type\" content=\"image\/jpeg\" \/>\n<meta name=\"twitter:card\" content=\"summary_large_image\" \/>\n<meta name=\"twitter:label1\" content=\"Gesch\u00e4tzte Lesezeit\" \/>\n\t<meta name=\"twitter:data1\" content=\"3\u00a0Minuten\" \/>\n<script type=\"application\/ld+json\" class=\"yoast-schema-graph\">{\"@context\":\"https:\\\/\\\/schema.org\",\"@graph\":[{\"@type\":\"WebPage\",\"@id\":\"https:\\\/\\\/copterpro.de\\\/shop\\\/copterpro-ai\\\/vogelnesterkennungs-ki\\\/\",\"url\":\"https:\\\/\\\/copterpro.de\\\/shop\\\/copterpro-ai\\\/vogelnesterkennungs-ki\\\/\",\"name\":\"Vogelnesterkennungs-ki f\u00fcr Drohnen (Jahreslizenz f\u00fcr ein Ger\u00e4t)\",\"isPartOf\":{\"@id\":\"https:\\\/\\\/copterpro.de\\\/shop\\\/#website\"},\"primaryImageOfPage\":{\"@id\":\"https:\\\/\\\/copterpro.de\\\/shop\\\/copterpro-ai\\\/vogelnesterkennungs-ki\\\/#primaryimage\"},\"image\":{\"@id\":\"https:\\\/\\\/copterpro.de\\\/shop\\\/copterpro-ai\\\/vogelnesterkennungs-ki\\\/#primaryimage\"},\"thumbnailUrl\":\"https:\\\/\\\/copterpro.de\\\/shop\\\/wp-content\\\/uploads\\\/2026\\\/05\\\/Birdnest-KI.jpg\",\"datePublished\":\"2026-05-07T08:10:41+00:00\",\"dateModified\":\"2026-05-08T10:41:45+00:00\",\"description\":\"Die Vogelnestererkennungs-KI hebt den Drohneneinsatz im Natur- und Artenschutz auf ein neues Level - automatisch in W\u00e4rmebild- und Normalbildaufnahmen \u2013 schnell, zuverl\u00e4ssig und in Echtzeit.\",\"breadcrumb\":{\"@id\":\"https:\\\/\\\/copterpro.de\\\/shop\\\/copterpro-ai\\\/vogelnesterkennungs-ki\\\/#breadcrumb\"},\"inLanguage\":\"de\",\"potentialAction\":[{\"@type\":\"ReadAction\",\"target\":[\"https:\\\/\\\/copterpro.de\\\/shop\\\/copterpro-ai\\\/vogelnesterkennungs-ki\\\/\"]}]},{\"@type\":\"ImageObject\",\"inLanguage\":\"de\",\"@id\":\"https:\\\/\\\/copterpro.de\\\/shop\\\/copterpro-ai\\\/vogelnesterkennungs-ki\\\/#primaryimage\",\"url\":\"https:\\\/\\\/copterpro.de\\\/shop\\\/wp-content\\\/uploads\\\/2026\\\/05\\\/Birdnest-KI.jpg\",\"contentUrl\":\"https:\\\/\\\/copterpro.de\\\/shop\\\/wp-content\\\/uploads\\\/2026\\\/05\\\/Birdnest-KI.jpg\",\"width\":1080,\"height\":1080,\"caption\":\"Birdnest KI\"},{\"@type\":\"BreadcrumbList\",\"@id\":\"https:\\\/\\\/copterpro.de\\\/shop\\\/copterpro-ai\\\/vogelnesterkennungs-ki\\\/#breadcrumb\",\"itemListElement\":[{\"@type\":\"ListItem\",\"position\":1,\"name\":\"Startseite\",\"item\":\"https:\\\/\\\/copterpro.de\\\/shop\\\/\"},{\"@type\":\"ListItem\",\"position\":2,\"name\":\"Shop\",\"item\":\"https:\\\/\\\/copterpro.de\\\/shop\\\/shop\\\/\"},{\"@type\":\"ListItem\",\"position\":3,\"name\":\"Vogelnesterkennungs-KI f\u00fcr Drohnen (Jahreslizenz f\u00fcr ein Ger\u00e4t) inkl. Zugang zur Copterpro Academy\"}]},{\"@type\":\"WebSite\",\"@id\":\"https:\\\/\\\/copterpro.de\\\/shop\\\/#website\",\"url\":\"https:\\\/\\\/copterpro.de\\\/shop\\\/\",\"name\":\"Copter Pro\",\"description\":\"\",\"publisher\":{\"@id\":\"https:\\\/\\\/copterpro.de\\\/shop\\\/#organization\"},\"potentialAction\":[{\"@type\":\"SearchAction\",\"target\":{\"@type\":\"EntryPoint\",\"urlTemplate\":\"https:\\\/\\\/copterpro.de\\\/shop\\\/?s={search_term_string}\"},\"query-input\":{\"@type\":\"PropertyValueSpecification\",\"valueRequired\":true,\"valueName\":\"search_term_string\"}}],\"inLanguage\":\"de\"},{\"@type\":\"Organization\",\"@id\":\"https:\\\/\\\/copterpro.de\\\/shop\\\/#organization\",\"name\":\"Copter Pro\",\"url\":\"https:\\\/\\\/copterpro.de\\\/shop\\\/\",\"logo\":{\"@type\":\"ImageObject\",\"inLanguage\":\"de\",\"@id\":\"https:\\\/\\\/copterpro.de\\\/shop\\\/#\\\/schema\\\/logo\\\/image\\\/\",\"url\":\"https:\\\/\\\/copterpro.de\\\/shop\\\/wp-content\\\/uploads\\\/2025\\\/04\\\/copterpro.svg\",\"contentUrl\":\"https:\\\/\\\/copterpro.de\\\/shop\\\/wp-content\\\/uploads\\\/2025\\\/04\\\/copterpro.svg\",\"caption\":\"Copter Pro\"},\"image\":{\"@id\":\"https:\\\/\\\/copterpro.de\\\/shop\\\/#\\\/schema\\\/logo\\\/image\\\/\"},\"sameAs\":[\"https:\\\/\\\/www.facebook.com\\\/copterprogmbh\"]}]}<\/script>\n<!-- \/ Yoast SEO plugin. -->","yoast_head_json":{"title":"Vogelnesterkennungs-ki f\u00fcr Drohnen (Jahreslizenz f\u00fcr ein Ger\u00e4t)","description":"Die Vogelnestererkennungs-KI hebt den Drohneneinsatz im Natur- und Artenschutz auf ein neues Level - automatisch in W\u00e4rmebild- und Normalbildaufnahmen \u2013 schnell, zuverl\u00e4ssig und in Echtzeit.","robots":{"index":"index","follow":"follow","max-snippet":"max-snippet:-1","max-image-preview":"max-image-preview:large","max-video-preview":"max-video-preview:-1"},"canonical":"https:\/\/copterpro.de\/shop\/copterpro-ai\/vogelnesterkennungs-ki\/","og_locale":"de_DE","og_type":"article","og_title":"Vogelnesterkennungs-ki f\u00fcr Drohnen (Jahreslizenz f\u00fcr ein Ger\u00e4t)","og_description":"Die Vogelnestererkennungs-KI hebt den Drohneneinsatz im Natur- und Artenschutz auf ein neues Level - automatisch in W\u00e4rmebild- und Normalbildaufnahmen \u2013 schnell, zuverl\u00e4ssig und in Echtzeit.","og_url":"https:\/\/copterpro.de\/shop\/copterpro-ai\/vogelnesterkennungs-ki\/","og_site_name":"Copter Pro","article_publisher":"https:\/\/www.facebook.com\/copterprogmbh","article_modified_time":"2026-05-08T10:41:45+00:00","og_image":[{"width":1080,"height":1080,"url":"https:\/\/copterpro.de\/shop\/wp-content\/uploads\/2026\/05\/Birdnest-KI.jpg","type":"image\/jpeg"}],"twitter_card":"summary_large_image","twitter_misc":{"Gesch\u00e4tzte Lesezeit":"3\u00a0Minuten"},"schema":{"@context":"https:\/\/schema.org","@graph":[{"@type":"WebPage","@id":"https:\/\/copterpro.de\/shop\/copterpro-ai\/vogelnesterkennungs-ki\/","url":"https:\/\/copterpro.de\/shop\/copterpro-ai\/vogelnesterkennungs-ki\/","name":"Vogelnesterkennungs-ki f\u00fcr Drohnen (Jahreslizenz f\u00fcr ein Ger\u00e4t)","isPartOf":{"@id":"https:\/\/copterpro.de\/shop\/#website"},"primaryImageOfPage":{"@id":"https:\/\/copterpro.de\/shop\/copterpro-ai\/vogelnesterkennungs-ki\/#primaryimage"},"image":{"@id":"https:\/\/copterpro.de\/shop\/copterpro-ai\/vogelnesterkennungs-ki\/#primaryimage"},"thumbnailUrl":"https:\/\/copterpro.de\/shop\/wp-content\/uploads\/2026\/05\/Birdnest-KI.jpg","datePublished":"2026-05-07T08:10:41+00:00","dateModified":"2026-05-08T10:41:45+00:00","description":"Die Vogelnestererkennungs-KI hebt den Drohneneinsatz im Natur- und Artenschutz auf ein neues Level - automatisch in W\u00e4rmebild- und Normalbildaufnahmen \u2013 schnell, zuverl\u00e4ssig und in Echtzeit.","breadcrumb":{"@id":"https:\/\/copterpro.de\/shop\/copterpro-ai\/vogelnesterkennungs-ki\/#breadcrumb"},"inLanguage":"de","potentialAction":[{"@type":"ReadAction","target":["https:\/\/copterpro.de\/shop\/copterpro-ai\/vogelnesterkennungs-ki\/"]}]},{"@type":"ImageObject","inLanguage":"de","@id":"https:\/\/copterpro.de\/shop\/copterpro-ai\/vogelnesterkennungs-ki\/#primaryimage","url":"https:\/\/copterpro.de\/shop\/wp-content\/uploads\/2026\/05\/Birdnest-KI.jpg","contentUrl":"https:\/\/copterpro.de\/shop\/wp-content\/uploads\/2026\/05\/Birdnest-KI.jpg","width":1080,"height":1080,"caption":"Birdnest KI"},{"@type":"BreadcrumbList","@id":"https:\/\/copterpro.de\/shop\/copterpro-ai\/vogelnesterkennungs-ki\/#breadcrumb","itemListElement":[{"@type":"ListItem","position":1,"name":"Startseite","item":"https:\/\/copterpro.de\/shop\/"},{"@type":"ListItem","position":2,"name":"Shop","item":"https:\/\/copterpro.de\/shop\/shop\/"},{"@type":"ListItem","position":3,"name":"Vogelnesterkennungs-KI f\u00fcr Drohnen (Jahreslizenz f\u00fcr ein Ger\u00e4t) inkl. Zugang zur Copterpro Academy"}]},{"@type":"WebSite","@id":"https:\/\/copterpro.de\/shop\/#website","url":"https:\/\/copterpro.de\/shop\/","name":"Copter Pro","description":"","publisher":{"@id":"https:\/\/copterpro.de\/shop\/#organization"},"potentialAction":[{"@type":"SearchAction","target":{"@type":"EntryPoint","urlTemplate":"https:\/\/copterpro.de\/shop\/?s={search_term_string}"},"query-input":{"@type":"PropertyValueSpecification","valueRequired":true,"valueName":"search_term_string"}}],"inLanguage":"de"},{"@type":"Organization","@id":"https:\/\/copterpro.de\/shop\/#organization","name":"Copter Pro","url":"https:\/\/copterpro.de\/shop\/","logo":{"@type":"ImageObject","inLanguage":"de","@id":"https:\/\/copterpro.de\/shop\/#\/schema\/logo\/image\/","url":"https:\/\/copterpro.de\/shop\/wp-content\/uploads\/2025\/04\/copterpro.svg","contentUrl":"https:\/\/copterpro.de\/shop\/wp-content\/uploads\/2025\/04\/copterpro.svg","caption":"Copter Pro"},"image":{"@id":"https:\/\/copterpro.de\/shop\/#\/schema\/logo\/image\/"},"sameAs":["https:\/\/www.facebook.com\/copterprogmbh"]}]}},"_links":{"self":[{"href":"https:\/\/copterpro.de\/shop\/wp-json\/wp\/v2\/product\/17776","targetHints":{"allow":["GET"]}}],"collection":[{"href":"https:\/\/copterpro.de\/shop\/wp-json\/wp\/v2\/product"}],"about":[{"href":"https:\/\/copterpro.de\/shop\/wp-json\/wp\/v2\/types\/product"}],"wp:featuredmedia":[{"embeddable":true,"href":"https:\/\/copterpro.de\/shop\/wp-json\/wp\/v2\/media\/17789"}],"wp:attachment":[{"href":"https:\/\/copterpro.de\/shop\/wp-json\/wp\/v2\/media?parent=17776"}],"wp:term":[{"taxonomy":"product_brand","embeddable":true,"href":"https:\/\/copterpro.de\/shop\/wp-json\/wp\/v2\/product_brand?post=17776"},{"taxonomy":"product_cat","embeddable":true,"href":"https:\/\/copterpro.de\/shop\/wp-json\/wp\/v2\/product_cat?post=17776"},{"taxonomy":"product_tag","embeddable":true,"href":"https:\/\/copterpro.de\/shop\/wp-json\/wp\/v2\/product_tag?post=17776"}],"curies":[{"name":"wp","href":"https:\/\/api.w.org\/{rel}","templated":true}]}}