{"id":228,"date":"2024-12-05T11:08:04","date_gmt":"2024-12-05T10:08:04","guid":{"rendered":"https:\/\/shop.copterpro.de\/?post_type=product&#038;p=228"},"modified":"2026-03-31T17:41:00","modified_gmt":"2026-03-31T15:41:00","slug":"djimavic3premiumset","status":"publish","type":"product","link":"https:\/\/copterpro.de\/shop\/drohnen-komplettsets\/djimavic3premiumset\/","title":{"rendered":"DJI Mavic 3 Thermal Premium Set f\u00fcr Kitzrettung\/ Jagd"},"content":{"rendered":"<p><strong>Kompakt und handlich<\/strong><br \/>\nDie optimierte und kompakte Mavic 3 Enterprise Serie kann in einer Hand getragen und im Handumdrehen eingesetzt werden. Sie ist sowohl f\u00fcr Anf\u00e4nger als auch f\u00fcr erfahrene Pilotinnen und Piloten perfekt und f\u00fcr lange Eins\u00e4tze ausgelegt.<\/p>\n<p><strong>Au\u00dfergew\u00f6hnliche Betriebseffizienz<\/strong><\/p>\n<p><strong>Akkus mit Ausdauer<\/strong><br \/>\nMit einer Flugzeit von 45 Minuten k\u00f6nnen Sie bei jedem Einsatz gr\u00f6\u00dfere Fl\u00e4chen abdecken und bis zu 2 Quadratkilometer in einem einzigen Flug vermessen.<br \/>\nLaden Sie Akkus schnell auf mit der 100-W-Ladestation oder direkte \u00fcber die Drohne mit 88 W.<\/p>\n<p><strong>Bild\u00fcbertragung der n\u00e4chsten Generation<\/strong><br \/>\nDie vier Antennen der O3 Enterprise \u00dcbertragung erm\u00f6glichen stabilere Verbindungen in zahlreichen komplexen Umgebungen.<\/p>\n<p><strong>Omnidirektionale Erkennung f\u00fcr sicheres Fliegen<\/strong><br \/>\nAusgestattet mit Weitwinkelobjektiven auf allen Seiten f\u00fcr omnidirektionale Hindernisvermeidung ohne tote Winkel. Kollisionswarnungen und Bremsweg lassen sich je nach Einsatzanforderungen anpassen.<\/p>\n<p>Die verbesserte R\u00fcckkehr plant automatisch die optimale Route zur\u00fcck zum Startpunkt und spart so Strom und Zeit und vermeidet b\u00f6se \u00dcberraschungen.<\/p>\n<p>APAS 5.0 erm\u00f6glicht eine automatische Umleitung um Hindernisse herum, sodass Sie unbesorgt fliegen k\u00f6nnen.<\/p>\n<p><strong>Vollst\u00e4ndiges Softwarepaket<\/strong><\/p>\n<p><strong>DJI Pilot 2<\/strong><br \/>\nDie neue App f\u00fcr Unternehmenskunden wurde von Grund auf \u00fcberarbeitete, um Ihnen noch mehr Effizienz und Flugsicherheit zu bieten. Drohnen- und Nutzlaststeuerung k\u00f6nnen einfach mit einem Klick aufgerufen werden. Die \u00fcbersichtliche Darstellung von Flug- und Navigationsdetails, zusammen mit der Unterst\u00fctzung verschiedener Flugrouten, erleichtert die Bedienung deutlich.<\/p>\n<p><strong>DJI FlightHub 2<\/strong><br \/>\nDie Drohnenverwaltung in der Cloud mit Unterst\u00fctzung f\u00fcr Live-Anmerkungen und Cloud-Kartierung f\u00fcr nahtlose Boden-zu-Cloud-Synergien. Verwalten Sie Inspektionsvorg\u00e4nge effizient mit Routenplanung und Einsatzmanagement.<\/p>\n<p><strong>DJI Terra<\/strong><br \/>\nKartierungssoftware mit vollem Funktionsumfang f\u00fcr alle Arbeitsphasen, von der Einsatzplanung bis zur Verarbeitung von 2D- und 3D-Modellen.<\/p>\n<p><strong>DJI W\u00e4rmebild-Analysetool 3.0<\/strong><br \/>\nAnalysieren, kommentieren und verarbeiten Sie Bilder, die von der M3T erfasst wurden, mit DTAT 3.0, um Temperaturanomalien bei Ihren Inspektionen schnell zu erkennen.<\/p>\n<p><strong>Datensicherheit<\/strong><\/p>\n<ul>\n<li>Lokaler Datenmodus<\/li>\n<li>Alle Ger\u00e4tedateien mit nur einem Klick l\u00f6schen<\/li>\n<li>AES-256-Verschl\u00fcsselung f\u00fcr Video\u00fcbertragung<\/li>\n<li>Cloud-API<\/li>\n<\/ul>\n<p><strong>Offenes Entwickler-\u00d6kosystem<\/strong><\/p>\n<p><strong>PSDK<\/strong><br \/>\nPSDK ist eine einheitliche Schnittstelle, welche die Funktionserweiterung der Mavic 3 Enterprise Serie durch Hardware von Drittanbietern erm\u00f6glicht.<\/p>\n<p><strong>MSDK<\/strong><br \/>\nMobile SDK 5 vereinfacht die Entwicklung von Apps f\u00fcr die Mavic 3 Enterprise Serie. Mobile SDK 5 ist vollst\u00e4ndig Open Source und wird mit Programmierbeispielen, welche die Kernmodule von DJI Pilot 2 abdecken, geliefert.<\/p>\n<p><strong>Cloud-API<\/strong><br \/>\nMit den integrierten MQTT-basierten Protokollen von DJI Pilot 2 in der DJI Cloud-API k\u00f6nnen Sie die Mavic 3 Enterprise Serie direkt mit Cloud-Plattformen von Drittanbietern verbinden, ohne eine App entwickeln zu m\u00fcssen. Greifen Sie auf die Hardware der Drohne, den Video-Livestream und die Fotodaten zu.<\/p>\n","protected":false},"excerpt":{"rendered":"<p>Kompakt und handlich Die optimierte und kompakte Mavic 3 Enterprise Serie kann in einer Hand getragen und im Handumdrehen eingesetzt werden. Sie ist sowohl f\u00fcr Anf\u00e4nger als auch f\u00fcr erfahrene Pilotinnen und Piloten perfekt und f\u00fcr lange Eins\u00e4tze ausgelegt. Au\u00dfergew\u00f6hnliche Betriebseffizienz Akkus mit Ausdauer Mit einer Flugzeit von 45 Minuten [&hellip;]<\/p>\n","protected":false},"featured_media":229,"template":"","meta":{"_acf_changed":false,"_iconic_wsb_product_page_order_bump_ids":[[]],"_sku":["CPS00003"],"_iconic_wsb_product_page_bump_modal_ids":[[]]},"product_brand":[],"product_cat":[42,45],"product_tag":[],"class_list":{"0":"post-228","1":"product","2":"type-product","3":"status-publish","4":"has-post-thumbnail","6":"product_cat-dji-mavic-3","7":"product_cat-drohnen-komplettsets","9":"first","10":"outofstock","11":"sale","12":"taxable","13":"shipping-taxable","14":"purchasable","15":"product-type-simple"},"acf":[],"yoast_head":"<!-- This site is optimized with the Yoast SEO plugin v27.3 - https:\/\/yoast.com\/product\/yoast-seo-wordpress\/ -->\n<title>Mavic 3 Thermal Drohne mit W\u00e4rmebild f\u00fcr Jagd\/ Kitzrettung<\/title>\n<meta name=\"description\" content=\"Mavic 3 Thermal Drohne mit W\u00e4rmebild f\u00fcr Jagd\/ Kitzrettung. W\u00e4rmebilddrohne Mavic 3 Thermal f\u00fcr den jagdlichen Einsatz und f\u00fcr Kitzrettung mit Drohne\" \/>\n<meta name=\"robots\" content=\"index, follow, max-snippet:-1, max-image-preview:large, max-video-preview:-1\" \/>\n<link rel=\"canonical\" href=\"https:\/\/copterpro.de\/shop\/drohnen-komplettsets\/djimavic3premiumset\/\" \/>\n<meta property=\"og:locale\" content=\"de_DE\" \/>\n<meta property=\"og:type\" content=\"article\" \/>\n<meta property=\"og:title\" content=\"Mavic 3 Thermal Drohne mit W\u00e4rmebild f\u00fcr Jagd\/ Kitzrettung\" \/>\n<meta property=\"og:description\" content=\"Mavic 3 Thermal Drohne mit W\u00e4rmebild f\u00fcr Jagd\/ Kitzrettung. W\u00e4rmebilddrohne Mavic 3 Thermal f\u00fcr den jagdlichen Einsatz und f\u00fcr Kitzrettung mit Drohne\" \/>\n<meta property=\"og:url\" content=\"https:\/\/copterpro.de\/shop\/drohnen-komplettsets\/djimavic3premiumset\/\" \/>\n<meta property=\"og:site_name\" content=\"Copter Pro\" \/>\n<meta property=\"article:publisher\" content=\"https:\/\/www.facebook.com\/copterprogmbh\" \/>\n<meta property=\"article:modified_time\" content=\"2026-03-31T15:41:00+00:00\" \/>\n<meta property=\"og:image\" content=\"https:\/\/copterpro.de\/shop\/wp-content\/uploads\/2024\/12\/DJI-Mavic-3-Thermal-Premium-Set-fuer-Kitzrettung-Jagd_2.jpg\" \/>\n\t<meta property=\"og:image:width\" content=\"800\" \/>\n\t<meta property=\"og:image:height\" content=\"800\" \/>\n\t<meta property=\"og:image:type\" content=\"image\/jpeg\" \/>\n<meta name=\"twitter:card\" content=\"summary_large_image\" \/>\n<meta name=\"twitter:label1\" content=\"Gesch\u00e4tzte Lesezeit\" \/>\n\t<meta name=\"twitter:data1\" content=\"3\u00a0Minuten\" \/>\n<script type=\"application\/ld+json\" class=\"yoast-schema-graph\">{\"@context\":\"https:\\\/\\\/schema.org\",\"@graph\":[{\"@type\":\"WebPage\",\"@id\":\"https:\\\/\\\/copterpro.de\\\/shop\\\/drohnen-komplettsets\\\/djimavic3premiumset\\\/\",\"url\":\"https:\\\/\\\/copterpro.de\\\/shop\\\/drohnen-komplettsets\\\/djimavic3premiumset\\\/\",\"name\":\"Mavic 3 Thermal Drohne mit W\u00e4rmebild f\u00fcr Jagd\\\/ Kitzrettung\",\"isPartOf\":{\"@id\":\"https:\\\/\\\/copterpro.de\\\/shop\\\/#website\"},\"primaryImageOfPage\":{\"@id\":\"https:\\\/\\\/copterpro.de\\\/shop\\\/drohnen-komplettsets\\\/djimavic3premiumset\\\/#primaryimage\"},\"image\":{\"@id\":\"https:\\\/\\\/copterpro.de\\\/shop\\\/drohnen-komplettsets\\\/djimavic3premiumset\\\/#primaryimage\"},\"thumbnailUrl\":\"https:\\\/\\\/copterpro.de\\\/shop\\\/wp-content\\\/uploads\\\/2024\\\/12\\\/DJI-Mavic-3-Thermal-Premium-Set-fuer-Kitzrettung-Jagd_2.jpg\",\"datePublished\":\"2024-12-05T10:08:04+00:00\",\"dateModified\":\"2026-03-31T15:41:00+00:00\",\"description\":\"Mavic 3 Thermal Drohne mit W\u00e4rmebild f\u00fcr Jagd\\\/ Kitzrettung. W\u00e4rmebilddrohne Mavic 3 Thermal f\u00fcr den jagdlichen Einsatz und f\u00fcr Kitzrettung mit Drohne\",\"breadcrumb\":{\"@id\":\"https:\\\/\\\/copterpro.de\\\/shop\\\/drohnen-komplettsets\\\/djimavic3premiumset\\\/#breadcrumb\"},\"inLanguage\":\"de\",\"potentialAction\":[{\"@type\":\"ReadAction\",\"target\":[\"https:\\\/\\\/copterpro.de\\\/shop\\\/drohnen-komplettsets\\\/djimavic3premiumset\\\/\"]}]},{\"@type\":\"ImageObject\",\"inLanguage\":\"de\",\"@id\":\"https:\\\/\\\/copterpro.de\\\/shop\\\/drohnen-komplettsets\\\/djimavic3premiumset\\\/#primaryimage\",\"url\":\"https:\\\/\\\/copterpro.de\\\/shop\\\/wp-content\\\/uploads\\\/2024\\\/12\\\/DJI-Mavic-3-Thermal-Premium-Set-fuer-Kitzrettung-Jagd_2.jpg\",\"contentUrl\":\"https:\\\/\\\/copterpro.de\\\/shop\\\/wp-content\\\/uploads\\\/2024\\\/12\\\/DJI-Mavic-3-Thermal-Premium-Set-fuer-Kitzrettung-Jagd_2.jpg\",\"width\":800,\"height\":800,\"caption\":\"Premium Set f\u00fcr Kitzrettung\\\/ Jagd\"},{\"@type\":\"BreadcrumbList\",\"@id\":\"https:\\\/\\\/copterpro.de\\\/shop\\\/drohnen-komplettsets\\\/djimavic3premiumset\\\/#breadcrumb\",\"itemListElement\":[{\"@type\":\"ListItem\",\"position\":1,\"name\":\"Startseite\",\"item\":\"https:\\\/\\\/copterpro.de\\\/shop\\\/\"},{\"@type\":\"ListItem\",\"position\":2,\"name\":\"Shop\",\"item\":\"https:\\\/\\\/copterpro.de\\\/shop\\\/shop\\\/\"},{\"@type\":\"ListItem\",\"position\":3,\"name\":\"DJI Mavic 3 Thermal Premium Set f\u00fcr Kitzrettung\\\/ Jagd\"}]},{\"@type\":\"WebSite\",\"@id\":\"https:\\\/\\\/copterpro.de\\\/shop\\\/#website\",\"url\":\"https:\\\/\\\/copterpro.de\\\/shop\\\/\",\"name\":\"Copter Pro\",\"description\":\"\",\"publisher\":{\"@id\":\"https:\\\/\\\/copterpro.de\\\/shop\\\/#organization\"},\"potentialAction\":[{\"@type\":\"SearchAction\",\"target\":{\"@type\":\"EntryPoint\",\"urlTemplate\":\"https:\\\/\\\/copterpro.de\\\/shop\\\/?s={search_term_string}\"},\"query-input\":{\"@type\":\"PropertyValueSpecification\",\"valueRequired\":true,\"valueName\":\"search_term_string\"}}],\"inLanguage\":\"de\"},{\"@type\":\"Organization\",\"@id\":\"https:\\\/\\\/copterpro.de\\\/shop\\\/#organization\",\"name\":\"Copter Pro\",\"url\":\"https:\\\/\\\/copterpro.de\\\/shop\\\/\",\"logo\":{\"@type\":\"ImageObject\",\"inLanguage\":\"de\",\"@id\":\"https:\\\/\\\/copterpro.de\\\/shop\\\/#\\\/schema\\\/logo\\\/image\\\/\",\"url\":\"https:\\\/\\\/copterpro.de\\\/shop\\\/wp-content\\\/uploads\\\/2025\\\/04\\\/copterpro.svg\",\"contentUrl\":\"https:\\\/\\\/copterpro.de\\\/shop\\\/wp-content\\\/uploads\\\/2025\\\/04\\\/copterpro.svg\",\"caption\":\"Copter Pro\"},\"image\":{\"@id\":\"https:\\\/\\\/copterpro.de\\\/shop\\\/#\\\/schema\\\/logo\\\/image\\\/\"},\"sameAs\":[\"https:\\\/\\\/www.facebook.com\\\/copterprogmbh\"]}]}<\/script>\n<!-- \/ Yoast SEO plugin. -->","yoast_head_json":{"title":"Mavic 3 Thermal Drohne mit W\u00e4rmebild f\u00fcr Jagd\/ Kitzrettung","description":"Mavic 3 Thermal Drohne mit W\u00e4rmebild f\u00fcr Jagd\/ Kitzrettung. W\u00e4rmebilddrohne Mavic 3 Thermal f\u00fcr den jagdlichen Einsatz und f\u00fcr Kitzrettung mit Drohne","robots":{"index":"index","follow":"follow","max-snippet":"max-snippet:-1","max-image-preview":"max-image-preview:large","max-video-preview":"max-video-preview:-1"},"canonical":"https:\/\/copterpro.de\/shop\/drohnen-komplettsets\/djimavic3premiumset\/","og_locale":"de_DE","og_type":"article","og_title":"Mavic 3 Thermal Drohne mit W\u00e4rmebild f\u00fcr Jagd\/ Kitzrettung","og_description":"Mavic 3 Thermal Drohne mit W\u00e4rmebild f\u00fcr Jagd\/ Kitzrettung. W\u00e4rmebilddrohne Mavic 3 Thermal f\u00fcr den jagdlichen Einsatz und f\u00fcr Kitzrettung mit Drohne","og_url":"https:\/\/copterpro.de\/shop\/drohnen-komplettsets\/djimavic3premiumset\/","og_site_name":"Copter Pro","article_publisher":"https:\/\/www.facebook.com\/copterprogmbh","article_modified_time":"2026-03-31T15:41:00+00:00","og_image":[{"width":800,"height":800,"url":"https:\/\/copterpro.de\/shop\/wp-content\/uploads\/2024\/12\/DJI-Mavic-3-Thermal-Premium-Set-fuer-Kitzrettung-Jagd_2.jpg","type":"image\/jpeg"}],"twitter_card":"summary_large_image","twitter_misc":{"Gesch\u00e4tzte Lesezeit":"3\u00a0Minuten"},"schema":{"@context":"https:\/\/schema.org","@graph":[{"@type":"WebPage","@id":"https:\/\/copterpro.de\/shop\/drohnen-komplettsets\/djimavic3premiumset\/","url":"https:\/\/copterpro.de\/shop\/drohnen-komplettsets\/djimavic3premiumset\/","name":"Mavic 3 Thermal Drohne mit W\u00e4rmebild f\u00fcr Jagd\/ Kitzrettung","isPartOf":{"@id":"https:\/\/copterpro.de\/shop\/#website"},"primaryImageOfPage":{"@id":"https:\/\/copterpro.de\/shop\/drohnen-komplettsets\/djimavic3premiumset\/#primaryimage"},"image":{"@id":"https:\/\/copterpro.de\/shop\/drohnen-komplettsets\/djimavic3premiumset\/#primaryimage"},"thumbnailUrl":"https:\/\/copterpro.de\/shop\/wp-content\/uploads\/2024\/12\/DJI-Mavic-3-Thermal-Premium-Set-fuer-Kitzrettung-Jagd_2.jpg","datePublished":"2024-12-05T10:08:04+00:00","dateModified":"2026-03-31T15:41:00+00:00","description":"Mavic 3 Thermal Drohne mit W\u00e4rmebild f\u00fcr Jagd\/ Kitzrettung. W\u00e4rmebilddrohne Mavic 3 Thermal f\u00fcr den jagdlichen Einsatz und f\u00fcr Kitzrettung mit Drohne","breadcrumb":{"@id":"https:\/\/copterpro.de\/shop\/drohnen-komplettsets\/djimavic3premiumset\/#breadcrumb"},"inLanguage":"de","potentialAction":[{"@type":"ReadAction","target":["https:\/\/copterpro.de\/shop\/drohnen-komplettsets\/djimavic3premiumset\/"]}]},{"@type":"ImageObject","inLanguage":"de","@id":"https:\/\/copterpro.de\/shop\/drohnen-komplettsets\/djimavic3premiumset\/#primaryimage","url":"https:\/\/copterpro.de\/shop\/wp-content\/uploads\/2024\/12\/DJI-Mavic-3-Thermal-Premium-Set-fuer-Kitzrettung-Jagd_2.jpg","contentUrl":"https:\/\/copterpro.de\/shop\/wp-content\/uploads\/2024\/12\/DJI-Mavic-3-Thermal-Premium-Set-fuer-Kitzrettung-Jagd_2.jpg","width":800,"height":800,"caption":"Premium Set f\u00fcr Kitzrettung\/ Jagd"},{"@type":"BreadcrumbList","@id":"https:\/\/copterpro.de\/shop\/drohnen-komplettsets\/djimavic3premiumset\/#breadcrumb","itemListElement":[{"@type":"ListItem","position":1,"name":"Startseite","item":"https:\/\/copterpro.de\/shop\/"},{"@type":"ListItem","position":2,"name":"Shop","item":"https:\/\/copterpro.de\/shop\/shop\/"},{"@type":"ListItem","position":3,"name":"DJI Mavic 3 Thermal Premium Set f\u00fcr Kitzrettung\/ Jagd"}]},{"@type":"WebSite","@id":"https:\/\/copterpro.de\/shop\/#website","url":"https:\/\/copterpro.de\/shop\/","name":"Copter Pro","description":"","publisher":{"@id":"https:\/\/copterpro.de\/shop\/#organization"},"potentialAction":[{"@type":"SearchAction","target":{"@type":"EntryPoint","urlTemplate":"https:\/\/copterpro.de\/shop\/?s={search_term_string}"},"query-input":{"@type":"PropertyValueSpecification","valueRequired":true,"valueName":"search_term_string"}}],"inLanguage":"de"},{"@type":"Organization","@id":"https:\/\/copterpro.de\/shop\/#organization","name":"Copter Pro","url":"https:\/\/copterpro.de\/shop\/","logo":{"@type":"ImageObject","inLanguage":"de","@id":"https:\/\/copterpro.de\/shop\/#\/schema\/logo\/image\/","url":"https:\/\/copterpro.de\/shop\/wp-content\/uploads\/2025\/04\/copterpro.svg","contentUrl":"https:\/\/copterpro.de\/shop\/wp-content\/uploads\/2025\/04\/copterpro.svg","caption":"Copter Pro"},"image":{"@id":"https:\/\/copterpro.de\/shop\/#\/schema\/logo\/image\/"},"sameAs":["https:\/\/www.facebook.com\/copterprogmbh"]}]}},"_links":{"self":[{"href":"https:\/\/copterpro.de\/shop\/wp-json\/wp\/v2\/product\/228","targetHints":{"allow":["GET"]}}],"collection":[{"href":"https:\/\/copterpro.de\/shop\/wp-json\/wp\/v2\/product"}],"about":[{"href":"https:\/\/copterpro.de\/shop\/wp-json\/wp\/v2\/types\/product"}],"wp:featuredmedia":[{"embeddable":true,"href":"https:\/\/copterpro.de\/shop\/wp-json\/wp\/v2\/media\/229"}],"wp:attachment":[{"href":"https:\/\/copterpro.de\/shop\/wp-json\/wp\/v2\/media?parent=228"}],"wp:term":[{"taxonomy":"product_brand","embeddable":true,"href":"https:\/\/copterpro.de\/shop\/wp-json\/wp\/v2\/product_brand?post=228"},{"taxonomy":"product_cat","embeddable":true,"href":"https:\/\/copterpro.de\/shop\/wp-json\/wp\/v2\/product_cat?post=228"},{"taxonomy":"product_tag","embeddable":true,"href":"https:\/\/copterpro.de\/shop\/wp-json\/wp\/v2\/product_tag?post=228"}],"curies":[{"name":"wp","href":"https:\/\/api.w.org\/{rel}","templated":true}]}}