{"id":265,"date":"2024-12-05T11:48:08","date_gmt":"2024-12-05T10:48:08","guid":{"rendered":"https:\/\/shop.copterpro.de\/?post_type=product&#038;p=265"},"modified":"2026-03-31T17:40:18","modified_gmt":"2026-03-31T15:40:18","slug":"dji-mavic-3e","status":"publish","type":"product","link":"https:\/\/copterpro.de\/shop\/dji-komplettsets\/dji-mavic-3e\/","title":{"rendered":"DJI Mavic 3E Enterprise Drohne Komplettset f\u00fcr Vermessung und Inspektion"},"content":{"rendered":"<p><strong>DJI Mavic 3 Enterprise Serie<br \/>\nUnglaublich effizient. Ultrakompakt.<\/strong><\/p>\n<p>Die DJI Mavic 3 Enterprise definiert Industriestandards f\u00fcr kleine kommerzielle Drohnen neu. Mit einem mechanischen Verschluss, einer 56-fachen Zoomkamera und einem RTK-Modul f\u00fcr zentimetergenaue Pr\u00e4zision hebt die DJI Mavic 3E die Effizienz von Eins\u00e4tzen auf ein neues Niveau. Es ist auch eine Version mit W\u00e4rmebildkamera erh\u00e4ltlich, die sich ideal f\u00fcr Feuerwehr, Rettungsteams, Inspektionen und Nachteins\u00e4tze eignet.<\/p>\n<ul>\n<li>Kompakt und handlich<\/li>\n<li>4\/3 CMOS-Weitwinkelkamera (Mavic 3E)<\/li>\n<li>56\u00d7 Hybridzoom<\/li>\n<li>45 min max. Flugzeit<\/li>\n<li>DJI O3 Enterprise \u00dcbertragung<\/li>\n<li>Zentimetergenaue Positionierung mit RTK<\/li>\n<li>Leistungsstarker Lautsprecher<\/li>\n<\/ul>\n<p><strong>Kompakt und handlich<\/strong><br \/>\nDie optimierte und kompakte Mavic 3 Enterprise Serie kann in einer Hand getragen und im Handumdrehen eingesetzt werden. Sie ist sowohl f\u00fcr Anf\u00e4nger als auch f\u00fcr erfahrene Pilotinnen und Piloten perfekt und f\u00fcr lange Eins\u00e4tze ausgelegt.<\/p>\n<p><strong>Erstklassige Kameraleistung<\/strong><\/p>\n<p><strong>Schnelle Vermessung<\/strong><br \/>\nDer 4\/3 CMOS 20 MP Weitwinkel-Sensor der Mavic 3E verf\u00fcgt \u00fcber einen mechanischen Verschluss, um Bewegungsunsch\u00e4rfe zu verhindern, und unterst\u00fctzt schnelle Intervallaufnahmen von 0,7 Sekunden. F\u00fchren Sie Kartierungseins\u00e4tze mit au\u00dfergew\u00f6hnlicher Effizienz durch, ohne Passpunkt (Ground Control Point, GCP) zu ben\u00f6tigen.<\/p>\n<p><strong>Verbesserte Leistung bei wenig Licht<\/strong><br \/>\nDie Weitwinkelkamera der Mavic 3E verf\u00fcgt \u00fcber gro\u00dfe Pixel mit 3,3 \u03bcm, die zusammen mit dem intelligenten Nachtszenenmodus eine deutlich verbesserte Leistung bei schlechten Lichtverh\u00e4ltnissen bieten.<\/p>\n<p><strong>Fokussieren und Finden<\/strong><br \/>\nSowohl die Mavic 3E als auch die Mavic 3T sind mit einer 12 MP Zoomkamera ausgestattet, die einen bis zu 56-fachen Hybridzoom unterst\u00fctzt, um wichtige Details aus der Ferne zu sehen.<\/p>\n<p><strong>Unsichtbares sichtbar machen<\/strong><br \/>\nDie W\u00e4rmebildkamera der Mavic 3T hat eine Aufl\u00f6sung von 640\u00d7512 und unterst\u00fctzt Punkt- und Fl\u00e4chentemperaturmessungen, Temperaturwarnungen, Farbpaletten und Isothermen, damit Sie schneller Entscheidungen treffen k\u00f6nnen.<\/p>\n<p><strong>Synchronisierter Split-Screen-Zoom<\/strong><br \/>\nDie W\u00e4rmebild- und Zoomkameras der Mavic 3T unterst\u00fctzen einen 14-fachen kontinuierlichen und gleichzeitigen Zoom f\u00fcr einfache Vergleiche.<\/p>\n<p><strong>Au\u00dfergew\u00f6hnliche Betriebseffizienz<\/strong><\/p>\n<p><strong>Akkus mit Ausdauer<\/strong><br \/>\nMit einer Flugzeit von 45 Minuten k\u00f6nnen Sie bei jedem Einsatz gr\u00f6\u00dfere Fl\u00e4chen abdecken und bis zu 2 Quadratkilometer in einem einzigen Flug vermessen.<br \/>\nLaden Sie Akkus schnell auf mit der 100-W-Ladestation oder direkte \u00fcber die Drohne mit 88 W.<\/p>\n<p><strong>Bild\u00fcbertragung der n\u00e4chsten Generation<\/strong><br \/>\nDie vier Antennen der O3 Enterprise \u00dcbertragung erm\u00f6glichen stabilere Verbindungen in zahlreichen komplexen Umgebungen.<\/p>\n<p><strong>Omnidirektionale Erkennung f\u00fcr sicheres Fliegen<\/strong><br \/>\nAusgestattet mit Weitwinkelobjektiven auf allen Seiten f\u00fcr omnidirektionale Hindernisvermeidung ohne tote Winkel. Kollisionswarnungen und Bremsweg lassen sich je nach Einsatzanforderungen anpassen.<\/p>\n<p>Die verbesserte R\u00fcckkehr plant automatisch die optimale Route zur\u00fcck zum Startpunkt und spart so Strom und Zeit und vermeidet b\u00f6se \u00dcberraschungen.<\/p>\n<p>APAS 5.0 erm\u00f6glicht eine automatische Umleitung um Hindernisse herum, sodass Sie unbesorgt fliegen k\u00f6nnen.<\/p>\n<p><strong>Kompatible\u00a0Software<\/strong><\/p>\n<p><strong>DJI Pilot 2<\/strong><br \/>\nDie neue App f\u00fcr Unternehmenskunden wurde von Grund auf \u00fcberarbeitete, um Ihnen noch mehr Effizienz und Flugsicherheit zu bieten. Drohnen- und Nutzlaststeuerung k\u00f6nnen einfach mit einem Klick aufgerufen werden. Die \u00fcbersichtliche Darstellung von Flug- und Navigationsdetails, zusammen mit der Unterst\u00fctzung verschiedener Flugrouten, erleichtert die Bedienung deutlich.<\/p>\n<p><strong>DJI FlightHub 2<\/strong><br \/>\nDie Drohnenverwaltung in der Cloud mit Unterst\u00fctzung f\u00fcr Live-Anmerkungen und Cloud-Kartierung f\u00fcr nahtlose Boden-zu-Cloud-Synergien. Verwalten Sie Inspektionsvorg\u00e4nge effizient mit Routenplanung und Einsatzmanagement.<\/p>\n<p><strong>DJI Terra<\/strong><br \/>\nKartierungssoftware mit vollem Funktionsumfang f\u00fcr alle Arbeitsphasen, von der Einsatzplanung bis zur Verarbeitung von 2D- und 3D-Modellen.<\/p>\n<p><strong>Datensicherheit<\/strong><\/p>\n<ul>\n<li>Lokaler Datenmodus<\/li>\n<li>Alle Ger\u00e4tedateien mit nur einem Klick l\u00f6schen<\/li>\n<li>AES-256-Verschl\u00fcsselung f\u00fcr Video\u00fcbertragung<\/li>\n<li>Cloud-API<\/li>\n<\/ul>\n<p><strong>Offenes Entwickler-\u00d6kosystem<\/strong><\/p>\n<p><strong>PSDK<\/strong><br \/>\nPSDK ist eine einheitliche Schnittstelle, welche die Funktionserweiterung der Mavic 3 Enterprise Serie durch Hardware von Drittanbietern erm\u00f6glicht.<\/p>\n<p><strong>MSDK<\/strong><br \/>\nMobile SDK 5 vereinfacht die Entwicklung von Apps f\u00fcr die Mavic 3 Enterprise Serie. Mobile SDK 5 ist vollst\u00e4ndig Open Source und wird mit Programmierbeispielen, welche die Kernmodule von DJI Pilot 2 abdecken, geliefert.<\/p>\n<p><strong>Cloud-API<\/strong><br \/>\nMit den integrierten MQTT-basierten Protokollen von DJI Pilot 2 in der DJI Cloud-API k\u00f6nnen Sie die Mavic 3 Enterprise Serie direkt mit Cloud-Plattformen von Drittanbietern verbinden, ohne eine App entwickeln zu m\u00fcssen. Greifen Sie auf die Hardware der Drohne, den Video-Livestream und die Fotodaten zu.<\/p>\n","protected":false},"excerpt":{"rendered":"<p>DJI Mavic 3 Enterprise Serie Unglaublich effizient. Ultrakompakt. Die DJI Mavic 3 Enterprise definiert Industriestandards f\u00fcr kleine kommerzielle Drohnen neu. Mit einem mechanischen Verschluss, einer 56-fachen Zoomkamera und einem RTK-Modul f\u00fcr zentimetergenaue Pr\u00e4zision hebt die DJI Mavic 3E die Effizienz von Eins\u00e4tzen auf ein neues Niveau. Es ist auch eine [&hellip;]<\/p>\n","protected":false},"featured_media":266,"template":"","meta":{"_acf_changed":false,"_iconic_wsb_product_page_order_bump_ids":[[8531,11622,15325]],"_sku":["CPS00006"],"_iconic_wsb_product_page_bump_modal_ids":[[8531,11622,15325]]},"product_brand":[],"product_cat":[48,165,41,42],"product_tag":[],"class_list":{"0":"post-265","1":"product","2":"type-product","3":"status-publish","4":"has-post-thumbnail","6":"product_cat-vermessung-inspektions-sets","7":"product_cat-dienstleister-sets","8":"product_cat-dji-komplettsets","9":"product_cat-dji-mavic-3","11":"first","12":"outofstock","13":"taxable","14":"shipping-taxable","15":"purchasable","16":"product-type-simple"},"acf":[],"yoast_head":"<!-- This site is optimized with the Yoast SEO plugin v27.3 - https:\/\/yoast.com\/product\/yoast-seo-wordpress\/ -->\n<title>DJI Mavic 3E Drohne mit Kamera f\u00fcr Inspektion und Vermessung<\/title>\n<meta name=\"description\" content=\"DJI Mavic 3E Drohne mit Kamera f\u00fcr Inspektion und Vermessung. Drohne f\u00fcr Inspektion von DJI die neue DJI Mavic 3E Drohne mit hochaufl\u00f6sender Kamera\" \/>\n<meta name=\"robots\" content=\"index, follow, max-snippet:-1, max-image-preview:large, max-video-preview:-1\" \/>\n<link rel=\"canonical\" href=\"https:\/\/copterpro.de\/shop\/dji-komplettsets\/dji-mavic-3e\/\" \/>\n<meta property=\"og:locale\" content=\"de_DE\" \/>\n<meta property=\"og:type\" content=\"article\" \/>\n<meta property=\"og:title\" content=\"DJI Mavic 3E Drohne mit Kamera f\u00fcr Inspektion und Vermessung\" \/>\n<meta property=\"og:description\" content=\"DJI Mavic 3E Drohne mit Kamera f\u00fcr Inspektion und Vermessung. Drohne f\u00fcr Inspektion von DJI die neue DJI Mavic 3E Drohne mit hochaufl\u00f6sender Kamera\" \/>\n<meta property=\"og:url\" content=\"https:\/\/copterpro.de\/shop\/dji-komplettsets\/dji-mavic-3e\/\" \/>\n<meta property=\"og:site_name\" content=\"Copter Pro\" \/>\n<meta property=\"article:publisher\" content=\"https:\/\/www.facebook.com\/copterprogmbh\" \/>\n<meta property=\"article:modified_time\" content=\"2026-03-31T15:40:18+00:00\" \/>\n<meta property=\"og:image\" content=\"https:\/\/copterpro.de\/shop\/wp-content\/uploads\/2024\/12\/DJI-Mavic-3E-Enterprise-Drohne-Komplettset_7.jpg\" \/>\n\t<meta property=\"og:image:width\" content=\"800\" \/>\n\t<meta property=\"og:image:height\" content=\"800\" \/>\n\t<meta property=\"og:image:type\" content=\"image\/jpeg\" \/>\n<meta name=\"twitter:card\" content=\"summary_large_image\" \/>\n<meta name=\"twitter:label1\" content=\"Gesch\u00e4tzte Lesezeit\" \/>\n\t<meta name=\"twitter:data1\" content=\"4\u00a0Minuten\" \/>\n<script type=\"application\/ld+json\" class=\"yoast-schema-graph\">{\"@context\":\"https:\\\/\\\/schema.org\",\"@graph\":[{\"@type\":\"WebPage\",\"@id\":\"https:\\\/\\\/copterpro.de\\\/shop\\\/dji-komplettsets\\\/dji-mavic-3e\\\/\",\"url\":\"https:\\\/\\\/copterpro.de\\\/shop\\\/dji-komplettsets\\\/dji-mavic-3e\\\/\",\"name\":\"DJI Mavic 3E Drohne mit Kamera f\u00fcr Inspektion und Vermessung\",\"isPartOf\":{\"@id\":\"https:\\\/\\\/copterpro.de\\\/shop\\\/#website\"},\"primaryImageOfPage\":{\"@id\":\"https:\\\/\\\/copterpro.de\\\/shop\\\/dji-komplettsets\\\/dji-mavic-3e\\\/#primaryimage\"},\"image\":{\"@id\":\"https:\\\/\\\/copterpro.de\\\/shop\\\/dji-komplettsets\\\/dji-mavic-3e\\\/#primaryimage\"},\"thumbnailUrl\":\"https:\\\/\\\/copterpro.de\\\/shop\\\/wp-content\\\/uploads\\\/2024\\\/12\\\/DJI-Mavic-3E-Enterprise-Drohne-Komplettset_7.jpg\",\"datePublished\":\"2024-12-05T10:48:08+00:00\",\"dateModified\":\"2026-03-31T15:40:18+00:00\",\"description\":\"DJI Mavic 3E Drohne mit Kamera f\u00fcr Inspektion und Vermessung. Drohne f\u00fcr Inspektion von DJI die neue DJI Mavic 3E Drohne mit hochaufl\u00f6sender Kamera\",\"breadcrumb\":{\"@id\":\"https:\\\/\\\/copterpro.de\\\/shop\\\/dji-komplettsets\\\/dji-mavic-3e\\\/#breadcrumb\"},\"inLanguage\":\"de\",\"potentialAction\":[{\"@type\":\"ReadAction\",\"target\":[\"https:\\\/\\\/copterpro.de\\\/shop\\\/dji-komplettsets\\\/dji-mavic-3e\\\/\"]}]},{\"@type\":\"ImageObject\",\"inLanguage\":\"de\",\"@id\":\"https:\\\/\\\/copterpro.de\\\/shop\\\/dji-komplettsets\\\/dji-mavic-3e\\\/#primaryimage\",\"url\":\"https:\\\/\\\/copterpro.de\\\/shop\\\/wp-content\\\/uploads\\\/2024\\\/12\\\/DJI-Mavic-3E-Enterprise-Drohne-Komplettset_7.jpg\",\"contentUrl\":\"https:\\\/\\\/copterpro.de\\\/shop\\\/wp-content\\\/uploads\\\/2024\\\/12\\\/DJI-Mavic-3E-Enterprise-Drohne-Komplettset_7.jpg\",\"width\":800,\"height\":800},{\"@type\":\"BreadcrumbList\",\"@id\":\"https:\\\/\\\/copterpro.de\\\/shop\\\/dji-komplettsets\\\/dji-mavic-3e\\\/#breadcrumb\",\"itemListElement\":[{\"@type\":\"ListItem\",\"position\":1,\"name\":\"Startseite\",\"item\":\"https:\\\/\\\/copterpro.de\\\/shop\\\/\"},{\"@type\":\"ListItem\",\"position\":2,\"name\":\"Shop\",\"item\":\"https:\\\/\\\/copterpro.de\\\/shop\\\/shop\\\/\"},{\"@type\":\"ListItem\",\"position\":3,\"name\":\"DJI Mavic 3E Enterprise Drohne Komplettset f\u00fcr Vermessung und Inspektion\"}]},{\"@type\":\"WebSite\",\"@id\":\"https:\\\/\\\/copterpro.de\\\/shop\\\/#website\",\"url\":\"https:\\\/\\\/copterpro.de\\\/shop\\\/\",\"name\":\"Copter Pro\",\"description\":\"\",\"publisher\":{\"@id\":\"https:\\\/\\\/copterpro.de\\\/shop\\\/#organization\"},\"potentialAction\":[{\"@type\":\"SearchAction\",\"target\":{\"@type\":\"EntryPoint\",\"urlTemplate\":\"https:\\\/\\\/copterpro.de\\\/shop\\\/?s={search_term_string}\"},\"query-input\":{\"@type\":\"PropertyValueSpecification\",\"valueRequired\":true,\"valueName\":\"search_term_string\"}}],\"inLanguage\":\"de\"},{\"@type\":\"Organization\",\"@id\":\"https:\\\/\\\/copterpro.de\\\/shop\\\/#organization\",\"name\":\"Copter Pro\",\"url\":\"https:\\\/\\\/copterpro.de\\\/shop\\\/\",\"logo\":{\"@type\":\"ImageObject\",\"inLanguage\":\"de\",\"@id\":\"https:\\\/\\\/copterpro.de\\\/shop\\\/#\\\/schema\\\/logo\\\/image\\\/\",\"url\":\"https:\\\/\\\/copterpro.de\\\/shop\\\/wp-content\\\/uploads\\\/2025\\\/04\\\/copterpro.svg\",\"contentUrl\":\"https:\\\/\\\/copterpro.de\\\/shop\\\/wp-content\\\/uploads\\\/2025\\\/04\\\/copterpro.svg\",\"caption\":\"Copter Pro\"},\"image\":{\"@id\":\"https:\\\/\\\/copterpro.de\\\/shop\\\/#\\\/schema\\\/logo\\\/image\\\/\"},\"sameAs\":[\"https:\\\/\\\/www.facebook.com\\\/copterprogmbh\"]}]}<\/script>\n<!-- \/ Yoast SEO plugin. -->","yoast_head_json":{"title":"DJI Mavic 3E Drohne mit Kamera f\u00fcr Inspektion und Vermessung","description":"DJI Mavic 3E Drohne mit Kamera f\u00fcr Inspektion und Vermessung. Drohne f\u00fcr Inspektion von DJI die neue DJI Mavic 3E Drohne mit hochaufl\u00f6sender Kamera","robots":{"index":"index","follow":"follow","max-snippet":"max-snippet:-1","max-image-preview":"max-image-preview:large","max-video-preview":"max-video-preview:-1"},"canonical":"https:\/\/copterpro.de\/shop\/dji-komplettsets\/dji-mavic-3e\/","og_locale":"de_DE","og_type":"article","og_title":"DJI Mavic 3E Drohne mit Kamera f\u00fcr Inspektion und Vermessung","og_description":"DJI Mavic 3E Drohne mit Kamera f\u00fcr Inspektion und Vermessung. Drohne f\u00fcr Inspektion von DJI die neue DJI Mavic 3E Drohne mit hochaufl\u00f6sender Kamera","og_url":"https:\/\/copterpro.de\/shop\/dji-komplettsets\/dji-mavic-3e\/","og_site_name":"Copter Pro","article_publisher":"https:\/\/www.facebook.com\/copterprogmbh","article_modified_time":"2026-03-31T15:40:18+00:00","og_image":[{"width":800,"height":800,"url":"https:\/\/copterpro.de\/shop\/wp-content\/uploads\/2024\/12\/DJI-Mavic-3E-Enterprise-Drohne-Komplettset_7.jpg","type":"image\/jpeg"}],"twitter_card":"summary_large_image","twitter_misc":{"Gesch\u00e4tzte Lesezeit":"4\u00a0Minuten"},"schema":{"@context":"https:\/\/schema.org","@graph":[{"@type":"WebPage","@id":"https:\/\/copterpro.de\/shop\/dji-komplettsets\/dji-mavic-3e\/","url":"https:\/\/copterpro.de\/shop\/dji-komplettsets\/dji-mavic-3e\/","name":"DJI Mavic 3E Drohne mit Kamera f\u00fcr Inspektion und Vermessung","isPartOf":{"@id":"https:\/\/copterpro.de\/shop\/#website"},"primaryImageOfPage":{"@id":"https:\/\/copterpro.de\/shop\/dji-komplettsets\/dji-mavic-3e\/#primaryimage"},"image":{"@id":"https:\/\/copterpro.de\/shop\/dji-komplettsets\/dji-mavic-3e\/#primaryimage"},"thumbnailUrl":"https:\/\/copterpro.de\/shop\/wp-content\/uploads\/2024\/12\/DJI-Mavic-3E-Enterprise-Drohne-Komplettset_7.jpg","datePublished":"2024-12-05T10:48:08+00:00","dateModified":"2026-03-31T15:40:18+00:00","description":"DJI Mavic 3E Drohne mit Kamera f\u00fcr Inspektion und Vermessung. Drohne f\u00fcr Inspektion von DJI die neue DJI Mavic 3E Drohne mit hochaufl\u00f6sender Kamera","breadcrumb":{"@id":"https:\/\/copterpro.de\/shop\/dji-komplettsets\/dji-mavic-3e\/#breadcrumb"},"inLanguage":"de","potentialAction":[{"@type":"ReadAction","target":["https:\/\/copterpro.de\/shop\/dji-komplettsets\/dji-mavic-3e\/"]}]},{"@type":"ImageObject","inLanguage":"de","@id":"https:\/\/copterpro.de\/shop\/dji-komplettsets\/dji-mavic-3e\/#primaryimage","url":"https:\/\/copterpro.de\/shop\/wp-content\/uploads\/2024\/12\/DJI-Mavic-3E-Enterprise-Drohne-Komplettset_7.jpg","contentUrl":"https:\/\/copterpro.de\/shop\/wp-content\/uploads\/2024\/12\/DJI-Mavic-3E-Enterprise-Drohne-Komplettset_7.jpg","width":800,"height":800},{"@type":"BreadcrumbList","@id":"https:\/\/copterpro.de\/shop\/dji-komplettsets\/dji-mavic-3e\/#breadcrumb","itemListElement":[{"@type":"ListItem","position":1,"name":"Startseite","item":"https:\/\/copterpro.de\/shop\/"},{"@type":"ListItem","position":2,"name":"Shop","item":"https:\/\/copterpro.de\/shop\/shop\/"},{"@type":"ListItem","position":3,"name":"DJI Mavic 3E Enterprise Drohne Komplettset f\u00fcr Vermessung und Inspektion"}]},{"@type":"WebSite","@id":"https:\/\/copterpro.de\/shop\/#website","url":"https:\/\/copterpro.de\/shop\/","name":"Copter Pro","description":"","publisher":{"@id":"https:\/\/copterpro.de\/shop\/#organization"},"potentialAction":[{"@type":"SearchAction","target":{"@type":"EntryPoint","urlTemplate":"https:\/\/copterpro.de\/shop\/?s={search_term_string}"},"query-input":{"@type":"PropertyValueSpecification","valueRequired":true,"valueName":"search_term_string"}}],"inLanguage":"de"},{"@type":"Organization","@id":"https:\/\/copterpro.de\/shop\/#organization","name":"Copter Pro","url":"https:\/\/copterpro.de\/shop\/","logo":{"@type":"ImageObject","inLanguage":"de","@id":"https:\/\/copterpro.de\/shop\/#\/schema\/logo\/image\/","url":"https:\/\/copterpro.de\/shop\/wp-content\/uploads\/2025\/04\/copterpro.svg","contentUrl":"https:\/\/copterpro.de\/shop\/wp-content\/uploads\/2025\/04\/copterpro.svg","caption":"Copter Pro"},"image":{"@id":"https:\/\/copterpro.de\/shop\/#\/schema\/logo\/image\/"},"sameAs":["https:\/\/www.facebook.com\/copterprogmbh"]}]}},"_links":{"self":[{"href":"https:\/\/copterpro.de\/shop\/wp-json\/wp\/v2\/product\/265","targetHints":{"allow":["GET"]}}],"collection":[{"href":"https:\/\/copterpro.de\/shop\/wp-json\/wp\/v2\/product"}],"about":[{"href":"https:\/\/copterpro.de\/shop\/wp-json\/wp\/v2\/types\/product"}],"wp:featuredmedia":[{"embeddable":true,"href":"https:\/\/copterpro.de\/shop\/wp-json\/wp\/v2\/media\/266"}],"wp:attachment":[{"href":"https:\/\/copterpro.de\/shop\/wp-json\/wp\/v2\/media?parent=265"}],"wp:term":[{"taxonomy":"product_brand","embeddable":true,"href":"https:\/\/copterpro.de\/shop\/wp-json\/wp\/v2\/product_brand?post=265"},{"taxonomy":"product_cat","embeddable":true,"href":"https:\/\/copterpro.de\/shop\/wp-json\/wp\/v2\/product_cat?post=265"},{"taxonomy":"product_tag","embeddable":true,"href":"https:\/\/copterpro.de\/shop\/wp-json\/wp\/v2\/product_tag?post=265"}],"curies":[{"name":"wp","href":"https:\/\/api.w.org\/{rel}","templated":true}]}}