{"id":462,"date":"2024-12-16T13:48:22","date_gmt":"2024-12-16T12:48:22","guid":{"rendered":"https:\/\/shop.copterpro.de\/?post_type=product&#038;p=462"},"modified":"2026-01-03T19:23:13","modified_gmt":"2026-01-03T18:23:13","slug":"dji-mic-funkmikrofon-set","status":"publish","type":"product","link":"https:\/\/copterpro.de\/shop\/dji-hobby-kameraequipment\/dji-mic-funkmikrofon-set\/","title":{"rendered":"DJI Mic Funkmikrofon Set inkl. Windschutz"},"content":{"rendered":"<h3>DJI Mic Funkmikrofon Set<\/h3>\n<h2>DJI MIC<\/h2>\n<div class=\"product--description\">\n<p>Das brandneue Funkmikrofonsystem von DJI bietet au\u00dfergew\u00f6hnliche Klangqualit\u00e4t und Zweikanal-Aufnahmen in Entfernungen von bis zu 200m. Das System besteht aus zwei Funkmikrofonen, einem Empf\u00e4nger und einer praktischen Ladeschale. Zusammen mit der Action 2 kannst du kristallklares Audio aufnehmen, w\u00e4hrend du einen Vlog aufnimmst, ein Duett singst oder eine lokale Delikatesse beschreibst.<\/p>\n<h3>FEATURES<\/h3>\n<ul>\n<li>Dual-Channel Aufnahme<\/li>\n<li>250m Wireless-\u00dcbertragung<\/li>\n<li>Bis zu 14 Stunden Speicherkapazit\u00e4t<\/li>\n<li>Bis zu 15 Stunden Akkulaufzeit<\/li>\n<li>Handlich &amp; kompakt<\/li>\n<li>Breite Kompatbilit\u00e4t<\/li>\n<\/ul>\n<h2>TECHNISCHE DATEN<\/h2>\n<h3>DJI MIC SENDER<\/h3>\n<ul>\n<li>Abmessungen: 47x30x20mm<\/li>\n<li>Gewicht: 30g<\/li>\n<li>Stromverbrauch: 200mW<\/li>\n<li>Wireless Mode: GFSK 1MB\/s &amp; 2MB\/s<\/li>\n<li>EIRP: 17,5dBm<\/li>\n<li>Betriebsfrequenz: 2400-2483,5MHz<\/li>\n<li>Akkutyp: Lipo-Akku BHX211-320-3,85<\/li>\n<li>Akkukapazit\u00e4t: 320mAh<\/li>\n<li>Akkuleistung: 1,233Wh<\/li>\n<li>Akkuspannung: 3,85V<\/li>\n<li>Ladetemperatur: 5-45\u00b0C<\/li>\n<li>Betriebstemperatur: -10-45\u00b0C<\/li>\n<li>Ladezeit: 1 Stunde<\/li>\n<li>Betriebsdauer: 5,5 Stunden<\/li>\n<\/ul>\n<h3>DJI MIC EMPF\u00c4NGER<\/h3>\n<ul>\n<li>Abmessungen: 48x32x17mm<\/li>\n<li>Gewicht: 25g<\/li>\n<li>Stromverbrauch: 200mW<\/li>\n<li>Wireless Mode: GFSK 1MB\/s &amp; 2MB\/s<\/li>\n<li>EIRP: 18,5dBm<\/li>\n<li>Betriebsfrequenz: 2400-2483,5MHz<\/li>\n<li>Akkutyp: Lipo-Akku BHX211-320-3,85<\/li>\n<li>Akkukapazit\u00e4t: 320mAh<\/li>\n<li>Akkuleistung: 1,233Wh<\/li>\n<li>Akkuspannung: 3,85V<\/li>\n<li>Ladetemperatur: 5-45\u00b0C<\/li>\n<li>Betriebstemperatur: -10-45\u00b0C<\/li>\n<li>Ladezeit: 1 Stunde<\/li>\n<li>Betriebsdauer: 5 Stunden<\/li>\n<\/ul>\n<h3>DJI MIC LADEBASE<\/h3>\n<ul>\n<li>Abmessungen: 103x62x42mm<\/li>\n<li>Gewicht: 162g<\/li>\n<li>Stromverbrauch: 60mW<\/li>\n<li>Akkutyp: Lipo-Akku 113248<\/li>\n<li>Akkukapazit\u00e4t: 2600mAh<\/li>\n<li>Akkuleistung: 10Wh<\/li>\n<li>Akkuspannung: 3,87V<\/li>\n<li>Ladetemperatur: 5-45\u00b0C<\/li>\n<li>Betriebstemperatur: -10-45\u00b0C<\/li>\n<li>Ladezeit: 1,5 Stunde<\/li>\n<li>Ladekapazit\u00e4t: Bis zu zweimal jeweils drei Einheiten<\/li>\n<\/ul>\n<h3>HINWEISE<\/h3>\n<ul>\n<li>Lieferung erfolgt ohne Smartphone, Gimbal, Kamera<\/li>\n<\/ul>\n<\/div>\n","protected":false},"excerpt":{"rendered":"<p>DJI Mic Funkmikrofon Set DJI MIC Das brandneue Funkmikrofonsystem von DJI bietet au\u00dfergew\u00f6hnliche Klangqualit\u00e4t und Zweikanal-Aufnahmen in Entfernungen von bis zu 200m. Das System besteht aus zwei Funkmikrofonen, einem Empf\u00e4nger und einer praktischen Ladeschale. Zusammen mit der Action 2 kannst du kristallklares Audio aufnehmen, w\u00e4hrend du einen Vlog aufnimmst, ein [&hellip;]<\/p>\n","protected":false},"featured_media":463,"template":"","meta":{"_acf_changed":false,"_iconic_wsb_product_page_order_bump_ids":[[454]],"_sku":["CP00106"],"_iconic_wsb_product_page_bump_modal_ids":[[]]},"product_brand":[],"product_cat":[40],"product_tag":[],"class_list":{"0":"post-462","1":"product","2":"type-product","3":"status-publish","4":"has-post-thumbnail","6":"product_cat-dji-hobby-kameraequipment","8":"first","9":"instock","10":"sale","11":"taxable","12":"shipping-taxable","13":"purchasable","14":"product-type-simple"},"acf":[],"yoast_head":"<!-- This site is optimized with the Yoast SEO plugin v27.3 - https:\/\/yoast.com\/product\/yoast-seo-wordpress\/ -->\n<title>DJI Mic Funkmikrofon Set inkl. Ladeschale, Sender u. Windschutz<\/title>\n<meta name=\"description\" content=\"DJI Mic Funkmikrofon Set inkl. Ladeschale, Sender u. Windschutz. Funkmikrofone von DJI mit hoher Reichweite und Mikrofon mit langer Laufzeit\" \/>\n<meta name=\"robots\" content=\"index, follow, max-snippet:-1, max-image-preview:large, max-video-preview:-1\" \/>\n<link rel=\"canonical\" href=\"https:\/\/copterpro.de\/shop\/dji-hobby-kameraequipment\/dji-mic-funkmikrofon-set\/\" \/>\n<meta property=\"og:locale\" content=\"de_DE\" \/>\n<meta property=\"og:type\" content=\"article\" \/>\n<meta property=\"og:title\" content=\"DJI Mic Funkmikrofon Set inkl. Ladeschale, Sender u. Windschutz\" \/>\n<meta property=\"og:description\" content=\"DJI Mic Funkmikrofon Set inkl. Ladeschale, Sender u. Windschutz. Funkmikrofone von DJI mit hoher Reichweite und Mikrofon mit langer Laufzeit\" \/>\n<meta property=\"og:url\" content=\"https:\/\/copterpro.de\/shop\/dji-hobby-kameraequipment\/dji-mic-funkmikrofon-set\/\" \/>\n<meta property=\"og:site_name\" content=\"Copter Pro\" \/>\n<meta property=\"article:publisher\" content=\"https:\/\/www.facebook.com\/copterprogmbh\" \/>\n<meta property=\"article:modified_time\" content=\"2026-01-03T18:23:13+00:00\" \/>\n<meta property=\"og:image\" content=\"https:\/\/copterpro.de\/shop\/wp-content\/uploads\/2024\/12\/75688d7dbf43af180869af1c9cfa1d65@ultra.jpeg\" \/>\n\t<meta property=\"og:image:width\" content=\"1280\" \/>\n\t<meta property=\"og:image:height\" content=\"1280\" \/>\n\t<meta property=\"og:image:type\" content=\"image\/jpeg\" \/>\n<meta name=\"twitter:card\" content=\"summary_large_image\" \/>\n<meta name=\"twitter:label1\" content=\"Gesch\u00e4tzte Lesezeit\" \/>\n\t<meta name=\"twitter:data1\" content=\"2\u00a0Minuten\" \/>\n<script type=\"application\/ld+json\" class=\"yoast-schema-graph\">{\"@context\":\"https:\\\/\\\/schema.org\",\"@graph\":[{\"@type\":\"WebPage\",\"@id\":\"https:\\\/\\\/copterpro.de\\\/shop\\\/dji-hobby-kameraequipment\\\/dji-mic-funkmikrofon-set\\\/\",\"url\":\"https:\\\/\\\/copterpro.de\\\/shop\\\/dji-hobby-kameraequipment\\\/dji-mic-funkmikrofon-set\\\/\",\"name\":\"DJI Mic Funkmikrofon Set inkl. Ladeschale, Sender u. Windschutz\",\"isPartOf\":{\"@id\":\"https:\\\/\\\/copterpro.de\\\/shop\\\/#website\"},\"primaryImageOfPage\":{\"@id\":\"https:\\\/\\\/copterpro.de\\\/shop\\\/dji-hobby-kameraequipment\\\/dji-mic-funkmikrofon-set\\\/#primaryimage\"},\"image\":{\"@id\":\"https:\\\/\\\/copterpro.de\\\/shop\\\/dji-hobby-kameraequipment\\\/dji-mic-funkmikrofon-set\\\/#primaryimage\"},\"thumbnailUrl\":\"https:\\\/\\\/copterpro.de\\\/shop\\\/wp-content\\\/uploads\\\/2024\\\/12\\\/75688d7dbf43af180869af1c9cfa1d65@ultra.jpeg\",\"datePublished\":\"2024-12-16T12:48:22+00:00\",\"dateModified\":\"2026-01-03T18:23:13+00:00\",\"description\":\"DJI Mic Funkmikrofon Set inkl. Ladeschale, Sender u. Windschutz. Funkmikrofone von DJI mit hoher Reichweite und Mikrofon mit langer Laufzeit\",\"breadcrumb\":{\"@id\":\"https:\\\/\\\/copterpro.de\\\/shop\\\/dji-hobby-kameraequipment\\\/dji-mic-funkmikrofon-set\\\/#breadcrumb\"},\"inLanguage\":\"de\",\"potentialAction\":[{\"@type\":\"ReadAction\",\"target\":[\"https:\\\/\\\/copterpro.de\\\/shop\\\/dji-hobby-kameraequipment\\\/dji-mic-funkmikrofon-set\\\/\"]}]},{\"@type\":\"ImageObject\",\"inLanguage\":\"de\",\"@id\":\"https:\\\/\\\/copterpro.de\\\/shop\\\/dji-hobby-kameraequipment\\\/dji-mic-funkmikrofon-set\\\/#primaryimage\",\"url\":\"https:\\\/\\\/copterpro.de\\\/shop\\\/wp-content\\\/uploads\\\/2024\\\/12\\\/75688d7dbf43af180869af1c9cfa1d65@ultra.jpeg\",\"contentUrl\":\"https:\\\/\\\/copterpro.de\\\/shop\\\/wp-content\\\/uploads\\\/2024\\\/12\\\/75688d7dbf43af180869af1c9cfa1d65@ultra.jpeg\",\"width\":1280,\"height\":1280},{\"@type\":\"BreadcrumbList\",\"@id\":\"https:\\\/\\\/copterpro.de\\\/shop\\\/dji-hobby-kameraequipment\\\/dji-mic-funkmikrofon-set\\\/#breadcrumb\",\"itemListElement\":[{\"@type\":\"ListItem\",\"position\":1,\"name\":\"Startseite\",\"item\":\"https:\\\/\\\/copterpro.de\\\/shop\\\/\"},{\"@type\":\"ListItem\",\"position\":2,\"name\":\"Shop\",\"item\":\"https:\\\/\\\/copterpro.de\\\/shop\\\/shop\\\/\"},{\"@type\":\"ListItem\",\"position\":3,\"name\":\"DJI Mic Funkmikrofon Set inkl. Windschutz\"}]},{\"@type\":\"WebSite\",\"@id\":\"https:\\\/\\\/copterpro.de\\\/shop\\\/#website\",\"url\":\"https:\\\/\\\/copterpro.de\\\/shop\\\/\",\"name\":\"Copter Pro\",\"description\":\"\",\"publisher\":{\"@id\":\"https:\\\/\\\/copterpro.de\\\/shop\\\/#organization\"},\"potentialAction\":[{\"@type\":\"SearchAction\",\"target\":{\"@type\":\"EntryPoint\",\"urlTemplate\":\"https:\\\/\\\/copterpro.de\\\/shop\\\/?s={search_term_string}\"},\"query-input\":{\"@type\":\"PropertyValueSpecification\",\"valueRequired\":true,\"valueName\":\"search_term_string\"}}],\"inLanguage\":\"de\"},{\"@type\":\"Organization\",\"@id\":\"https:\\\/\\\/copterpro.de\\\/shop\\\/#organization\",\"name\":\"Copter Pro\",\"url\":\"https:\\\/\\\/copterpro.de\\\/shop\\\/\",\"logo\":{\"@type\":\"ImageObject\",\"inLanguage\":\"de\",\"@id\":\"https:\\\/\\\/copterpro.de\\\/shop\\\/#\\\/schema\\\/logo\\\/image\\\/\",\"url\":\"https:\\\/\\\/copterpro.de\\\/shop\\\/wp-content\\\/uploads\\\/2025\\\/04\\\/copterpro.svg\",\"contentUrl\":\"https:\\\/\\\/copterpro.de\\\/shop\\\/wp-content\\\/uploads\\\/2025\\\/04\\\/copterpro.svg\",\"caption\":\"Copter Pro\"},\"image\":{\"@id\":\"https:\\\/\\\/copterpro.de\\\/shop\\\/#\\\/schema\\\/logo\\\/image\\\/\"},\"sameAs\":[\"https:\\\/\\\/www.facebook.com\\\/copterprogmbh\"]}]}<\/script>\n<!-- \/ Yoast SEO plugin. -->","yoast_head_json":{"title":"DJI Mic Funkmikrofon Set inkl. Ladeschale, Sender u. Windschutz","description":"DJI Mic Funkmikrofon Set inkl. Ladeschale, Sender u. Windschutz. Funkmikrofone von DJI mit hoher Reichweite und Mikrofon mit langer Laufzeit","robots":{"index":"index","follow":"follow","max-snippet":"max-snippet:-1","max-image-preview":"max-image-preview:large","max-video-preview":"max-video-preview:-1"},"canonical":"https:\/\/copterpro.de\/shop\/dji-hobby-kameraequipment\/dji-mic-funkmikrofon-set\/","og_locale":"de_DE","og_type":"article","og_title":"DJI Mic Funkmikrofon Set inkl. Ladeschale, Sender u. Windschutz","og_description":"DJI Mic Funkmikrofon Set inkl. Ladeschale, Sender u. Windschutz. Funkmikrofone von DJI mit hoher Reichweite und Mikrofon mit langer Laufzeit","og_url":"https:\/\/copterpro.de\/shop\/dji-hobby-kameraequipment\/dji-mic-funkmikrofon-set\/","og_site_name":"Copter Pro","article_publisher":"https:\/\/www.facebook.com\/copterprogmbh","article_modified_time":"2026-01-03T18:23:13+00:00","og_image":[{"width":1280,"height":1280,"url":"https:\/\/copterpro.de\/shop\/wp-content\/uploads\/2024\/12\/75688d7dbf43af180869af1c9cfa1d65@ultra.jpeg","type":"image\/jpeg"}],"twitter_card":"summary_large_image","twitter_misc":{"Gesch\u00e4tzte Lesezeit":"2\u00a0Minuten"},"schema":{"@context":"https:\/\/schema.org","@graph":[{"@type":"WebPage","@id":"https:\/\/copterpro.de\/shop\/dji-hobby-kameraequipment\/dji-mic-funkmikrofon-set\/","url":"https:\/\/copterpro.de\/shop\/dji-hobby-kameraequipment\/dji-mic-funkmikrofon-set\/","name":"DJI Mic Funkmikrofon Set inkl. Ladeschale, Sender u. Windschutz","isPartOf":{"@id":"https:\/\/copterpro.de\/shop\/#website"},"primaryImageOfPage":{"@id":"https:\/\/copterpro.de\/shop\/dji-hobby-kameraequipment\/dji-mic-funkmikrofon-set\/#primaryimage"},"image":{"@id":"https:\/\/copterpro.de\/shop\/dji-hobby-kameraequipment\/dji-mic-funkmikrofon-set\/#primaryimage"},"thumbnailUrl":"https:\/\/copterpro.de\/shop\/wp-content\/uploads\/2024\/12\/75688d7dbf43af180869af1c9cfa1d65@ultra.jpeg","datePublished":"2024-12-16T12:48:22+00:00","dateModified":"2026-01-03T18:23:13+00:00","description":"DJI Mic Funkmikrofon Set inkl. Ladeschale, Sender u. Windschutz. Funkmikrofone von DJI mit hoher Reichweite und Mikrofon mit langer Laufzeit","breadcrumb":{"@id":"https:\/\/copterpro.de\/shop\/dji-hobby-kameraequipment\/dji-mic-funkmikrofon-set\/#breadcrumb"},"inLanguage":"de","potentialAction":[{"@type":"ReadAction","target":["https:\/\/copterpro.de\/shop\/dji-hobby-kameraequipment\/dji-mic-funkmikrofon-set\/"]}]},{"@type":"ImageObject","inLanguage":"de","@id":"https:\/\/copterpro.de\/shop\/dji-hobby-kameraequipment\/dji-mic-funkmikrofon-set\/#primaryimage","url":"https:\/\/copterpro.de\/shop\/wp-content\/uploads\/2024\/12\/75688d7dbf43af180869af1c9cfa1d65@ultra.jpeg","contentUrl":"https:\/\/copterpro.de\/shop\/wp-content\/uploads\/2024\/12\/75688d7dbf43af180869af1c9cfa1d65@ultra.jpeg","width":1280,"height":1280},{"@type":"BreadcrumbList","@id":"https:\/\/copterpro.de\/shop\/dji-hobby-kameraequipment\/dji-mic-funkmikrofon-set\/#breadcrumb","itemListElement":[{"@type":"ListItem","position":1,"name":"Startseite","item":"https:\/\/copterpro.de\/shop\/"},{"@type":"ListItem","position":2,"name":"Shop","item":"https:\/\/copterpro.de\/shop\/shop\/"},{"@type":"ListItem","position":3,"name":"DJI Mic Funkmikrofon Set inkl. Windschutz"}]},{"@type":"WebSite","@id":"https:\/\/copterpro.de\/shop\/#website","url":"https:\/\/copterpro.de\/shop\/","name":"Copter Pro","description":"","publisher":{"@id":"https:\/\/copterpro.de\/shop\/#organization"},"potentialAction":[{"@type":"SearchAction","target":{"@type":"EntryPoint","urlTemplate":"https:\/\/copterpro.de\/shop\/?s={search_term_string}"},"query-input":{"@type":"PropertyValueSpecification","valueRequired":true,"valueName":"search_term_string"}}],"inLanguage":"de"},{"@type":"Organization","@id":"https:\/\/copterpro.de\/shop\/#organization","name":"Copter Pro","url":"https:\/\/copterpro.de\/shop\/","logo":{"@type":"ImageObject","inLanguage":"de","@id":"https:\/\/copterpro.de\/shop\/#\/schema\/logo\/image\/","url":"https:\/\/copterpro.de\/shop\/wp-content\/uploads\/2025\/04\/copterpro.svg","contentUrl":"https:\/\/copterpro.de\/shop\/wp-content\/uploads\/2025\/04\/copterpro.svg","caption":"Copter Pro"},"image":{"@id":"https:\/\/copterpro.de\/shop\/#\/schema\/logo\/image\/"},"sameAs":["https:\/\/www.facebook.com\/copterprogmbh"]}]}},"_links":{"self":[{"href":"https:\/\/copterpro.de\/shop\/wp-json\/wp\/v2\/product\/462","targetHints":{"allow":["GET"]}}],"collection":[{"href":"https:\/\/copterpro.de\/shop\/wp-json\/wp\/v2\/product"}],"about":[{"href":"https:\/\/copterpro.de\/shop\/wp-json\/wp\/v2\/types\/product"}],"wp:featuredmedia":[{"embeddable":true,"href":"https:\/\/copterpro.de\/shop\/wp-json\/wp\/v2\/media\/463"}],"wp:attachment":[{"href":"https:\/\/copterpro.de\/shop\/wp-json\/wp\/v2\/media?parent=462"}],"wp:term":[{"taxonomy":"product_brand","embeddable":true,"href":"https:\/\/copterpro.de\/shop\/wp-json\/wp\/v2\/product_brand?post=462"},{"taxonomy":"product_cat","embeddable":true,"href":"https:\/\/copterpro.de\/shop\/wp-json\/wp\/v2\/product_cat?post=462"},{"taxonomy":"product_tag","embeddable":true,"href":"https:\/\/copterpro.de\/shop\/wp-json\/wp\/v2\/product_tag?post=462"}],"curies":[{"name":"wp","href":"https:\/\/api.w.org\/{rel}","templated":true}]}}