{"id":475,"date":"2024-12-16T14:02:12","date_gmt":"2024-12-16T13:02:12","guid":{"rendered":"https:\/\/shop.copterpro.de\/?post_type=product&#038;p=475"},"modified":"2026-01-03T19:23:13","modified_gmt":"2026-01-03T18:23:13","slug":"dji-avata-pro-view-combo-komplettset","status":"publish","type":"product","link":"https:\/\/copterpro.de\/shop\/dji-hobby-kameraequipment\/dji-avata-pro-view-combo-komplettset\/","title":{"rendered":"DJI Avata Pro View Combo Komplettset"},"content":{"rendered":"<h3 class=\"fusion-responsive-typography-calculated\" data-fontsize=\"32\" data-lineheight=\"41.6px\">DJI GOGGLES 2 AKKU<\/h3>\n<ul>\n<li>Typ: Li-Ion<\/li>\n<li>Chemische Zusammensetzung: LiNiMnCoO2<\/li>\n<li>Energie: 18 Wh<\/li>\n<li>Ladetemperatur: 0 \u00b0C bis 45 \u00b0C<\/li>\n<li>Max. Ladestrom: 12,6 W (5V\/2A oder 9V\/1,4A)<\/li>\n<li>Gewicht: Ca. 122 g<\/li>\n<li>Abmessungen: (L\u00d7B\u00d7H) 73,04 \u00d7 40,96 \u00d7 26 mm<\/li>\n<li>Akkulaufzeit: Ca. 2 Stunden<\/li>\n<\/ul>\n<h3 class=\"fusion-responsive-typography-calculated\" data-fontsize=\"32\" data-lineheight=\"41.6px\">DJI FPV GOGGLES V2<\/h3>\n<ul>\n<li>Modell: FGDB28<\/li>\n<li>Gewicht: Ca. 420 g (inkl. Kopfband und Antennen)<\/li>\n<li>Unterst\u00fctzte Video- &amp; Audio-Wiedergabeformate: MP4, MOV, MKV (Videocodec: H.264; Audiocodec: AAC-LC, AAC-HE, AC-3, MP3)<\/li>\n<li>Betriebstemperatur: 0 \u00b0C bis 40 \u00b0C<\/li>\n<li>Videoaufnahmeformat: MOV (Videocodec: H.264)<\/li>\n<li>Sichtfeld: 30\u00b0 bis 54\u00b0, einstellbar Bildgr\u00f6\u00dfe: 50 bis 100 %<\/li>\n<li>Funkfrequenz: 2,400 bis 2,4835 GHz \/ 5,725 bis 5,850 GHz [4]<\/li>\n<li>Max. Video\u00fcbertragungs-Bitrate [6]: 50 MBit\/s<\/li>\n<li>Abmessungen (L\u00d7B\u00d7H) Ohne Antennen: 184 \u00d7 122 \u00d7 110 mm \/ Mit Antennen: 202 \u00d7 126 \u00d7 110 mm<\/li>\n<li>Strahlungsleistung: (EIRP) 2,400 bis 2,4835 GHz \/ FCC: \u226428,5 dBm \/ CE: \u226420 dBm \/ SRRC: \u226420 dBm \/ 5,725 bis 5,850 GHz [4] \/ FCC: \u226431,5 dBm \/ CE: \u226414 dBm \/ SRRC: \u226419 dBm<\/li>\n<li>Bildschirmgr\u00f6\u00dfe (je Bildschirm): 2-Zoll<\/li>\n<li>Stromversorgung: DJI Goggles Akkus<\/li>\n<li>Kompatible SD-Speicherkarten: microSD (bis zu 256 GB)<\/li>\n<li>Kommunikationsbandbreite: Max. 40 MHz<\/li>\n<li>Pupillenabstand: 58 bis 70 mm<\/li>\n<li>Bildfrequenz: 144 Hz<\/li>\n<li>Displayaufl\u00f6sung: 1440\u00d7810<\/li>\n<li>Gewicht: Ca. 119 g<\/li>\n<li>Abmessungen: (L\u00d7B\u00d7H) 73,04 \u00d7 40,96 \u00d7 26 mm<\/li>\n<li>Kapazit\u00e4t: 1.800 mAh<\/li>\n<li>Spannung: Max. 9 V<\/li>\n<li>Chemische Zusammensetzung: LiNiMnCoO2<\/li>\n<li>Typ: Li-Po 2S<\/li>\n<li>Energie: 18 Wh<\/li>\n<li>Ladetemperatur: 0 \u00b0C bis 45 \u00b0C<\/li>\n<li>Max. Ladestrom: 10 W<\/li>\n<li>Akkulaufzeit: Ca. 110 Minuten<\/li>\n<\/ul>\n<h3 class=\"fusion-responsive-typography-calculated\" data-fontsize=\"32\" data-lineheight=\"41.6px\">DJI BEWEGUNGSSTEUEREINHEIT<\/h3>\n<ul>\n<li>Modell: FC7BMC<\/li>\n<li>Gewicht: Ca. 167 g<\/li>\n<li>Funkfrequenz: 2,400 bis 2,4835 GHz \/ 5,725 bis 5,850 GHz[4]<\/li>\n<li>Strahlungsleistung: (EIRP) 2,4 GHz: \u226428,5 dBm (FCC), \u226420 dBm \/ (CE\/SRRC) 5,8 GHz: \u226431,5 dBm (FCC), \u226419 dBm (SRRC), \u226414 dBm (CE)[4]<\/li>\n<li>Betriebstemperatur: -10 \u00b0C bis 40 \u00b0C<\/li>\n<li>Akkulaufzeit: Ca. 5 Stunden<\/li>\n<\/ul>\n<h3 class=\"fusion-responsive-typography-calculated\" data-fontsize=\"32\" data-lineheight=\"41.6px\">DJI FPV FERNSTEUERUNG 2<\/h3>\n<ul>\n<li>Modell: FC7BGC<\/li>\n<li>Gewicht: Ca. 346 g<\/li>\n<li>Funkfrequenz: 2,400 bis 2,4835 GHz \/ 5,725 bis 5,850 GHz[4]<\/li>\n<li>Strahlungsleistung: (EIRP) 2,4 GHz: \u226428,5 dBm (FCC), \u226420 dBm (CE\/SRRC) \/ 5,8 GHz: \u226431,5 dBm (FCC), \u226419 dBm (SRRC), \u226414 dBm (CE)[4]<\/li>\n<li>Abmessungen: (L\u00d7B\u00d7H) 190 \u00d7 140 \u00d7 51 mm<\/li>\n<li>Akkulaufzeit: Ca. 9 Stunden<\/li>\n<li>Betriebstemperatur: -10 \u00b0C bis 40 \u00b0C<\/li>\n<li>Ladezeit: 2,5 Stunden<\/li>\n<\/ul>\n<h3 class=\"fusion-responsive-typography-calculated\" data-fontsize=\"32\" data-lineheight=\"41.6px\">HINWEISE<\/h3>\n<ul>\n<li>Wird ohne Ladeger\u00e4t geliefert. Du kannst dein eigenes USB-C-Ladeger\u00e4t verwenden. Es wird empfohlen, das DJI 65W Tragbare Ladeger\u00e4t, das DJI 65W Autoladeger\u00e4t (beide separat erh\u00e4ltlich) oder andere USB-PD-Ladeger\u00e4te zu verwenden.<\/li>\n<li>1. Die H\u00f6chstgeschwindigkeit unterliegt lokalen Beschr\u00e4nkungen. Halte dich streng an die \u00f6rtlichen Gesetze und Vorschriften.<\/li>\n<li>2. Getestet beim Schweben in einer Umgebung ohne Wind oder St\u00f6rungen.<\/li>\n<li>3. Die DJI Avata unterst\u00fctzt nur die Hindernisvermeidung nach unten, wenn sie mit der DJI FPV Fernsteuerung 2 oder der DJI Bewegungssteuereinheit im Noder S-Modus verwendet wird.<\/li>\n<li>4. Das 5,8-GHz-Frequenzband ist in bestimmten L\u00e4ndern\/Regionen verboten. Siehe bitte die \u00f6rtlichen Gesetze und Vorschriften f\u00fcr Details.<\/li>\n<li>5. Getestet in einer offenen Umgebung im Freien ohne St\u00f6rungen. Die Latenz der Video\u00fcbertragung kann je nach Modell variieren.<\/li>\n<li>6. Getestet in einer offenen Umgebung im Freien ohne St\u00f6rungen. Die Bitrate der Video\u00fcbertragung variiert je nach Betriebsumgebung.<\/li>\n<li>7. FCC-konform und in einer offenen Umgebung im Freien ohne Interferenzen getestet. Die Daten wurden unter verschiedenen Standards in einer offenen Umgebung im Freien ohne Interferenzen getestet. Dient nur als Referenz f\u00fcr die maximale \u00dcbertragungsreichweite in eine Richtung ohne Ber\u00fccksichtigung des R\u00fcckflugs. Bitte beachte Warnmeldung zur R\u00fcckkehr w\u00e4hrend des Fluges. Max. \u00dcbertragungsreichweite der DJI Avata in unterschiedlichen L\u00e4ndern\/Regionen: FCC: USA, Australien, Kanada, Hongkong, Taiwan, Chile, Kolumbien, Puerto Rico und andere Regionen. SRRC: Festlandchina. CE: Deutschland, Schweiz, Frankreich, Gro\u00dfbritannien, Spanien, Portugal, Vereinigte Arabische Emirate, Neuseeland, Macau, Russland und andere Regionen.<\/li>\n<li>8. Das 5,1-GHz-Frequenzband ist derzeit in China und Thailand verboten. Siehe bitte die \u00f6rtlichen Gesetze und Vorschriften f\u00fcr Details.<\/li>\n<\/ul>\n","protected":false},"excerpt":{"rendered":"<p>DJI GOGGLES 2 AKKU Typ: Li-Ion Chemische Zusammensetzung: LiNiMnCoO2 Energie: 18 Wh Ladetemperatur: 0 \u00b0C bis 45 \u00b0C Max. Ladestrom: 12,6 W (5V\/2A oder 9V\/1,4A) Gewicht: Ca. 122 g Abmessungen: (L\u00d7B\u00d7H) 73,04 \u00d7 40,96 \u00d7 26 mm Akkulaufzeit: Ca. 2 Stunden DJI FPV GOGGLES V2 Modell: FGDB28 Gewicht: Ca. 420 [&hellip;]<\/p>\n","protected":false},"featured_media":476,"template":"","meta":{"_acf_changed":false,"_iconic_wsb_product_page_order_bump_ids":[[14560]],"_sku":["CP00012"],"_iconic_wsb_product_page_bump_modal_ids":[[]]},"product_brand":[],"product_cat":[40],"product_tag":[],"class_list":{"0":"post-475","1":"product","2":"type-product","3":"status-publish","4":"has-post-thumbnail","6":"product_cat-dji-hobby-kameraequipment","8":"first","9":"instock","10":"taxable","11":"shipping-taxable","12":"purchasable","13":"product-type-simple"},"acf":[],"yoast_head":"<!-- This site is optimized with the Yoast SEO plugin v27.3 - https:\/\/yoast.com\/product\/yoast-seo-wordpress\/ -->\n<title>DJI Avata Pro View Combo mit DJI Flymore Set f\u00fcr Avata FPV<\/title>\n<meta name=\"description\" content=\"DJI Avata Pro View Combo mit DJI Flymore Set f\u00fcr Avata FPV. Die DJI Fpv Drohne Avata mit Akkus und Zubeh\u00f6r. FPV Drohne DJI Avata mit Flymore Kit\" \/>\n<meta name=\"robots\" content=\"index, follow, max-snippet:-1, max-image-preview:large, max-video-preview:-1\" \/>\n<link rel=\"canonical\" href=\"https:\/\/copterpro.de\/shop\/dji-hobby-kameraequipment\/dji-avata-pro-view-combo-komplettset\/\" \/>\n<meta property=\"og:locale\" content=\"de_DE\" \/>\n<meta property=\"og:type\" content=\"article\" \/>\n<meta property=\"og:title\" content=\"DJI Avata Pro View Combo mit DJI Flymore Set f\u00fcr Avata FPV\" \/>\n<meta property=\"og:description\" content=\"DJI Avata Pro View Combo mit DJI Flymore Set f\u00fcr Avata FPV. Die DJI Fpv Drohne Avata mit Akkus und Zubeh\u00f6r. FPV Drohne DJI Avata mit Flymore Kit\" \/>\n<meta property=\"og:url\" content=\"https:\/\/copterpro.de\/shop\/dji-hobby-kameraequipment\/dji-avata-pro-view-combo-komplettset\/\" \/>\n<meta property=\"og:site_name\" content=\"Copter Pro\" \/>\n<meta property=\"article:publisher\" content=\"https:\/\/www.facebook.com\/copterprogmbh\" \/>\n<meta property=\"article:modified_time\" content=\"2026-01-03T18:23:13+00:00\" \/>\n<meta property=\"og:image\" content=\"https:\/\/copterpro.de\/shop\/wp-content\/uploads\/2024\/12\/dji-avata-pro-view-combo-dji-goggles-2-fpv-cinewhoop-shop-de.jpeg\" \/>\n\t<meta property=\"og:image:width\" content=\"1200\" \/>\n\t<meta property=\"og:image:height\" content=\"1200\" \/>\n\t<meta property=\"og:image:type\" content=\"image\/jpeg\" \/>\n<meta name=\"twitter:card\" content=\"summary_large_image\" \/>\n<meta name=\"twitter:label1\" content=\"Gesch\u00e4tzte Lesezeit\" \/>\n\t<meta name=\"twitter:data1\" content=\"4\u00a0Minuten\" \/>\n<script type=\"application\/ld+json\" class=\"yoast-schema-graph\">{\"@context\":\"https:\\\/\\\/schema.org\",\"@graph\":[{\"@type\":\"WebPage\",\"@id\":\"https:\\\/\\\/copterpro.de\\\/shop\\\/dji-hobby-kameraequipment\\\/dji-avata-pro-view-combo-komplettset\\\/\",\"url\":\"https:\\\/\\\/copterpro.de\\\/shop\\\/dji-hobby-kameraequipment\\\/dji-avata-pro-view-combo-komplettset\\\/\",\"name\":\"DJI Avata Pro View Combo mit DJI Flymore Set f\u00fcr Avata FPV\",\"isPartOf\":{\"@id\":\"https:\\\/\\\/copterpro.de\\\/shop\\\/#website\"},\"primaryImageOfPage\":{\"@id\":\"https:\\\/\\\/copterpro.de\\\/shop\\\/dji-hobby-kameraequipment\\\/dji-avata-pro-view-combo-komplettset\\\/#primaryimage\"},\"image\":{\"@id\":\"https:\\\/\\\/copterpro.de\\\/shop\\\/dji-hobby-kameraequipment\\\/dji-avata-pro-view-combo-komplettset\\\/#primaryimage\"},\"thumbnailUrl\":\"https:\\\/\\\/copterpro.de\\\/shop\\\/wp-content\\\/uploads\\\/2024\\\/12\\\/dji-avata-pro-view-combo-dji-goggles-2-fpv-cinewhoop-shop-de.jpeg\",\"datePublished\":\"2024-12-16T13:02:12+00:00\",\"dateModified\":\"2026-01-03T18:23:13+00:00\",\"description\":\"DJI Avata Pro View Combo mit DJI Flymore Set f\u00fcr Avata FPV. Die DJI Fpv Drohne Avata mit Akkus und Zubeh\u00f6r. FPV Drohne DJI Avata mit Flymore Kit\",\"breadcrumb\":{\"@id\":\"https:\\\/\\\/copterpro.de\\\/shop\\\/dji-hobby-kameraequipment\\\/dji-avata-pro-view-combo-komplettset\\\/#breadcrumb\"},\"inLanguage\":\"de\",\"potentialAction\":[{\"@type\":\"ReadAction\",\"target\":[\"https:\\\/\\\/copterpro.de\\\/shop\\\/dji-hobby-kameraequipment\\\/dji-avata-pro-view-combo-komplettset\\\/\"]}]},{\"@type\":\"ImageObject\",\"inLanguage\":\"de\",\"@id\":\"https:\\\/\\\/copterpro.de\\\/shop\\\/dji-hobby-kameraequipment\\\/dji-avata-pro-view-combo-komplettset\\\/#primaryimage\",\"url\":\"https:\\\/\\\/copterpro.de\\\/shop\\\/wp-content\\\/uploads\\\/2024\\\/12\\\/dji-avata-pro-view-combo-dji-goggles-2-fpv-cinewhoop-shop-de.jpeg\",\"contentUrl\":\"https:\\\/\\\/copterpro.de\\\/shop\\\/wp-content\\\/uploads\\\/2024\\\/12\\\/dji-avata-pro-view-combo-dji-goggles-2-fpv-cinewhoop-shop-de.jpeg\",\"width\":1200,\"height\":1200},{\"@type\":\"BreadcrumbList\",\"@id\":\"https:\\\/\\\/copterpro.de\\\/shop\\\/dji-hobby-kameraequipment\\\/dji-avata-pro-view-combo-komplettset\\\/#breadcrumb\",\"itemListElement\":[{\"@type\":\"ListItem\",\"position\":1,\"name\":\"Startseite\",\"item\":\"https:\\\/\\\/copterpro.de\\\/shop\\\/\"},{\"@type\":\"ListItem\",\"position\":2,\"name\":\"Shop\",\"item\":\"https:\\\/\\\/copterpro.de\\\/shop\\\/shop\\\/\"},{\"@type\":\"ListItem\",\"position\":3,\"name\":\"DJI Avata Pro View Combo Komplettset\"}]},{\"@type\":\"WebSite\",\"@id\":\"https:\\\/\\\/copterpro.de\\\/shop\\\/#website\",\"url\":\"https:\\\/\\\/copterpro.de\\\/shop\\\/\",\"name\":\"Copter Pro\",\"description\":\"\",\"publisher\":{\"@id\":\"https:\\\/\\\/copterpro.de\\\/shop\\\/#organization\"},\"potentialAction\":[{\"@type\":\"SearchAction\",\"target\":{\"@type\":\"EntryPoint\",\"urlTemplate\":\"https:\\\/\\\/copterpro.de\\\/shop\\\/?s={search_term_string}\"},\"query-input\":{\"@type\":\"PropertyValueSpecification\",\"valueRequired\":true,\"valueName\":\"search_term_string\"}}],\"inLanguage\":\"de\"},{\"@type\":\"Organization\",\"@id\":\"https:\\\/\\\/copterpro.de\\\/shop\\\/#organization\",\"name\":\"Copter Pro\",\"url\":\"https:\\\/\\\/copterpro.de\\\/shop\\\/\",\"logo\":{\"@type\":\"ImageObject\",\"inLanguage\":\"de\",\"@id\":\"https:\\\/\\\/copterpro.de\\\/shop\\\/#\\\/schema\\\/logo\\\/image\\\/\",\"url\":\"https:\\\/\\\/copterpro.de\\\/shop\\\/wp-content\\\/uploads\\\/2025\\\/04\\\/copterpro.svg\",\"contentUrl\":\"https:\\\/\\\/copterpro.de\\\/shop\\\/wp-content\\\/uploads\\\/2025\\\/04\\\/copterpro.svg\",\"caption\":\"Copter Pro\"},\"image\":{\"@id\":\"https:\\\/\\\/copterpro.de\\\/shop\\\/#\\\/schema\\\/logo\\\/image\\\/\"},\"sameAs\":[\"https:\\\/\\\/www.facebook.com\\\/copterprogmbh\"]}]}<\/script>\n<!-- \/ Yoast SEO plugin. -->","yoast_head_json":{"title":"DJI Avata Pro View Combo mit DJI Flymore Set f\u00fcr Avata FPV","description":"DJI Avata Pro View Combo mit DJI Flymore Set f\u00fcr Avata FPV. Die DJI Fpv Drohne Avata mit Akkus und Zubeh\u00f6r. FPV Drohne DJI Avata mit Flymore Kit","robots":{"index":"index","follow":"follow","max-snippet":"max-snippet:-1","max-image-preview":"max-image-preview:large","max-video-preview":"max-video-preview:-1"},"canonical":"https:\/\/copterpro.de\/shop\/dji-hobby-kameraequipment\/dji-avata-pro-view-combo-komplettset\/","og_locale":"de_DE","og_type":"article","og_title":"DJI Avata Pro View Combo mit DJI Flymore Set f\u00fcr Avata FPV","og_description":"DJI Avata Pro View Combo mit DJI Flymore Set f\u00fcr Avata FPV. Die DJI Fpv Drohne Avata mit Akkus und Zubeh\u00f6r. FPV Drohne DJI Avata mit Flymore Kit","og_url":"https:\/\/copterpro.de\/shop\/dji-hobby-kameraequipment\/dji-avata-pro-view-combo-komplettset\/","og_site_name":"Copter Pro","article_publisher":"https:\/\/www.facebook.com\/copterprogmbh","article_modified_time":"2026-01-03T18:23:13+00:00","og_image":[{"width":1200,"height":1200,"url":"https:\/\/copterpro.de\/shop\/wp-content\/uploads\/2024\/12\/dji-avata-pro-view-combo-dji-goggles-2-fpv-cinewhoop-shop-de.jpeg","type":"image\/jpeg"}],"twitter_card":"summary_large_image","twitter_misc":{"Gesch\u00e4tzte Lesezeit":"4\u00a0Minuten"},"schema":{"@context":"https:\/\/schema.org","@graph":[{"@type":"WebPage","@id":"https:\/\/copterpro.de\/shop\/dji-hobby-kameraequipment\/dji-avata-pro-view-combo-komplettset\/","url":"https:\/\/copterpro.de\/shop\/dji-hobby-kameraequipment\/dji-avata-pro-view-combo-komplettset\/","name":"DJI Avata Pro View Combo mit DJI Flymore Set f\u00fcr Avata FPV","isPartOf":{"@id":"https:\/\/copterpro.de\/shop\/#website"},"primaryImageOfPage":{"@id":"https:\/\/copterpro.de\/shop\/dji-hobby-kameraequipment\/dji-avata-pro-view-combo-komplettset\/#primaryimage"},"image":{"@id":"https:\/\/copterpro.de\/shop\/dji-hobby-kameraequipment\/dji-avata-pro-view-combo-komplettset\/#primaryimage"},"thumbnailUrl":"https:\/\/copterpro.de\/shop\/wp-content\/uploads\/2024\/12\/dji-avata-pro-view-combo-dji-goggles-2-fpv-cinewhoop-shop-de.jpeg","datePublished":"2024-12-16T13:02:12+00:00","dateModified":"2026-01-03T18:23:13+00:00","description":"DJI Avata Pro View Combo mit DJI Flymore Set f\u00fcr Avata FPV. Die DJI Fpv Drohne Avata mit Akkus und Zubeh\u00f6r. FPV Drohne DJI Avata mit Flymore Kit","breadcrumb":{"@id":"https:\/\/copterpro.de\/shop\/dji-hobby-kameraequipment\/dji-avata-pro-view-combo-komplettset\/#breadcrumb"},"inLanguage":"de","potentialAction":[{"@type":"ReadAction","target":["https:\/\/copterpro.de\/shop\/dji-hobby-kameraequipment\/dji-avata-pro-view-combo-komplettset\/"]}]},{"@type":"ImageObject","inLanguage":"de","@id":"https:\/\/copterpro.de\/shop\/dji-hobby-kameraequipment\/dji-avata-pro-view-combo-komplettset\/#primaryimage","url":"https:\/\/copterpro.de\/shop\/wp-content\/uploads\/2024\/12\/dji-avata-pro-view-combo-dji-goggles-2-fpv-cinewhoop-shop-de.jpeg","contentUrl":"https:\/\/copterpro.de\/shop\/wp-content\/uploads\/2024\/12\/dji-avata-pro-view-combo-dji-goggles-2-fpv-cinewhoop-shop-de.jpeg","width":1200,"height":1200},{"@type":"BreadcrumbList","@id":"https:\/\/copterpro.de\/shop\/dji-hobby-kameraequipment\/dji-avata-pro-view-combo-komplettset\/#breadcrumb","itemListElement":[{"@type":"ListItem","position":1,"name":"Startseite","item":"https:\/\/copterpro.de\/shop\/"},{"@type":"ListItem","position":2,"name":"Shop","item":"https:\/\/copterpro.de\/shop\/shop\/"},{"@type":"ListItem","position":3,"name":"DJI Avata Pro View Combo Komplettset"}]},{"@type":"WebSite","@id":"https:\/\/copterpro.de\/shop\/#website","url":"https:\/\/copterpro.de\/shop\/","name":"Copter Pro","description":"","publisher":{"@id":"https:\/\/copterpro.de\/shop\/#organization"},"potentialAction":[{"@type":"SearchAction","target":{"@type":"EntryPoint","urlTemplate":"https:\/\/copterpro.de\/shop\/?s={search_term_string}"},"query-input":{"@type":"PropertyValueSpecification","valueRequired":true,"valueName":"search_term_string"}}],"inLanguage":"de"},{"@type":"Organization","@id":"https:\/\/copterpro.de\/shop\/#organization","name":"Copter Pro","url":"https:\/\/copterpro.de\/shop\/","logo":{"@type":"ImageObject","inLanguage":"de","@id":"https:\/\/copterpro.de\/shop\/#\/schema\/logo\/image\/","url":"https:\/\/copterpro.de\/shop\/wp-content\/uploads\/2025\/04\/copterpro.svg","contentUrl":"https:\/\/copterpro.de\/shop\/wp-content\/uploads\/2025\/04\/copterpro.svg","caption":"Copter Pro"},"image":{"@id":"https:\/\/copterpro.de\/shop\/#\/schema\/logo\/image\/"},"sameAs":["https:\/\/www.facebook.com\/copterprogmbh"]}]}},"_links":{"self":[{"href":"https:\/\/copterpro.de\/shop\/wp-json\/wp\/v2\/product\/475","targetHints":{"allow":["GET"]}}],"collection":[{"href":"https:\/\/copterpro.de\/shop\/wp-json\/wp\/v2\/product"}],"about":[{"href":"https:\/\/copterpro.de\/shop\/wp-json\/wp\/v2\/types\/product"}],"wp:featuredmedia":[{"embeddable":true,"href":"https:\/\/copterpro.de\/shop\/wp-json\/wp\/v2\/media\/476"}],"wp:attachment":[{"href":"https:\/\/copterpro.de\/shop\/wp-json\/wp\/v2\/media?parent=475"}],"wp:term":[{"taxonomy":"product_brand","embeddable":true,"href":"https:\/\/copterpro.de\/shop\/wp-json\/wp\/v2\/product_brand?post=475"},{"taxonomy":"product_cat","embeddable":true,"href":"https:\/\/copterpro.de\/shop\/wp-json\/wp\/v2\/product_cat?post=475"},{"taxonomy":"product_tag","embeddable":true,"href":"https:\/\/copterpro.de\/shop\/wp-json\/wp\/v2\/product_tag?post=475"}],"curies":[{"name":"wp","href":"https:\/\/api.w.org\/{rel}","templated":true}]}}