{"id":5173,"date":"2020-02-11T18:10:50","date_gmt":"2020-02-11T17:10:50","guid":{"rendered":"https:\/\/shop.copterpro.de\/?post_type=product&#038;p=5173"},"modified":"2026-01-03T19:23:13","modified_gmt":"2026-01-03T18:23:13","slug":"funkgeraete-lizenzfrei","status":"publish","type":"product","link":"https:\/\/copterpro.de\/shop\/zubehoer\/funkgeraete-lizenzfrei\/","title":{"rendered":"4er Set Retevis Funkger\u00e4te\/Walkie Talkies"},"content":{"rendered":"<p><strong>Retevis Funkger\u00e4te Set<\/strong><\/p>\n<p>Walkie Talkie Set (schwarz)<\/p>\n<ul>\n<li>4x Walkie Talkie Retevis RT24<\/li>\n<li>4x Headset mit Mikrofon<\/li>\n<li>4x Ladestation RT24<\/li>\n<li>16 Kan\u00e4le IPx4<\/li>\n<li>Wetterfest<\/li>\n<li>Lizenzfrei<\/li>\n<\/ul>\n","protected":false},"excerpt":{"rendered":"<p><strong>Retevis Funkger\u00e4te Set<\/strong><\/p>\n<p>Walkie Talkie Set (schwarz)<\/p>\n<ul>\n<li>4x Walkie Talkie Retevis RT24<\/li>\n<li>4x Headset mit Mikrofon<\/li>\n<li>4x Ladestation RT24<\/li>\n<li>16 Kan\u00e4le IPx4<\/li>\n<li>Wetterfest<\/li>\n<li>Lizenzfrei<\/li>\n<\/ul>\n","protected":false},"featured_media":13024,"template":"","meta":{"_acf_changed":false,"_iconic_wsb_product_page_order_bump_ids":[],"_sku":["CP00091"],"_iconic_wsb_product_page_bump_modal_ids":[]},"product_brand":[],"product_cat":[56],"product_tag":[],"class_list":{"0":"post-5173","1":"product","2":"type-product","3":"status-publish","4":"has-post-thumbnail","6":"product_cat-zubehoer","8":"first","9":"instock","10":"taxable","11":"shipping-taxable","12":"purchasable","13":"product-type-simple"},"acf":[],"yoast_head":"<!-- This site is optimized with the Yoast SEO plugin v27.3 - https:\/\/yoast.com\/product\/yoast-seo-wordpress\/ -->\n<title>Funkger\u00e4te Lizenzfrei Funkger\u00e4t aufladbare Walkie Talkies Set<\/title>\n<meta name=\"description\" content=\"Funkger\u00e4te lizenzfrei und wasserdicht.Funkger\u00e4te Retevis .Walkie Talkie Set. RT24 Retevis Funkger\u00e4t. Funkger\u00e4te hohe Reichweite.\" \/>\n<meta name=\"robots\" content=\"index, follow, max-snippet:-1, max-image-preview:large, max-video-preview:-1\" \/>\n<link rel=\"canonical\" href=\"https:\/\/copterpro.de\/shop\/zubehoer\/funkgeraete-lizenzfrei\/\" \/>\n<meta property=\"og:locale\" content=\"de_DE\" \/>\n<meta property=\"og:type\" content=\"article\" \/>\n<meta property=\"og:title\" content=\"Funkger\u00e4te Lizenzfrei Funkger\u00e4t aufladbare Walkie Talkies Set\" \/>\n<meta property=\"og:description\" content=\"Funkger\u00e4te lizenzfrei und wasserdicht.Funkger\u00e4te Retevis .Walkie Talkie Set. RT24 Retevis Funkger\u00e4t. Funkger\u00e4te hohe Reichweite.\" \/>\n<meta property=\"og:url\" content=\"https:\/\/copterpro.de\/shop\/zubehoer\/funkgeraete-lizenzfrei\/\" \/>\n<meta property=\"og:site_name\" content=\"Copter Pro\" \/>\n<meta property=\"article:publisher\" content=\"https:\/\/www.facebook.com\/copterprogmbh\" \/>\n<meta property=\"article:modified_time\" content=\"2026-01-03T18:23:13+00:00\" \/>\n<meta property=\"og:image\" content=\"https:\/\/copterpro.de\/shop\/wp-content\/uploads\/2025\/01\/71r59aOa5rL._AC_SX679_.jpg\" \/>\n\t<meta property=\"og:image:width\" content=\"679\" \/>\n\t<meta property=\"og:image:height\" content=\"712\" \/>\n\t<meta property=\"og:image:type\" content=\"image\/jpeg\" \/>\n<meta name=\"twitter:card\" content=\"summary_large_image\" \/>\n<meta name=\"twitter:label1\" content=\"Gesch\u00e4tzte Lesezeit\" \/>\n\t<meta name=\"twitter:data1\" content=\"1\u00a0Minute\" \/>\n<script type=\"application\/ld+json\" class=\"yoast-schema-graph\">{\"@context\":\"https:\\\/\\\/schema.org\",\"@graph\":[{\"@type\":\"WebPage\",\"@id\":\"https:\\\/\\\/copterpro.de\\\/shop\\\/zubehoer\\\/funkgeraete-lizenzfrei\\\/\",\"url\":\"https:\\\/\\\/copterpro.de\\\/shop\\\/zubehoer\\\/funkgeraete-lizenzfrei\\\/\",\"name\":\"Funkger\u00e4te Lizenzfrei Funkger\u00e4t aufladbare Walkie Talkies Set\",\"isPartOf\":{\"@id\":\"https:\\\/\\\/copterpro.de\\\/shop\\\/#website\"},\"primaryImageOfPage\":{\"@id\":\"https:\\\/\\\/copterpro.de\\\/shop\\\/zubehoer\\\/funkgeraete-lizenzfrei\\\/#primaryimage\"},\"image\":{\"@id\":\"https:\\\/\\\/copterpro.de\\\/shop\\\/zubehoer\\\/funkgeraete-lizenzfrei\\\/#primaryimage\"},\"thumbnailUrl\":\"https:\\\/\\\/copterpro.de\\\/shop\\\/wp-content\\\/uploads\\\/2025\\\/01\\\/71r59aOa5rL._AC_SX679_.jpg\",\"datePublished\":\"2020-02-11T17:10:50+00:00\",\"dateModified\":\"2026-01-03T18:23:13+00:00\",\"description\":\"Funkger\u00e4te lizenzfrei und wasserdicht.Funkger\u00e4te Retevis .Walkie Talkie Set. RT24 Retevis Funkger\u00e4t. Funkger\u00e4te hohe Reichweite.\",\"breadcrumb\":{\"@id\":\"https:\\\/\\\/copterpro.de\\\/shop\\\/zubehoer\\\/funkgeraete-lizenzfrei\\\/#breadcrumb\"},\"inLanguage\":\"de\",\"potentialAction\":[{\"@type\":\"ReadAction\",\"target\":[\"https:\\\/\\\/copterpro.de\\\/shop\\\/zubehoer\\\/funkgeraete-lizenzfrei\\\/\"]}]},{\"@type\":\"ImageObject\",\"inLanguage\":\"de\",\"@id\":\"https:\\\/\\\/copterpro.de\\\/shop\\\/zubehoer\\\/funkgeraete-lizenzfrei\\\/#primaryimage\",\"url\":\"https:\\\/\\\/copterpro.de\\\/shop\\\/wp-content\\\/uploads\\\/2025\\\/01\\\/71r59aOa5rL._AC_SX679_.jpg\",\"contentUrl\":\"https:\\\/\\\/copterpro.de\\\/shop\\\/wp-content\\\/uploads\\\/2025\\\/01\\\/71r59aOa5rL._AC_SX679_.jpg\",\"width\":679,\"height\":712},{\"@type\":\"BreadcrumbList\",\"@id\":\"https:\\\/\\\/copterpro.de\\\/shop\\\/zubehoer\\\/funkgeraete-lizenzfrei\\\/#breadcrumb\",\"itemListElement\":[{\"@type\":\"ListItem\",\"position\":1,\"name\":\"Startseite\",\"item\":\"https:\\\/\\\/copterpro.de\\\/shop\\\/\"},{\"@type\":\"ListItem\",\"position\":2,\"name\":\"Shop\",\"item\":\"https:\\\/\\\/copterpro.de\\\/shop\\\/shop\\\/\"},{\"@type\":\"ListItem\",\"position\":3,\"name\":\"4er Set Retevis Funkger\u00e4te\\\/Walkie Talkies\"}]},{\"@type\":\"WebSite\",\"@id\":\"https:\\\/\\\/copterpro.de\\\/shop\\\/#website\",\"url\":\"https:\\\/\\\/copterpro.de\\\/shop\\\/\",\"name\":\"Copter Pro\",\"description\":\"\",\"publisher\":{\"@id\":\"https:\\\/\\\/copterpro.de\\\/shop\\\/#organization\"},\"potentialAction\":[{\"@type\":\"SearchAction\",\"target\":{\"@type\":\"EntryPoint\",\"urlTemplate\":\"https:\\\/\\\/copterpro.de\\\/shop\\\/?s={search_term_string}\"},\"query-input\":{\"@type\":\"PropertyValueSpecification\",\"valueRequired\":true,\"valueName\":\"search_term_string\"}}],\"inLanguage\":\"de\"},{\"@type\":\"Organization\",\"@id\":\"https:\\\/\\\/copterpro.de\\\/shop\\\/#organization\",\"name\":\"Copter Pro\",\"url\":\"https:\\\/\\\/copterpro.de\\\/shop\\\/\",\"logo\":{\"@type\":\"ImageObject\",\"inLanguage\":\"de\",\"@id\":\"https:\\\/\\\/copterpro.de\\\/shop\\\/#\\\/schema\\\/logo\\\/image\\\/\",\"url\":\"https:\\\/\\\/copterpro.de\\\/shop\\\/wp-content\\\/uploads\\\/2025\\\/04\\\/copterpro.svg\",\"contentUrl\":\"https:\\\/\\\/copterpro.de\\\/shop\\\/wp-content\\\/uploads\\\/2025\\\/04\\\/copterpro.svg\",\"caption\":\"Copter Pro\"},\"image\":{\"@id\":\"https:\\\/\\\/copterpro.de\\\/shop\\\/#\\\/schema\\\/logo\\\/image\\\/\"},\"sameAs\":[\"https:\\\/\\\/www.facebook.com\\\/copterprogmbh\"]}]}<\/script>\n<!-- \/ Yoast SEO plugin. -->","yoast_head_json":{"title":"Funkger\u00e4te Lizenzfrei Funkger\u00e4t aufladbare Walkie Talkies Set","description":"Funkger\u00e4te lizenzfrei und wasserdicht.Funkger\u00e4te Retevis .Walkie Talkie Set. RT24 Retevis Funkger\u00e4t. Funkger\u00e4te hohe Reichweite.","robots":{"index":"index","follow":"follow","max-snippet":"max-snippet:-1","max-image-preview":"max-image-preview:large","max-video-preview":"max-video-preview:-1"},"canonical":"https:\/\/copterpro.de\/shop\/zubehoer\/funkgeraete-lizenzfrei\/","og_locale":"de_DE","og_type":"article","og_title":"Funkger\u00e4te Lizenzfrei Funkger\u00e4t aufladbare Walkie Talkies Set","og_description":"Funkger\u00e4te lizenzfrei und wasserdicht.Funkger\u00e4te Retevis .Walkie Talkie Set. RT24 Retevis Funkger\u00e4t. Funkger\u00e4te hohe Reichweite.","og_url":"https:\/\/copterpro.de\/shop\/zubehoer\/funkgeraete-lizenzfrei\/","og_site_name":"Copter Pro","article_publisher":"https:\/\/www.facebook.com\/copterprogmbh","article_modified_time":"2026-01-03T18:23:13+00:00","og_image":[{"width":679,"height":712,"url":"https:\/\/copterpro.de\/shop\/wp-content\/uploads\/2025\/01\/71r59aOa5rL._AC_SX679_.jpg","type":"image\/jpeg"}],"twitter_card":"summary_large_image","twitter_misc":{"Gesch\u00e4tzte Lesezeit":"1\u00a0Minute"},"schema":{"@context":"https:\/\/schema.org","@graph":[{"@type":"WebPage","@id":"https:\/\/copterpro.de\/shop\/zubehoer\/funkgeraete-lizenzfrei\/","url":"https:\/\/copterpro.de\/shop\/zubehoer\/funkgeraete-lizenzfrei\/","name":"Funkger\u00e4te Lizenzfrei Funkger\u00e4t aufladbare Walkie Talkies Set","isPartOf":{"@id":"https:\/\/copterpro.de\/shop\/#website"},"primaryImageOfPage":{"@id":"https:\/\/copterpro.de\/shop\/zubehoer\/funkgeraete-lizenzfrei\/#primaryimage"},"image":{"@id":"https:\/\/copterpro.de\/shop\/zubehoer\/funkgeraete-lizenzfrei\/#primaryimage"},"thumbnailUrl":"https:\/\/copterpro.de\/shop\/wp-content\/uploads\/2025\/01\/71r59aOa5rL._AC_SX679_.jpg","datePublished":"2020-02-11T17:10:50+00:00","dateModified":"2026-01-03T18:23:13+00:00","description":"Funkger\u00e4te lizenzfrei und wasserdicht.Funkger\u00e4te Retevis .Walkie Talkie Set. RT24 Retevis Funkger\u00e4t. Funkger\u00e4te hohe Reichweite.","breadcrumb":{"@id":"https:\/\/copterpro.de\/shop\/zubehoer\/funkgeraete-lizenzfrei\/#breadcrumb"},"inLanguage":"de","potentialAction":[{"@type":"ReadAction","target":["https:\/\/copterpro.de\/shop\/zubehoer\/funkgeraete-lizenzfrei\/"]}]},{"@type":"ImageObject","inLanguage":"de","@id":"https:\/\/copterpro.de\/shop\/zubehoer\/funkgeraete-lizenzfrei\/#primaryimage","url":"https:\/\/copterpro.de\/shop\/wp-content\/uploads\/2025\/01\/71r59aOa5rL._AC_SX679_.jpg","contentUrl":"https:\/\/copterpro.de\/shop\/wp-content\/uploads\/2025\/01\/71r59aOa5rL._AC_SX679_.jpg","width":679,"height":712},{"@type":"BreadcrumbList","@id":"https:\/\/copterpro.de\/shop\/zubehoer\/funkgeraete-lizenzfrei\/#breadcrumb","itemListElement":[{"@type":"ListItem","position":1,"name":"Startseite","item":"https:\/\/copterpro.de\/shop\/"},{"@type":"ListItem","position":2,"name":"Shop","item":"https:\/\/copterpro.de\/shop\/shop\/"},{"@type":"ListItem","position":3,"name":"4er Set Retevis Funkger\u00e4te\/Walkie Talkies"}]},{"@type":"WebSite","@id":"https:\/\/copterpro.de\/shop\/#website","url":"https:\/\/copterpro.de\/shop\/","name":"Copter Pro","description":"","publisher":{"@id":"https:\/\/copterpro.de\/shop\/#organization"},"potentialAction":[{"@type":"SearchAction","target":{"@type":"EntryPoint","urlTemplate":"https:\/\/copterpro.de\/shop\/?s={search_term_string}"},"query-input":{"@type":"PropertyValueSpecification","valueRequired":true,"valueName":"search_term_string"}}],"inLanguage":"de"},{"@type":"Organization","@id":"https:\/\/copterpro.de\/shop\/#organization","name":"Copter Pro","url":"https:\/\/copterpro.de\/shop\/","logo":{"@type":"ImageObject","inLanguage":"de","@id":"https:\/\/copterpro.de\/shop\/#\/schema\/logo\/image\/","url":"https:\/\/copterpro.de\/shop\/wp-content\/uploads\/2025\/04\/copterpro.svg","contentUrl":"https:\/\/copterpro.de\/shop\/wp-content\/uploads\/2025\/04\/copterpro.svg","caption":"Copter Pro"},"image":{"@id":"https:\/\/copterpro.de\/shop\/#\/schema\/logo\/image\/"},"sameAs":["https:\/\/www.facebook.com\/copterprogmbh"]}]}},"_links":{"self":[{"href":"https:\/\/copterpro.de\/shop\/wp-json\/wp\/v2\/product\/5173","targetHints":{"allow":["GET"]}}],"collection":[{"href":"https:\/\/copterpro.de\/shop\/wp-json\/wp\/v2\/product"}],"about":[{"href":"https:\/\/copterpro.de\/shop\/wp-json\/wp\/v2\/types\/product"}],"wp:featuredmedia":[{"embeddable":true,"href":"https:\/\/copterpro.de\/shop\/wp-json\/wp\/v2\/media\/13024"}],"wp:attachment":[{"href":"https:\/\/copterpro.de\/shop\/wp-json\/wp\/v2\/media?parent=5173"}],"wp:term":[{"taxonomy":"product_brand","embeddable":true,"href":"https:\/\/copterpro.de\/shop\/wp-json\/wp\/v2\/product_brand?post=5173"},{"taxonomy":"product_cat","embeddable":true,"href":"https:\/\/copterpro.de\/shop\/wp-json\/wp\/v2\/product_cat?post=5173"},{"taxonomy":"product_tag","embeddable":true,"href":"https:\/\/copterpro.de\/shop\/wp-json\/wp\/v2\/product_tag?post=5173"}],"curies":[{"name":"wp","href":"https:\/\/api.w.org\/{rel}","templated":true}]}}