{"id":75,"date":"2024-11-29T12:39:42","date_gmt":"2024-11-29T11:39:42","guid":{"rendered":"https:\/\/shop.copterpro.de\/?post_type=product&#038;p=75"},"modified":"2026-01-03T19:23:16","modified_gmt":"2026-01-03T18:23:16","slug":"pulsar-telos-lrf-xp50","status":"publish","type":"product","link":"https:\/\/copterpro.de\/shop\/waermebild-handgeraete\/pulsar-telos-lrf-xp50\/","title":{"rendered":"Pulsar Telos LRF XP50"},"content":{"rendered":"<p><b>Austauschbarer Akku mit direkter Steckdose und drahtloser Schnellladeoption<\/b><br \/>\nDer brandneue LPS 7i-Schnellwechsel-Li-Ionen-Akku garantiert eine Betriebszeit von mehr als 8 Stunden. Der LPS 7i ben\u00f6tigt keine speziellen Ladeger\u00e4te \u2013 schlie\u00dfen Sie ihn einfach \u00fcber den USB-Typ-C-Anschluss an einen beliebigen Netzadapter an und laden Sie ihn mit dem Power Delivery-Schnellladeprotokoll in k\u00fcrzester Zeit auf. Au\u00dferdem unterst\u00fctzt der LPS 7i-Akku das kabellose Laden.<\/p>\n<p><b>Ergonomisches, rutschfestes, gummibeschichtetes Geh\u00e4use<\/b><br \/>\nDas gummibeschichtete Geh\u00e4use sorgt daf\u00fcr, dass das W\u00e4rmebildger\u00e4t sowohl bei trockenem Wetter als auch bei Regen sicher in der Hand liegt. Das Geh\u00e4use ist au\u00dferordentlich verschlei\u00dffest und widersteht im Einsatz perfekt extremen Temperaturen sowie den Einfl\u00fcssen von Staub und Feuchtigkeit. Zudem sch\u00fctzt es das Ger\u00e4t bei St\u00fcrzen. Dar\u00fcber hinaus l\u00e4sst sich das Geh\u00e4use leicht reinigen und beh\u00e4lt lange sein urspr\u00fcngliches Aussehen.<\/p>\n<p><b>Anpassbar f\u00fcr Links- und Rechtsh\u00e4nder<\/b><br \/>\nDie vertikale, symmetrische Anordnung der Bedienelemente erm\u00f6glicht die Bedienung des Telos mit beiden H\u00e4nden bei jeweils gleichem Komfort \u2013 die Tasten befinden sich in einer Reihe auf der Oberseite, und die Objektivringe werden zum Fokussieren und Ver\u00e4ndern der Vergr\u00f6\u00dferung verwendet. Die Handschlaufe wird an den beweglichen Ringen befestigt und in den Endpositionen fixiert, sodass das W\u00e4rmebildger\u00e4t unmittelbar f\u00fcr Rechts- und Linksh\u00e4nder geeignet ist.<\/p>\n<p><b>Ergonomische und funktionelle Transporttasche<\/b><br \/>\nEin J\u00e4ger muss sich schnell bewegen k\u00f6nnen. Eine gute Ausr\u00fcstung zeichnet sich dadurch aus, dass sie bei Bedarf zur Verf\u00fcgung steht und in der \u00fcbrigen Zeit unsichtbar ist. Die Tasche des Telos hat ein elegantes \u00c4u\u00dferes, ist benutzerfreundlich und bequem zu tragen. Das W\u00e4rmebildger\u00e4t l\u00e4sst sich schnell und einfach herausnehmen und in Position bringen. Durch die optimale Gurtpositionierung wird das Gewicht des W\u00e4rmebildger\u00e4ts auf den K\u00f6rper des J\u00e4gers verteilt, wodurch die Schultern, der R\u00fccken und der Hals entlastet werden. Die Abdeckung liegt eng am K\u00f6rper an, ohne den J\u00e4ger daran zu hindern, sich frei zu beugen, zu drehen, zu b\u00fccken, querfeldein zu bewegen und Waffen zu benutzen. Dar\u00fcber hinaus ist die Tasche des Telos mit Riemen ausgestattet, mit denen sie an einem H\u00fcftgurt sowie an Ausr\u00fcstungsgegenst\u00e4nden mit modularem Molle-Befestigungssystem einschlie\u00dflich Rucks\u00e4cken und Tragegurten befestigt werden kann.<\/p>\n<p><b>Anpassbare Benutzeroberfl\u00e4che<\/b><br \/>\nDie Telos W\u00e4rmebildmonokulare zeichnen sich durch fortschrittliche Funktionen aus. Die Festlegung der Priorit\u00e4t einer bestimmten Funktion ist allerdings das Privileg des Benutzers, der die Reihenfolge der einzelnen Funktionen im Bedienungsmen\u00fc des Ger\u00e4ts festlegt.<\/p>\n<p><b>Beobachtungsdistanz<\/b><br \/>\nDas lichtstarke Objektiv F50\/1.0 bietet in Verbindung mit dem professionellen Sensor 640\u00d7480@17\u00b5m hervorragende M\u00f6glichkeiten bei der Entdeckung des Zielobjektes. Ein Objekt 1,8 m Standardgr\u00f6\u00dfe kann in absoluter Dunkelheit auf einer Entfernung von 1.800 m entdeckt werden.<\/p>\n<p><b>Lichtstarkes Objektiv F50\/1.0<\/b><br \/>\nDie Eigenschaften der W\u00e4rmebildoptik haben einen entscheidenden Einfluss auf die F\u00e4higkeit eines W\u00e4rmebildger\u00e4ts, W\u00e4rmestrahlung mit niedrigstem Strahlungspegel zu erfassen. In Kombination mit dem hochempfindlichen Sensor bietet das lichtstarke Objektiv des W\u00e4rmebildger\u00e4ts Telos (F50\/1.0) maximale Entdeckungseffizienz. Bei Regen oder Nebel, wenn der Temperaturkontrast der beobachteten Objekte minimal ist, liefert das Telos dem Nutzer immer ein qualitativ sehr hochwertiges, detailliertes, kontrastreiches und informatives Bild.<\/p>\n<p><b>Integrierter Videorekorder mit 32 GB internem Speicher<\/b><br \/>\nDas Telos hat einen eingebauten Videorekorder und der interne Speicher des W\u00e4rmebildger\u00e4ts kann stundenlange Videos und zehntausende von Fotos speichern. Ein Tastendruck gen\u00fcgt, um ein interessantes Motiv zu fotografieren oder eine Videoaufnahme zu starten.<\/p>\n<p><b>Stream Vision 2: Wi-Fi-Integration mit iOS- und Android-Ger\u00e4ten<\/b><br \/>\nDas integrierte Wi-Fi verbindet das Telos \u00fcber die mobile Anwendung Stream Vision 2 mit Android- und iOS-Smartphones. Dies er\u00f6ffnet eine Vielzahl an M\u00f6glichkeiten wie z. B. drahtlose Software-Aktualisierungen des Ger\u00e4ts, Echtzeit-Bild\u00fcbertragung vom Ger\u00e4t auf den Smartphone-Bildschirm, Ver\u00f6ffentlichung von mit dem Ger\u00e4t aufgenommenen Foto- und Videoinhalten in sozialen Medien oder \u00dcbertragung an Messenger-Anwendungen, Fernbedienung digitaler Ger\u00e4tefunktionen und Zugriff auf die neuesten Nachrichten von Pulsar. Au\u00dferdem erhalten registrierte Benutzer 16 GB Cloud-Speicher f\u00fcr Fotos und Videos, die mit dem Ger\u00e4t aufgenommen werden.<\/p>\n<p><b>Unterst\u00fctzung f\u00fcr zwei Wi-Fi-Wellenbereiche 2,4 \/ 5 GHz<\/b><br \/>\nBeim Telos wird der Frequenzbereich der Standard-Smartphone-Verbindung \u00fcber einen 2,4-GHz-Wi-Fi-Kanal durch einen effektiven 5-GHz-Bereich erg\u00e4nzt. Die 5-GHz-Verbindung bietet eine bessere Bandbreite, eine schnellere Daten\u00fcbertragungsrate, Immunit\u00e4t gegen Rauschen und eine verbesserte Stabilit\u00e4t der Verbindung, was zu einem produktiveren und einfacheren Betrieb des W\u00e4rmebildmonokulars mit einem Smartphone f\u00fchrt.<\/p>\n<p><b>Kontrastreicher AMOLED-Bildschirm<\/b><br \/>\nDer kontrastreiche AMOLED-Bildschirm bietet eine verbesserte Farbwiedergabe, ist stromsparend und reaktionsschnell und liefert auch bei Frost scharfe und fl\u00fcssige Bilder.<\/p>\n<p><b>8 Farbpaletten zur Auswahl<\/b><br \/>\nMit einer Auswahl von 8 Farbpaletten kann der Benutzer sein Sehfeld besser beobachten, das Ger\u00e4t f\u00fcr bestimmte Aufgaben optimieren und auf ver\u00e4nderte Beobachtungsbedingungen reagieren. Wei\u00df-Hei\u00df, Schwarz-Hei\u00df und Rot-Hei\u00df sind optimal f\u00fcr die Erkennung von einem Objekt, Regenbogen und Ultramarine erh\u00f6hen die Chancen auf Erkennung und Identifizierung. Rot Monochrom, Sepia und Violett eignen sich am besten f\u00fcr lange Beobachtungen bei Nacht.<\/p>\n<p><b>Wasserdicht nach IPX7 (Untertauchen)<\/b><br \/>\nWasserdicht gem\u00e4\u00df IPX7 zum Schutz vor starkem Regen, Schnee oder anderen Niederschl\u00e4gen: Das Ger\u00e4t ist so konstruiert, dass es auch nach bis zu 30 Minuten langem Eintauchen in bis zu 1 Meter tiefes Wasser einwandfrei funktioniert.<\/p>\n<p><b>Gro\u00dfer Bereich der Betriebstemperaturen (von -25 bis + 40\u00b0C)<\/b><br \/>\nGeh\u00e4use, Akku, Optik und Elektronik des Telos sind auf den Einsatz in einem weiten Temperaturbereich ausgelegt. Das Telos gew\u00e4hrleistet eine zuverl\u00e4ssige und effektive Leistung bei eisiger K\u00e4lte bis zu -25 \u00b0C.<\/p>\n","protected":false},"excerpt":{"rendered":"<p>Austauschbarer Akku mit direkter Steckdose und drahtloser Schnellladeoption Der brandneue LPS 7i-Schnellwechsel-Li-Ionen-Akku garantiert eine Betriebszeit von mehr als 8 Stunden. Der LPS 7i ben\u00f6tigt keine speziellen Ladeger\u00e4te \u2013 schlie\u00dfen Sie ihn einfach \u00fcber den USB-Typ-C-Anschluss an einen beliebigen Netzadapter an und laden Sie ihn mit dem Power Delivery-Schnellladeprotokoll in k\u00fcrzester [&hellip;]<\/p>\n","protected":false},"featured_media":491,"template":"","meta":{"_acf_changed":false,"_iconic_wsb_product_page_order_bump_ids":[[]],"_sku":["CP00041"],"_iconic_wsb_product_page_bump_modal_ids":[[]]},"product_brand":[],"product_cat":[34,50],"product_tag":[],"class_list":{"0":"post-75","1":"product","2":"type-product","3":"status-publish","4":"has-post-thumbnail","6":"product_cat-waermebildgeraete","7":"product_cat-waermebild-handgeraete","9":"first","10":"onbackorder","11":"taxable","12":"shipping-taxable","13":"purchasable","14":"product-type-simple"},"acf":[],"yoast_head":"<!-- This site is optimized with the Yoast SEO plugin v27.4 - https:\/\/yoast.com\/product\/yoast-seo-wordpress\/ -->\n<title>Pulsar Telos XP50 LRF W\u00e4rmebildger\u00e4t f\u00fcr die Jagd mit Laser<\/title>\n<meta name=\"description\" content=\"Pulsar Telos XP50 LRF W\u00e4rmebildger\u00e4t f\u00fcr die Jagd mit Laserentfernungsmesser und hoher Aufl\u00f6sung! Das ideale W\u00e4rmebildger\u00e4t von Pulsar mit LRF\" \/>\n<meta name=\"robots\" content=\"index, follow, max-snippet:-1, max-image-preview:large, max-video-preview:-1\" \/>\n<link rel=\"canonical\" href=\"https:\/\/copterpro.de\/shop\/waermebildgeraete\/pulsar-telos-lrf-xp50\/\" \/>\n<meta property=\"og:locale\" content=\"de_DE\" \/>\n<meta property=\"og:type\" content=\"article\" \/>\n<meta property=\"og:title\" content=\"Pulsar Telos XP50 LRF W\u00e4rmebildger\u00e4t f\u00fcr die Jagd mit Laser\" \/>\n<meta property=\"og:description\" content=\"Pulsar Telos XP50 LRF W\u00e4rmebildger\u00e4t f\u00fcr die Jagd mit Laserentfernungsmesser und hoher Aufl\u00f6sung! Das ideale W\u00e4rmebildger\u00e4t von Pulsar mit LRF\" \/>\n<meta property=\"og:url\" content=\"https:\/\/copterpro.de\/shop\/waermebildgeraete\/pulsar-telos-lrf-xp50\/\" \/>\n<meta property=\"og:site_name\" content=\"Copter Pro\" \/>\n<meta property=\"article:publisher\" content=\"https:\/\/www.facebook.com\/copterprogmbh\" \/>\n<meta property=\"article:modified_time\" content=\"2026-01-03T18:23:16+00:00\" \/>\n<meta property=\"og:image\" content=\"https:\/\/copterpro.de\/shop\/wp-content\/uploads\/2024\/11\/7938bd29d234732f23305b629199cefd_77492_m1_5_11zon.jpg\" \/>\n\t<meta property=\"og:image:width\" content=\"640\" \/>\n\t<meta property=\"og:image:height\" content=\"640\" \/>\n\t<meta property=\"og:image:type\" content=\"image\/jpeg\" \/>\n<meta name=\"twitter:card\" content=\"summary_large_image\" \/>\n<meta name=\"twitter:label1\" content=\"Gesch\u00e4tzte Lesezeit\" \/>\n\t<meta name=\"twitter:data1\" content=\"5\u00a0Minuten\" \/>\n<script type=\"application\/ld+json\" class=\"yoast-schema-graph\">{\"@context\":\"https:\\\/\\\/schema.org\",\"@graph\":[{\"@type\":\"WebPage\",\"@id\":\"https:\\\/\\\/copterpro.de\\\/shop\\\/waermebildgeraete\\\/pulsar-telos-lrf-xp50\\\/\",\"url\":\"https:\\\/\\\/copterpro.de\\\/shop\\\/waermebildgeraete\\\/pulsar-telos-lrf-xp50\\\/\",\"name\":\"Pulsar Telos XP50 LRF W\u00e4rmebildger\u00e4t f\u00fcr die Jagd mit Laser\",\"isPartOf\":{\"@id\":\"https:\\\/\\\/copterpro.de\\\/shop\\\/#website\"},\"primaryImageOfPage\":{\"@id\":\"https:\\\/\\\/copterpro.de\\\/shop\\\/waermebildgeraete\\\/pulsar-telos-lrf-xp50\\\/#primaryimage\"},\"image\":{\"@id\":\"https:\\\/\\\/copterpro.de\\\/shop\\\/waermebildgeraete\\\/pulsar-telos-lrf-xp50\\\/#primaryimage\"},\"thumbnailUrl\":\"https:\\\/\\\/copterpro.de\\\/shop\\\/wp-content\\\/uploads\\\/2024\\\/11\\\/7938bd29d234732f23305b629199cefd_77492_m1_5_11zon.jpg\",\"datePublished\":\"2024-11-29T11:39:42+00:00\",\"dateModified\":\"2026-01-03T18:23:16+00:00\",\"description\":\"Pulsar Telos XP50 LRF W\u00e4rmebildger\u00e4t f\u00fcr die Jagd mit Laserentfernungsmesser und hoher Aufl\u00f6sung! Das ideale W\u00e4rmebildger\u00e4t von Pulsar mit LRF\",\"breadcrumb\":{\"@id\":\"https:\\\/\\\/copterpro.de\\\/shop\\\/waermebildgeraete\\\/pulsar-telos-lrf-xp50\\\/#breadcrumb\"},\"inLanguage\":\"de\",\"potentialAction\":[{\"@type\":\"ReadAction\",\"target\":[\"https:\\\/\\\/copterpro.de\\\/shop\\\/waermebildgeraete\\\/pulsar-telos-lrf-xp50\\\/\"]}]},{\"@type\":\"ImageObject\",\"inLanguage\":\"de\",\"@id\":\"https:\\\/\\\/copterpro.de\\\/shop\\\/waermebildgeraete\\\/pulsar-telos-lrf-xp50\\\/#primaryimage\",\"url\":\"https:\\\/\\\/copterpro.de\\\/shop\\\/wp-content\\\/uploads\\\/2024\\\/11\\\/7938bd29d234732f23305b629199cefd_77492_m1_5_11zon.jpg\",\"contentUrl\":\"https:\\\/\\\/copterpro.de\\\/shop\\\/wp-content\\\/uploads\\\/2024\\\/11\\\/7938bd29d234732f23305b629199cefd_77492_m1_5_11zon.jpg\",\"width\":640,\"height\":640},{\"@type\":\"BreadcrumbList\",\"@id\":\"https:\\\/\\\/copterpro.de\\\/shop\\\/waermebildgeraete\\\/pulsar-telos-lrf-xp50\\\/#breadcrumb\",\"itemListElement\":[{\"@type\":\"ListItem\",\"position\":1,\"name\":\"Startseite\",\"item\":\"https:\\\/\\\/copterpro.de\\\/shop\\\/\"},{\"@type\":\"ListItem\",\"position\":2,\"name\":\"Shop\",\"item\":\"https:\\\/\\\/copterpro.de\\\/shop\\\/shop\\\/\"},{\"@type\":\"ListItem\",\"position\":3,\"name\":\"Pulsar Telos LRF XP50\"}]},{\"@type\":\"WebSite\",\"@id\":\"https:\\\/\\\/copterpro.de\\\/shop\\\/#website\",\"url\":\"https:\\\/\\\/copterpro.de\\\/shop\\\/\",\"name\":\"Copter Pro\",\"description\":\"\",\"publisher\":{\"@id\":\"https:\\\/\\\/copterpro.de\\\/shop\\\/#organization\"},\"potentialAction\":[{\"@type\":\"SearchAction\",\"target\":{\"@type\":\"EntryPoint\",\"urlTemplate\":\"https:\\\/\\\/copterpro.de\\\/shop\\\/?s={search_term_string}\"},\"query-input\":{\"@type\":\"PropertyValueSpecification\",\"valueRequired\":true,\"valueName\":\"search_term_string\"}}],\"inLanguage\":\"de\"},{\"@type\":\"Organization\",\"@id\":\"https:\\\/\\\/copterpro.de\\\/shop\\\/#organization\",\"name\":\"Copter Pro\",\"url\":\"https:\\\/\\\/copterpro.de\\\/shop\\\/\",\"logo\":{\"@type\":\"ImageObject\",\"inLanguage\":\"de\",\"@id\":\"https:\\\/\\\/copterpro.de\\\/shop\\\/#\\\/schema\\\/logo\\\/image\\\/\",\"url\":\"https:\\\/\\\/copterpro.de\\\/shop\\\/wp-content\\\/uploads\\\/2025\\\/04\\\/copterpro.svg\",\"contentUrl\":\"https:\\\/\\\/copterpro.de\\\/shop\\\/wp-content\\\/uploads\\\/2025\\\/04\\\/copterpro.svg\",\"caption\":\"Copter Pro\"},\"image\":{\"@id\":\"https:\\\/\\\/copterpro.de\\\/shop\\\/#\\\/schema\\\/logo\\\/image\\\/\"},\"sameAs\":[\"https:\\\/\\\/www.facebook.com\\\/copterprogmbh\"]}]}<\/script>\n<!-- \/ Yoast SEO plugin. -->","yoast_head_json":{"title":"Pulsar Telos XP50 LRF W\u00e4rmebildger\u00e4t f\u00fcr die Jagd mit Laser","description":"Pulsar Telos XP50 LRF W\u00e4rmebildger\u00e4t f\u00fcr die Jagd mit Laserentfernungsmesser und hoher Aufl\u00f6sung! Das ideale W\u00e4rmebildger\u00e4t von Pulsar mit LRF","robots":{"index":"index","follow":"follow","max-snippet":"max-snippet:-1","max-image-preview":"max-image-preview:large","max-video-preview":"max-video-preview:-1"},"canonical":"https:\/\/copterpro.de\/shop\/waermebildgeraete\/pulsar-telos-lrf-xp50\/","og_locale":"de_DE","og_type":"article","og_title":"Pulsar Telos XP50 LRF W\u00e4rmebildger\u00e4t f\u00fcr die Jagd mit Laser","og_description":"Pulsar Telos XP50 LRF W\u00e4rmebildger\u00e4t f\u00fcr die Jagd mit Laserentfernungsmesser und hoher Aufl\u00f6sung! Das ideale W\u00e4rmebildger\u00e4t von Pulsar mit LRF","og_url":"https:\/\/copterpro.de\/shop\/waermebildgeraete\/pulsar-telos-lrf-xp50\/","og_site_name":"Copter Pro","article_publisher":"https:\/\/www.facebook.com\/copterprogmbh","article_modified_time":"2026-01-03T18:23:16+00:00","og_image":[{"width":640,"height":640,"url":"https:\/\/copterpro.de\/shop\/wp-content\/uploads\/2024\/11\/7938bd29d234732f23305b629199cefd_77492_m1_5_11zon.jpg","type":"image\/jpeg"}],"twitter_card":"summary_large_image","twitter_misc":{"Gesch\u00e4tzte Lesezeit":"5\u00a0Minuten"},"schema":{"@context":"https:\/\/schema.org","@graph":[{"@type":"WebPage","@id":"https:\/\/copterpro.de\/shop\/waermebildgeraete\/pulsar-telos-lrf-xp50\/","url":"https:\/\/copterpro.de\/shop\/waermebildgeraete\/pulsar-telos-lrf-xp50\/","name":"Pulsar Telos XP50 LRF W\u00e4rmebildger\u00e4t f\u00fcr die Jagd mit Laser","isPartOf":{"@id":"https:\/\/copterpro.de\/shop\/#website"},"primaryImageOfPage":{"@id":"https:\/\/copterpro.de\/shop\/waermebildgeraete\/pulsar-telos-lrf-xp50\/#primaryimage"},"image":{"@id":"https:\/\/copterpro.de\/shop\/waermebildgeraete\/pulsar-telos-lrf-xp50\/#primaryimage"},"thumbnailUrl":"https:\/\/copterpro.de\/shop\/wp-content\/uploads\/2024\/11\/7938bd29d234732f23305b629199cefd_77492_m1_5_11zon.jpg","datePublished":"2024-11-29T11:39:42+00:00","dateModified":"2026-01-03T18:23:16+00:00","description":"Pulsar Telos XP50 LRF W\u00e4rmebildger\u00e4t f\u00fcr die Jagd mit Laserentfernungsmesser und hoher Aufl\u00f6sung! Das ideale W\u00e4rmebildger\u00e4t von Pulsar mit LRF","breadcrumb":{"@id":"https:\/\/copterpro.de\/shop\/waermebildgeraete\/pulsar-telos-lrf-xp50\/#breadcrumb"},"inLanguage":"de","potentialAction":[{"@type":"ReadAction","target":["https:\/\/copterpro.de\/shop\/waermebildgeraete\/pulsar-telos-lrf-xp50\/"]}]},{"@type":"ImageObject","inLanguage":"de","@id":"https:\/\/copterpro.de\/shop\/waermebildgeraete\/pulsar-telos-lrf-xp50\/#primaryimage","url":"https:\/\/copterpro.de\/shop\/wp-content\/uploads\/2024\/11\/7938bd29d234732f23305b629199cefd_77492_m1_5_11zon.jpg","contentUrl":"https:\/\/copterpro.de\/shop\/wp-content\/uploads\/2024\/11\/7938bd29d234732f23305b629199cefd_77492_m1_5_11zon.jpg","width":640,"height":640},{"@type":"BreadcrumbList","@id":"https:\/\/copterpro.de\/shop\/waermebildgeraete\/pulsar-telos-lrf-xp50\/#breadcrumb","itemListElement":[{"@type":"ListItem","position":1,"name":"Startseite","item":"https:\/\/copterpro.de\/shop\/"},{"@type":"ListItem","position":2,"name":"Shop","item":"https:\/\/copterpro.de\/shop\/shop\/"},{"@type":"ListItem","position":3,"name":"Pulsar Telos LRF XP50"}]},{"@type":"WebSite","@id":"https:\/\/copterpro.de\/shop\/#website","url":"https:\/\/copterpro.de\/shop\/","name":"Copter Pro","description":"","publisher":{"@id":"https:\/\/copterpro.de\/shop\/#organization"},"potentialAction":[{"@type":"SearchAction","target":{"@type":"EntryPoint","urlTemplate":"https:\/\/copterpro.de\/shop\/?s={search_term_string}"},"query-input":{"@type":"PropertyValueSpecification","valueRequired":true,"valueName":"search_term_string"}}],"inLanguage":"de"},{"@type":"Organization","@id":"https:\/\/copterpro.de\/shop\/#organization","name":"Copter Pro","url":"https:\/\/copterpro.de\/shop\/","logo":{"@type":"ImageObject","inLanguage":"de","@id":"https:\/\/copterpro.de\/shop\/#\/schema\/logo\/image\/","url":"https:\/\/copterpro.de\/shop\/wp-content\/uploads\/2025\/04\/copterpro.svg","contentUrl":"https:\/\/copterpro.de\/shop\/wp-content\/uploads\/2025\/04\/copterpro.svg","caption":"Copter Pro"},"image":{"@id":"https:\/\/copterpro.de\/shop\/#\/schema\/logo\/image\/"},"sameAs":["https:\/\/www.facebook.com\/copterprogmbh"]}]}},"_links":{"self":[{"href":"https:\/\/copterpro.de\/shop\/wp-json\/wp\/v2\/product\/75","targetHints":{"allow":["GET"]}}],"collection":[{"href":"https:\/\/copterpro.de\/shop\/wp-json\/wp\/v2\/product"}],"about":[{"href":"https:\/\/copterpro.de\/shop\/wp-json\/wp\/v2\/types\/product"}],"wp:featuredmedia":[{"embeddable":true,"href":"https:\/\/copterpro.de\/shop\/wp-json\/wp\/v2\/media\/491"}],"wp:attachment":[{"href":"https:\/\/copterpro.de\/shop\/wp-json\/wp\/v2\/media?parent=75"}],"wp:term":[{"taxonomy":"product_brand","embeddable":true,"href":"https:\/\/copterpro.de\/shop\/wp-json\/wp\/v2\/product_brand?post=75"},{"taxonomy":"product_cat","embeddable":true,"href":"https:\/\/copterpro.de\/shop\/wp-json\/wp\/v2\/product_cat?post=75"},{"taxonomy":"product_tag","embeddable":true,"href":"https:\/\/copterpro.de\/shop\/wp-json\/wp\/v2\/product_tag?post=75"}],"curies":[{"name":"wp","href":"https:\/\/api.w.org\/{rel}","templated":true}]}}